{"id":10687,"date":"2025-07-27T10:49:56","date_gmt":"2025-07-27T10:49:56","guid":{"rendered":"https:\/\/livrariasolmar.pt\/?post_type=product&#038;p=10687"},"modified":"2025-11-14T18:37:15","modified_gmt":"2025-11-14T18:37:15","slug":"o-meu-primeiro-livro-magico","status":"publish","type":"product","link":"https:\/\/livrariasolmar.pt\/en\/produto\/o-meu-primeiro-livro-magico\/","title":{"rendered":"O Meu Primeiro Livro M\u00e1gico"},"content":{"rendered":"","protected":false},"excerpt":{"rendered":"<p>Pincela as p\u00e1ginas com \u00e1gua e descobre maravilhosas criaturas m\u00e1gicas!<\/p>\n<p>Cada p\u00e1gina tem figuras ocultas para descobrires. Basta pincelares o fundo branco com \u00e1gua e a cor aparece como um truque de magia! Deixa secar alguns minutos e a cor desaparece.<\/p>\n<p>Incr\u00edvel! Pinta e diverte-te as vezes que quiseres!<\/p>\n<p>Aos pais e educadores: com cores vibrantes e imagens simples para trabalhar os primeiros conceitos, este livro inclui pequenas atividades para estimular o c\u00e1lculo mental e o racioc\u00ednio matem\u00e1tico da crian\u00e7a. Ideal para crian\u00e7as em contexto pr\u00e9-escolar, a partir dos 3 anos.<\/p>\n","protected":false},"author":2,"featured_media":10688,"template":"","meta":[],"product_cat":[172],"product_tag":[],"cat_produtos":[],"yoast_head":"<!-- This site is optimized with the Yoast SEO plugin v16.6 - https:\/\/yoast.com\/wordpress\/plugins\/seo\/ -->\n<title>O Meu Primeiro Livro M\u00e1gico - Livraria Solmar - Livraria online<\/title>\n<meta name=\"robots\" content=\"index, follow, max-snippet:-1, max-image-preview:large, max-video-preview:-1\" \/>\n<link rel=\"canonical\" href=\"https:\/\/livrariasolmar.pt\/en\/produto\/o-meu-primeiro-livro-magico\/\" \/>\n<meta property=\"og:locale\" content=\"en_US\" \/>\n<meta property=\"og:type\" content=\"article\" \/>\n<meta property=\"og:title\" content=\"O Meu Primeiro Livro M\u00e1gico - Livraria Solmar - Livraria online\" \/>\n<meta property=\"og:description\" content=\"Pincela as p\u00e1ginas com \u00e1gua e descobre maravilhosas criaturas m\u00e1gicas!  Cada p\u00e1gina tem figuras ocultas para descobrires. Basta pincelares o fundo branco com \u00e1gua e a cor aparece como um truque de magia! Deixa secar alguns minutos e a cor desaparece.  Incr\u00edvel! Pinta e diverte-te as vezes que quiseres!  Aos pais e educadores: com cores vibrantes e imagens simples para trabalhar os primeiros conceitos, este livro inclui pequenas atividades para estimular o c\u00e1lculo mental e o racioc\u00ednio matem\u00e1tico da crian\u00e7a. Ideal para crian\u00e7as em contexto pr\u00e9-escolar, a partir dos 3 anos.\" \/>\n<meta property=\"og:url\" content=\"https:\/\/livrariasolmar.pt\/produto\/o-meu-primeiro-livro-magico\/\" \/>\n<meta property=\"og:site_name\" content=\"Livraria Solmar - Livraria online\" \/>\n<meta property=\"article:modified_time\" content=\"2025-11-14T18:37:15+00:00\" \/>\n<meta property=\"og:image\" content=\"https:\/\/livrariasolmar.pt\/wp-content\/uploads\/2025\/07\/1507-1-1-3.jpg\" \/>\n\t<meta property=\"og:image:width\" content=\"400\" \/>\n\t<meta property=\"og:image:height\" content=\"400\" \/>\n<meta name=\"twitter:card\" content=\"summary_large_image\" \/>\n<script type=\"application\/ld+json\" class=\"yoast-schema-graph\">{\"@context\":\"https:\/\/schema.org\",\"@graph\":[{\"@type\":\"WebSite\",\"@id\":\"https:\/\/livrariasolmar.pt\/#website\",\"url\":\"https:\/\/livrariasolmar.pt\/\",\"name\":\"Livraria Solmar - Livraria online\",\"description\":\"Com\\u00e9rcio Livros E Objetos De Arte, Lda - Ponta Delgada, A\\u00e7ores\",\"potentialAction\":[{\"@type\":\"SearchAction\",\"target\":{\"@type\":\"EntryPoint\",\"urlTemplate\":\"https:\/\/livrariasolmar.pt\/?s={search_term_string}\"},\"query-input\":\"required name=search_term_string\"}],\"inLanguage\":\"en-US\"},{\"@type\":\"ImageObject\",\"@id\":\"https:\/\/livrariasolmar.pt\/produto\/o-meu-primeiro-livro-magico\/#primaryimage\",\"inLanguage\":\"en-US\",\"url\":\"https:\/\/livrariasolmar.pt\/wp-content\/uploads\/2025\/07\/1507-1-1-3.jpg\",\"contentUrl\":\"https:\/\/livrariasolmar.pt\/wp-content\/uploads\/2025\/07\/1507-1-1-3.jpg\",\"width\":400,\"height\":400},{\"@type\":\"WebPage\",\"@id\":\"https:\/\/livrariasolmar.pt\/produto\/o-meu-primeiro-livro-magico\/#webpage\",\"url\":\"https:\/\/livrariasolmar.pt\/produto\/o-meu-primeiro-livro-magico\/\",\"name\":\"O Meu Primeiro Livro M\\u00e1gico - Livraria Solmar - Livraria online\",\"isPartOf\":{\"@id\":\"https:\/\/livrariasolmar.pt\/#website\"},\"primaryImageOfPage\":{\"@id\":\"https:\/\/livrariasolmar.pt\/produto\/o-meu-primeiro-livro-magico\/#primaryimage\"},\"datePublished\":\"2025-07-27T10:49:56+00:00\",\"dateModified\":\"2025-11-14T18:37:15+00:00\",\"breadcrumb\":{\"@id\":\"https:\/\/livrariasolmar.pt\/produto\/o-meu-primeiro-livro-magico\/#breadcrumb\"},\"inLanguage\":\"en-US\",\"potentialAction\":[{\"@type\":\"ReadAction\",\"target\":[\"https:\/\/livrariasolmar.pt\/produto\/o-meu-primeiro-livro-magico\/\"]}]},{\"@type\":\"BreadcrumbList\",\"@id\":\"https:\/\/livrariasolmar.pt\/produto\/o-meu-primeiro-livro-magico\/#breadcrumb\",\"itemListElement\":[{\"@type\":\"ListItem\",\"position\":1,\"name\":\"In\\u00edcio\",\"item\":\"https:\/\/livrariasolmar.pt\/en\/\"},{\"@type\":\"ListItem\",\"position\":2,\"name\":\"Shop\",\"item\":\"https:\/\/livrariasolmar.pt\/en\/shop\/\"},{\"@type\":\"ListItem\",\"position\":3,\"name\":\"O Meu Primeiro Livro M\\u00e1gico\"}]}]}<\/script>\n<!-- \/ Yoast SEO plugin. -->","_links":{"self":[{"href":"https:\/\/livrariasolmar.pt\/en\/wp-json\/wp\/v2\/product\/10687"}],"collection":[{"href":"https:\/\/livrariasolmar.pt\/en\/wp-json\/wp\/v2\/product"}],"about":[{"href":"https:\/\/livrariasolmar.pt\/en\/wp-json\/wp\/v2\/types\/product"}],"author":[{"embeddable":true,"href":"https:\/\/livrariasolmar.pt\/en\/wp-json\/wp\/v2\/users\/2"}],"wp:featuredmedia":[{"embeddable":true,"href":"https:\/\/livrariasolmar.pt\/en\/wp-json\/wp\/v2\/media\/10688"}],"wp:attachment":[{"href":"https:\/\/livrariasolmar.pt\/en\/wp-json\/wp\/v2\/media?parent=10687"}],"wp:term":[{"taxonomy":"product_cat","embeddable":true,"href":"https:\/\/livrariasolmar.pt\/en\/wp-json\/wp\/v2\/product_cat?post=10687"},{"taxonomy":"product_tag","embeddable":true,"href":"https:\/\/livrariasolmar.pt\/en\/wp-json\/wp\/v2\/product_tag?post=10687"},{"taxonomy":"cat_produtos","embeddable":true,"href":"https:\/\/livrariasolmar.pt\/en\/wp-json\/wp\/v2\/cat_produtos?post=10687"}],"curies":[{"name":"wp","href":"https:\/\/api.w.org\/{rel}","templated":true}]}}