{"id":10696,"date":"2025-07-27T11:12:44","date_gmt":"2025-07-27T11:12:44","guid":{"rendered":"https:\/\/livrariasolmar.pt\/?post_type=product&#038;p=10696"},"modified":"2026-02-01T13:25:23","modified_gmt":"2026-02-01T13:25:23","slug":"linguagem-das-plantas-compreender-como-as-plantas-comunicam","status":"publish","type":"product","link":"https:\/\/livrariasolmar.pt\/en\/produto\/linguagem-das-plantas-compreender-como-as-plantas-comunicam\/","title":{"rendered":"Linguagem das Plantas &#8211; Compreender como as plantas comunicam"},"content":{"rendered":"","protected":false},"excerpt":{"rendered":"<p>E se as plantas tiverem superpoderes em que n\u00e3o reparamos? Poderiam elas governar o mundo? Quando olhamos para as plantas, provavelmente pensamos: s\u00e3o muito bonitas, mas um pouco mon\u00f3tonas. As plantas n\u00e3o caminham nem falam, deixam que outros tratem delas e que as abatam.<\/p>\n<p>Mas \u00e9 s\u00f3 isto que sabemos? As descobertas cient\u00edficas mais recentes abalaram as nossas ideias sobre as plantas. Sabemos agora que elas n\u00e3o s\u00f3 t\u00eam interesse pelo mundo que as rodeia, mas tamb\u00e9m interagem com ele. Mais: comunicam de maneiras com que n\u00f3s, humanos, nem sonhamos&#8230;<\/p>\n","protected":false},"author":2,"featured_media":10697,"template":"","meta":[],"product_cat":[172,384],"product_tag":[],"cat_produtos":[],"yoast_head":"<!-- This site is optimized with the Yoast SEO plugin v16.6 - https:\/\/yoast.com\/wordpress\/plugins\/seo\/ -->\n<title>Linguagem das Plantas - Compreender como as plantas comunicam - Livraria Solmar - Livraria online<\/title>\n<meta name=\"robots\" content=\"index, follow, max-snippet:-1, max-image-preview:large, max-video-preview:-1\" \/>\n<link rel=\"canonical\" href=\"https:\/\/livrariasolmar.pt\/en\/produto\/linguagem-das-plantas-compreender-como-as-plantas-comunicam\/\" \/>\n<meta property=\"og:locale\" content=\"en_US\" \/>\n<meta property=\"og:type\" content=\"article\" \/>\n<meta property=\"og:title\" content=\"Linguagem das Plantas - Compreender como as plantas comunicam - Livraria Solmar - Livraria online\" \/>\n<meta property=\"og:description\" content=\"E se as plantas tiverem superpoderes em que n\u00e3o reparamos? Poderiam elas governar o mundo? Quando olhamos para as plantas, provavelmente pensamos: s\u00e3o muito bonitas, mas um pouco mon\u00f3tonas. As plantas n\u00e3o caminham nem falam, deixam que outros tratem delas e que as abatam.  Mas \u00e9 s\u00f3 isto que sabemos? As descobertas cient\u00edficas mais recentes abalaram as nossas ideias sobre as plantas. Sabemos agora que elas n\u00e3o s\u00f3 t\u00eam interesse pelo mundo que as rodeia, mas tamb\u00e9m interagem com ele. Mais: comunicam de maneiras com que n\u00f3s, humanos, nem sonhamos...\" \/>\n<meta property=\"og:url\" content=\"https:\/\/livrariasolmar.pt\/produto\/linguagem-das-plantas-compreender-como-as-plantas-comunicam\/\" \/>\n<meta property=\"og:site_name\" content=\"Livraria Solmar - Livraria online\" \/>\n<meta property=\"article:modified_time\" content=\"2026-02-01T13:25:23+00:00\" \/>\n<meta property=\"og:image\" content=\"https:\/\/livrariasolmar.pt\/wp-content\/uploads\/2025\/07\/1540-1-2-5.jpg\" \/>\n\t<meta property=\"og:image:width\" content=\"340\" \/>\n\t<meta property=\"og:image:height\" content=\"340\" \/>\n<meta name=\"twitter:card\" content=\"summary_large_image\" \/>\n<script type=\"application\/ld+json\" class=\"yoast-schema-graph\">{\"@context\":\"https:\/\/schema.org\",\"@graph\":[{\"@type\":\"WebSite\",\"@id\":\"https:\/\/livrariasolmar.pt\/#website\",\"url\":\"https:\/\/livrariasolmar.pt\/\",\"name\":\"Livraria Solmar - Livraria online\",\"description\":\"Com\\u00e9rcio Livros E Objetos De Arte, Lda - Ponta Delgada, A\\u00e7ores\",\"potentialAction\":[{\"@type\":\"SearchAction\",\"target\":{\"@type\":\"EntryPoint\",\"urlTemplate\":\"https:\/\/livrariasolmar.pt\/?s={search_term_string}\"},\"query-input\":\"required name=search_term_string\"}],\"inLanguage\":\"en-US\"},{\"@type\":\"ImageObject\",\"@id\":\"https:\/\/livrariasolmar.pt\/produto\/linguagem-das-plantas-compreender-como-as-plantas-comunicam\/#primaryimage\",\"inLanguage\":\"en-US\",\"url\":\"https:\/\/livrariasolmar.pt\/wp-content\/uploads\/2025\/07\/1540-1-2-5.jpg\",\"contentUrl\":\"https:\/\/livrariasolmar.pt\/wp-content\/uploads\/2025\/07\/1540-1-2-5.jpg\",\"width\":340,\"height\":340},{\"@type\":\"WebPage\",\"@id\":\"https:\/\/livrariasolmar.pt\/produto\/linguagem-das-plantas-compreender-como-as-plantas-comunicam\/#webpage\",\"url\":\"https:\/\/livrariasolmar.pt\/produto\/linguagem-das-plantas-compreender-como-as-plantas-comunicam\/\",\"name\":\"Linguagem das Plantas - Compreender como as plantas comunicam - Livraria Solmar - Livraria online\",\"isPartOf\":{\"@id\":\"https:\/\/livrariasolmar.pt\/#website\"},\"primaryImageOfPage\":{\"@id\":\"https:\/\/livrariasolmar.pt\/produto\/linguagem-das-plantas-compreender-como-as-plantas-comunicam\/#primaryimage\"},\"datePublished\":\"2025-07-27T11:12:44+00:00\",\"dateModified\":\"2026-02-01T13:25:23+00:00\",\"breadcrumb\":{\"@id\":\"https:\/\/livrariasolmar.pt\/produto\/linguagem-das-plantas-compreender-como-as-plantas-comunicam\/#breadcrumb\"},\"inLanguage\":\"en-US\",\"potentialAction\":[{\"@type\":\"ReadAction\",\"target\":[\"https:\/\/livrariasolmar.pt\/produto\/linguagem-das-plantas-compreender-como-as-plantas-comunicam\/\"]}]},{\"@type\":\"BreadcrumbList\",\"@id\":\"https:\/\/livrariasolmar.pt\/produto\/linguagem-das-plantas-compreender-como-as-plantas-comunicam\/#breadcrumb\",\"itemListElement\":[{\"@type\":\"ListItem\",\"position\":1,\"name\":\"In\\u00edcio\",\"item\":\"https:\/\/livrariasolmar.pt\/en\/\"},{\"@type\":\"ListItem\",\"position\":2,\"name\":\"Shop\",\"item\":\"https:\/\/livrariasolmar.pt\/en\/shop\/\"},{\"@type\":\"ListItem\",\"position\":3,\"name\":\"Linguagem das Plantas &#8211; Compreender como as plantas comunicam\"}]}]}<\/script>\n<!-- \/ Yoast SEO plugin. -->","_links":{"self":[{"href":"https:\/\/livrariasolmar.pt\/en\/wp-json\/wp\/v2\/product\/10696"}],"collection":[{"href":"https:\/\/livrariasolmar.pt\/en\/wp-json\/wp\/v2\/product"}],"about":[{"href":"https:\/\/livrariasolmar.pt\/en\/wp-json\/wp\/v2\/types\/product"}],"author":[{"embeddable":true,"href":"https:\/\/livrariasolmar.pt\/en\/wp-json\/wp\/v2\/users\/2"}],"wp:featuredmedia":[{"embeddable":true,"href":"https:\/\/livrariasolmar.pt\/en\/wp-json\/wp\/v2\/media\/10697"}],"wp:attachment":[{"href":"https:\/\/livrariasolmar.pt\/en\/wp-json\/wp\/v2\/media?parent=10696"}],"wp:term":[{"taxonomy":"product_cat","embeddable":true,"href":"https:\/\/livrariasolmar.pt\/en\/wp-json\/wp\/v2\/product_cat?post=10696"},{"taxonomy":"product_tag","embeddable":true,"href":"https:\/\/livrariasolmar.pt\/en\/wp-json\/wp\/v2\/product_tag?post=10696"},{"taxonomy":"cat_produtos","embeddable":true,"href":"https:\/\/livrariasolmar.pt\/en\/wp-json\/wp\/v2\/cat_produtos?post=10696"}],"curies":[{"name":"wp","href":"https:\/\/api.w.org\/{rel}","templated":true}]}}