{"id":10699,"date":"2025-07-27T11:23:58","date_gmt":"2025-07-27T11:23:58","guid":{"rendered":"https:\/\/livrariasolmar.pt\/?post_type=product&#038;p=10699"},"modified":"2026-04-11T18:48:51","modified_gmt":"2026-04-11T18:48:51","slug":"no-fundo-do-mar-diversao-maxima","status":"publish","type":"product","link":"https:\/\/livrariasolmar.pt\/en\/produto\/no-fundo-do-mar-diversao-maxima\/","title":{"rendered":"No Fundo do Mar &#8211; Divers\u00e3o m\u00e1xima!"},"content":{"rendered":"","protected":false},"excerpt":{"rendered":"<p>Repleto de criaturas incr\u00edveis, este livro tem mais de 30 p\u00e1ginas com cen\u00e1rios ador\u00e1veis para os mais pequenos explorarem. Os animais do Fundo do Mar est\u00e3o prontos para a anima\u00e7\u00e3o, num pack de divers\u00e3o m\u00e1xima. As crian\u00e7as v\u00e3o adorar completar as atividades e desafios, colorir cada p\u00e1gina e descobrir muitas curiosidades. Ser\u00e3o horas de divers\u00e3o sem parar.<\/p>\n<p>Com oferta de 16 l\u00e1pis de cor com um formato muito original, este livro \u00e9 amigo do ambiente e foi desenvolvido sem recurso a pl\u00e1sticos de uso \u00fanico.<\/p>\n<p>Perfeito para estimular a criatividade, a motricidade fina e o c\u00e1lculo mental.<\/p>\n","protected":false},"author":2,"featured_media":10700,"template":"","meta":[],"product_cat":[172],"product_tag":[],"cat_produtos":[404],"yoast_head":"<!-- This site is optimized with the Yoast SEO plugin v16.6 - https:\/\/yoast.com\/wordpress\/plugins\/seo\/ -->\n<title>No Fundo do Mar - Divers\u00e3o m\u00e1xima! - Livraria Solmar - Livraria online<\/title>\n<meta name=\"robots\" content=\"index, follow, max-snippet:-1, max-image-preview:large, max-video-preview:-1\" \/>\n<link rel=\"canonical\" href=\"https:\/\/livrariasolmar.pt\/en\/produto\/no-fundo-do-mar-diversao-maxima\/\" \/>\n<meta property=\"og:locale\" content=\"en_US\" \/>\n<meta property=\"og:type\" content=\"article\" \/>\n<meta property=\"og:title\" content=\"No Fundo do Mar - Divers\u00e3o m\u00e1xima! - Livraria Solmar - Livraria online\" \/>\n<meta property=\"og:description\" content=\"Repleto de criaturas incr\u00edveis, este livro tem mais de 30 p\u00e1ginas com cen\u00e1rios ador\u00e1veis para os mais pequenos explorarem. Os animais do Fundo do Mar est\u00e3o prontos para a anima\u00e7\u00e3o, num pack de divers\u00e3o m\u00e1xima. As crian\u00e7as v\u00e3o adorar completar as atividades e desafios, colorir cada p\u00e1gina e descobrir muitas curiosidades. Ser\u00e3o horas de divers\u00e3o sem parar.  Com oferta de 16 l\u00e1pis de cor com um formato muito original, este livro \u00e9 amigo do ambiente e foi desenvolvido sem recurso a pl\u00e1sticos de uso \u00fanico.  Perfeito para estimular a criatividade, a motricidade fina e o c\u00e1lculo mental.\" \/>\n<meta property=\"og:url\" content=\"https:\/\/livrariasolmar.pt\/produto\/no-fundo-do-mar-diversao-maxima\/\" \/>\n<meta property=\"og:site_name\" content=\"Livraria Solmar - Livraria online\" \/>\n<meta property=\"article:modified_time\" content=\"2026-04-11T18:48:51+00:00\" \/>\n<meta property=\"og:image\" content=\"https:\/\/livrariasolmar.pt\/wp-content\/uploads\/2025\/07\/1540-1-3-1.jpg\" \/>\n\t<meta property=\"og:image:width\" content=\"340\" \/>\n\t<meta property=\"og:image:height\" content=\"340\" \/>\n<meta name=\"twitter:card\" content=\"summary_large_image\" \/>\n<script type=\"application\/ld+json\" class=\"yoast-schema-graph\">{\"@context\":\"https:\/\/schema.org\",\"@graph\":[{\"@type\":\"WebSite\",\"@id\":\"https:\/\/livrariasolmar.pt\/#website\",\"url\":\"https:\/\/livrariasolmar.pt\/\",\"name\":\"Livraria Solmar - Livraria online\",\"description\":\"Com\\u00e9rcio Livros E Objetos De Arte, Lda - Ponta Delgada, A\\u00e7ores\",\"potentialAction\":[{\"@type\":\"SearchAction\",\"target\":{\"@type\":\"EntryPoint\",\"urlTemplate\":\"https:\/\/livrariasolmar.pt\/?s={search_term_string}\"},\"query-input\":\"required name=search_term_string\"}],\"inLanguage\":\"en-US\"},{\"@type\":\"ImageObject\",\"@id\":\"https:\/\/livrariasolmar.pt\/produto\/no-fundo-do-mar-diversao-maxima\/#primaryimage\",\"inLanguage\":\"en-US\",\"url\":\"https:\/\/livrariasolmar.pt\/wp-content\/uploads\/2025\/07\/1540-1-3-1.jpg\",\"contentUrl\":\"https:\/\/livrariasolmar.pt\/wp-content\/uploads\/2025\/07\/1540-1-3-1.jpg\",\"width\":340,\"height\":340},{\"@type\":\"WebPage\",\"@id\":\"https:\/\/livrariasolmar.pt\/produto\/no-fundo-do-mar-diversao-maxima\/#webpage\",\"url\":\"https:\/\/livrariasolmar.pt\/produto\/no-fundo-do-mar-diversao-maxima\/\",\"name\":\"No Fundo do Mar - Divers\\u00e3o m\\u00e1xima! - Livraria Solmar - Livraria online\",\"isPartOf\":{\"@id\":\"https:\/\/livrariasolmar.pt\/#website\"},\"primaryImageOfPage\":{\"@id\":\"https:\/\/livrariasolmar.pt\/produto\/no-fundo-do-mar-diversao-maxima\/#primaryimage\"},\"datePublished\":\"2025-07-27T11:23:58+00:00\",\"dateModified\":\"2026-04-11T18:48:51+00:00\",\"breadcrumb\":{\"@id\":\"https:\/\/livrariasolmar.pt\/produto\/no-fundo-do-mar-diversao-maxima\/#breadcrumb\"},\"inLanguage\":\"en-US\",\"potentialAction\":[{\"@type\":\"ReadAction\",\"target\":[\"https:\/\/livrariasolmar.pt\/produto\/no-fundo-do-mar-diversao-maxima\/\"]}]},{\"@type\":\"BreadcrumbList\",\"@id\":\"https:\/\/livrariasolmar.pt\/produto\/no-fundo-do-mar-diversao-maxima\/#breadcrumb\",\"itemListElement\":[{\"@type\":\"ListItem\",\"position\":1,\"name\":\"In\\u00edcio\",\"item\":\"https:\/\/livrariasolmar.pt\/en\/\"},{\"@type\":\"ListItem\",\"position\":2,\"name\":\"Shop\",\"item\":\"https:\/\/livrariasolmar.pt\/en\/shop\/\"},{\"@type\":\"ListItem\",\"position\":3,\"name\":\"No Fundo do Mar &#8211; Divers\\u00e3o m\\u00e1xima!\"}]}]}<\/script>\n<!-- \/ Yoast SEO plugin. -->","_links":{"self":[{"href":"https:\/\/livrariasolmar.pt\/en\/wp-json\/wp\/v2\/product\/10699"}],"collection":[{"href":"https:\/\/livrariasolmar.pt\/en\/wp-json\/wp\/v2\/product"}],"about":[{"href":"https:\/\/livrariasolmar.pt\/en\/wp-json\/wp\/v2\/types\/product"}],"author":[{"embeddable":true,"href":"https:\/\/livrariasolmar.pt\/en\/wp-json\/wp\/v2\/users\/2"}],"wp:featuredmedia":[{"embeddable":true,"href":"https:\/\/livrariasolmar.pt\/en\/wp-json\/wp\/v2\/media\/10700"}],"wp:attachment":[{"href":"https:\/\/livrariasolmar.pt\/en\/wp-json\/wp\/v2\/media?parent=10699"}],"wp:term":[{"taxonomy":"product_cat","embeddable":true,"href":"https:\/\/livrariasolmar.pt\/en\/wp-json\/wp\/v2\/product_cat?post=10699"},{"taxonomy":"product_tag","embeddable":true,"href":"https:\/\/livrariasolmar.pt\/en\/wp-json\/wp\/v2\/product_tag?post=10699"},{"taxonomy":"cat_produtos","embeddable":true,"href":"https:\/\/livrariasolmar.pt\/en\/wp-json\/wp\/v2\/cat_produtos?post=10699"}],"curies":[{"name":"wp","href":"https:\/\/api.w.org\/{rel}","templated":true}]}}