{"id":10702,"date":"2025-07-27T11:28:56","date_gmt":"2025-07-27T11:28:56","guid":{"rendered":"https:\/\/livrariasolmar.pt\/?post_type=product&#038;p=10702"},"modified":"2025-12-30T15:48:11","modified_gmt":"2025-12-30T15:48:11","slug":"bons-sonhos-pequeno-urso","status":"publish","type":"product","link":"https:\/\/livrariasolmar.pt\/en\/produto\/bons-sonhos-pequeno-urso\/","title":{"rendered":"Bons Sonhos: Pequeno Urso"},"content":{"rendered":"","protected":false},"excerpt":{"rendered":"<p>Junta-te ao Pequeno Urso nesta hist\u00f3ria doce e ternurenta.<\/p>\n<p>O ursinho n\u00e3o consegue adormecer. Esta noite, a sua cama n\u00e3o parece confort\u00e1vel, por isso ele aventura-se pela Floresta Cintilante em busca de um s\u00edtio mais acolhedor para dormir. Ser\u00e1 que o vai encontrar?<\/p>\n<p>Um livro repleto de cores relaxantes, com conte\u00fados extra que v\u00e3o fazer as del\u00edcias de pequenos e gra\u00fados.<\/p>\n<p>Tamb\u00e9m dispon\u00edvel, da mesma cole\u00e7\u00e3o, o livro\u00a0<i>Bons Sonhos: Pequeno Drag\u00e3o<\/i>.<\/p>\n","protected":false},"author":2,"featured_media":10703,"template":"","meta":[],"product_cat":[172],"product_tag":[],"cat_produtos":[],"yoast_head":"<!-- This site is optimized with the Yoast SEO plugin v16.6 - https:\/\/yoast.com\/wordpress\/plugins\/seo\/ -->\n<title>Bons Sonhos: Pequeno Urso - Livraria Solmar - Livraria online<\/title>\n<meta name=\"robots\" content=\"index, follow, max-snippet:-1, max-image-preview:large, max-video-preview:-1\" \/>\n<link rel=\"canonical\" href=\"https:\/\/livrariasolmar.pt\/en\/produto\/bons-sonhos-pequeno-urso\/\" \/>\n<meta property=\"og:locale\" content=\"en_US\" \/>\n<meta property=\"og:type\" content=\"article\" \/>\n<meta property=\"og:title\" content=\"Bons Sonhos: Pequeno Urso - Livraria Solmar - Livraria online\" \/>\n<meta property=\"og:description\" content=\"Junta-te ao Pequeno Urso nesta hist\u00f3ria doce e ternurenta.  O ursinho n\u00e3o consegue adormecer. Esta noite, a sua cama n\u00e3o parece confort\u00e1vel, por isso ele aventura-se pela Floresta Cintilante em busca de um s\u00edtio mais acolhedor para dormir. Ser\u00e1 que o vai encontrar?  Um livro repleto de cores relaxantes, com conte\u00fados extra que v\u00e3o fazer as del\u00edcias de pequenos e gra\u00fados.  Tamb\u00e9m dispon\u00edvel, da mesma cole\u00e7\u00e3o, o livro\u00a0Bons Sonhos: Pequeno Drag\u00e3o.\" \/>\n<meta property=\"og:url\" content=\"https:\/\/livrariasolmar.pt\/produto\/bons-sonhos-pequeno-urso\/\" \/>\n<meta property=\"og:site_name\" content=\"Livraria Solmar - Livraria online\" \/>\n<meta property=\"article:modified_time\" content=\"2025-12-30T15:48:11+00:00\" \/>\n<meta property=\"og:image\" content=\"https:\/\/livrariasolmar.pt\/wp-content\/uploads\/2025\/07\/1540-1-4-1.jpg\" \/>\n\t<meta property=\"og:image:width\" content=\"340\" \/>\n\t<meta property=\"og:image:height\" content=\"340\" \/>\n<meta name=\"twitter:card\" content=\"summary_large_image\" \/>\n<script type=\"application\/ld+json\" class=\"yoast-schema-graph\">{\"@context\":\"https:\/\/schema.org\",\"@graph\":[{\"@type\":\"WebSite\",\"@id\":\"https:\/\/livrariasolmar.pt\/#website\",\"url\":\"https:\/\/livrariasolmar.pt\/\",\"name\":\"Livraria Solmar - Livraria online\",\"description\":\"Com\\u00e9rcio Livros E Objetos De Arte, Lda - Ponta Delgada, A\\u00e7ores\",\"potentialAction\":[{\"@type\":\"SearchAction\",\"target\":{\"@type\":\"EntryPoint\",\"urlTemplate\":\"https:\/\/livrariasolmar.pt\/?s={search_term_string}\"},\"query-input\":\"required name=search_term_string\"}],\"inLanguage\":\"en-US\"},{\"@type\":\"ImageObject\",\"@id\":\"https:\/\/livrariasolmar.pt\/produto\/bons-sonhos-pequeno-urso\/#primaryimage\",\"inLanguage\":\"en-US\",\"url\":\"https:\/\/livrariasolmar.pt\/wp-content\/uploads\/2025\/07\/1540-1-4-1.jpg\",\"contentUrl\":\"https:\/\/livrariasolmar.pt\/wp-content\/uploads\/2025\/07\/1540-1-4-1.jpg\",\"width\":340,\"height\":340},{\"@type\":\"WebPage\",\"@id\":\"https:\/\/livrariasolmar.pt\/produto\/bons-sonhos-pequeno-urso\/#webpage\",\"url\":\"https:\/\/livrariasolmar.pt\/produto\/bons-sonhos-pequeno-urso\/\",\"name\":\"Bons Sonhos: Pequeno Urso - Livraria Solmar - Livraria online\",\"isPartOf\":{\"@id\":\"https:\/\/livrariasolmar.pt\/#website\"},\"primaryImageOfPage\":{\"@id\":\"https:\/\/livrariasolmar.pt\/produto\/bons-sonhos-pequeno-urso\/#primaryimage\"},\"datePublished\":\"2025-07-27T11:28:56+00:00\",\"dateModified\":\"2025-12-30T15:48:11+00:00\",\"breadcrumb\":{\"@id\":\"https:\/\/livrariasolmar.pt\/produto\/bons-sonhos-pequeno-urso\/#breadcrumb\"},\"inLanguage\":\"en-US\",\"potentialAction\":[{\"@type\":\"ReadAction\",\"target\":[\"https:\/\/livrariasolmar.pt\/produto\/bons-sonhos-pequeno-urso\/\"]}]},{\"@type\":\"BreadcrumbList\",\"@id\":\"https:\/\/livrariasolmar.pt\/produto\/bons-sonhos-pequeno-urso\/#breadcrumb\",\"itemListElement\":[{\"@type\":\"ListItem\",\"position\":1,\"name\":\"In\\u00edcio\",\"item\":\"https:\/\/livrariasolmar.pt\/en\/\"},{\"@type\":\"ListItem\",\"position\":2,\"name\":\"Shop\",\"item\":\"https:\/\/livrariasolmar.pt\/en\/shop\/\"},{\"@type\":\"ListItem\",\"position\":3,\"name\":\"Bons Sonhos: Pequeno Urso\"}]}]}<\/script>\n<!-- \/ Yoast SEO plugin. -->","_links":{"self":[{"href":"https:\/\/livrariasolmar.pt\/en\/wp-json\/wp\/v2\/product\/10702"}],"collection":[{"href":"https:\/\/livrariasolmar.pt\/en\/wp-json\/wp\/v2\/product"}],"about":[{"href":"https:\/\/livrariasolmar.pt\/en\/wp-json\/wp\/v2\/types\/product"}],"author":[{"embeddable":true,"href":"https:\/\/livrariasolmar.pt\/en\/wp-json\/wp\/v2\/users\/2"}],"wp:featuredmedia":[{"embeddable":true,"href":"https:\/\/livrariasolmar.pt\/en\/wp-json\/wp\/v2\/media\/10703"}],"wp:attachment":[{"href":"https:\/\/livrariasolmar.pt\/en\/wp-json\/wp\/v2\/media?parent=10702"}],"wp:term":[{"taxonomy":"product_cat","embeddable":true,"href":"https:\/\/livrariasolmar.pt\/en\/wp-json\/wp\/v2\/product_cat?post=10702"},{"taxonomy":"product_tag","embeddable":true,"href":"https:\/\/livrariasolmar.pt\/en\/wp-json\/wp\/v2\/product_tag?post=10702"},{"taxonomy":"cat_produtos","embeddable":true,"href":"https:\/\/livrariasolmar.pt\/en\/wp-json\/wp\/v2\/cat_produtos?post=10702"}],"curies":[{"name":"wp","href":"https:\/\/api.w.org\/{rel}","templated":true}]}}