{"id":10708,"date":"2025-07-27T11:52:42","date_gmt":"2025-07-27T11:52:42","guid":{"rendered":"https:\/\/livrariasolmar.pt\/?post_type=product&#038;p=10708"},"modified":"2025-12-08T16:38:34","modified_gmt":"2025-12-08T16:38:34","slug":"o-jardim","status":"publish","type":"product","link":"https:\/\/livrariasolmar.pt\/en\/produto\/o-jardim\/","title":{"rendered":"O Jardim"},"content":{"rendered":"","protected":false},"excerpt":{"rendered":"<p>Quando a fam\u00edlia da Ema se muda do campo para a cidade, a Ema quer muito levar o jardim com ela. Mas n\u00e3o h\u00e1 espa\u00e7o para jardins nas casas da cidade. Ou haver\u00e1?<br \/>\nLivro aclamado pela cr\u00edtica e maravilhosamente ilustrado a aguarela pela autora premiada Anna Walker. Uma celebra\u00e7\u00e3o da amizade, da capacidade de adapta\u00e7\u00e3o \u00e0 mudan\u00e7a e da magia da natureza.<\/p>\n<p>Livro bonito e delicado, que aborda o tema da adapta\u00e7\u00e3o \u00e0 mudan\u00e7a, o efeito da natureza no nosso esp\u00edrito e o contributo que todos podemos dar para o bem estar uns dos outros. Nomeado para o Children\u2019s Book Council of Australia Picture Book of the Year e Australian Design Association of Pictures e vencedor do Wilderness Society Environment Award for Children\u2019s Literature.<\/p>\n<p>Com Ilustra\u00e7\u00f5es muito originais, \u00e0 base de aguarelas, de Anna Walker, reputada e premiada ilustradora.<\/p>\n","protected":false},"author":2,"featured_media":10709,"template":"","meta":[],"product_cat":[172],"product_tag":[],"cat_produtos":[],"yoast_head":"<!-- This site is optimized with the Yoast SEO plugin v16.6 - https:\/\/yoast.com\/wordpress\/plugins\/seo\/ -->\n<title>O Jardim - Livraria Solmar - Livraria online<\/title>\n<meta name=\"robots\" content=\"index, follow, max-snippet:-1, max-image-preview:large, max-video-preview:-1\" \/>\n<link rel=\"canonical\" href=\"https:\/\/livrariasolmar.pt\/en\/produto\/o-jardim\/\" \/>\n<meta property=\"og:locale\" content=\"en_US\" \/>\n<meta property=\"og:type\" content=\"article\" \/>\n<meta property=\"og:title\" content=\"O Jardim - Livraria Solmar - Livraria online\" \/>\n<meta property=\"og:description\" content=\"Quando a fam\u00edlia da Ema se muda do campo para a cidade, a Ema quer muito levar o jardim com ela. Mas n\u00e3o h\u00e1 espa\u00e7o para jardins nas casas da cidade. Ou haver\u00e1? Livro aclamado pela cr\u00edtica e maravilhosamente ilustrado a aguarela pela autora premiada Anna Walker. Uma celebra\u00e7\u00e3o da amizade, da capacidade de adapta\u00e7\u00e3o \u00e0 mudan\u00e7a e da magia da natureza.  Livro bonito e delicado, que aborda o tema da adapta\u00e7\u00e3o \u00e0 mudan\u00e7a, o efeito da natureza no nosso esp\u00edrito e o contributo que todos podemos dar para o bem estar uns dos outros. Nomeado para o Children\u2019s Book Council of Australia Picture Book of the Year e Australian Design Association of Pictures e vencedor do Wilderness Society Environment Award for Children\u2019s Literature.  Com Ilustra\u00e7\u00f5es muito originais, \u00e0 base de aguarelas, de Anna Walker, reputada e premiada ilustradora.\" \/>\n<meta property=\"og:url\" content=\"https:\/\/livrariasolmar.pt\/produto\/o-jardim\/\" \/>\n<meta property=\"og:site_name\" content=\"Livraria Solmar - Livraria online\" \/>\n<meta property=\"article:modified_time\" content=\"2025-12-08T16:38:34+00:00\" \/>\n<meta property=\"og:image\" content=\"https:\/\/livrariasolmar.pt\/wp-content\/uploads\/2025\/07\/1540-1-6-1.jpg\" \/>\n\t<meta property=\"og:image:width\" content=\"340\" \/>\n\t<meta property=\"og:image:height\" content=\"340\" \/>\n<meta name=\"twitter:card\" content=\"summary_large_image\" \/>\n<script type=\"application\/ld+json\" class=\"yoast-schema-graph\">{\"@context\":\"https:\/\/schema.org\",\"@graph\":[{\"@type\":\"WebSite\",\"@id\":\"https:\/\/livrariasolmar.pt\/#website\",\"url\":\"https:\/\/livrariasolmar.pt\/\",\"name\":\"Livraria Solmar - Livraria online\",\"description\":\"Com\\u00e9rcio Livros E Objetos De Arte, Lda - Ponta Delgada, A\\u00e7ores\",\"potentialAction\":[{\"@type\":\"SearchAction\",\"target\":{\"@type\":\"EntryPoint\",\"urlTemplate\":\"https:\/\/livrariasolmar.pt\/?s={search_term_string}\"},\"query-input\":\"required name=search_term_string\"}],\"inLanguage\":\"en-US\"},{\"@type\":\"ImageObject\",\"@id\":\"https:\/\/livrariasolmar.pt\/produto\/o-jardim\/#primaryimage\",\"inLanguage\":\"en-US\",\"url\":\"https:\/\/livrariasolmar.pt\/wp-content\/uploads\/2025\/07\/1540-1-6-1.jpg\",\"contentUrl\":\"https:\/\/livrariasolmar.pt\/wp-content\/uploads\/2025\/07\/1540-1-6-1.jpg\",\"width\":340,\"height\":340},{\"@type\":\"WebPage\",\"@id\":\"https:\/\/livrariasolmar.pt\/produto\/o-jardim\/#webpage\",\"url\":\"https:\/\/livrariasolmar.pt\/produto\/o-jardim\/\",\"name\":\"O Jardim - Livraria Solmar - Livraria online\",\"isPartOf\":{\"@id\":\"https:\/\/livrariasolmar.pt\/#website\"},\"primaryImageOfPage\":{\"@id\":\"https:\/\/livrariasolmar.pt\/produto\/o-jardim\/#primaryimage\"},\"datePublished\":\"2025-07-27T11:52:42+00:00\",\"dateModified\":\"2025-12-08T16:38:34+00:00\",\"breadcrumb\":{\"@id\":\"https:\/\/livrariasolmar.pt\/produto\/o-jardim\/#breadcrumb\"},\"inLanguage\":\"en-US\",\"potentialAction\":[{\"@type\":\"ReadAction\",\"target\":[\"https:\/\/livrariasolmar.pt\/produto\/o-jardim\/\"]}]},{\"@type\":\"BreadcrumbList\",\"@id\":\"https:\/\/livrariasolmar.pt\/produto\/o-jardim\/#breadcrumb\",\"itemListElement\":[{\"@type\":\"ListItem\",\"position\":1,\"name\":\"In\\u00edcio\",\"item\":\"https:\/\/livrariasolmar.pt\/en\/\"},{\"@type\":\"ListItem\",\"position\":2,\"name\":\"Shop\",\"item\":\"https:\/\/livrariasolmar.pt\/en\/shop\/\"},{\"@type\":\"ListItem\",\"position\":3,\"name\":\"O Jardim\"}]}]}<\/script>\n<!-- \/ Yoast SEO plugin. -->","_links":{"self":[{"href":"https:\/\/livrariasolmar.pt\/en\/wp-json\/wp\/v2\/product\/10708"}],"collection":[{"href":"https:\/\/livrariasolmar.pt\/en\/wp-json\/wp\/v2\/product"}],"about":[{"href":"https:\/\/livrariasolmar.pt\/en\/wp-json\/wp\/v2\/types\/product"}],"author":[{"embeddable":true,"href":"https:\/\/livrariasolmar.pt\/en\/wp-json\/wp\/v2\/users\/2"}],"wp:featuredmedia":[{"embeddable":true,"href":"https:\/\/livrariasolmar.pt\/en\/wp-json\/wp\/v2\/media\/10709"}],"wp:attachment":[{"href":"https:\/\/livrariasolmar.pt\/en\/wp-json\/wp\/v2\/media?parent=10708"}],"wp:term":[{"taxonomy":"product_cat","embeddable":true,"href":"https:\/\/livrariasolmar.pt\/en\/wp-json\/wp\/v2\/product_cat?post=10708"},{"taxonomy":"product_tag","embeddable":true,"href":"https:\/\/livrariasolmar.pt\/en\/wp-json\/wp\/v2\/product_tag?post=10708"},{"taxonomy":"cat_produtos","embeddable":true,"href":"https:\/\/livrariasolmar.pt\/en\/wp-json\/wp\/v2\/cat_produtos?post=10708"}],"curies":[{"name":"wp","href":"https:\/\/api.w.org\/{rel}","templated":true}]}}