{"id":10711,"date":"2025-07-27T12:04:24","date_gmt":"2025-07-27T12:04:24","guid":{"rendered":"https:\/\/livrariasolmar.pt\/?post_type=product&#038;p=10711"},"modified":"2025-12-24T17:46:13","modified_gmt":"2025-12-24T17:46:13","slug":"o-menino-que-gostava-de-toda-a-gente","status":"publish","type":"product","link":"https:\/\/livrariasolmar.pt\/en\/produto\/o-menino-que-gostava-de-toda-a-gente\/","title":{"rendered":"O Menino que Gostava de Toda a Gente"},"content":{"rendered":"","protected":false},"excerpt":{"rendered":"<p>No primeiro dia no infant\u00e1rio, o Duarte est\u00e1 muito feliz e diz a toda a gente: \u00abGosto de ti!\u00bb Mas ningu\u00e9m lhe diz o mesmo: uns gozam, outros fingem que n\u00e3o ouviram, e h\u00e1 mesmo quem fique incomodado.<\/p>\n<p>No dia seguinte, o Duarte sente-se triste e n\u00e3o quer voltar \u00e0 escola. Mas a m\u00e3e mostra-lhe que h\u00e1 muitas maneiras de fazer amigos e de espalhar amor pelo mundo. Uma hist\u00f3ria sobre a import\u00e2ncia dos pequenos gestos de afeto e acolhimento. Promove a aceita\u00e7\u00e3o da diferen\u00e7a, gestos de bondade e a intelig\u00eancia emocional.<\/p>\n<p>Este livro em co-autoria, de duas autoras premiadas, recebeu uma distin\u00e7\u00e3o da Amnistia Internacional de livro que inspira o ativismo; venceu o 2020 Little Rebels Award e foi finalista do 2021 Derby Children\u2019s Picture Book Award.<\/p>\n","protected":false},"author":2,"featured_media":10712,"template":"","meta":[],"product_cat":[172],"product_tag":[],"cat_produtos":[],"yoast_head":"<!-- This site is optimized with the Yoast SEO plugin v16.6 - https:\/\/yoast.com\/wordpress\/plugins\/seo\/ -->\n<title>O Menino que Gostava de Toda a Gente - Livraria Solmar - Livraria online<\/title>\n<meta name=\"robots\" content=\"index, follow, max-snippet:-1, max-image-preview:large, max-video-preview:-1\" \/>\n<link rel=\"canonical\" href=\"https:\/\/livrariasolmar.pt\/en\/produto\/o-menino-que-gostava-de-toda-a-gente\/\" \/>\n<meta property=\"og:locale\" content=\"en_US\" \/>\n<meta property=\"og:type\" content=\"article\" \/>\n<meta property=\"og:title\" content=\"O Menino que Gostava de Toda a Gente - Livraria Solmar - Livraria online\" \/>\n<meta property=\"og:description\" content=\"No primeiro dia no infant\u00e1rio, o Duarte est\u00e1 muito feliz e diz a toda a gente: \u00abGosto de ti!\u00bb Mas ningu\u00e9m lhe diz o mesmo: uns gozam, outros fingem que n\u00e3o ouviram, e h\u00e1 mesmo quem fique incomodado.  No dia seguinte, o Duarte sente-se triste e n\u00e3o quer voltar \u00e0 escola. Mas a m\u00e3e mostra-lhe que h\u00e1 muitas maneiras de fazer amigos e de espalhar amor pelo mundo. Uma hist\u00f3ria sobre a import\u00e2ncia dos pequenos gestos de afeto e acolhimento. Promove a aceita\u00e7\u00e3o da diferen\u00e7a, gestos de bondade e a intelig\u00eancia emocional.  Este livro em co-autoria, de duas autoras premiadas, recebeu uma distin\u00e7\u00e3o da Amnistia Internacional de livro que inspira o ativismo; venceu o 2020 Little Rebels Award e foi finalista do 2021 Derby Children\u2019s Picture Book Award.\" \/>\n<meta property=\"og:url\" content=\"https:\/\/livrariasolmar.pt\/produto\/o-menino-que-gostava-de-toda-a-gente\/\" \/>\n<meta property=\"og:site_name\" content=\"Livraria Solmar - Livraria online\" \/>\n<meta property=\"article:modified_time\" content=\"2025-12-24T17:46:13+00:00\" \/>\n<meta property=\"og:image\" content=\"https:\/\/livrariasolmar.pt\/wp-content\/uploads\/2025\/07\/1540-1-7-1.jpg\" \/>\n\t<meta property=\"og:image:width\" content=\"340\" \/>\n\t<meta property=\"og:image:height\" content=\"340\" \/>\n<meta name=\"twitter:card\" content=\"summary_large_image\" \/>\n<script type=\"application\/ld+json\" class=\"yoast-schema-graph\">{\"@context\":\"https:\/\/schema.org\",\"@graph\":[{\"@type\":\"WebSite\",\"@id\":\"https:\/\/livrariasolmar.pt\/#website\",\"url\":\"https:\/\/livrariasolmar.pt\/\",\"name\":\"Livraria Solmar - Livraria online\",\"description\":\"Com\\u00e9rcio Livros E Objetos De Arte, Lda - Ponta Delgada, A\\u00e7ores\",\"potentialAction\":[{\"@type\":\"SearchAction\",\"target\":{\"@type\":\"EntryPoint\",\"urlTemplate\":\"https:\/\/livrariasolmar.pt\/?s={search_term_string}\"},\"query-input\":\"required name=search_term_string\"}],\"inLanguage\":\"en-US\"},{\"@type\":\"ImageObject\",\"@id\":\"https:\/\/livrariasolmar.pt\/produto\/o-menino-que-gostava-de-toda-a-gente\/#primaryimage\",\"inLanguage\":\"en-US\",\"url\":\"https:\/\/livrariasolmar.pt\/wp-content\/uploads\/2025\/07\/1540-1-7-1.jpg\",\"contentUrl\":\"https:\/\/livrariasolmar.pt\/wp-content\/uploads\/2025\/07\/1540-1-7-1.jpg\",\"width\":340,\"height\":340},{\"@type\":\"WebPage\",\"@id\":\"https:\/\/livrariasolmar.pt\/produto\/o-menino-que-gostava-de-toda-a-gente\/#webpage\",\"url\":\"https:\/\/livrariasolmar.pt\/produto\/o-menino-que-gostava-de-toda-a-gente\/\",\"name\":\"O Menino que Gostava de Toda a Gente - Livraria Solmar - Livraria online\",\"isPartOf\":{\"@id\":\"https:\/\/livrariasolmar.pt\/#website\"},\"primaryImageOfPage\":{\"@id\":\"https:\/\/livrariasolmar.pt\/produto\/o-menino-que-gostava-de-toda-a-gente\/#primaryimage\"},\"datePublished\":\"2025-07-27T12:04:24+00:00\",\"dateModified\":\"2025-12-24T17:46:13+00:00\",\"breadcrumb\":{\"@id\":\"https:\/\/livrariasolmar.pt\/produto\/o-menino-que-gostava-de-toda-a-gente\/#breadcrumb\"},\"inLanguage\":\"en-US\",\"potentialAction\":[{\"@type\":\"ReadAction\",\"target\":[\"https:\/\/livrariasolmar.pt\/produto\/o-menino-que-gostava-de-toda-a-gente\/\"]}]},{\"@type\":\"BreadcrumbList\",\"@id\":\"https:\/\/livrariasolmar.pt\/produto\/o-menino-que-gostava-de-toda-a-gente\/#breadcrumb\",\"itemListElement\":[{\"@type\":\"ListItem\",\"position\":1,\"name\":\"In\\u00edcio\",\"item\":\"https:\/\/livrariasolmar.pt\/en\/\"},{\"@type\":\"ListItem\",\"position\":2,\"name\":\"Shop\",\"item\":\"https:\/\/livrariasolmar.pt\/en\/shop\/\"},{\"@type\":\"ListItem\",\"position\":3,\"name\":\"O Menino que Gostava de Toda a Gente\"}]}]}<\/script>\n<!-- \/ Yoast SEO plugin. -->","_links":{"self":[{"href":"https:\/\/livrariasolmar.pt\/en\/wp-json\/wp\/v2\/product\/10711"}],"collection":[{"href":"https:\/\/livrariasolmar.pt\/en\/wp-json\/wp\/v2\/product"}],"about":[{"href":"https:\/\/livrariasolmar.pt\/en\/wp-json\/wp\/v2\/types\/product"}],"author":[{"embeddable":true,"href":"https:\/\/livrariasolmar.pt\/en\/wp-json\/wp\/v2\/users\/2"}],"wp:featuredmedia":[{"embeddable":true,"href":"https:\/\/livrariasolmar.pt\/en\/wp-json\/wp\/v2\/media\/10712"}],"wp:attachment":[{"href":"https:\/\/livrariasolmar.pt\/en\/wp-json\/wp\/v2\/media?parent=10711"}],"wp:term":[{"taxonomy":"product_cat","embeddable":true,"href":"https:\/\/livrariasolmar.pt\/en\/wp-json\/wp\/v2\/product_cat?post=10711"},{"taxonomy":"product_tag","embeddable":true,"href":"https:\/\/livrariasolmar.pt\/en\/wp-json\/wp\/v2\/product_tag?post=10711"},{"taxonomy":"cat_produtos","embeddable":true,"href":"https:\/\/livrariasolmar.pt\/en\/wp-json\/wp\/v2\/cat_produtos?post=10711"}],"curies":[{"name":"wp","href":"https:\/\/api.w.org\/{rel}","templated":true}]}}