{"id":10714,"date":"2025-07-27T12:20:25","date_gmt":"2025-07-27T12:20:25","guid":{"rendered":"https:\/\/livrariasolmar.pt\/?post_type=product&#038;p=10714"},"modified":"2026-02-21T17:08:40","modified_gmt":"2026-02-21T17:08:40","slug":"onde-estas-avo","status":"publish","type":"product","link":"https:\/\/livrariasolmar.pt\/en\/produto\/onde-estas-avo\/","title":{"rendered":"Onde Est\u00e1s, Av\u00f3?"},"content":{"rendered":"","protected":false},"excerpt":{"rendered":"<p>Esta \u00e9 a hist\u00f3ria de uma av\u00f3 que ouvia com o cora\u00e7\u00e3o, que brincava e que sabia o nome das plantas. Tudo, com ela, tinha sabor a abra\u00e7o. Um dia, parte, como partem as esta\u00e7\u00f5es, e o mundo parece ficar mais vazio. Mas, entre mem\u00f3rias, cheiros e sil\u00eancios, nasce uma certeza: o amor verdadeiro n\u00e3o desaparece \u2014 transforma-se. Vive nas pequenas coisas.<\/p>\n<p>Uma hist\u00f3ria comovente sobre a perda, a saudade e a presen\u00e7a invis\u00edvel de quem amamos.<br \/>\nPara sempre.<br \/>\nPorque o amor dos nossos av\u00f3s \u00e9 dos tesouros mais bem guardados nos nossos cora\u00e7\u00f5es.<\/p>\n","protected":false},"author":2,"featured_media":10715,"template":"","meta":[],"product_cat":[172],"product_tag":[],"cat_produtos":[],"yoast_head":"<!-- This site is optimized with the Yoast SEO plugin v16.6 - https:\/\/yoast.com\/wordpress\/plugins\/seo\/ -->\n<title>Onde Est\u00e1s, Av\u00f3? - Livraria Solmar - Livraria online<\/title>\n<meta name=\"robots\" content=\"index, follow, max-snippet:-1, max-image-preview:large, max-video-preview:-1\" \/>\n<link rel=\"canonical\" href=\"https:\/\/livrariasolmar.pt\/en\/produto\/onde-estas-avo\/\" \/>\n<meta property=\"og:locale\" content=\"en_US\" \/>\n<meta property=\"og:type\" content=\"article\" \/>\n<meta property=\"og:title\" content=\"Onde Est\u00e1s, Av\u00f3? - Livraria Solmar - Livraria online\" \/>\n<meta property=\"og:description\" content=\"Esta \u00e9 a hist\u00f3ria de uma av\u00f3 que ouvia com o cora\u00e7\u00e3o, que brincava e que sabia o nome das plantas. Tudo, com ela, tinha sabor a abra\u00e7o. Um dia, parte, como partem as esta\u00e7\u00f5es, e o mundo parece ficar mais vazio. Mas, entre mem\u00f3rias, cheiros e sil\u00eancios, nasce uma certeza: o amor verdadeiro n\u00e3o desaparece \u2014 transforma-se. Vive nas pequenas coisas.  Uma hist\u00f3ria comovente sobre a perda, a saudade e a presen\u00e7a invis\u00edvel de quem amamos. Para sempre. Porque o amor dos nossos av\u00f3s \u00e9 dos tesouros mais bem guardados nos nossos cora\u00e7\u00f5es.\" \/>\n<meta property=\"og:url\" content=\"https:\/\/livrariasolmar.pt\/produto\/onde-estas-avo\/\" \/>\n<meta property=\"og:site_name\" content=\"Livraria Solmar - Livraria online\" \/>\n<meta property=\"article:modified_time\" content=\"2026-02-21T17:08:40+00:00\" \/>\n<meta property=\"og:image\" content=\"https:\/\/livrariasolmar.pt\/wp-content\/uploads\/2025\/07\/1540-1-8-1.jpg\" \/>\n\t<meta property=\"og:image:width\" content=\"340\" \/>\n\t<meta property=\"og:image:height\" content=\"340\" \/>\n<meta name=\"twitter:card\" content=\"summary_large_image\" \/>\n<script type=\"application\/ld+json\" class=\"yoast-schema-graph\">{\"@context\":\"https:\/\/schema.org\",\"@graph\":[{\"@type\":\"WebSite\",\"@id\":\"https:\/\/livrariasolmar.pt\/#website\",\"url\":\"https:\/\/livrariasolmar.pt\/\",\"name\":\"Livraria Solmar - Livraria online\",\"description\":\"Com\\u00e9rcio Livros E Objetos De Arte, Lda - Ponta Delgada, A\\u00e7ores\",\"potentialAction\":[{\"@type\":\"SearchAction\",\"target\":{\"@type\":\"EntryPoint\",\"urlTemplate\":\"https:\/\/livrariasolmar.pt\/?s={search_term_string}\"},\"query-input\":\"required name=search_term_string\"}],\"inLanguage\":\"en-US\"},{\"@type\":\"ImageObject\",\"@id\":\"https:\/\/livrariasolmar.pt\/produto\/onde-estas-avo\/#primaryimage\",\"inLanguage\":\"en-US\",\"url\":\"https:\/\/livrariasolmar.pt\/wp-content\/uploads\/2025\/07\/1540-1-8-1.jpg\",\"contentUrl\":\"https:\/\/livrariasolmar.pt\/wp-content\/uploads\/2025\/07\/1540-1-8-1.jpg\",\"width\":340,\"height\":340},{\"@type\":\"WebPage\",\"@id\":\"https:\/\/livrariasolmar.pt\/produto\/onde-estas-avo\/#webpage\",\"url\":\"https:\/\/livrariasolmar.pt\/produto\/onde-estas-avo\/\",\"name\":\"Onde Est\\u00e1s, Av\\u00f3? - Livraria Solmar - Livraria online\",\"isPartOf\":{\"@id\":\"https:\/\/livrariasolmar.pt\/#website\"},\"primaryImageOfPage\":{\"@id\":\"https:\/\/livrariasolmar.pt\/produto\/onde-estas-avo\/#primaryimage\"},\"datePublished\":\"2025-07-27T12:20:25+00:00\",\"dateModified\":\"2026-02-21T17:08:40+00:00\",\"breadcrumb\":{\"@id\":\"https:\/\/livrariasolmar.pt\/produto\/onde-estas-avo\/#breadcrumb\"},\"inLanguage\":\"en-US\",\"potentialAction\":[{\"@type\":\"ReadAction\",\"target\":[\"https:\/\/livrariasolmar.pt\/produto\/onde-estas-avo\/\"]}]},{\"@type\":\"BreadcrumbList\",\"@id\":\"https:\/\/livrariasolmar.pt\/produto\/onde-estas-avo\/#breadcrumb\",\"itemListElement\":[{\"@type\":\"ListItem\",\"position\":1,\"name\":\"In\\u00edcio\",\"item\":\"https:\/\/livrariasolmar.pt\/en\/\"},{\"@type\":\"ListItem\",\"position\":2,\"name\":\"Shop\",\"item\":\"https:\/\/livrariasolmar.pt\/en\/shop\/\"},{\"@type\":\"ListItem\",\"position\":3,\"name\":\"Onde Est\\u00e1s, Av\\u00f3?\"}]}]}<\/script>\n<!-- \/ Yoast SEO plugin. -->","_links":{"self":[{"href":"https:\/\/livrariasolmar.pt\/en\/wp-json\/wp\/v2\/product\/10714"}],"collection":[{"href":"https:\/\/livrariasolmar.pt\/en\/wp-json\/wp\/v2\/product"}],"about":[{"href":"https:\/\/livrariasolmar.pt\/en\/wp-json\/wp\/v2\/types\/product"}],"author":[{"embeddable":true,"href":"https:\/\/livrariasolmar.pt\/en\/wp-json\/wp\/v2\/users\/2"}],"wp:featuredmedia":[{"embeddable":true,"href":"https:\/\/livrariasolmar.pt\/en\/wp-json\/wp\/v2\/media\/10715"}],"wp:attachment":[{"href":"https:\/\/livrariasolmar.pt\/en\/wp-json\/wp\/v2\/media?parent=10714"}],"wp:term":[{"taxonomy":"product_cat","embeddable":true,"href":"https:\/\/livrariasolmar.pt\/en\/wp-json\/wp\/v2\/product_cat?post=10714"},{"taxonomy":"product_tag","embeddable":true,"href":"https:\/\/livrariasolmar.pt\/en\/wp-json\/wp\/v2\/product_tag?post=10714"},{"taxonomy":"cat_produtos","embeddable":true,"href":"https:\/\/livrariasolmar.pt\/en\/wp-json\/wp\/v2\/cat_produtos?post=10714"}],"curies":[{"name":"wp","href":"https:\/\/api.w.org\/{rel}","templated":true}]}}