{"id":10720,"date":"2025-07-27T13:11:13","date_gmt":"2025-07-27T13:11:13","guid":{"rendered":"https:\/\/livrariasolmar.pt\/?post_type=product&#038;p=10720"},"modified":"2025-11-14T18:34:44","modified_gmt":"2025-11-14T18:34:44","slug":"como-ser-um-leao","status":"publish","type":"product","link":"https:\/\/livrariasolmar.pt\/en\/produto\/como-ser-um-leao\/","title":{"rendered":"Como ser um Le\u00e3o"},"content":{"rendered":"","protected":false},"excerpt":{"rendered":"<p>Livro galardoado com o Oscar\u2019s Book Prize e nomeado para as medalhas Kate Greenaway e Carnegie.<\/p>\n<p>Dizem que os le\u00f5es s\u00e3o ferozes e t\u00eam de rugir bem alto. Mas o Leonardo \u00e9 um le\u00e3o e prefere escrever poesia e viver em paz. A sua melhor amiga \u00e9 Mariana, uma pata, e juntos conversam, passeiam, pensam sobre o mundo, leem, brincam\u2026. At\u00e9 ao dia em que v\u00e3o ter de enfrentar aqueles que acham que isto \u00e9 estranho e inconceb\u00edvel.<\/p>\n<p>Haver\u00e1 apenas uma \u00fanica maneira de ser le\u00e3o?<\/p>\n<p>Um livro poderoso que nos encoraja a sermos n\u00f3s mesmos. A empatia, o g\u00e9nero, os estere\u00f3tipos sociais, a aceita\u00e7\u00e3o, a inclus\u00e3o, o bullying, a coragem, a integridade e a amizade s\u00e3o temas presentes no livro.<\/p>\n<p>Ilustra\u00e7\u00f5es modernas bem ao estilo \u00fanico de Ed Vere, autor que j\u00e1 recebeu v\u00e1rios pr\u00e9mios e viu os seus livros aclamados pela cr\u00edtica.<\/p>\n","protected":false},"author":2,"featured_media":10721,"template":"","meta":[],"product_cat":[172],"product_tag":[],"cat_produtos":[],"yoast_head":"<!-- This site is optimized with the Yoast SEO plugin v16.6 - https:\/\/yoast.com\/wordpress\/plugins\/seo\/ -->\n<title>Como ser um Le\u00e3o - Livraria Solmar - Livraria online<\/title>\n<meta name=\"robots\" content=\"index, follow, max-snippet:-1, max-image-preview:large, max-video-preview:-1\" \/>\n<link rel=\"canonical\" href=\"https:\/\/livrariasolmar.pt\/en\/produto\/como-ser-um-leao\/\" \/>\n<meta property=\"og:locale\" content=\"en_US\" \/>\n<meta property=\"og:type\" content=\"article\" \/>\n<meta property=\"og:title\" content=\"Como ser um Le\u00e3o - Livraria Solmar - Livraria online\" \/>\n<meta property=\"og:description\" content=\"Livro galardoado com o Oscar\u2019s Book Prize e nomeado para as medalhas Kate Greenaway e Carnegie.  Dizem que os le\u00f5es s\u00e3o ferozes e t\u00eam de rugir bem alto. Mas o Leonardo \u00e9 um le\u00e3o e prefere escrever poesia e viver em paz. A sua melhor amiga \u00e9 Mariana, uma pata, e juntos conversam, passeiam, pensam sobre o mundo, leem, brincam\u2026. At\u00e9 ao dia em que v\u00e3o ter de enfrentar aqueles que acham que isto \u00e9 estranho e inconceb\u00edvel.  Haver\u00e1 apenas uma \u00fanica maneira de ser le\u00e3o?  Um livro poderoso que nos encoraja a sermos n\u00f3s mesmos. A empatia, o g\u00e9nero, os estere\u00f3tipos sociais, a aceita\u00e7\u00e3o, a inclus\u00e3o, o bullying, a coragem, a integridade e a amizade s\u00e3o temas presentes no livro.  Ilustra\u00e7\u00f5es modernas bem ao estilo \u00fanico de Ed Vere, autor que j\u00e1 recebeu v\u00e1rios pr\u00e9mios e viu os seus livros aclamados pela cr\u00edtica.\" \/>\n<meta property=\"og:url\" content=\"https:\/\/livrariasolmar.pt\/produto\/como-ser-um-leao\/\" \/>\n<meta property=\"og:site_name\" content=\"Livraria Solmar - Livraria online\" \/>\n<meta property=\"article:modified_time\" content=\"2025-11-14T18:34:44+00:00\" \/>\n<meta property=\"og:image\" content=\"https:\/\/livrariasolmar.pt\/wp-content\/uploads\/2025\/07\/1507-1-2-1.jpg\" \/>\n\t<meta property=\"og:image:width\" content=\"400\" \/>\n\t<meta property=\"og:image:height\" content=\"524\" \/>\n<meta name=\"twitter:card\" content=\"summary_large_image\" \/>\n<script type=\"application\/ld+json\" class=\"yoast-schema-graph\">{\"@context\":\"https:\/\/schema.org\",\"@graph\":[{\"@type\":\"WebSite\",\"@id\":\"https:\/\/livrariasolmar.pt\/#website\",\"url\":\"https:\/\/livrariasolmar.pt\/\",\"name\":\"Livraria Solmar - Livraria online\",\"description\":\"Com\\u00e9rcio Livros E Objetos De Arte, Lda - Ponta Delgada, A\\u00e7ores\",\"potentialAction\":[{\"@type\":\"SearchAction\",\"target\":{\"@type\":\"EntryPoint\",\"urlTemplate\":\"https:\/\/livrariasolmar.pt\/?s={search_term_string}\"},\"query-input\":\"required name=search_term_string\"}],\"inLanguage\":\"en-US\"},{\"@type\":\"ImageObject\",\"@id\":\"https:\/\/livrariasolmar.pt\/produto\/como-ser-um-leao\/#primaryimage\",\"inLanguage\":\"en-US\",\"url\":\"https:\/\/livrariasolmar.pt\/wp-content\/uploads\/2025\/07\/1507-1-2-1.jpg\",\"contentUrl\":\"https:\/\/livrariasolmar.pt\/wp-content\/uploads\/2025\/07\/1507-1-2-1.jpg\",\"width\":400,\"height\":524},{\"@type\":\"WebPage\",\"@id\":\"https:\/\/livrariasolmar.pt\/produto\/como-ser-um-leao\/#webpage\",\"url\":\"https:\/\/livrariasolmar.pt\/produto\/como-ser-um-leao\/\",\"name\":\"Como ser um Le\\u00e3o - Livraria Solmar - Livraria online\",\"isPartOf\":{\"@id\":\"https:\/\/livrariasolmar.pt\/#website\"},\"primaryImageOfPage\":{\"@id\":\"https:\/\/livrariasolmar.pt\/produto\/como-ser-um-leao\/#primaryimage\"},\"datePublished\":\"2025-07-27T13:11:13+00:00\",\"dateModified\":\"2025-11-14T18:34:44+00:00\",\"breadcrumb\":{\"@id\":\"https:\/\/livrariasolmar.pt\/produto\/como-ser-um-leao\/#breadcrumb\"},\"inLanguage\":\"en-US\",\"potentialAction\":[{\"@type\":\"ReadAction\",\"target\":[\"https:\/\/livrariasolmar.pt\/produto\/como-ser-um-leao\/\"]}]},{\"@type\":\"BreadcrumbList\",\"@id\":\"https:\/\/livrariasolmar.pt\/produto\/como-ser-um-leao\/#breadcrumb\",\"itemListElement\":[{\"@type\":\"ListItem\",\"position\":1,\"name\":\"In\\u00edcio\",\"item\":\"https:\/\/livrariasolmar.pt\/en\/\"},{\"@type\":\"ListItem\",\"position\":2,\"name\":\"Shop\",\"item\":\"https:\/\/livrariasolmar.pt\/en\/shop\/\"},{\"@type\":\"ListItem\",\"position\":3,\"name\":\"Como ser um Le\\u00e3o\"}]}]}<\/script>\n<!-- \/ Yoast SEO plugin. -->","_links":{"self":[{"href":"https:\/\/livrariasolmar.pt\/en\/wp-json\/wp\/v2\/product\/10720"}],"collection":[{"href":"https:\/\/livrariasolmar.pt\/en\/wp-json\/wp\/v2\/product"}],"about":[{"href":"https:\/\/livrariasolmar.pt\/en\/wp-json\/wp\/v2\/types\/product"}],"author":[{"embeddable":true,"href":"https:\/\/livrariasolmar.pt\/en\/wp-json\/wp\/v2\/users\/2"}],"wp:featuredmedia":[{"embeddable":true,"href":"https:\/\/livrariasolmar.pt\/en\/wp-json\/wp\/v2\/media\/10721"}],"wp:attachment":[{"href":"https:\/\/livrariasolmar.pt\/en\/wp-json\/wp\/v2\/media?parent=10720"}],"wp:term":[{"taxonomy":"product_cat","embeddable":true,"href":"https:\/\/livrariasolmar.pt\/en\/wp-json\/wp\/v2\/product_cat?post=10720"},{"taxonomy":"product_tag","embeddable":true,"href":"https:\/\/livrariasolmar.pt\/en\/wp-json\/wp\/v2\/product_tag?post=10720"},{"taxonomy":"cat_produtos","embeddable":true,"href":"https:\/\/livrariasolmar.pt\/en\/wp-json\/wp\/v2\/cat_produtos?post=10720"}],"curies":[{"name":"wp","href":"https:\/\/api.w.org\/{rel}","templated":true}]}}