{"id":10726,"date":"2025-07-27T15:42:32","date_gmt":"2025-07-27T15:42:32","guid":{"rendered":"https:\/\/livrariasolmar.pt\/?post_type=product&#038;p=10726"},"modified":"2026-03-03T16:26:36","modified_gmt":"2026-03-03T16:26:36","slug":"unicornia-livro-de-atividades","status":"publish","type":"product","link":"https:\/\/livrariasolmar.pt\/en\/produto\/unicornia-livro-de-atividades\/","title":{"rendered":"Unic\u00f3rnia &#8211; Livro de Atividades"},"content":{"rendered":"","protected":false},"excerpt":{"rendered":"<p>Bem-vindos \u00e0 Escola Superior de Magia de Unic\u00f3rnia!<\/p>\n<p>Est\u00e1s prestes a entrar no curso de ver\u00e3o mais m\u00e1gico de sempre! Esperam-te muitas aventuras, aulas especiais, exerc\u00edcios loucos e aprendizagens encantadas, tudo para que te divirtas muito e tenhas umas f\u00e9rias fant\u00e1sticas!<\/p>\n<p>Junta-te \u00e0 Cl\u00e1udia, \u00e0 Sara e \u00e0 Paula nas aulas de:<\/p>\n<p>&#8211; Palavras com purpurinas<br \/>\n&#8211; L\u00edngua m\u00e1gica<br \/>\n&#8211; Feiti\u00e7os de observa\u00e7\u00e3o<br \/>\n&#8211; Ideias brilhantes<br \/>\n&#8211; Arco-\u00edris num\u00e9rico<br \/>\n&#8211; Nuvens de algod\u00e3o<br \/>\n&#8211; Universo de Unic\u00f3rnia<\/p>\n<p>Vamos a isso?<\/p>\n","protected":false},"author":2,"featured_media":10727,"template":"","meta":[],"product_cat":[172],"product_tag":[],"cat_produtos":[],"yoast_head":"<!-- This site is optimized with the Yoast SEO plugin v16.6 - https:\/\/yoast.com\/wordpress\/plugins\/seo\/ -->\n<title>Unic\u00f3rnia - Livro de Atividades - Livraria Solmar - Livraria online<\/title>\n<meta name=\"robots\" content=\"index, follow, max-snippet:-1, max-image-preview:large, max-video-preview:-1\" \/>\n<link rel=\"canonical\" href=\"https:\/\/livrariasolmar.pt\/en\/produto\/unicornia-livro-de-atividades\/\" \/>\n<meta property=\"og:locale\" content=\"en_US\" \/>\n<meta property=\"og:type\" content=\"article\" \/>\n<meta property=\"og:title\" content=\"Unic\u00f3rnia - Livro de Atividades - Livraria Solmar - Livraria online\" \/>\n<meta property=\"og:description\" content=\"Bem-vindos \u00e0 Escola Superior de Magia de Unic\u00f3rnia!  Est\u00e1s prestes a entrar no curso de ver\u00e3o mais m\u00e1gico de sempre! Esperam-te muitas aventuras, aulas especiais, exerc\u00edcios loucos e aprendizagens encantadas, tudo para que te divirtas muito e tenhas umas f\u00e9rias fant\u00e1sticas!  Junta-te \u00e0 Cl\u00e1udia, \u00e0 Sara e \u00e0 Paula nas aulas de:  - Palavras com purpurinas - L\u00edngua m\u00e1gica - Feiti\u00e7os de observa\u00e7\u00e3o - Ideias brilhantes - Arco-\u00edris num\u00e9rico - Nuvens de algod\u00e3o - Universo de Unic\u00f3rnia  Vamos a isso?\" \/>\n<meta property=\"og:url\" content=\"https:\/\/livrariasolmar.pt\/produto\/unicornia-livro-de-atividades\/\" \/>\n<meta property=\"og:site_name\" content=\"Livraria Solmar - Livraria online\" \/>\n<meta property=\"article:modified_time\" content=\"2026-03-03T16:26:36+00:00\" \/>\n<meta property=\"og:image\" content=\"https:\/\/livrariasolmar.pt\/wp-content\/uploads\/2025\/07\/1540-1-11.jpg\" \/>\n\t<meta property=\"og:image:width\" content=\"340\" \/>\n\t<meta property=\"og:image:height\" content=\"340\" \/>\n<meta name=\"twitter:card\" content=\"summary_large_image\" \/>\n<script type=\"application\/ld+json\" class=\"yoast-schema-graph\">{\"@context\":\"https:\/\/schema.org\",\"@graph\":[{\"@type\":\"WebSite\",\"@id\":\"https:\/\/livrariasolmar.pt\/#website\",\"url\":\"https:\/\/livrariasolmar.pt\/\",\"name\":\"Livraria Solmar - Livraria online\",\"description\":\"Com\\u00e9rcio Livros E Objetos De Arte, Lda - Ponta Delgada, A\\u00e7ores\",\"potentialAction\":[{\"@type\":\"SearchAction\",\"target\":{\"@type\":\"EntryPoint\",\"urlTemplate\":\"https:\/\/livrariasolmar.pt\/?s={search_term_string}\"},\"query-input\":\"required name=search_term_string\"}],\"inLanguage\":\"en-US\"},{\"@type\":\"ImageObject\",\"@id\":\"https:\/\/livrariasolmar.pt\/produto\/unicornia-livro-de-atividades\/#primaryimage\",\"inLanguage\":\"en-US\",\"url\":\"https:\/\/livrariasolmar.pt\/wp-content\/uploads\/2025\/07\/1540-1-11.jpg\",\"contentUrl\":\"https:\/\/livrariasolmar.pt\/wp-content\/uploads\/2025\/07\/1540-1-11.jpg\",\"width\":340,\"height\":340},{\"@type\":\"WebPage\",\"@id\":\"https:\/\/livrariasolmar.pt\/produto\/unicornia-livro-de-atividades\/#webpage\",\"url\":\"https:\/\/livrariasolmar.pt\/produto\/unicornia-livro-de-atividades\/\",\"name\":\"Unic\\u00f3rnia - Livro de Atividades - Livraria Solmar - Livraria online\",\"isPartOf\":{\"@id\":\"https:\/\/livrariasolmar.pt\/#website\"},\"primaryImageOfPage\":{\"@id\":\"https:\/\/livrariasolmar.pt\/produto\/unicornia-livro-de-atividades\/#primaryimage\"},\"datePublished\":\"2025-07-27T15:42:32+00:00\",\"dateModified\":\"2026-03-03T16:26:36+00:00\",\"breadcrumb\":{\"@id\":\"https:\/\/livrariasolmar.pt\/produto\/unicornia-livro-de-atividades\/#breadcrumb\"},\"inLanguage\":\"en-US\",\"potentialAction\":[{\"@type\":\"ReadAction\",\"target\":[\"https:\/\/livrariasolmar.pt\/produto\/unicornia-livro-de-atividades\/\"]}]},{\"@type\":\"BreadcrumbList\",\"@id\":\"https:\/\/livrariasolmar.pt\/produto\/unicornia-livro-de-atividades\/#breadcrumb\",\"itemListElement\":[{\"@type\":\"ListItem\",\"position\":1,\"name\":\"In\\u00edcio\",\"item\":\"https:\/\/livrariasolmar.pt\/en\/\"},{\"@type\":\"ListItem\",\"position\":2,\"name\":\"Shop\",\"item\":\"https:\/\/livrariasolmar.pt\/en\/shop\/\"},{\"@type\":\"ListItem\",\"position\":3,\"name\":\"Unic\\u00f3rnia &#8211; Livro de Atividades\"}]}]}<\/script>\n<!-- \/ Yoast SEO plugin. -->","_links":{"self":[{"href":"https:\/\/livrariasolmar.pt\/en\/wp-json\/wp\/v2\/product\/10726"}],"collection":[{"href":"https:\/\/livrariasolmar.pt\/en\/wp-json\/wp\/v2\/product"}],"about":[{"href":"https:\/\/livrariasolmar.pt\/en\/wp-json\/wp\/v2\/types\/product"}],"author":[{"embeddable":true,"href":"https:\/\/livrariasolmar.pt\/en\/wp-json\/wp\/v2\/users\/2"}],"wp:featuredmedia":[{"embeddable":true,"href":"https:\/\/livrariasolmar.pt\/en\/wp-json\/wp\/v2\/media\/10727"}],"wp:attachment":[{"href":"https:\/\/livrariasolmar.pt\/en\/wp-json\/wp\/v2\/media?parent=10726"}],"wp:term":[{"taxonomy":"product_cat","embeddable":true,"href":"https:\/\/livrariasolmar.pt\/en\/wp-json\/wp\/v2\/product_cat?post=10726"},{"taxonomy":"product_tag","embeddable":true,"href":"https:\/\/livrariasolmar.pt\/en\/wp-json\/wp\/v2\/product_tag?post=10726"},{"taxonomy":"cat_produtos","embeddable":true,"href":"https:\/\/livrariasolmar.pt\/en\/wp-json\/wp\/v2\/cat_produtos?post=10726"}],"curies":[{"name":"wp","href":"https:\/\/api.w.org\/{rel}","templated":true}]}}