{"id":10732,"date":"2025-07-27T16:13:46","date_gmt":"2025-07-27T16:13:46","guid":{"rendered":"https:\/\/livrariasolmar.pt\/?post_type=product&#038;p=10732"},"modified":"2025-07-27T16:13:46","modified_gmt":"2025-07-27T16:13:46","slug":"educacao-sexual-para-criancas-os-rapazes","status":"publish","type":"product","link":"https:\/\/livrariasolmar.pt\/en\/produto\/educacao-sexual-para-criancas-os-rapazes\/","title":{"rendered":"Educa\u00e7\u00e3o Sexual para Crian\u00e7as &#8211; Os Rapazes"},"content":{"rendered":"","protected":false},"excerpt":{"rendered":"<p>Os dois livros ilustrados de educa\u00e7\u00e3o sexual para crian\u00e7as que agora apresentamos &#8211; um consagrado \u00e0s meninas e o outro aos rapazes &#8211; assumem o compromisso de falar com as crian\u00e7as da sua anatomia e intimidade com o respeito que as mat\u00e9rias imp\u00f5em, mesmo que isso deva ser feito com a intermedia\u00e7\u00e3o dos pais, familiares e professores; por isso, devem ser livros destinados a colocar nas m\u00e3os de todas as crian\u00e7as curiosas.<\/p>\n<p>Os livros receberam o r\u00f3tulo da cadeira de sa\u00fade sexual e direitos humanos da UNESCO.<\/p>\n","protected":false},"author":2,"featured_media":10733,"template":"","meta":[],"product_cat":[172],"product_tag":[],"cat_produtos":[],"yoast_head":"<!-- This site is optimized with the Yoast SEO plugin v16.6 - https:\/\/yoast.com\/wordpress\/plugins\/seo\/ -->\n<title>Educa\u00e7\u00e3o Sexual para Crian\u00e7as - Os Rapazes - Livraria Solmar - Livraria online<\/title>\n<meta name=\"robots\" content=\"index, follow, max-snippet:-1, max-image-preview:large, max-video-preview:-1\" \/>\n<link rel=\"canonical\" href=\"https:\/\/livrariasolmar.pt\/en\/produto\/educacao-sexual-para-criancas-os-rapazes\/\" \/>\n<meta property=\"og:locale\" content=\"en_US\" \/>\n<meta property=\"og:type\" content=\"article\" \/>\n<meta property=\"og:title\" content=\"Educa\u00e7\u00e3o Sexual para Crian\u00e7as - Os Rapazes - Livraria Solmar - Livraria online\" \/>\n<meta property=\"og:description\" content=\"Os dois livros ilustrados de educa\u00e7\u00e3o sexual para crian\u00e7as que agora apresentamos - um consagrado \u00e0s meninas e o outro aos rapazes - assumem o compromisso de falar com as crian\u00e7as da sua anatomia e intimidade com o respeito que as mat\u00e9rias imp\u00f5em, mesmo que isso deva ser feito com a intermedia\u00e7\u00e3o dos pais, familiares e professores; por isso, devem ser livros destinados a colocar nas m\u00e3os de todas as crian\u00e7as curiosas.  Os livros receberam o r\u00f3tulo da cadeira de sa\u00fade sexual e direitos humanos da UNESCO.\" \/>\n<meta property=\"og:url\" content=\"https:\/\/livrariasolmar.pt\/produto\/educacao-sexual-para-criancas-os-rapazes\/\" \/>\n<meta property=\"og:site_name\" content=\"Livraria Solmar - Livraria online\" \/>\n<meta property=\"og:image\" content=\"https:\/\/livrariasolmar.pt\/wp-content\/uploads\/2025\/07\/1540-1-13.jpg\" \/>\n\t<meta property=\"og:image:width\" content=\"340\" \/>\n\t<meta property=\"og:image:height\" content=\"340\" \/>\n<meta name=\"twitter:card\" content=\"summary_large_image\" \/>\n<script type=\"application\/ld+json\" class=\"yoast-schema-graph\">{\"@context\":\"https:\/\/schema.org\",\"@graph\":[{\"@type\":\"WebSite\",\"@id\":\"https:\/\/livrariasolmar.pt\/#website\",\"url\":\"https:\/\/livrariasolmar.pt\/\",\"name\":\"Livraria Solmar - Livraria online\",\"description\":\"Com\\u00e9rcio Livros E Objetos De Arte, Lda - Ponta Delgada, A\\u00e7ores\",\"potentialAction\":[{\"@type\":\"SearchAction\",\"target\":{\"@type\":\"EntryPoint\",\"urlTemplate\":\"https:\/\/livrariasolmar.pt\/?s={search_term_string}\"},\"query-input\":\"required name=search_term_string\"}],\"inLanguage\":\"en-US\"},{\"@type\":\"ImageObject\",\"@id\":\"https:\/\/livrariasolmar.pt\/produto\/educacao-sexual-para-criancas-os-rapazes\/#primaryimage\",\"inLanguage\":\"en-US\",\"url\":\"https:\/\/livrariasolmar.pt\/wp-content\/uploads\/2025\/07\/1540-1-13.jpg\",\"contentUrl\":\"https:\/\/livrariasolmar.pt\/wp-content\/uploads\/2025\/07\/1540-1-13.jpg\",\"width\":340,\"height\":340},{\"@type\":\"WebPage\",\"@id\":\"https:\/\/livrariasolmar.pt\/produto\/educacao-sexual-para-criancas-os-rapazes\/#webpage\",\"url\":\"https:\/\/livrariasolmar.pt\/produto\/educacao-sexual-para-criancas-os-rapazes\/\",\"name\":\"Educa\\u00e7\\u00e3o Sexual para Crian\\u00e7as - Os Rapazes - Livraria Solmar - Livraria online\",\"isPartOf\":{\"@id\":\"https:\/\/livrariasolmar.pt\/#website\"},\"primaryImageOfPage\":{\"@id\":\"https:\/\/livrariasolmar.pt\/produto\/educacao-sexual-para-criancas-os-rapazes\/#primaryimage\"},\"datePublished\":\"2025-07-27T16:13:46+00:00\",\"dateModified\":\"2025-07-27T16:13:46+00:00\",\"breadcrumb\":{\"@id\":\"https:\/\/livrariasolmar.pt\/produto\/educacao-sexual-para-criancas-os-rapazes\/#breadcrumb\"},\"inLanguage\":\"en-US\",\"potentialAction\":[{\"@type\":\"ReadAction\",\"target\":[\"https:\/\/livrariasolmar.pt\/produto\/educacao-sexual-para-criancas-os-rapazes\/\"]}]},{\"@type\":\"BreadcrumbList\",\"@id\":\"https:\/\/livrariasolmar.pt\/produto\/educacao-sexual-para-criancas-os-rapazes\/#breadcrumb\",\"itemListElement\":[{\"@type\":\"ListItem\",\"position\":1,\"name\":\"In\\u00edcio\",\"item\":\"https:\/\/livrariasolmar.pt\/en\/\"},{\"@type\":\"ListItem\",\"position\":2,\"name\":\"Shop\",\"item\":\"https:\/\/livrariasolmar.pt\/en\/shop\/\"},{\"@type\":\"ListItem\",\"position\":3,\"name\":\"Educa\\u00e7\\u00e3o Sexual para Crian\\u00e7as &#8211; Os Rapazes\"}]}]}<\/script>\n<!-- \/ Yoast SEO plugin. -->","_links":{"self":[{"href":"https:\/\/livrariasolmar.pt\/en\/wp-json\/wp\/v2\/product\/10732"}],"collection":[{"href":"https:\/\/livrariasolmar.pt\/en\/wp-json\/wp\/v2\/product"}],"about":[{"href":"https:\/\/livrariasolmar.pt\/en\/wp-json\/wp\/v2\/types\/product"}],"author":[{"embeddable":true,"href":"https:\/\/livrariasolmar.pt\/en\/wp-json\/wp\/v2\/users\/2"}],"wp:featuredmedia":[{"embeddable":true,"href":"https:\/\/livrariasolmar.pt\/en\/wp-json\/wp\/v2\/media\/10733"}],"wp:attachment":[{"href":"https:\/\/livrariasolmar.pt\/en\/wp-json\/wp\/v2\/media?parent=10732"}],"wp:term":[{"taxonomy":"product_cat","embeddable":true,"href":"https:\/\/livrariasolmar.pt\/en\/wp-json\/wp\/v2\/product_cat?post=10732"},{"taxonomy":"product_tag","embeddable":true,"href":"https:\/\/livrariasolmar.pt\/en\/wp-json\/wp\/v2\/product_tag?post=10732"},{"taxonomy":"cat_produtos","embeddable":true,"href":"https:\/\/livrariasolmar.pt\/en\/wp-json\/wp\/v2\/cat_produtos?post=10732"}],"curies":[{"name":"wp","href":"https:\/\/api.w.org\/{rel}","templated":true}]}}