{"id":10735,"date":"2025-07-27T16:25:28","date_gmt":"2025-07-27T16:25:28","guid":{"rendered":"https:\/\/livrariasolmar.pt\/?post_type=product&#038;p=10735"},"modified":"2026-01-18T17:18:19","modified_gmt":"2026-01-18T17:18:19","slug":"monstrocedario","status":"publish","type":"product","link":"https:\/\/livrariasolmar.pt\/en\/produto\/monstrocedario\/","title":{"rendered":"Monstroced\u00e1rio"},"content":{"rendered":"","protected":false},"excerpt":{"rendered":"<p>Poder\u00e3o Monstros cheios de ideias e mil cores explicar o abeced\u00e1rio?<br \/>\nH\u00e1 para todos os gostos, s\u00f3 tens de os procurar. Escolhe a letra de que mais gostas, eles est\u00e3o c\u00e1 para te ajudar.<\/p>\n<p>Bem-vindo ao Monstroced\u00e1rio,<br \/>\nfoste o primeiro a chegar!<br \/>\nAgora que aqui est\u00e1s,<br \/>\na aventura vai come\u00e7ar.<\/p>\n<p>Com o alfabeto dos monstros,<br \/>\nvais descobrir e aprender<br \/>\nque, para ler e escrever,<br \/>\nprecisas de o conhecer.<\/p>\n","protected":false},"author":2,"featured_media":10736,"template":"","meta":[],"product_cat":[172],"product_tag":[],"cat_produtos":[],"yoast_head":"<!-- This site is optimized with the Yoast SEO plugin v16.6 - https:\/\/yoast.com\/wordpress\/plugins\/seo\/ -->\n<title>Monstroced\u00e1rio - Livraria Solmar - Livraria online<\/title>\n<meta name=\"robots\" content=\"index, follow, max-snippet:-1, max-image-preview:large, max-video-preview:-1\" \/>\n<link rel=\"canonical\" href=\"https:\/\/livrariasolmar.pt\/en\/produto\/monstrocedario\/\" \/>\n<meta property=\"og:locale\" content=\"en_US\" \/>\n<meta property=\"og:type\" content=\"article\" \/>\n<meta property=\"og:title\" content=\"Monstroced\u00e1rio - Livraria Solmar - Livraria online\" \/>\n<meta property=\"og:description\" content=\"Poder\u00e3o Monstros cheios de ideias e mil cores explicar o abeced\u00e1rio? H\u00e1 para todos os gostos, s\u00f3 tens de os procurar. Escolhe a letra de que mais gostas, eles est\u00e3o c\u00e1 para te ajudar.  Bem-vindo ao Monstroced\u00e1rio, foste o primeiro a chegar! Agora que aqui est\u00e1s, a aventura vai come\u00e7ar.  Com o alfabeto dos monstros, vais descobrir e aprender que, para ler e escrever, precisas de o conhecer.\" \/>\n<meta property=\"og:url\" content=\"https:\/\/livrariasolmar.pt\/produto\/monstrocedario\/\" \/>\n<meta property=\"og:site_name\" content=\"Livraria Solmar - Livraria online\" \/>\n<meta property=\"article:modified_time\" content=\"2026-01-18T17:18:19+00:00\" \/>\n<meta property=\"og:image\" content=\"https:\/\/livrariasolmar.pt\/wp-content\/uploads\/2025\/07\/1540-1-14.jpg\" \/>\n\t<meta property=\"og:image:width\" content=\"340\" \/>\n\t<meta property=\"og:image:height\" content=\"340\" \/>\n<meta name=\"twitter:card\" content=\"summary_large_image\" \/>\n<script type=\"application\/ld+json\" class=\"yoast-schema-graph\">{\"@context\":\"https:\/\/schema.org\",\"@graph\":[{\"@type\":\"WebSite\",\"@id\":\"https:\/\/livrariasolmar.pt\/#website\",\"url\":\"https:\/\/livrariasolmar.pt\/\",\"name\":\"Livraria Solmar - Livraria online\",\"description\":\"Com\\u00e9rcio Livros E Objetos De Arte, Lda - Ponta Delgada, A\\u00e7ores\",\"potentialAction\":[{\"@type\":\"SearchAction\",\"target\":{\"@type\":\"EntryPoint\",\"urlTemplate\":\"https:\/\/livrariasolmar.pt\/?s={search_term_string}\"},\"query-input\":\"required name=search_term_string\"}],\"inLanguage\":\"en-US\"},{\"@type\":\"ImageObject\",\"@id\":\"https:\/\/livrariasolmar.pt\/produto\/monstrocedario\/#primaryimage\",\"inLanguage\":\"en-US\",\"url\":\"https:\/\/livrariasolmar.pt\/wp-content\/uploads\/2025\/07\/1540-1-14.jpg\",\"contentUrl\":\"https:\/\/livrariasolmar.pt\/wp-content\/uploads\/2025\/07\/1540-1-14.jpg\",\"width\":340,\"height\":340},{\"@type\":\"WebPage\",\"@id\":\"https:\/\/livrariasolmar.pt\/produto\/monstrocedario\/#webpage\",\"url\":\"https:\/\/livrariasolmar.pt\/produto\/monstrocedario\/\",\"name\":\"Monstroced\\u00e1rio - Livraria Solmar - Livraria online\",\"isPartOf\":{\"@id\":\"https:\/\/livrariasolmar.pt\/#website\"},\"primaryImageOfPage\":{\"@id\":\"https:\/\/livrariasolmar.pt\/produto\/monstrocedario\/#primaryimage\"},\"datePublished\":\"2025-07-27T16:25:28+00:00\",\"dateModified\":\"2026-01-18T17:18:19+00:00\",\"breadcrumb\":{\"@id\":\"https:\/\/livrariasolmar.pt\/produto\/monstrocedario\/#breadcrumb\"},\"inLanguage\":\"en-US\",\"potentialAction\":[{\"@type\":\"ReadAction\",\"target\":[\"https:\/\/livrariasolmar.pt\/produto\/monstrocedario\/\"]}]},{\"@type\":\"BreadcrumbList\",\"@id\":\"https:\/\/livrariasolmar.pt\/produto\/monstrocedario\/#breadcrumb\",\"itemListElement\":[{\"@type\":\"ListItem\",\"position\":1,\"name\":\"In\\u00edcio\",\"item\":\"https:\/\/livrariasolmar.pt\/en\/\"},{\"@type\":\"ListItem\",\"position\":2,\"name\":\"Shop\",\"item\":\"https:\/\/livrariasolmar.pt\/en\/shop\/\"},{\"@type\":\"ListItem\",\"position\":3,\"name\":\"Monstroced\\u00e1rio\"}]}]}<\/script>\n<!-- \/ Yoast SEO plugin. -->","_links":{"self":[{"href":"https:\/\/livrariasolmar.pt\/en\/wp-json\/wp\/v2\/product\/10735"}],"collection":[{"href":"https:\/\/livrariasolmar.pt\/en\/wp-json\/wp\/v2\/product"}],"about":[{"href":"https:\/\/livrariasolmar.pt\/en\/wp-json\/wp\/v2\/types\/product"}],"author":[{"embeddable":true,"href":"https:\/\/livrariasolmar.pt\/en\/wp-json\/wp\/v2\/users\/2"}],"wp:featuredmedia":[{"embeddable":true,"href":"https:\/\/livrariasolmar.pt\/en\/wp-json\/wp\/v2\/media\/10736"}],"wp:attachment":[{"href":"https:\/\/livrariasolmar.pt\/en\/wp-json\/wp\/v2\/media?parent=10735"}],"wp:term":[{"taxonomy":"product_cat","embeddable":true,"href":"https:\/\/livrariasolmar.pt\/en\/wp-json\/wp\/v2\/product_cat?post=10735"},{"taxonomy":"product_tag","embeddable":true,"href":"https:\/\/livrariasolmar.pt\/en\/wp-json\/wp\/v2\/product_tag?post=10735"},{"taxonomy":"cat_produtos","embeddable":true,"href":"https:\/\/livrariasolmar.pt\/en\/wp-json\/wp\/v2\/cat_produtos?post=10735"}],"curies":[{"name":"wp","href":"https:\/\/api.w.org\/{rel}","templated":true}]}}