{"id":10738,"date":"2025-07-27T16:39:21","date_gmt":"2025-07-27T16:39:21","guid":{"rendered":"https:\/\/livrariasolmar.pt\/?post_type=product&#038;p=10738"},"modified":"2025-12-13T15:17:38","modified_gmt":"2025-12-13T15:17:38","slug":"olive-kitteridge","status":"publish","type":"product","link":"https:\/\/livrariasolmar.pt\/en\/produto\/olive-kitteridge\/","title":{"rendered":"Olive Kitteridge"},"content":{"rendered":"","protected":false},"excerpt":{"rendered":"<p>Em Crosby, uma pacata povoa\u00e7\u00e3o costeira no Maine, todos conhecem Olive Kitteridge, a tem\u00edvel professora de Matem\u00e1tica do liceu, agora reformada, e Henry, o seu marido, farmac\u00eautico gentil.<\/p>\n<p>E talvez n\u00e3o haja ningu\u00e9m que conhe\u00e7a t\u00e3o bem quanto Olive os segredos e os dramas dos habitantes da vila: o desespero de um exaluno que perdeu a vontade de viver; uma pianista alco\u00f3lica v\u00edtima de uma m\u00e3e castradora; uma m\u00e3e destro\u00e7ada pelo crime hediondo do filho; um homem que descobre a ferocidade e as consequ\u00eancias do amor; e a solid\u00e3o da pr\u00f3pria fam\u00edlia de Olive, \u00e0 merc\u00ea dos seus caprichos.<br \/>\nLamentando os ventos de mudan\u00e7a que varrem a sua vila e o mundo, sempre pronta a apontar um dedo cr\u00edtico, Olive nem sempre dedica aos que a rodeiam a sensibilidade ou toler\u00e2ncia que mereceriam. Mas \u00e0 medida que todas estas vidas se v\u00e3o entrela\u00e7ando, Olive come\u00e7a a conhecer-se melhor e a compaix\u00e3o &#8211; pelos outros e por si pr\u00f3pria &#8211; ganha terreno ao preconceito.<\/p>\n<p>Nas m\u00e3os de Elizabeth Strout &#8211; autora elogiada pelo olhar cl\u00ednico sobre a condi\u00e7\u00e3o humana &#8211; a sonolenta vila esquecida na margem do Atl\u00e2ntico torna-se o mundo inteiro, e os seus habitantes somos todos n\u00f3s, enredados no drama e no milagre di\u00e1rios da vida, com os seus conflitos, trag\u00e9dias, alegrias &#8211; e a coragem que viver sempre exige.<\/p>\n","protected":false},"author":2,"featured_media":10739,"template":"","meta":[],"product_cat":[153],"product_tag":[],"cat_produtos":[],"yoast_head":"<!-- This site is optimized with the Yoast SEO plugin v16.6 - https:\/\/yoast.com\/wordpress\/plugins\/seo\/ -->\n<title>Olive Kitteridge - Livraria Solmar - Livraria online<\/title>\n<meta name=\"robots\" content=\"index, follow, max-snippet:-1, max-image-preview:large, max-video-preview:-1\" \/>\n<link rel=\"canonical\" href=\"https:\/\/livrariasolmar.pt\/en\/produto\/olive-kitteridge\/\" \/>\n<meta property=\"og:locale\" content=\"en_US\" \/>\n<meta property=\"og:type\" content=\"article\" \/>\n<meta property=\"og:title\" content=\"Olive Kitteridge - Livraria Solmar - Livraria online\" \/>\n<meta property=\"og:description\" content=\"Em Crosby, uma pacata povoa\u00e7\u00e3o costeira no Maine, todos conhecem Olive Kitteridge, a tem\u00edvel professora de Matem\u00e1tica do liceu, agora reformada, e Henry, o seu marido, farmac\u00eautico gentil.  E talvez n\u00e3o haja ningu\u00e9m que conhe\u00e7a t\u00e3o bem quanto Olive os segredos e os dramas dos habitantes da vila: o desespero de um exaluno que perdeu a vontade de viver; uma pianista alco\u00f3lica v\u00edtima de uma m\u00e3e castradora; uma m\u00e3e destro\u00e7ada pelo crime hediondo do filho; um homem que descobre a ferocidade e as consequ\u00eancias do amor; e a solid\u00e3o da pr\u00f3pria fam\u00edlia de Olive, \u00e0 merc\u00ea dos seus caprichos. Lamentando os ventos de mudan\u00e7a que varrem a sua vila e o mundo, sempre pronta a apontar um dedo cr\u00edtico, Olive nem sempre dedica aos que a rodeiam a sensibilidade ou toler\u00e2ncia que mereceriam. Mas \u00e0 medida que todas estas vidas se v\u00e3o entrela\u00e7ando, Olive come\u00e7a a conhecer-se melhor e a compaix\u00e3o - pelos outros e por si pr\u00f3pria - ganha terreno ao preconceito.  Nas m\u00e3os de Elizabeth Strout - autora elogiada pelo olhar cl\u00ednico sobre a condi\u00e7\u00e3o humana - a sonolenta vila esquecida na margem do Atl\u00e2ntico torna-se o mundo inteiro, e os seus habitantes somos todos n\u00f3s, enredados no drama e no milagre di\u00e1rios da vida, com os seus conflitos, trag\u00e9dias, alegrias - e a coragem que viver sempre exige.\" \/>\n<meta property=\"og:url\" content=\"https:\/\/livrariasolmar.pt\/produto\/olive-kitteridge\/\" \/>\n<meta property=\"og:site_name\" content=\"Livraria Solmar - Livraria online\" \/>\n<meta property=\"article:modified_time\" content=\"2025-12-13T15:17:38+00:00\" \/>\n<meta property=\"og:image\" content=\"https:\/\/livrariasolmar.pt\/wp-content\/uploads\/2025\/07\/1540-1-15.jpg\" \/>\n\t<meta property=\"og:image:width\" content=\"340\" \/>\n\t<meta property=\"og:image:height\" content=\"340\" \/>\n<meta name=\"twitter:card\" content=\"summary_large_image\" \/>\n<script type=\"application\/ld+json\" class=\"yoast-schema-graph\">{\"@context\":\"https:\/\/schema.org\",\"@graph\":[{\"@type\":\"WebSite\",\"@id\":\"https:\/\/livrariasolmar.pt\/#website\",\"url\":\"https:\/\/livrariasolmar.pt\/\",\"name\":\"Livraria Solmar - Livraria online\",\"description\":\"Com\\u00e9rcio Livros E Objetos De Arte, Lda - Ponta Delgada, A\\u00e7ores\",\"potentialAction\":[{\"@type\":\"SearchAction\",\"target\":{\"@type\":\"EntryPoint\",\"urlTemplate\":\"https:\/\/livrariasolmar.pt\/?s={search_term_string}\"},\"query-input\":\"required name=search_term_string\"}],\"inLanguage\":\"en-US\"},{\"@type\":\"ImageObject\",\"@id\":\"https:\/\/livrariasolmar.pt\/produto\/olive-kitteridge\/#primaryimage\",\"inLanguage\":\"en-US\",\"url\":\"https:\/\/livrariasolmar.pt\/wp-content\/uploads\/2025\/07\/1540-1-15.jpg\",\"contentUrl\":\"https:\/\/livrariasolmar.pt\/wp-content\/uploads\/2025\/07\/1540-1-15.jpg\",\"width\":340,\"height\":340},{\"@type\":\"WebPage\",\"@id\":\"https:\/\/livrariasolmar.pt\/produto\/olive-kitteridge\/#webpage\",\"url\":\"https:\/\/livrariasolmar.pt\/produto\/olive-kitteridge\/\",\"name\":\"Olive Kitteridge - Livraria Solmar - Livraria online\",\"isPartOf\":{\"@id\":\"https:\/\/livrariasolmar.pt\/#website\"},\"primaryImageOfPage\":{\"@id\":\"https:\/\/livrariasolmar.pt\/produto\/olive-kitteridge\/#primaryimage\"},\"datePublished\":\"2025-07-27T16:39:21+00:00\",\"dateModified\":\"2025-12-13T15:17:38+00:00\",\"breadcrumb\":{\"@id\":\"https:\/\/livrariasolmar.pt\/produto\/olive-kitteridge\/#breadcrumb\"},\"inLanguage\":\"en-US\",\"potentialAction\":[{\"@type\":\"ReadAction\",\"target\":[\"https:\/\/livrariasolmar.pt\/produto\/olive-kitteridge\/\"]}]},{\"@type\":\"BreadcrumbList\",\"@id\":\"https:\/\/livrariasolmar.pt\/produto\/olive-kitteridge\/#breadcrumb\",\"itemListElement\":[{\"@type\":\"ListItem\",\"position\":1,\"name\":\"In\\u00edcio\",\"item\":\"https:\/\/livrariasolmar.pt\/en\/\"},{\"@type\":\"ListItem\",\"position\":2,\"name\":\"Shop\",\"item\":\"https:\/\/livrariasolmar.pt\/en\/shop\/\"},{\"@type\":\"ListItem\",\"position\":3,\"name\":\"Olive Kitteridge\"}]}]}<\/script>\n<!-- \/ Yoast SEO plugin. -->","_links":{"self":[{"href":"https:\/\/livrariasolmar.pt\/en\/wp-json\/wp\/v2\/product\/10738"}],"collection":[{"href":"https:\/\/livrariasolmar.pt\/en\/wp-json\/wp\/v2\/product"}],"about":[{"href":"https:\/\/livrariasolmar.pt\/en\/wp-json\/wp\/v2\/types\/product"}],"author":[{"embeddable":true,"href":"https:\/\/livrariasolmar.pt\/en\/wp-json\/wp\/v2\/users\/2"}],"wp:featuredmedia":[{"embeddable":true,"href":"https:\/\/livrariasolmar.pt\/en\/wp-json\/wp\/v2\/media\/10739"}],"wp:attachment":[{"href":"https:\/\/livrariasolmar.pt\/en\/wp-json\/wp\/v2\/media?parent=10738"}],"wp:term":[{"taxonomy":"product_cat","embeddable":true,"href":"https:\/\/livrariasolmar.pt\/en\/wp-json\/wp\/v2\/product_cat?post=10738"},{"taxonomy":"product_tag","embeddable":true,"href":"https:\/\/livrariasolmar.pt\/en\/wp-json\/wp\/v2\/product_tag?post=10738"},{"taxonomy":"cat_produtos","embeddable":true,"href":"https:\/\/livrariasolmar.pt\/en\/wp-json\/wp\/v2\/cat_produtos?post=10738"}],"curies":[{"name":"wp","href":"https:\/\/api.w.org\/{rel}","templated":true}]}}