{"id":10745,"date":"2025-07-31T17:47:09","date_gmt":"2025-07-31T17:47:09","guid":{"rendered":"https:\/\/livrariasolmar.pt\/?post_type=product&#038;p=10745"},"modified":"2025-11-15T15:59:54","modified_gmt":"2025-11-15T15:59:54","slug":"historia-mundial-dos-ricos","status":"publish","type":"product","link":"https:\/\/livrariasolmar.pt\/en\/produto\/historia-mundial-dos-ricos\/","title":{"rendered":"Hist\u00f3ria Mundial dos Ricos"},"content":{"rendered":"","protected":false},"excerpt":{"rendered":"<p>Esta obra, da autoria do professor franc\u00eas Fabrice d\u2019Almeida, investiga as origens das grandes dinastias financeiras \u00e0 escala mundial, de Rockefeller a Jobs, de Vanderbilt a Bezos, de Krupp a Musk, da rainha Vit\u00f3ria a Kylie Jenner, sempre aprofundando e partilhando o lugar que asseguraram na hist\u00f3ria, percebendo-lhes os comportamentos pol\u00edticos, as influ\u00eancias sociais e a atua\u00e7\u00e3o sist\u00e9mica nas economias nacionais e globais.<\/p>\n<p>S\u00e3o estes os homens e mulheres da elite global que voa em jatos privados, coleciona autom\u00f3veis de luxo, organiza festas sumptuosas, investe em todos os mercados e domina todas as redes.<\/p>\n<p>Os ricos, os muito ricos, s\u00e3o o verdadeiro poder, \u00e0s vezes exercendo-o de forma vis\u00edvel; noutras, n\u00e3o.<\/p>\n<p>Conhecemo-los sem os conhecer, e alimentamos por eles um perigoso fasc\u00ednio que, por vezes, pode chegar ao \u00f3dio.<\/p>\n","protected":false},"author":2,"featured_media":10746,"template":"","meta":[],"product_cat":[366],"product_tag":[],"cat_produtos":[],"yoast_head":"<!-- This site is optimized with the Yoast SEO plugin v16.6 - https:\/\/yoast.com\/wordpress\/plugins\/seo\/ -->\n<title>Hist\u00f3ria Mundial dos Ricos - Livraria Solmar - Livraria online<\/title>\n<meta name=\"robots\" content=\"index, follow, max-snippet:-1, max-image-preview:large, max-video-preview:-1\" \/>\n<link rel=\"canonical\" href=\"https:\/\/livrariasolmar.pt\/en\/produto\/historia-mundial-dos-ricos\/\" \/>\n<meta property=\"og:locale\" content=\"en_US\" \/>\n<meta property=\"og:type\" content=\"article\" \/>\n<meta property=\"og:title\" content=\"Hist\u00f3ria Mundial dos Ricos - Livraria Solmar - Livraria online\" \/>\n<meta property=\"og:description\" content=\"Esta obra, da autoria do professor franc\u00eas Fabrice d\u2019Almeida, investiga as origens das grandes dinastias financeiras \u00e0 escala mundial, de Rockefeller a Jobs, de Vanderbilt a Bezos, de Krupp a Musk, da rainha Vit\u00f3ria a Kylie Jenner, sempre aprofundando e partilhando o lugar que asseguraram na hist\u00f3ria, percebendo-lhes os comportamentos pol\u00edticos, as influ\u00eancias sociais e a atua\u00e7\u00e3o sist\u00e9mica nas economias nacionais e globais.  S\u00e3o estes os homens e mulheres da elite global que voa em jatos privados, coleciona autom\u00f3veis de luxo, organiza festas sumptuosas, investe em todos os mercados e domina todas as redes.  Os ricos, os muito ricos, s\u00e3o o verdadeiro poder, \u00e0s vezes exercendo-o de forma vis\u00edvel; noutras, n\u00e3o.  Conhecemo-los sem os conhecer, e alimentamos por eles um perigoso fasc\u00ednio que, por vezes, pode chegar ao \u00f3dio.\" \/>\n<meta property=\"og:url\" content=\"https:\/\/livrariasolmar.pt\/produto\/historia-mundial-dos-ricos\/\" \/>\n<meta property=\"og:site_name\" content=\"Livraria Solmar - Livraria online\" \/>\n<meta property=\"article:modified_time\" content=\"2025-11-15T15:59:54+00:00\" \/>\n<meta property=\"og:image\" content=\"https:\/\/livrariasolmar.pt\/wp-content\/uploads\/2025\/07\/1540-1-1-14.jpg\" \/>\n\t<meta property=\"og:image:width\" content=\"340\" \/>\n\t<meta property=\"og:image:height\" content=\"340\" \/>\n<meta name=\"twitter:card\" content=\"summary_large_image\" \/>\n<script type=\"application\/ld+json\" class=\"yoast-schema-graph\">{\"@context\":\"https:\/\/schema.org\",\"@graph\":[{\"@type\":\"WebSite\",\"@id\":\"https:\/\/livrariasolmar.pt\/#website\",\"url\":\"https:\/\/livrariasolmar.pt\/\",\"name\":\"Livraria Solmar - Livraria online\",\"description\":\"Com\\u00e9rcio Livros E Objetos De Arte, Lda - Ponta Delgada, A\\u00e7ores\",\"potentialAction\":[{\"@type\":\"SearchAction\",\"target\":{\"@type\":\"EntryPoint\",\"urlTemplate\":\"https:\/\/livrariasolmar.pt\/?s={search_term_string}\"},\"query-input\":\"required name=search_term_string\"}],\"inLanguage\":\"en-US\"},{\"@type\":\"ImageObject\",\"@id\":\"https:\/\/livrariasolmar.pt\/produto\/historia-mundial-dos-ricos\/#primaryimage\",\"inLanguage\":\"en-US\",\"url\":\"https:\/\/livrariasolmar.pt\/wp-content\/uploads\/2025\/07\/1540-1-1-14.jpg\",\"contentUrl\":\"https:\/\/livrariasolmar.pt\/wp-content\/uploads\/2025\/07\/1540-1-1-14.jpg\",\"width\":340,\"height\":340},{\"@type\":\"WebPage\",\"@id\":\"https:\/\/livrariasolmar.pt\/produto\/historia-mundial-dos-ricos\/#webpage\",\"url\":\"https:\/\/livrariasolmar.pt\/produto\/historia-mundial-dos-ricos\/\",\"name\":\"Hist\\u00f3ria Mundial dos Ricos - Livraria Solmar - Livraria online\",\"isPartOf\":{\"@id\":\"https:\/\/livrariasolmar.pt\/#website\"},\"primaryImageOfPage\":{\"@id\":\"https:\/\/livrariasolmar.pt\/produto\/historia-mundial-dos-ricos\/#primaryimage\"},\"datePublished\":\"2025-07-31T17:47:09+00:00\",\"dateModified\":\"2025-11-15T15:59:54+00:00\",\"breadcrumb\":{\"@id\":\"https:\/\/livrariasolmar.pt\/produto\/historia-mundial-dos-ricos\/#breadcrumb\"},\"inLanguage\":\"en-US\",\"potentialAction\":[{\"@type\":\"ReadAction\",\"target\":[\"https:\/\/livrariasolmar.pt\/produto\/historia-mundial-dos-ricos\/\"]}]},{\"@type\":\"BreadcrumbList\",\"@id\":\"https:\/\/livrariasolmar.pt\/produto\/historia-mundial-dos-ricos\/#breadcrumb\",\"itemListElement\":[{\"@type\":\"ListItem\",\"position\":1,\"name\":\"In\\u00edcio\",\"item\":\"https:\/\/livrariasolmar.pt\/en\/\"},{\"@type\":\"ListItem\",\"position\":2,\"name\":\"Shop\",\"item\":\"https:\/\/livrariasolmar.pt\/en\/shop\/\"},{\"@type\":\"ListItem\",\"position\":3,\"name\":\"Hist\\u00f3ria Mundial dos Ricos\"}]}]}<\/script>\n<!-- \/ Yoast SEO plugin. -->","_links":{"self":[{"href":"https:\/\/livrariasolmar.pt\/en\/wp-json\/wp\/v2\/product\/10745"}],"collection":[{"href":"https:\/\/livrariasolmar.pt\/en\/wp-json\/wp\/v2\/product"}],"about":[{"href":"https:\/\/livrariasolmar.pt\/en\/wp-json\/wp\/v2\/types\/product"}],"author":[{"embeddable":true,"href":"https:\/\/livrariasolmar.pt\/en\/wp-json\/wp\/v2\/users\/2"}],"wp:featuredmedia":[{"embeddable":true,"href":"https:\/\/livrariasolmar.pt\/en\/wp-json\/wp\/v2\/media\/10746"}],"wp:attachment":[{"href":"https:\/\/livrariasolmar.pt\/en\/wp-json\/wp\/v2\/media?parent=10745"}],"wp:term":[{"taxonomy":"product_cat","embeddable":true,"href":"https:\/\/livrariasolmar.pt\/en\/wp-json\/wp\/v2\/product_cat?post=10745"},{"taxonomy":"product_tag","embeddable":true,"href":"https:\/\/livrariasolmar.pt\/en\/wp-json\/wp\/v2\/product_tag?post=10745"},{"taxonomy":"cat_produtos","embeddable":true,"href":"https:\/\/livrariasolmar.pt\/en\/wp-json\/wp\/v2\/cat_produtos?post=10745"}],"curies":[{"name":"wp","href":"https:\/\/api.w.org\/{rel}","templated":true}]}}