{"id":10748,"date":"2025-07-31T18:21:18","date_gmt":"2025-07-31T18:21:18","guid":{"rendered":"https:\/\/livrariasolmar.pt\/?post_type=product&#038;p=10748"},"modified":"2025-11-28T17:46:35","modified_gmt":"2025-11-28T17:46:35","slug":"a-supraconsciencia-existe-vida-depois-da-vida","status":"publish","type":"product","link":"https:\/\/livrariasolmar.pt\/en\/produto\/a-supraconsciencia-existe-vida-depois-da-vida\/","title":{"rendered":"A Supraconsci\u00eancia Existe &#8211; Vida depois da vida"},"content":{"rendered":"","protected":false},"excerpt":{"rendered":"<p>O m\u00e9dico Manuel Sans Segarra, prestigiado cirurgi\u00e3o e pioneiro na investiga\u00e7\u00e3o da Supraconsci\u00eancia, em colabora\u00e7\u00e3o com o jornalista e empreendedor Juan Carlos Cebri\u00e1n, explora as Experi\u00eancias de Quase Morte (EQM) \u00e0 luz de n\u00e3o s\u00f3 uma \u00f3tica cient\u00edfica, inspirada na neuroci\u00eancia e f\u00edsica qu\u00e2ntica, como tamb\u00e9m de uma perspetiva espiritual.<\/p>\n<p>Atrav\u00e9s de relatos reais, este livro revela uma nova compreens\u00e3o sobre a consci\u00eancia humana e a vida depois da morte, desafiando todas as conce\u00e7\u00f5es tradicionais de exist\u00eancia e criando um guia poderoso para superarmos os nossos medos e refletirmos sobre a nossa vida.<\/p>\n<p>O livro definitivo sobre o fen\u00f3meno das Experi\u00eancias de Quase Morte e o seu poder para transformar as nossas vidas.<\/p>\n","protected":false},"author":2,"featured_media":10749,"template":"","meta":[],"product_cat":[178],"product_tag":[],"cat_produtos":[],"yoast_head":"<!-- This site is optimized with the Yoast SEO plugin v16.6 - https:\/\/yoast.com\/wordpress\/plugins\/seo\/ -->\n<title>A Supraconsci\u00eancia Existe - Vida depois da vida - Livraria Solmar - Livraria online<\/title>\n<meta name=\"robots\" content=\"index, follow, max-snippet:-1, max-image-preview:large, max-video-preview:-1\" \/>\n<link rel=\"canonical\" href=\"https:\/\/livrariasolmar.pt\/en\/produto\/a-supraconsciencia-existe-vida-depois-da-vida\/\" \/>\n<meta property=\"og:locale\" content=\"en_US\" \/>\n<meta property=\"og:type\" content=\"article\" \/>\n<meta property=\"og:title\" content=\"A Supraconsci\u00eancia Existe - Vida depois da vida - Livraria Solmar - Livraria online\" \/>\n<meta property=\"og:description\" content=\"O m\u00e9dico Manuel Sans Segarra, prestigiado cirurgi\u00e3o e pioneiro na investiga\u00e7\u00e3o da Supraconsci\u00eancia, em colabora\u00e7\u00e3o com o jornalista e empreendedor Juan Carlos Cebri\u00e1n, explora as Experi\u00eancias de Quase Morte (EQM) \u00e0 luz de n\u00e3o s\u00f3 uma \u00f3tica cient\u00edfica, inspirada na neuroci\u00eancia e f\u00edsica qu\u00e2ntica, como tamb\u00e9m de uma perspetiva espiritual.  Atrav\u00e9s de relatos reais, este livro revela uma nova compreens\u00e3o sobre a consci\u00eancia humana e a vida depois da morte, desafiando todas as conce\u00e7\u00f5es tradicionais de exist\u00eancia e criando um guia poderoso para superarmos os nossos medos e refletirmos sobre a nossa vida.  O livro definitivo sobre o fen\u00f3meno das Experi\u00eancias de Quase Morte e o seu poder para transformar as nossas vidas.\" \/>\n<meta property=\"og:url\" content=\"https:\/\/livrariasolmar.pt\/produto\/a-supraconsciencia-existe-vida-depois-da-vida\/\" \/>\n<meta property=\"og:site_name\" content=\"Livraria Solmar - Livraria online\" \/>\n<meta property=\"article:modified_time\" content=\"2025-11-28T17:46:35+00:00\" \/>\n<meta property=\"og:image\" content=\"https:\/\/livrariasolmar.pt\/wp-content\/uploads\/2025\/07\/1540-1-17.jpg\" \/>\n\t<meta property=\"og:image:width\" content=\"340\" \/>\n\t<meta property=\"og:image:height\" content=\"340\" \/>\n<meta name=\"twitter:card\" content=\"summary_large_image\" \/>\n<script type=\"application\/ld+json\" class=\"yoast-schema-graph\">{\"@context\":\"https:\/\/schema.org\",\"@graph\":[{\"@type\":\"WebSite\",\"@id\":\"https:\/\/livrariasolmar.pt\/#website\",\"url\":\"https:\/\/livrariasolmar.pt\/\",\"name\":\"Livraria Solmar - Livraria online\",\"description\":\"Com\\u00e9rcio Livros E Objetos De Arte, Lda - Ponta Delgada, A\\u00e7ores\",\"potentialAction\":[{\"@type\":\"SearchAction\",\"target\":{\"@type\":\"EntryPoint\",\"urlTemplate\":\"https:\/\/livrariasolmar.pt\/?s={search_term_string}\"},\"query-input\":\"required name=search_term_string\"}],\"inLanguage\":\"en-US\"},{\"@type\":\"ImageObject\",\"@id\":\"https:\/\/livrariasolmar.pt\/produto\/a-supraconsciencia-existe-vida-depois-da-vida\/#primaryimage\",\"inLanguage\":\"en-US\",\"url\":\"https:\/\/livrariasolmar.pt\/wp-content\/uploads\/2025\/07\/1540-1-17.jpg\",\"contentUrl\":\"https:\/\/livrariasolmar.pt\/wp-content\/uploads\/2025\/07\/1540-1-17.jpg\",\"width\":340,\"height\":340},{\"@type\":\"WebPage\",\"@id\":\"https:\/\/livrariasolmar.pt\/produto\/a-supraconsciencia-existe-vida-depois-da-vida\/#webpage\",\"url\":\"https:\/\/livrariasolmar.pt\/produto\/a-supraconsciencia-existe-vida-depois-da-vida\/\",\"name\":\"A Supraconsci\\u00eancia Existe - Vida depois da vida - Livraria Solmar - Livraria online\",\"isPartOf\":{\"@id\":\"https:\/\/livrariasolmar.pt\/#website\"},\"primaryImageOfPage\":{\"@id\":\"https:\/\/livrariasolmar.pt\/produto\/a-supraconsciencia-existe-vida-depois-da-vida\/#primaryimage\"},\"datePublished\":\"2025-07-31T18:21:18+00:00\",\"dateModified\":\"2025-11-28T17:46:35+00:00\",\"breadcrumb\":{\"@id\":\"https:\/\/livrariasolmar.pt\/produto\/a-supraconsciencia-existe-vida-depois-da-vida\/#breadcrumb\"},\"inLanguage\":\"en-US\",\"potentialAction\":[{\"@type\":\"ReadAction\",\"target\":[\"https:\/\/livrariasolmar.pt\/produto\/a-supraconsciencia-existe-vida-depois-da-vida\/\"]}]},{\"@type\":\"BreadcrumbList\",\"@id\":\"https:\/\/livrariasolmar.pt\/produto\/a-supraconsciencia-existe-vida-depois-da-vida\/#breadcrumb\",\"itemListElement\":[{\"@type\":\"ListItem\",\"position\":1,\"name\":\"In\\u00edcio\",\"item\":\"https:\/\/livrariasolmar.pt\/en\/\"},{\"@type\":\"ListItem\",\"position\":2,\"name\":\"Shop\",\"item\":\"https:\/\/livrariasolmar.pt\/en\/shop\/\"},{\"@type\":\"ListItem\",\"position\":3,\"name\":\"A Supraconsci\\u00eancia Existe &#8211; Vida depois da vida\"}]}]}<\/script>\n<!-- \/ Yoast SEO plugin. -->","_links":{"self":[{"href":"https:\/\/livrariasolmar.pt\/en\/wp-json\/wp\/v2\/product\/10748"}],"collection":[{"href":"https:\/\/livrariasolmar.pt\/en\/wp-json\/wp\/v2\/product"}],"about":[{"href":"https:\/\/livrariasolmar.pt\/en\/wp-json\/wp\/v2\/types\/product"}],"author":[{"embeddable":true,"href":"https:\/\/livrariasolmar.pt\/en\/wp-json\/wp\/v2\/users\/2"}],"wp:featuredmedia":[{"embeddable":true,"href":"https:\/\/livrariasolmar.pt\/en\/wp-json\/wp\/v2\/media\/10749"}],"wp:attachment":[{"href":"https:\/\/livrariasolmar.pt\/en\/wp-json\/wp\/v2\/media?parent=10748"}],"wp:term":[{"taxonomy":"product_cat","embeddable":true,"href":"https:\/\/livrariasolmar.pt\/en\/wp-json\/wp\/v2\/product_cat?post=10748"},{"taxonomy":"product_tag","embeddable":true,"href":"https:\/\/livrariasolmar.pt\/en\/wp-json\/wp\/v2\/product_tag?post=10748"},{"taxonomy":"cat_produtos","embeddable":true,"href":"https:\/\/livrariasolmar.pt\/en\/wp-json\/wp\/v2\/cat_produtos?post=10748"}],"curies":[{"name":"wp","href":"https:\/\/api.w.org\/{rel}","templated":true}]}}