{"id":10751,"date":"2025-08-26T15:57:16","date_gmt":"2025-08-26T15:57:16","guid":{"rendered":"https:\/\/livrariasolmar.pt\/?post_type=product&#038;p=10751"},"modified":"2025-11-16T16:11:02","modified_gmt":"2025-11-16T16:11:02","slug":"a-estacao","status":"publish","type":"product","link":"https:\/\/livrariasolmar.pt\/en\/produto\/a-estacao\/","title":{"rendered":"A Esta\u00e7\u00e3o"},"content":{"rendered":"","protected":false},"excerpt":{"rendered":"<p>O Monte Athos, centro espiritual do monasticismo ortodoxo oriental, \u00e9 um estado aut\u00f3nomo, com o seu pr\u00f3prio calend\u00e1rio e um hor\u00e1rio solar, onde as mulheres est\u00e3o proibidas de entrar.<\/p>\n<p>Esta bela e acidentada pen\u00ednsula da regi\u00e3o da Maced\u00f3nia, referida j\u00e1 em Her\u00f3doto, \u00e9 um local de ref\u00fagio desde os prim\u00f3rdios do cristianismo.<\/p>\n<p>Em 1927, com 22 anos, Robert Byron fez uma viagem com amigos ao Monte Athos que o influenciaria para o resto da vida.<\/p>\n<p>Neste livro, com esp\u00edrito cr\u00edtico, sentido de humor e rasgo liter\u00e1rio, regista descri\u00e7\u00f5es dos monges e visitantes, do seu quotidiano, das paisagens e dos tesouros preservados pelos mosteiros, lan\u00e7ando luz sobre um mundo antigo e enigm\u00e1tico, h\u00e1 muito escondido dos olhos de forasteiros.<\/p>\n<p>\u00abEste livro n\u00e3o \u00e9 um mero relato de viagem, mas uma explora\u00e7\u00e3o da alma bizantina, conduzida por algu\u00e9m que n\u00e3o se contenta com uma observa\u00e7\u00e3o superficial. N\u00e3o se limita a descrever mosteiros, \u00edcones e frescos \u2014 mergulha no esp\u00edrito do lugar, tentando compreender o que faz do Monte Athos um microcosmo \u00fanico, onde o tempo parece ter parado.\u00bb<br \/>\n<i>Carlos Vaz Marques, director da colec\u00e7\u00e3o<\/i><\/p>\n","protected":false},"author":2,"featured_media":10752,"template":"","meta":[],"product_cat":[153],"product_tag":[],"cat_produtos":[],"yoast_head":"<!-- This site is optimized with the Yoast SEO plugin v16.6 - https:\/\/yoast.com\/wordpress\/plugins\/seo\/ -->\n<title>A Esta\u00e7\u00e3o - Livraria Solmar - Livraria online<\/title>\n<meta name=\"robots\" content=\"index, follow, max-snippet:-1, max-image-preview:large, max-video-preview:-1\" \/>\n<link rel=\"canonical\" href=\"https:\/\/livrariasolmar.pt\/en\/produto\/a-estacao\/\" \/>\n<meta property=\"og:locale\" content=\"en_US\" \/>\n<meta property=\"og:type\" content=\"article\" \/>\n<meta property=\"og:title\" content=\"A Esta\u00e7\u00e3o - Livraria Solmar - Livraria online\" \/>\n<meta property=\"og:description\" content=\"O Monte Athos, centro espiritual do monasticismo ortodoxo oriental, \u00e9 um estado aut\u00f3nomo, com o seu pr\u00f3prio calend\u00e1rio e um hor\u00e1rio solar, onde as mulheres est\u00e3o proibidas de entrar.  Esta bela e acidentada pen\u00ednsula da regi\u00e3o da Maced\u00f3nia, referida j\u00e1 em Her\u00f3doto, \u00e9 um local de ref\u00fagio desde os prim\u00f3rdios do cristianismo.  Em 1927, com 22 anos, Robert Byron fez uma viagem com amigos ao Monte Athos que o influenciaria para o resto da vida.  Neste livro, com esp\u00edrito cr\u00edtico, sentido de humor e rasgo liter\u00e1rio, regista descri\u00e7\u00f5es dos monges e visitantes, do seu quotidiano, das paisagens e dos tesouros preservados pelos mosteiros, lan\u00e7ando luz sobre um mundo antigo e enigm\u00e1tico, h\u00e1 muito escondido dos olhos de forasteiros.  \u00abEste livro n\u00e3o \u00e9 um mero relato de viagem, mas uma explora\u00e7\u00e3o da alma bizantina, conduzida por algu\u00e9m que n\u00e3o se contenta com uma observa\u00e7\u00e3o superficial. N\u00e3o se limita a descrever mosteiros, \u00edcones e frescos \u2014 mergulha no esp\u00edrito do lugar, tentando compreender o que faz do Monte Athos um microcosmo \u00fanico, onde o tempo parece ter parado.\u00bb Carlos Vaz Marques, director da colec\u00e7\u00e3o\" \/>\n<meta property=\"og:url\" content=\"https:\/\/livrariasolmar.pt\/produto\/a-estacao\/\" \/>\n<meta property=\"og:site_name\" content=\"Livraria Solmar - Livraria online\" \/>\n<meta property=\"article:modified_time\" content=\"2025-11-16T16:11:02+00:00\" \/>\n<meta property=\"og:image\" content=\"https:\/\/livrariasolmar.pt\/wp-content\/uploads\/2025\/07\/1540-1-18.jpg\" \/>\n\t<meta property=\"og:image:width\" content=\"340\" \/>\n\t<meta property=\"og:image:height\" content=\"340\" \/>\n<meta name=\"twitter:card\" content=\"summary_large_image\" \/>\n<script type=\"application\/ld+json\" class=\"yoast-schema-graph\">{\"@context\":\"https:\/\/schema.org\",\"@graph\":[{\"@type\":\"WebSite\",\"@id\":\"https:\/\/livrariasolmar.pt\/#website\",\"url\":\"https:\/\/livrariasolmar.pt\/\",\"name\":\"Livraria Solmar - Livraria online\",\"description\":\"Com\\u00e9rcio Livros E Objetos De Arte, Lda - Ponta Delgada, A\\u00e7ores\",\"potentialAction\":[{\"@type\":\"SearchAction\",\"target\":{\"@type\":\"EntryPoint\",\"urlTemplate\":\"https:\/\/livrariasolmar.pt\/?s={search_term_string}\"},\"query-input\":\"required name=search_term_string\"}],\"inLanguage\":\"en-US\"},{\"@type\":\"ImageObject\",\"@id\":\"https:\/\/livrariasolmar.pt\/produto\/a-estacao\/#primaryimage\",\"inLanguage\":\"en-US\",\"url\":\"https:\/\/livrariasolmar.pt\/wp-content\/uploads\/2025\/07\/1540-1-18.jpg\",\"contentUrl\":\"https:\/\/livrariasolmar.pt\/wp-content\/uploads\/2025\/07\/1540-1-18.jpg\",\"width\":340,\"height\":340},{\"@type\":\"WebPage\",\"@id\":\"https:\/\/livrariasolmar.pt\/produto\/a-estacao\/#webpage\",\"url\":\"https:\/\/livrariasolmar.pt\/produto\/a-estacao\/\",\"name\":\"A Esta\\u00e7\\u00e3o - Livraria Solmar - Livraria online\",\"isPartOf\":{\"@id\":\"https:\/\/livrariasolmar.pt\/#website\"},\"primaryImageOfPage\":{\"@id\":\"https:\/\/livrariasolmar.pt\/produto\/a-estacao\/#primaryimage\"},\"datePublished\":\"2025-08-26T15:57:16+00:00\",\"dateModified\":\"2025-11-16T16:11:02+00:00\",\"breadcrumb\":{\"@id\":\"https:\/\/livrariasolmar.pt\/produto\/a-estacao\/#breadcrumb\"},\"inLanguage\":\"en-US\",\"potentialAction\":[{\"@type\":\"ReadAction\",\"target\":[\"https:\/\/livrariasolmar.pt\/produto\/a-estacao\/\"]}]},{\"@type\":\"BreadcrumbList\",\"@id\":\"https:\/\/livrariasolmar.pt\/produto\/a-estacao\/#breadcrumb\",\"itemListElement\":[{\"@type\":\"ListItem\",\"position\":1,\"name\":\"In\\u00edcio\",\"item\":\"https:\/\/livrariasolmar.pt\/en\/\"},{\"@type\":\"ListItem\",\"position\":2,\"name\":\"Shop\",\"item\":\"https:\/\/livrariasolmar.pt\/en\/shop\/\"},{\"@type\":\"ListItem\",\"position\":3,\"name\":\"A Esta\\u00e7\\u00e3o\"}]}]}<\/script>\n<!-- \/ Yoast SEO plugin. -->","_links":{"self":[{"href":"https:\/\/livrariasolmar.pt\/en\/wp-json\/wp\/v2\/product\/10751"}],"collection":[{"href":"https:\/\/livrariasolmar.pt\/en\/wp-json\/wp\/v2\/product"}],"about":[{"href":"https:\/\/livrariasolmar.pt\/en\/wp-json\/wp\/v2\/types\/product"}],"author":[{"embeddable":true,"href":"https:\/\/livrariasolmar.pt\/en\/wp-json\/wp\/v2\/users\/2"}],"wp:featuredmedia":[{"embeddable":true,"href":"https:\/\/livrariasolmar.pt\/en\/wp-json\/wp\/v2\/media\/10752"}],"wp:attachment":[{"href":"https:\/\/livrariasolmar.pt\/en\/wp-json\/wp\/v2\/media?parent=10751"}],"wp:term":[{"taxonomy":"product_cat","embeddable":true,"href":"https:\/\/livrariasolmar.pt\/en\/wp-json\/wp\/v2\/product_cat?post=10751"},{"taxonomy":"product_tag","embeddable":true,"href":"https:\/\/livrariasolmar.pt\/en\/wp-json\/wp\/v2\/product_tag?post=10751"},{"taxonomy":"cat_produtos","embeddable":true,"href":"https:\/\/livrariasolmar.pt\/en\/wp-json\/wp\/v2\/cat_produtos?post=10751"}],"curies":[{"name":"wp","href":"https:\/\/api.w.org\/{rel}","templated":true}]}}