{"id":10761,"date":"2025-08-04T16:16:13","date_gmt":"2025-08-04T16:16:13","guid":{"rendered":"https:\/\/livrariasolmar.pt\/?post_type=product&#038;p=10761"},"modified":"2025-10-24T19:04:17","modified_gmt":"2025-10-24T19:04:17","slug":"ao-ritmo-de-um-poema-slammed-livro-1","status":"publish","type":"product","link":"https:\/\/livrariasolmar.pt\/en\/produto\/ao-ritmo-de-um-poema-slammed-livro-1\/","title":{"rendered":"Ao Ritmo de um Poema: Slammed-Livro 1"},"content":{"rendered":"","protected":false},"excerpt":{"rendered":"<p>Depois da morte inesperada do pai, aos 18 anos Layken \u00e9 for\u00e7ada a ser o apoio da m\u00e3e e do irm\u00e3o mais novo. Por fora, aparenta ser resiliente e tenaz, mas por dentro est\u00e1 a perder a esperan\u00e7a. At\u00e9 que conhece Will Cooper, o seu novo e atraente vizinho de 21 anos que \u00e9 apaixonado por poesia\u00a0<i>slam<\/i>\u00a0e dono de um sentido de humor \u00fanico. Em poucos dias, estabelecem uma intensa liga\u00e7\u00e3o emocional, proporcionando a Layken uma renovada esperan\u00e7a.<\/p>\n<p>Por\u00e9m, pouco tempo depois de um extraordin\u00e1rio primeiro encontro, as suas vidas s\u00e3o abaladas por uma chocante revela\u00e7\u00e3o que p\u00f5e em causa a rela\u00e7\u00e3o. a conviv\u00eancia di\u00e1ria entre ambos torna-se cada vez mais dif\u00edcil, enquanto Layken e Will tentam lidar com os sentimentos que os aproximam e com o segredo que teima em mant\u00ea-los afastados.<\/p>\n","protected":false},"author":2,"featured_media":10762,"template":"","meta":[],"product_cat":[477],"product_tag":[],"cat_produtos":[],"yoast_head":"<!-- This site is optimized with the Yoast SEO plugin v16.6 - https:\/\/yoast.com\/wordpress\/plugins\/seo\/ -->\n<title>Ao Ritmo de um Poema: Slammed-Livro 1 - Livraria Solmar - Livraria online<\/title>\n<meta name=\"robots\" content=\"index, follow, max-snippet:-1, max-image-preview:large, max-video-preview:-1\" \/>\n<link rel=\"canonical\" href=\"https:\/\/livrariasolmar.pt\/en\/produto\/ao-ritmo-de-um-poema-slammed-livro-1\/\" \/>\n<meta property=\"og:locale\" content=\"en_US\" \/>\n<meta property=\"og:type\" content=\"article\" \/>\n<meta property=\"og:title\" content=\"Ao Ritmo de um Poema: Slammed-Livro 1 - Livraria Solmar - Livraria online\" \/>\n<meta property=\"og:description\" content=\"Depois da morte inesperada do pai, aos 18 anos Layken \u00e9 for\u00e7ada a ser o apoio da m\u00e3e e do irm\u00e3o mais novo. Por fora, aparenta ser resiliente e tenaz, mas por dentro est\u00e1 a perder a esperan\u00e7a. At\u00e9 que conhece Will Cooper, o seu novo e atraente vizinho de 21 anos que \u00e9 apaixonado por poesia\u00a0slam\u00a0e dono de um sentido de humor \u00fanico. Em poucos dias, estabelecem uma intensa liga\u00e7\u00e3o emocional, proporcionando a Layken uma renovada esperan\u00e7a.  Por\u00e9m, pouco tempo depois de um extraordin\u00e1rio primeiro encontro, as suas vidas s\u00e3o abaladas por uma chocante revela\u00e7\u00e3o que p\u00f5e em causa a rela\u00e7\u00e3o. a conviv\u00eancia di\u00e1ria entre ambos torna-se cada vez mais dif\u00edcil, enquanto Layken e Will tentam lidar com os sentimentos que os aproximam e com o segredo que teima em mant\u00ea-los afastados.\" \/>\n<meta property=\"og:url\" content=\"https:\/\/livrariasolmar.pt\/produto\/ao-ritmo-de-um-poema-slammed-livro-1\/\" \/>\n<meta property=\"og:site_name\" content=\"Livraria Solmar - Livraria online\" \/>\n<meta property=\"article:modified_time\" content=\"2025-10-24T19:04:17+00:00\" \/>\n<meta property=\"og:image\" content=\"https:\/\/livrariasolmar.pt\/wp-content\/uploads\/2025\/08\/1507-1.jpg\" \/>\n\t<meta property=\"og:image:width\" content=\"400\" \/>\n\t<meta property=\"og:image:height\" content=\"500\" \/>\n<meta name=\"twitter:card\" content=\"summary_large_image\" \/>\n<script type=\"application\/ld+json\" class=\"yoast-schema-graph\">{\"@context\":\"https:\/\/schema.org\",\"@graph\":[{\"@type\":\"WebSite\",\"@id\":\"https:\/\/livrariasolmar.pt\/#website\",\"url\":\"https:\/\/livrariasolmar.pt\/\",\"name\":\"Livraria Solmar - Livraria online\",\"description\":\"Com\\u00e9rcio Livros E Objetos De Arte, Lda - Ponta Delgada, A\\u00e7ores\",\"potentialAction\":[{\"@type\":\"SearchAction\",\"target\":{\"@type\":\"EntryPoint\",\"urlTemplate\":\"https:\/\/livrariasolmar.pt\/?s={search_term_string}\"},\"query-input\":\"required name=search_term_string\"}],\"inLanguage\":\"en-US\"},{\"@type\":\"ImageObject\",\"@id\":\"https:\/\/livrariasolmar.pt\/produto\/ao-ritmo-de-um-poema-slammed-livro-1\/#primaryimage\",\"inLanguage\":\"en-US\",\"url\":\"https:\/\/livrariasolmar.pt\/wp-content\/uploads\/2025\/08\/1507-1.jpg\",\"contentUrl\":\"https:\/\/livrariasolmar.pt\/wp-content\/uploads\/2025\/08\/1507-1.jpg\",\"width\":400,\"height\":500},{\"@type\":\"WebPage\",\"@id\":\"https:\/\/livrariasolmar.pt\/produto\/ao-ritmo-de-um-poema-slammed-livro-1\/#webpage\",\"url\":\"https:\/\/livrariasolmar.pt\/produto\/ao-ritmo-de-um-poema-slammed-livro-1\/\",\"name\":\"Ao Ritmo de um Poema: Slammed-Livro 1 - Livraria Solmar - Livraria online\",\"isPartOf\":{\"@id\":\"https:\/\/livrariasolmar.pt\/#website\"},\"primaryImageOfPage\":{\"@id\":\"https:\/\/livrariasolmar.pt\/produto\/ao-ritmo-de-um-poema-slammed-livro-1\/#primaryimage\"},\"datePublished\":\"2025-08-04T16:16:13+00:00\",\"dateModified\":\"2025-10-24T19:04:17+00:00\",\"breadcrumb\":{\"@id\":\"https:\/\/livrariasolmar.pt\/produto\/ao-ritmo-de-um-poema-slammed-livro-1\/#breadcrumb\"},\"inLanguage\":\"en-US\",\"potentialAction\":[{\"@type\":\"ReadAction\",\"target\":[\"https:\/\/livrariasolmar.pt\/produto\/ao-ritmo-de-um-poema-slammed-livro-1\/\"]}]},{\"@type\":\"BreadcrumbList\",\"@id\":\"https:\/\/livrariasolmar.pt\/produto\/ao-ritmo-de-um-poema-slammed-livro-1\/#breadcrumb\",\"itemListElement\":[{\"@type\":\"ListItem\",\"position\":1,\"name\":\"In\\u00edcio\",\"item\":\"https:\/\/livrariasolmar.pt\/en\/\"},{\"@type\":\"ListItem\",\"position\":2,\"name\":\"Shop\",\"item\":\"https:\/\/livrariasolmar.pt\/en\/shop\/\"},{\"@type\":\"ListItem\",\"position\":3,\"name\":\"Ao Ritmo de um Poema: Slammed-Livro 1\"}]}]}<\/script>\n<!-- \/ Yoast SEO plugin. -->","_links":{"self":[{"href":"https:\/\/livrariasolmar.pt\/en\/wp-json\/wp\/v2\/product\/10761"}],"collection":[{"href":"https:\/\/livrariasolmar.pt\/en\/wp-json\/wp\/v2\/product"}],"about":[{"href":"https:\/\/livrariasolmar.pt\/en\/wp-json\/wp\/v2\/types\/product"}],"author":[{"embeddable":true,"href":"https:\/\/livrariasolmar.pt\/en\/wp-json\/wp\/v2\/users\/2"}],"wp:featuredmedia":[{"embeddable":true,"href":"https:\/\/livrariasolmar.pt\/en\/wp-json\/wp\/v2\/media\/10762"}],"wp:attachment":[{"href":"https:\/\/livrariasolmar.pt\/en\/wp-json\/wp\/v2\/media?parent=10761"}],"wp:term":[{"taxonomy":"product_cat","embeddable":true,"href":"https:\/\/livrariasolmar.pt\/en\/wp-json\/wp\/v2\/product_cat?post=10761"},{"taxonomy":"product_tag","embeddable":true,"href":"https:\/\/livrariasolmar.pt\/en\/wp-json\/wp\/v2\/product_tag?post=10761"},{"taxonomy":"cat_produtos","embeddable":true,"href":"https:\/\/livrariasolmar.pt\/en\/wp-json\/wp\/v2\/cat_produtos?post=10761"}],"curies":[{"name":"wp","href":"https:\/\/api.w.org\/{rel}","templated":true}]}}