{"id":10764,"date":"2025-08-04T16:52:42","date_gmt":"2025-08-04T16:52:42","guid":{"rendered":"https:\/\/livrariasolmar.pt\/?post_type=product&#038;p=10764"},"modified":"2026-02-19T18:19:33","modified_gmt":"2026-02-19T18:19:33","slug":"redeeming-6","status":"publish","type":"product","link":"https:\/\/livrariasolmar.pt\/en\/produto\/redeeming-6\/","title":{"rendered":"Redeeming 6"},"content":{"rendered":"","protected":false},"excerpt":{"rendered":"<p><strong>A emo\u00e7\u00e3o vai estar ao rubro!<\/strong><\/p>\n<p>Enquanto o mundo se desmorona \u00e0 sua volta, a vida de Joey Lynch est\u00e1 mais turbulenta do que nunca. Desesperado por ser digno da \u00fanica pessoa em quem confiou, Joey esfor\u00e7a-se por se afastar de um ambiente que amea\u00e7a destru\u00ed-lo. Mas com tanta coisa contra ele, conseguir\u00e1 manter-se \u00e0 tona?<\/p>\n<p>Sem qualquer inten\u00e7\u00e3o de abandonar o rapaz que ama, Aoife Molloy luta para o salvar da autodestrui\u00e7\u00e3o. Afogada num mundo que n\u00e3o compreende, sem qualquer orienta\u00e7\u00e3o a n\u00e3o ser os ditames do seu cora\u00e7\u00e3o, Aoife recusa-se a virar as costas a Joey, mesmo quando parece estar tudo perdido.<\/p>\n<p>Apesar do sofrimento e dos receios, Aoife e Joey nunca deixaram de se apoiar, mas ser\u00e1 que desta vez vai ser diferente?<\/p>\n<p>Mergulha no quarto livro da s\u00e9rie \u00abBoys of Tommen\u00bb, o mais explosivo de todos! Em\u00a0<em>Redeeming 6<\/em>, paix\u00e3o, dor e esperan\u00e7a entrela\u00e7am-se numa hist\u00f3ria que n\u00e3o ir\u00e1s esquecer.<\/p>\n","protected":false},"author":2,"featured_media":10765,"template":"","meta":[],"product_cat":[477],"product_tag":[],"cat_produtos":[],"yoast_head":"<!-- This site is optimized with the Yoast SEO plugin v16.6 - https:\/\/yoast.com\/wordpress\/plugins\/seo\/ -->\n<title>Redeeming 6 - Livraria Solmar - Livraria online<\/title>\n<meta name=\"robots\" content=\"index, follow, max-snippet:-1, max-image-preview:large, max-video-preview:-1\" \/>\n<link rel=\"canonical\" href=\"https:\/\/livrariasolmar.pt\/en\/produto\/redeeming-6\/\" \/>\n<meta property=\"og:locale\" content=\"en_US\" \/>\n<meta property=\"og:type\" content=\"article\" \/>\n<meta property=\"og:title\" content=\"Redeeming 6 - Livraria Solmar - Livraria online\" \/>\n<meta property=\"og:description\" content=\"A emo\u00e7\u00e3o vai estar ao rubro!  Enquanto o mundo se desmorona \u00e0 sua volta, a vida de Joey Lynch est\u00e1 mais turbulenta do que nunca. Desesperado por ser digno da \u00fanica pessoa em quem confiou, Joey esfor\u00e7a-se por se afastar de um ambiente que amea\u00e7a destru\u00ed-lo. Mas com tanta coisa contra ele, conseguir\u00e1 manter-se \u00e0 tona?  Sem qualquer inten\u00e7\u00e3o de abandonar o rapaz que ama, Aoife Molloy luta para o salvar da autodestrui\u00e7\u00e3o. Afogada num mundo que n\u00e3o compreende, sem qualquer orienta\u00e7\u00e3o a n\u00e3o ser os ditames do seu cora\u00e7\u00e3o, Aoife recusa-se a virar as costas a Joey, mesmo quando parece estar tudo perdido.  Apesar do sofrimento e dos receios, Aoife e Joey nunca deixaram de se apoiar, mas ser\u00e1 que desta vez vai ser diferente?  Mergulha no quarto livro da s\u00e9rie \u00abBoys of Tommen\u00bb, o mais explosivo de todos! Em\u00a0Redeeming 6, paix\u00e3o, dor e esperan\u00e7a entrela\u00e7am-se numa hist\u00f3ria que n\u00e3o ir\u00e1s esquecer.\" \/>\n<meta property=\"og:url\" content=\"https:\/\/livrariasolmar.pt\/produto\/redeeming-6\/\" \/>\n<meta property=\"og:site_name\" content=\"Livraria Solmar - Livraria online\" \/>\n<meta property=\"article:modified_time\" content=\"2026-02-19T18:19:33+00:00\" \/>\n<meta property=\"og:image\" content=\"https:\/\/livrariasolmar.pt\/wp-content\/uploads\/2025\/08\/1540-1.jpg\" \/>\n\t<meta property=\"og:image:width\" content=\"340\" \/>\n\t<meta property=\"og:image:height\" content=\"340\" \/>\n<meta name=\"twitter:card\" content=\"summary_large_image\" \/>\n<script type=\"application\/ld+json\" class=\"yoast-schema-graph\">{\"@context\":\"https:\/\/schema.org\",\"@graph\":[{\"@type\":\"WebSite\",\"@id\":\"https:\/\/livrariasolmar.pt\/#website\",\"url\":\"https:\/\/livrariasolmar.pt\/\",\"name\":\"Livraria Solmar - Livraria online\",\"description\":\"Com\\u00e9rcio Livros E Objetos De Arte, Lda - Ponta Delgada, A\\u00e7ores\",\"potentialAction\":[{\"@type\":\"SearchAction\",\"target\":{\"@type\":\"EntryPoint\",\"urlTemplate\":\"https:\/\/livrariasolmar.pt\/?s={search_term_string}\"},\"query-input\":\"required name=search_term_string\"}],\"inLanguage\":\"en-US\"},{\"@type\":\"ImageObject\",\"@id\":\"https:\/\/livrariasolmar.pt\/produto\/redeeming-6\/#primaryimage\",\"inLanguage\":\"en-US\",\"url\":\"https:\/\/livrariasolmar.pt\/wp-content\/uploads\/2025\/08\/1540-1.jpg\",\"contentUrl\":\"https:\/\/livrariasolmar.pt\/wp-content\/uploads\/2025\/08\/1540-1.jpg\",\"width\":340,\"height\":340},{\"@type\":\"WebPage\",\"@id\":\"https:\/\/livrariasolmar.pt\/produto\/redeeming-6\/#webpage\",\"url\":\"https:\/\/livrariasolmar.pt\/produto\/redeeming-6\/\",\"name\":\"Redeeming 6 - Livraria Solmar - Livraria online\",\"isPartOf\":{\"@id\":\"https:\/\/livrariasolmar.pt\/#website\"},\"primaryImageOfPage\":{\"@id\":\"https:\/\/livrariasolmar.pt\/produto\/redeeming-6\/#primaryimage\"},\"datePublished\":\"2025-08-04T16:52:42+00:00\",\"dateModified\":\"2026-02-19T18:19:33+00:00\",\"breadcrumb\":{\"@id\":\"https:\/\/livrariasolmar.pt\/produto\/redeeming-6\/#breadcrumb\"},\"inLanguage\":\"en-US\",\"potentialAction\":[{\"@type\":\"ReadAction\",\"target\":[\"https:\/\/livrariasolmar.pt\/produto\/redeeming-6\/\"]}]},{\"@type\":\"BreadcrumbList\",\"@id\":\"https:\/\/livrariasolmar.pt\/produto\/redeeming-6\/#breadcrumb\",\"itemListElement\":[{\"@type\":\"ListItem\",\"position\":1,\"name\":\"In\\u00edcio\",\"item\":\"https:\/\/livrariasolmar.pt\/en\/\"},{\"@type\":\"ListItem\",\"position\":2,\"name\":\"Shop\",\"item\":\"https:\/\/livrariasolmar.pt\/en\/shop\/\"},{\"@type\":\"ListItem\",\"position\":3,\"name\":\"Redeeming 6\"}]}]}<\/script>\n<!-- \/ Yoast SEO plugin. -->","_links":{"self":[{"href":"https:\/\/livrariasolmar.pt\/en\/wp-json\/wp\/v2\/product\/10764"}],"collection":[{"href":"https:\/\/livrariasolmar.pt\/en\/wp-json\/wp\/v2\/product"}],"about":[{"href":"https:\/\/livrariasolmar.pt\/en\/wp-json\/wp\/v2\/types\/product"}],"author":[{"embeddable":true,"href":"https:\/\/livrariasolmar.pt\/en\/wp-json\/wp\/v2\/users\/2"}],"wp:featuredmedia":[{"embeddable":true,"href":"https:\/\/livrariasolmar.pt\/en\/wp-json\/wp\/v2\/media\/10765"}],"wp:attachment":[{"href":"https:\/\/livrariasolmar.pt\/en\/wp-json\/wp\/v2\/media?parent=10764"}],"wp:term":[{"taxonomy":"product_cat","embeddable":true,"href":"https:\/\/livrariasolmar.pt\/en\/wp-json\/wp\/v2\/product_cat?post=10764"},{"taxonomy":"product_tag","embeddable":true,"href":"https:\/\/livrariasolmar.pt\/en\/wp-json\/wp\/v2\/product_tag?post=10764"},{"taxonomy":"cat_produtos","embeddable":true,"href":"https:\/\/livrariasolmar.pt\/en\/wp-json\/wp\/v2\/cat_produtos?post=10764"}],"curies":[{"name":"wp","href":"https:\/\/api.w.org\/{rel}","templated":true}]}}