{"id":10767,"date":"2025-08-04T16:59:02","date_gmt":"2025-08-04T16:59:02","guid":{"rendered":"https:\/\/livrariasolmar.pt\/?post_type=product&#038;p=10767"},"modified":"2025-11-29T17:41:07","modified_gmt":"2025-11-29T17:41:07","slug":"o-amor-mora-aqui","status":"publish","type":"product","link":"https:\/\/livrariasolmar.pt\/en\/produto\/o-amor-mora-aqui\/","title":{"rendered":"O amor mora aqui"},"content":{"rendered":"","protected":false},"excerpt":{"rendered":"<p><strong><em>H\u00e1 alturas da nossa vida em que s\u00f3 temos de conseguir p\u00f4r um p\u00e9 \u00e0 frente do outro<\/em><\/strong><br \/>\nParecia imposs\u00edvel que a vida de Lila Kennedy pudesse piorar. Um casamento desfeito, duas filhas rebeldes e um padrasto que, discretamente, se foi mudando para sua casa.<br \/>\nTem a carreira em decl\u00ednio e a vida amorosa \u00e9, no m\u00ednimo, complicada. A gota de \u00e1gua \u00e9 a chegada do seu pai biol\u00f3gico: o homem que h\u00e1 trinta e cinco anos trocou Lila e a sua m\u00e3e por uma carreira em Hollywood, deixando para tr\u00e1s dor e desconfian\u00e7a, e que decide agora bater-lhe \u00e0 porta.<br \/>\nEnquanto a casa dos Kennedy oscila \u00e0 beira do caos, velhas feridas s\u00e3o reabertas, o riso \u00e9 redescoberto e o amor \u2013confuso, imperfeito e real \u2013 pode ser a salva\u00e7\u00e3o de todos.<br \/>\n\u00ab<em>O amor mora aqui<\/em>\u00a0prova que n\u00e3o h\u00e1 melhor momento do que o presente para reescrevermos a nossa pr\u00f3pria hist\u00f3ria.\u00bb<br \/>\nJodi Picoult &#8211; autora\u00a0<em>bestseller<\/em><\/p>\n","protected":false},"author":2,"featured_media":10768,"template":"","meta":[],"product_cat":[477],"product_tag":[],"cat_produtos":[],"yoast_head":"<!-- This site is optimized with the Yoast SEO plugin v16.6 - https:\/\/yoast.com\/wordpress\/plugins\/seo\/ -->\n<title>O amor mora aqui - Livraria Solmar - Livraria online<\/title>\n<meta name=\"robots\" content=\"index, follow, max-snippet:-1, max-image-preview:large, max-video-preview:-1\" \/>\n<link rel=\"canonical\" href=\"https:\/\/livrariasolmar.pt\/en\/produto\/o-amor-mora-aqui\/\" \/>\n<meta property=\"og:locale\" content=\"en_US\" \/>\n<meta property=\"og:type\" content=\"article\" \/>\n<meta property=\"og:title\" content=\"O amor mora aqui - Livraria Solmar - Livraria online\" \/>\n<meta property=\"og:description\" content=\"H\u00e1 alturas da nossa vida em que s\u00f3 temos de conseguir p\u00f4r um p\u00e9 \u00e0 frente do outro Parecia imposs\u00edvel que a vida de Lila Kennedy pudesse piorar. Um casamento desfeito, duas filhas rebeldes e um padrasto que, discretamente, se foi mudando para sua casa. Tem a carreira em decl\u00ednio e a vida amorosa \u00e9, no m\u00ednimo, complicada. A gota de \u00e1gua \u00e9 a chegada do seu pai biol\u00f3gico: o homem que h\u00e1 trinta e cinco anos trocou Lila e a sua m\u00e3e por uma carreira em Hollywood, deixando para tr\u00e1s dor e desconfian\u00e7a, e que decide agora bater-lhe \u00e0 porta. Enquanto a casa dos Kennedy oscila \u00e0 beira do caos, velhas feridas s\u00e3o reabertas, o riso \u00e9 redescoberto e o amor \u2013confuso, imperfeito e real \u2013 pode ser a salva\u00e7\u00e3o de todos. \u00abO amor mora aqui\u00a0prova que n\u00e3o h\u00e1 melhor momento do que o presente para reescrevermos a nossa pr\u00f3pria hist\u00f3ria.\u00bb Jodi Picoult - autora\u00a0bestseller\" \/>\n<meta property=\"og:url\" content=\"https:\/\/livrariasolmar.pt\/produto\/o-amor-mora-aqui\/\" \/>\n<meta property=\"og:site_name\" content=\"Livraria Solmar - Livraria online\" \/>\n<meta property=\"article:modified_time\" content=\"2025-11-29T17:41:07+00:00\" \/>\n<meta property=\"og:image\" content=\"https:\/\/livrariasolmar.pt\/wp-content\/uploads\/2025\/08\/1540-1-1.jpg\" \/>\n\t<meta property=\"og:image:width\" content=\"340\" \/>\n\t<meta property=\"og:image:height\" content=\"340\" \/>\n<meta name=\"twitter:card\" content=\"summary_large_image\" \/>\n<script type=\"application\/ld+json\" class=\"yoast-schema-graph\">{\"@context\":\"https:\/\/schema.org\",\"@graph\":[{\"@type\":\"WebSite\",\"@id\":\"https:\/\/livrariasolmar.pt\/#website\",\"url\":\"https:\/\/livrariasolmar.pt\/\",\"name\":\"Livraria Solmar - Livraria online\",\"description\":\"Com\\u00e9rcio Livros E Objetos De Arte, Lda - Ponta Delgada, A\\u00e7ores\",\"potentialAction\":[{\"@type\":\"SearchAction\",\"target\":{\"@type\":\"EntryPoint\",\"urlTemplate\":\"https:\/\/livrariasolmar.pt\/?s={search_term_string}\"},\"query-input\":\"required name=search_term_string\"}],\"inLanguage\":\"en-US\"},{\"@type\":\"ImageObject\",\"@id\":\"https:\/\/livrariasolmar.pt\/produto\/o-amor-mora-aqui\/#primaryimage\",\"inLanguage\":\"en-US\",\"url\":\"https:\/\/livrariasolmar.pt\/wp-content\/uploads\/2025\/08\/1540-1-1.jpg\",\"contentUrl\":\"https:\/\/livrariasolmar.pt\/wp-content\/uploads\/2025\/08\/1540-1-1.jpg\",\"width\":340,\"height\":340},{\"@type\":\"WebPage\",\"@id\":\"https:\/\/livrariasolmar.pt\/produto\/o-amor-mora-aqui\/#webpage\",\"url\":\"https:\/\/livrariasolmar.pt\/produto\/o-amor-mora-aqui\/\",\"name\":\"O amor mora aqui - Livraria Solmar - Livraria online\",\"isPartOf\":{\"@id\":\"https:\/\/livrariasolmar.pt\/#website\"},\"primaryImageOfPage\":{\"@id\":\"https:\/\/livrariasolmar.pt\/produto\/o-amor-mora-aqui\/#primaryimage\"},\"datePublished\":\"2025-08-04T16:59:02+00:00\",\"dateModified\":\"2025-11-29T17:41:07+00:00\",\"breadcrumb\":{\"@id\":\"https:\/\/livrariasolmar.pt\/produto\/o-amor-mora-aqui\/#breadcrumb\"},\"inLanguage\":\"en-US\",\"potentialAction\":[{\"@type\":\"ReadAction\",\"target\":[\"https:\/\/livrariasolmar.pt\/produto\/o-amor-mora-aqui\/\"]}]},{\"@type\":\"BreadcrumbList\",\"@id\":\"https:\/\/livrariasolmar.pt\/produto\/o-amor-mora-aqui\/#breadcrumb\",\"itemListElement\":[{\"@type\":\"ListItem\",\"position\":1,\"name\":\"In\\u00edcio\",\"item\":\"https:\/\/livrariasolmar.pt\/en\/\"},{\"@type\":\"ListItem\",\"position\":2,\"name\":\"Shop\",\"item\":\"https:\/\/livrariasolmar.pt\/en\/shop\/\"},{\"@type\":\"ListItem\",\"position\":3,\"name\":\"O amor mora aqui\"}]}]}<\/script>\n<!-- \/ Yoast SEO plugin. -->","_links":{"self":[{"href":"https:\/\/livrariasolmar.pt\/en\/wp-json\/wp\/v2\/product\/10767"}],"collection":[{"href":"https:\/\/livrariasolmar.pt\/en\/wp-json\/wp\/v2\/product"}],"about":[{"href":"https:\/\/livrariasolmar.pt\/en\/wp-json\/wp\/v2\/types\/product"}],"author":[{"embeddable":true,"href":"https:\/\/livrariasolmar.pt\/en\/wp-json\/wp\/v2\/users\/2"}],"wp:featuredmedia":[{"embeddable":true,"href":"https:\/\/livrariasolmar.pt\/en\/wp-json\/wp\/v2\/media\/10768"}],"wp:attachment":[{"href":"https:\/\/livrariasolmar.pt\/en\/wp-json\/wp\/v2\/media?parent=10767"}],"wp:term":[{"taxonomy":"product_cat","embeddable":true,"href":"https:\/\/livrariasolmar.pt\/en\/wp-json\/wp\/v2\/product_cat?post=10767"},{"taxonomy":"product_tag","embeddable":true,"href":"https:\/\/livrariasolmar.pt\/en\/wp-json\/wp\/v2\/product_tag?post=10767"},{"taxonomy":"cat_produtos","embeddable":true,"href":"https:\/\/livrariasolmar.pt\/en\/wp-json\/wp\/v2\/cat_produtos?post=10767"}],"curies":[{"name":"wp","href":"https:\/\/api.w.org\/{rel}","templated":true}]}}