{"id":10778,"date":"2025-08-04T17:26:00","date_gmt":"2025-08-04T17:26:00","guid":{"rendered":"https:\/\/livrariasolmar.pt\/?post_type=product&#038;p=10778"},"modified":"2025-09-25T19:32:43","modified_gmt":"2025-09-25T19:32:43","slug":"pokemon-365-dias-para-seres-o-melhor-treinador-pokemon","status":"publish","type":"product","link":"https:\/\/livrariasolmar.pt\/en\/produto\/pokemon-365-dias-para-seres-o-melhor-treinador-pokemon\/","title":{"rendered":"Pok\u00e9mon &#8211; 365 Dias para Seres o Melhor Treinador Pok\u00e9mon!"},"content":{"rendered":"","protected":false},"excerpt":{"rendered":"<p>Bem-vindo, treinador!<br \/>\nTorna-te no melhor Treinador Pok\u00e9mon, com 365 dias de desafios.<\/p>\n<p>Distingues um Snivy de um Snorlax? Consegues distinguir um tipo Pedra de um tipo A\u00e7o? E qu\u00e3o bom \u00e9s a identificar Pok\u00e9mon pelas suas orelhas?<\/p>\n<p>Embarca numa emocionante aventura para descobrires as respostas a todas estas perguntas e muito mais!<\/p>\n<p>Boa sorte e d\u00e1 o teu melhor!<br \/>\nUma atividade por ano\u2026 e nenhum Pok\u00e9mon vai ficar por apanhar!<\/p>\n","protected":false},"author":2,"featured_media":10779,"template":"","meta":[],"product_cat":[172],"product_tag":[],"cat_produtos":[404],"yoast_head":"<!-- This site is optimized with the Yoast SEO plugin v16.6 - https:\/\/yoast.com\/wordpress\/plugins\/seo\/ -->\n<title>Pok\u00e9mon - 365 Dias para Seres o Melhor Treinador Pok\u00e9mon! - Livraria Solmar - Livraria online<\/title>\n<meta name=\"robots\" content=\"index, follow, max-snippet:-1, max-image-preview:large, max-video-preview:-1\" \/>\n<link rel=\"canonical\" href=\"https:\/\/livrariasolmar.pt\/en\/produto\/pokemon-365-dias-para-seres-o-melhor-treinador-pokemon\/\" \/>\n<meta property=\"og:locale\" content=\"en_US\" \/>\n<meta property=\"og:type\" content=\"article\" \/>\n<meta property=\"og:title\" content=\"Pok\u00e9mon - 365 Dias para Seres o Melhor Treinador Pok\u00e9mon! - Livraria Solmar - Livraria online\" \/>\n<meta property=\"og:description\" content=\"Bem-vindo, treinador! Torna-te no melhor Treinador Pok\u00e9mon, com 365 dias de desafios.  Distingues um Snivy de um Snorlax? Consegues distinguir um tipo Pedra de um tipo A\u00e7o? E qu\u00e3o bom \u00e9s a identificar Pok\u00e9mon pelas suas orelhas?  Embarca numa emocionante aventura para descobrires as respostas a todas estas perguntas e muito mais!  Boa sorte e d\u00e1 o teu melhor! Uma atividade por ano\u2026 e nenhum Pok\u00e9mon vai ficar por apanhar!\" \/>\n<meta property=\"og:url\" content=\"https:\/\/livrariasolmar.pt\/produto\/pokemon-365-dias-para-seres-o-melhor-treinador-pokemon\/\" \/>\n<meta property=\"og:site_name\" content=\"Livraria Solmar - Livraria online\" \/>\n<meta property=\"article:modified_time\" content=\"2025-09-25T19:32:43+00:00\" \/>\n<meta property=\"og:image\" content=\"https:\/\/livrariasolmar.pt\/wp-content\/uploads\/2025\/08\/1540-1-4.jpg\" \/>\n\t<meta property=\"og:image:width\" content=\"340\" \/>\n\t<meta property=\"og:image:height\" content=\"340\" \/>\n<meta name=\"twitter:card\" content=\"summary_large_image\" \/>\n<script type=\"application\/ld+json\" class=\"yoast-schema-graph\">{\"@context\":\"https:\/\/schema.org\",\"@graph\":[{\"@type\":\"WebSite\",\"@id\":\"https:\/\/livrariasolmar.pt\/#website\",\"url\":\"https:\/\/livrariasolmar.pt\/\",\"name\":\"Livraria Solmar - Livraria online\",\"description\":\"Com\\u00e9rcio Livros E Objetos De Arte, Lda - Ponta Delgada, A\\u00e7ores\",\"potentialAction\":[{\"@type\":\"SearchAction\",\"target\":{\"@type\":\"EntryPoint\",\"urlTemplate\":\"https:\/\/livrariasolmar.pt\/?s={search_term_string}\"},\"query-input\":\"required name=search_term_string\"}],\"inLanguage\":\"en-US\"},{\"@type\":\"ImageObject\",\"@id\":\"https:\/\/livrariasolmar.pt\/produto\/pokemon-365-dias-para-seres-o-melhor-treinador-pokemon\/#primaryimage\",\"inLanguage\":\"en-US\",\"url\":\"https:\/\/livrariasolmar.pt\/wp-content\/uploads\/2025\/08\/1540-1-4.jpg\",\"contentUrl\":\"https:\/\/livrariasolmar.pt\/wp-content\/uploads\/2025\/08\/1540-1-4.jpg\",\"width\":340,\"height\":340},{\"@type\":\"WebPage\",\"@id\":\"https:\/\/livrariasolmar.pt\/produto\/pokemon-365-dias-para-seres-o-melhor-treinador-pokemon\/#webpage\",\"url\":\"https:\/\/livrariasolmar.pt\/produto\/pokemon-365-dias-para-seres-o-melhor-treinador-pokemon\/\",\"name\":\"Pok\\u00e9mon - 365 Dias para Seres o Melhor Treinador Pok\\u00e9mon! - Livraria Solmar - Livraria online\",\"isPartOf\":{\"@id\":\"https:\/\/livrariasolmar.pt\/#website\"},\"primaryImageOfPage\":{\"@id\":\"https:\/\/livrariasolmar.pt\/produto\/pokemon-365-dias-para-seres-o-melhor-treinador-pokemon\/#primaryimage\"},\"datePublished\":\"2025-08-04T17:26:00+00:00\",\"dateModified\":\"2025-09-25T19:32:43+00:00\",\"breadcrumb\":{\"@id\":\"https:\/\/livrariasolmar.pt\/produto\/pokemon-365-dias-para-seres-o-melhor-treinador-pokemon\/#breadcrumb\"},\"inLanguage\":\"en-US\",\"potentialAction\":[{\"@type\":\"ReadAction\",\"target\":[\"https:\/\/livrariasolmar.pt\/produto\/pokemon-365-dias-para-seres-o-melhor-treinador-pokemon\/\"]}]},{\"@type\":\"BreadcrumbList\",\"@id\":\"https:\/\/livrariasolmar.pt\/produto\/pokemon-365-dias-para-seres-o-melhor-treinador-pokemon\/#breadcrumb\",\"itemListElement\":[{\"@type\":\"ListItem\",\"position\":1,\"name\":\"In\\u00edcio\",\"item\":\"https:\/\/livrariasolmar.pt\/en\/\"},{\"@type\":\"ListItem\",\"position\":2,\"name\":\"Shop\",\"item\":\"https:\/\/livrariasolmar.pt\/en\/shop\/\"},{\"@type\":\"ListItem\",\"position\":3,\"name\":\"Pok\\u00e9mon &#8211; 365 Dias para Seres o Melhor Treinador Pok\\u00e9mon!\"}]}]}<\/script>\n<!-- \/ Yoast SEO plugin. -->","_links":{"self":[{"href":"https:\/\/livrariasolmar.pt\/en\/wp-json\/wp\/v2\/product\/10778"}],"collection":[{"href":"https:\/\/livrariasolmar.pt\/en\/wp-json\/wp\/v2\/product"}],"about":[{"href":"https:\/\/livrariasolmar.pt\/en\/wp-json\/wp\/v2\/types\/product"}],"author":[{"embeddable":true,"href":"https:\/\/livrariasolmar.pt\/en\/wp-json\/wp\/v2\/users\/2"}],"wp:featuredmedia":[{"embeddable":true,"href":"https:\/\/livrariasolmar.pt\/en\/wp-json\/wp\/v2\/media\/10779"}],"wp:attachment":[{"href":"https:\/\/livrariasolmar.pt\/en\/wp-json\/wp\/v2\/media?parent=10778"}],"wp:term":[{"taxonomy":"product_cat","embeddable":true,"href":"https:\/\/livrariasolmar.pt\/en\/wp-json\/wp\/v2\/product_cat?post=10778"},{"taxonomy":"product_tag","embeddable":true,"href":"https:\/\/livrariasolmar.pt\/en\/wp-json\/wp\/v2\/product_tag?post=10778"},{"taxonomy":"cat_produtos","embeddable":true,"href":"https:\/\/livrariasolmar.pt\/en\/wp-json\/wp\/v2\/cat_produtos?post=10778"}],"curies":[{"name":"wp","href":"https:\/\/api.w.org\/{rel}","templated":true}]}}