{"id":10787,"date":"2025-08-05T16:27:55","date_gmt":"2025-08-05T16:27:55","guid":{"rendered":"https:\/\/livrariasolmar.pt\/?post_type=product&#038;p=10787"},"modified":"2025-09-24T17:11:58","modified_gmt":"2025-09-24T17:11:58","slug":"os-xailes-negros","status":"publish","type":"product","link":"https:\/\/livrariasolmar.pt\/en\/produto\/os-xailes-negros\/","title":{"rendered":"Os Xailes Negros"},"content":{"rendered":"","protected":false},"excerpt":{"rendered":"<p>Romance em que se baseou a s\u00e9rie produzida pela RTP-<a href=\"https:\/\/euandoaler.blogspot.com\/search?q=a%C3%A7ores+pre%C3%A7o\">A\u00e7ores<\/a>\u00a0em 1984.<\/p>\n<p>Jos\u00e9 de Almeida Pav\u00e3o J\u00fanior nasceu em Ponta Delgada, a de dezembro de 1919.<\/p>\n<p>Foi professor, ensa\u00edsta e ficcionista. Lecionou no Lice Antero de Quental durante 34 anos tendo desempenhado igualmente as fun\u00e7\u00f5es de Vice-Reitor e Reitor. Figura de relevo na forma\u00e7\u00e3o de professores da Escola do Magist\u00e9rio Prim\u00e1rio de Ponta Delgada, destacou-se como professor catedr\u00e1tico de Literatura Portuguesa na Universidade dos A\u00e7ores. Como reconhecimento de uma vida dedicada ao ensino, foi condecorado, em 1983, pelo Presidente da Rep\u00fablica com o grau de comendador da Ordem da Instru\u00e7\u00e3o P\u00fablica.<\/p>\n<p>A sua carreira acad\u00e9mica \u00e9 marcada por participa\u00e7\u00f5es em col\u00f3quios, confer\u00eancias, congressos, semin\u00e1rios e sess\u00f5es comemorativas em Portugal, no Brasil, no Canad\u00e1 e nos EUA. Publicou artigos, ensaios e recens\u00f5es sobre os grandes nomes da literatura portuguesa assim como no \u00e2mbito de estudos de \u00edndole regionalista.<\/p>\n<p>Como escritor de fic\u00e7\u00e3o, publicou livros de cariz a\u00e7oriano, de onde se destacam Evoca\u00e7\u00f5es (1968), Os Xailes Negros (1973) e Marianinha (1997).<\/p>\n<p>A sua obra, com mais de 50 publica\u00e7\u00f5es, reflete o interesse profundo pelo ensino, pela literatura, pela etnografia, pelo teatro, pela arte e pela cultura.<\/p>\n<p>Para al\u00e9m da vida dedicada ao ensino e \u00e0 escrita, foi, ainda, colaborador da administra\u00e7\u00e3o da Junta Geral do Distrito Aut\u00f3nomo de Ponta Delgada. Desempenhou fun\u00e7\u00f5es de vogal, vice-presidente e presidente do Instituto Cultural de Ponta Delgada. Como diretor da Biblioteca P\u00fablica e Arquivo Regional de Ponta Delgada, marcou uma \u00e9poca de renova\u00e7\u00e3o e de valoriza\u00e7\u00e3o desta Institui\u00e7\u00e3o.<\/p>\n<p>Faleceu a 20 de setembro de 2003, em Ponta Delgada, aos 83 anos de idade. Atualmente, \u00e9 visto como uma figura emblem\u00e1tica da cultura a\u00e7oriana.<\/p>\n","protected":false},"author":2,"featured_media":10788,"template":"","meta":[],"product_cat":[146],"product_tag":[],"cat_produtos":[],"yoast_head":"<!-- This site is optimized with the Yoast SEO plugin v16.6 - https:\/\/yoast.com\/wordpress\/plugins\/seo\/ -->\n<title>Os Xailes Negros - Livraria Solmar - Livraria online<\/title>\n<meta name=\"robots\" content=\"index, follow, max-snippet:-1, max-image-preview:large, max-video-preview:-1\" \/>\n<link rel=\"canonical\" href=\"https:\/\/livrariasolmar.pt\/en\/produto\/os-xailes-negros\/\" \/>\n<meta property=\"og:locale\" content=\"en_US\" \/>\n<meta property=\"og:type\" content=\"article\" \/>\n<meta property=\"og:title\" content=\"Os Xailes Negros - Livraria Solmar - Livraria online\" \/>\n<meta property=\"og:description\" content=\"Romance em que se baseou a s\u00e9rie produzida pela RTP-A\u00e7ores\u00a0em 1984.  Jos\u00e9 de Almeida Pav\u00e3o J\u00fanior nasceu em Ponta Delgada, a de dezembro de 1919.  Foi professor, ensa\u00edsta e ficcionista. Lecionou no Lice Antero de Quental durante 34 anos tendo desempenhado igualmente as fun\u00e7\u00f5es de Vice-Reitor e Reitor. Figura de relevo na forma\u00e7\u00e3o de professores da Escola do Magist\u00e9rio Prim\u00e1rio de Ponta Delgada, destacou-se como professor catedr\u00e1tico de Literatura Portuguesa na Universidade dos A\u00e7ores. Como reconhecimento de uma vida dedicada ao ensino, foi condecorado, em 1983, pelo Presidente da Rep\u00fablica com o grau de comendador da Ordem da Instru\u00e7\u00e3o P\u00fablica.  A sua carreira acad\u00e9mica \u00e9 marcada por participa\u00e7\u00f5es em col\u00f3quios, confer\u00eancias, congressos, semin\u00e1rios e sess\u00f5es comemorativas em Portugal, no Brasil, no Canad\u00e1 e nos EUA. Publicou artigos, ensaios e recens\u00f5es sobre os grandes nomes da literatura portuguesa assim como no \u00e2mbito de estudos de \u00edndole regionalista.  Como escritor de fic\u00e7\u00e3o, publicou livros de cariz a\u00e7oriano, de onde se destacam Evoca\u00e7\u00f5es (1968), Os Xailes Negros (1973) e Marianinha (1997).  A sua obra, com mais de 50 publica\u00e7\u00f5es, reflete o interesse profundo pelo ensino, pela literatura, pela etnografia, pelo teatro, pela arte e pela cultura.  Para al\u00e9m da vida dedicada ao ensino e \u00e0 escrita, foi, ainda, colaborador da administra\u00e7\u00e3o da Junta Geral do Distrito Aut\u00f3nomo de Ponta Delgada. Desempenhou fun\u00e7\u00f5es de vogal, vice-presidente e presidente do Instituto Cultural de Ponta Delgada. Como diretor da Biblioteca P\u00fablica e Arquivo Regional de Ponta Delgada, marcou uma \u00e9poca de renova\u00e7\u00e3o e de valoriza\u00e7\u00e3o desta Institui\u00e7\u00e3o.  Faleceu a 20 de setembro de 2003, em Ponta Delgada, aos 83 anos de idade. Atualmente, \u00e9 visto como uma figura emblem\u00e1tica da cultura a\u00e7oriana.\" \/>\n<meta property=\"og:url\" content=\"https:\/\/livrariasolmar.pt\/produto\/os-xailes-negros\/\" \/>\n<meta property=\"og:site_name\" content=\"Livraria Solmar - Livraria online\" \/>\n<meta property=\"article:modified_time\" content=\"2025-09-24T17:11:58+00:00\" \/>\n<meta property=\"og:image\" content=\"https:\/\/livrariasolmar.pt\/wp-content\/uploads\/2025\/08\/2020630113028.jpg\" \/>\n\t<meta property=\"og:image:width\" content=\"564\" \/>\n\t<meta property=\"og:image:height\" content=\"850\" \/>\n<meta name=\"twitter:card\" content=\"summary_large_image\" \/>\n<script type=\"application\/ld+json\" class=\"yoast-schema-graph\">{\"@context\":\"https:\/\/schema.org\",\"@graph\":[{\"@type\":\"WebSite\",\"@id\":\"https:\/\/livrariasolmar.pt\/#website\",\"url\":\"https:\/\/livrariasolmar.pt\/\",\"name\":\"Livraria Solmar - Livraria online\",\"description\":\"Com\\u00e9rcio Livros E Objetos De Arte, Lda - Ponta Delgada, A\\u00e7ores\",\"potentialAction\":[{\"@type\":\"SearchAction\",\"target\":{\"@type\":\"EntryPoint\",\"urlTemplate\":\"https:\/\/livrariasolmar.pt\/?s={search_term_string}\"},\"query-input\":\"required name=search_term_string\"}],\"inLanguage\":\"en-US\"},{\"@type\":\"ImageObject\",\"@id\":\"https:\/\/livrariasolmar.pt\/produto\/os-xailes-negros\/#primaryimage\",\"inLanguage\":\"en-US\",\"url\":\"https:\/\/livrariasolmar.pt\/wp-content\/uploads\/2025\/08\/2020630113028.jpg\",\"contentUrl\":\"https:\/\/livrariasolmar.pt\/wp-content\/uploads\/2025\/08\/2020630113028.jpg\",\"width\":564,\"height\":850},{\"@type\":\"WebPage\",\"@id\":\"https:\/\/livrariasolmar.pt\/produto\/os-xailes-negros\/#webpage\",\"url\":\"https:\/\/livrariasolmar.pt\/produto\/os-xailes-negros\/\",\"name\":\"Os Xailes Negros - Livraria Solmar - Livraria online\",\"isPartOf\":{\"@id\":\"https:\/\/livrariasolmar.pt\/#website\"},\"primaryImageOfPage\":{\"@id\":\"https:\/\/livrariasolmar.pt\/produto\/os-xailes-negros\/#primaryimage\"},\"datePublished\":\"2025-08-05T16:27:55+00:00\",\"dateModified\":\"2025-09-24T17:11:58+00:00\",\"breadcrumb\":{\"@id\":\"https:\/\/livrariasolmar.pt\/produto\/os-xailes-negros\/#breadcrumb\"},\"inLanguage\":\"en-US\",\"potentialAction\":[{\"@type\":\"ReadAction\",\"target\":[\"https:\/\/livrariasolmar.pt\/produto\/os-xailes-negros\/\"]}]},{\"@type\":\"BreadcrumbList\",\"@id\":\"https:\/\/livrariasolmar.pt\/produto\/os-xailes-negros\/#breadcrumb\",\"itemListElement\":[{\"@type\":\"ListItem\",\"position\":1,\"name\":\"In\\u00edcio\",\"item\":\"https:\/\/livrariasolmar.pt\/en\/\"},{\"@type\":\"ListItem\",\"position\":2,\"name\":\"Shop\",\"item\":\"https:\/\/livrariasolmar.pt\/en\/shop\/\"},{\"@type\":\"ListItem\",\"position\":3,\"name\":\"Os Xailes Negros\"}]}]}<\/script>\n<!-- \/ Yoast SEO plugin. -->","_links":{"self":[{"href":"https:\/\/livrariasolmar.pt\/en\/wp-json\/wp\/v2\/product\/10787"}],"collection":[{"href":"https:\/\/livrariasolmar.pt\/en\/wp-json\/wp\/v2\/product"}],"about":[{"href":"https:\/\/livrariasolmar.pt\/en\/wp-json\/wp\/v2\/types\/product"}],"author":[{"embeddable":true,"href":"https:\/\/livrariasolmar.pt\/en\/wp-json\/wp\/v2\/users\/2"}],"wp:featuredmedia":[{"embeddable":true,"href":"https:\/\/livrariasolmar.pt\/en\/wp-json\/wp\/v2\/media\/10788"}],"wp:attachment":[{"href":"https:\/\/livrariasolmar.pt\/en\/wp-json\/wp\/v2\/media?parent=10787"}],"wp:term":[{"taxonomy":"product_cat","embeddable":true,"href":"https:\/\/livrariasolmar.pt\/en\/wp-json\/wp\/v2\/product_cat?post=10787"},{"taxonomy":"product_tag","embeddable":true,"href":"https:\/\/livrariasolmar.pt\/en\/wp-json\/wp\/v2\/product_tag?post=10787"},{"taxonomy":"cat_produtos","embeddable":true,"href":"https:\/\/livrariasolmar.pt\/en\/wp-json\/wp\/v2\/cat_produtos?post=10787"}],"curies":[{"name":"wp","href":"https:\/\/api.w.org\/{rel}","templated":true}]}}