{"id":10798,"date":"2025-08-05T18:13:54","date_gmt":"2025-08-05T18:13:54","guid":{"rendered":"https:\/\/livrariasolmar.pt\/?post_type=product&#038;p=10798"},"modified":"2025-08-05T18:13:54","modified_gmt":"2025-08-05T18:13:54","slug":"era-uma-vez-o-tempo-diario","status":"publish","type":"product","link":"https:\/\/livrariasolmar.pt\/en\/produto\/era-uma-vez-o-tempo-diario\/","title":{"rendered":"Era Uma Vez o Tempo &#8211; Di\u00e1rio"},"content":{"rendered":"","protected":false},"excerpt":{"rendered":"<p>A escrita deste di\u00e1rio \u00e9 discreta mas quase sempre sedutora, eficaz e, n\u00e3o raro, reveladora de um c\u00famulo da arte de escrever.<br \/>\n\u00c9 um convite irresist\u00edvel: fa\u00e7amos como o autor deste di\u00e1rio singularmente belo &#8211; ou\u00e7amos a m\u00fasica subtil das palavras, escutemos os acontecimentos (ou nem tanto) desse presente que hoje \u00e9 passado, reflitamos sobre o canto profundo que se esconde em passagens, \u00e0s vezes, na apar\u00eancia, t\u00e3o an\u00f3dinas&#8230; No nosso sil\u00eancio, a s\u00f3s connosco, habitemos aquele mundo rico, cheio de murm\u00farios, pensamentos, emo\u00e7\u00f5es &#8211; que foi o mundo do di\u00e1rio de Fernando Aires.<\/p>\n","protected":false},"author":2,"featured_media":10799,"template":"","meta":[],"product_cat":[146],"product_tag":[],"cat_produtos":[1751],"yoast_head":"<!-- This site is optimized with the Yoast SEO plugin v16.6 - https:\/\/yoast.com\/wordpress\/plugins\/seo\/ -->\n<title>Era Uma Vez o Tempo - Di\u00e1rio - Livraria Solmar - Livraria online<\/title>\n<meta name=\"robots\" content=\"index, follow, max-snippet:-1, max-image-preview:large, max-video-preview:-1\" \/>\n<link rel=\"canonical\" href=\"https:\/\/livrariasolmar.pt\/en\/produto\/era-uma-vez-o-tempo-diario\/\" \/>\n<meta property=\"og:locale\" content=\"en_US\" \/>\n<meta property=\"og:type\" content=\"article\" \/>\n<meta property=\"og:title\" content=\"Era Uma Vez o Tempo - Di\u00e1rio - Livraria Solmar - Livraria online\" \/>\n<meta property=\"og:description\" content=\"A escrita deste di\u00e1rio \u00e9 discreta mas quase sempre sedutora, eficaz e, n\u00e3o raro, reveladora de um c\u00famulo da arte de escrever. \u00c9 um convite irresist\u00edvel: fa\u00e7amos como o autor deste di\u00e1rio singularmente belo - ou\u00e7amos a m\u00fasica subtil das palavras, escutemos os acontecimentos (ou nem tanto) desse presente que hoje \u00e9 passado, reflitamos sobre o canto profundo que se esconde em passagens, \u00e0s vezes, na apar\u00eancia, t\u00e3o an\u00f3dinas... No nosso sil\u00eancio, a s\u00f3s connosco, habitemos aquele mundo rico, cheio de murm\u00farios, pensamentos, emo\u00e7\u00f5es - que foi o mundo do di\u00e1rio de Fernando Aires.\" \/>\n<meta property=\"og:url\" content=\"https:\/\/livrariasolmar.pt\/produto\/era-uma-vez-o-tempo-diario\/\" \/>\n<meta property=\"og:site_name\" content=\"Livraria Solmar - Livraria online\" \/>\n<meta property=\"og:image\" content=\"https:\/\/livrariasolmar.pt\/wp-content\/uploads\/2025\/08\/Era-Uma-Vez-o-Tempo.jpg\" \/>\n\t<meta property=\"og:image:width\" content=\"340\" \/>\n\t<meta property=\"og:image:height\" content=\"340\" \/>\n<meta name=\"twitter:card\" content=\"summary_large_image\" \/>\n<script type=\"application\/ld+json\" class=\"yoast-schema-graph\">{\"@context\":\"https:\/\/schema.org\",\"@graph\":[{\"@type\":\"WebSite\",\"@id\":\"https:\/\/livrariasolmar.pt\/#website\",\"url\":\"https:\/\/livrariasolmar.pt\/\",\"name\":\"Livraria Solmar - Livraria online\",\"description\":\"Com\\u00e9rcio Livros E Objetos De Arte, Lda - Ponta Delgada, A\\u00e7ores\",\"potentialAction\":[{\"@type\":\"SearchAction\",\"target\":{\"@type\":\"EntryPoint\",\"urlTemplate\":\"https:\/\/livrariasolmar.pt\/?s={search_term_string}\"},\"query-input\":\"required name=search_term_string\"}],\"inLanguage\":\"en-US\"},{\"@type\":\"ImageObject\",\"@id\":\"https:\/\/livrariasolmar.pt\/produto\/era-uma-vez-o-tempo-diario\/#primaryimage\",\"inLanguage\":\"en-US\",\"url\":\"https:\/\/livrariasolmar.pt\/wp-content\/uploads\/2025\/08\/Era-Uma-Vez-o-Tempo.jpg\",\"contentUrl\":\"https:\/\/livrariasolmar.pt\/wp-content\/uploads\/2025\/08\/Era-Uma-Vez-o-Tempo.jpg\",\"width\":340,\"height\":340},{\"@type\":\"WebPage\",\"@id\":\"https:\/\/livrariasolmar.pt\/produto\/era-uma-vez-o-tempo-diario\/#webpage\",\"url\":\"https:\/\/livrariasolmar.pt\/produto\/era-uma-vez-o-tempo-diario\/\",\"name\":\"Era Uma Vez o Tempo - Di\\u00e1rio - Livraria Solmar - Livraria online\",\"isPartOf\":{\"@id\":\"https:\/\/livrariasolmar.pt\/#website\"},\"primaryImageOfPage\":{\"@id\":\"https:\/\/livrariasolmar.pt\/produto\/era-uma-vez-o-tempo-diario\/#primaryimage\"},\"datePublished\":\"2025-08-05T18:13:54+00:00\",\"dateModified\":\"2025-08-05T18:13:54+00:00\",\"breadcrumb\":{\"@id\":\"https:\/\/livrariasolmar.pt\/produto\/era-uma-vez-o-tempo-diario\/#breadcrumb\"},\"inLanguage\":\"en-US\",\"potentialAction\":[{\"@type\":\"ReadAction\",\"target\":[\"https:\/\/livrariasolmar.pt\/produto\/era-uma-vez-o-tempo-diario\/\"]}]},{\"@type\":\"BreadcrumbList\",\"@id\":\"https:\/\/livrariasolmar.pt\/produto\/era-uma-vez-o-tempo-diario\/#breadcrumb\",\"itemListElement\":[{\"@type\":\"ListItem\",\"position\":1,\"name\":\"In\\u00edcio\",\"item\":\"https:\/\/livrariasolmar.pt\/en\/\"},{\"@type\":\"ListItem\",\"position\":2,\"name\":\"Shop\",\"item\":\"https:\/\/livrariasolmar.pt\/en\/shop\/\"},{\"@type\":\"ListItem\",\"position\":3,\"name\":\"Era Uma Vez o Tempo &#8211; Di\\u00e1rio\"}]}]}<\/script>\n<!-- \/ Yoast SEO plugin. -->","_links":{"self":[{"href":"https:\/\/livrariasolmar.pt\/en\/wp-json\/wp\/v2\/product\/10798"}],"collection":[{"href":"https:\/\/livrariasolmar.pt\/en\/wp-json\/wp\/v2\/product"}],"about":[{"href":"https:\/\/livrariasolmar.pt\/en\/wp-json\/wp\/v2\/types\/product"}],"author":[{"embeddable":true,"href":"https:\/\/livrariasolmar.pt\/en\/wp-json\/wp\/v2\/users\/2"}],"wp:featuredmedia":[{"embeddable":true,"href":"https:\/\/livrariasolmar.pt\/en\/wp-json\/wp\/v2\/media\/10799"}],"wp:attachment":[{"href":"https:\/\/livrariasolmar.pt\/en\/wp-json\/wp\/v2\/media?parent=10798"}],"wp:term":[{"taxonomy":"product_cat","embeddable":true,"href":"https:\/\/livrariasolmar.pt\/en\/wp-json\/wp\/v2\/product_cat?post=10798"},{"taxonomy":"product_tag","embeddable":true,"href":"https:\/\/livrariasolmar.pt\/en\/wp-json\/wp\/v2\/product_tag?post=10798"},{"taxonomy":"cat_produtos","embeddable":true,"href":"https:\/\/livrariasolmar.pt\/en\/wp-json\/wp\/v2\/cat_produtos?post=10798"}],"curies":[{"name":"wp","href":"https:\/\/api.w.org\/{rel}","templated":true}]}}