{"id":10802,"date":"2025-08-07T17:17:33","date_gmt":"2025-08-07T17:17:33","guid":{"rendered":"https:\/\/livrariasolmar.pt\/?post_type=product&#038;p=10802"},"modified":"2025-11-28T17:47:31","modified_gmt":"2025-11-28T17:47:31","slug":"o-namorado","status":"publish","type":"product","link":"https:\/\/livrariasolmar.pt\/en\/produto\/o-namorado\/","title":{"rendered":"O Namorado"},"content":{"rendered":"","protected":false},"excerpt":{"rendered":"<p>Sydney Shaw, como muitas mulheres solteiras em Nova Iorque, n\u00e3o tem tido muita sorte no mundo dos encontros. Mas, ap\u00f3s uma longa s\u00e9rie de desilus\u00f5es com homens que mentem nos perfis, desaparecem depois do primeiro encontro ou s\u00e3o obcecados pelas suas m\u00e3es, finalmente conhece algu\u00e9m diferente. Bonito, educado, atencioso \u2014 e m\u00e9dico num hospital prestigiado \u2014 Tom parece ser tudo o que ela sempre procurou.<\/p>\n<p>Mas quando uma jovem mulher \u00e9 brutalmente assassinada \u2014 o mais recente caso de uma s\u00e9rie de homic\u00eddios com v\u00edtimas encontradas em diferentes pontos da costa \u2014 a pol\u00edcia lan\u00e7a um alerta: todas as v\u00edtimas estavam envolvidas em encontros online. O principal suspeito? Um homem charmoso, discreto\u2026 e perigosamente invis\u00edvel.<\/p>\n<p>Sydney est\u00e1 apaixonada. Mas quanto mais perfeita parece a rela\u00e7\u00e3o, mais cresce uma d\u00favida inquietante: e se o homem dos seus sonhos for, na verdade, o seu pior pesadelo?<\/p>\n<p>Uma hist\u00f3ria sombria sobre obsess\u00e3o e at\u00e9 onde se pode ir por amor.<\/p>\n","protected":false},"author":2,"featured_media":10803,"template":"","meta":[],"product_cat":[477],"product_tag":[],"cat_produtos":[],"yoast_head":"<!-- This site is optimized with the Yoast SEO plugin v16.6 - https:\/\/yoast.com\/wordpress\/plugins\/seo\/ -->\n<title>O Namorado - Livraria Solmar - Livraria online<\/title>\n<meta name=\"robots\" content=\"index, follow, max-snippet:-1, max-image-preview:large, max-video-preview:-1\" \/>\n<link rel=\"canonical\" href=\"https:\/\/livrariasolmar.pt\/en\/produto\/o-namorado\/\" \/>\n<meta property=\"og:locale\" content=\"en_US\" \/>\n<meta property=\"og:type\" content=\"article\" \/>\n<meta property=\"og:title\" content=\"O Namorado - Livraria Solmar - Livraria online\" \/>\n<meta property=\"og:description\" content=\"Sydney Shaw, como muitas mulheres solteiras em Nova Iorque, n\u00e3o tem tido muita sorte no mundo dos encontros. Mas, ap\u00f3s uma longa s\u00e9rie de desilus\u00f5es com homens que mentem nos perfis, desaparecem depois do primeiro encontro ou s\u00e3o obcecados pelas suas m\u00e3es, finalmente conhece algu\u00e9m diferente. Bonito, educado, atencioso \u2014 e m\u00e9dico num hospital prestigiado \u2014 Tom parece ser tudo o que ela sempre procurou.  Mas quando uma jovem mulher \u00e9 brutalmente assassinada \u2014 o mais recente caso de uma s\u00e9rie de homic\u00eddios com v\u00edtimas encontradas em diferentes pontos da costa \u2014 a pol\u00edcia lan\u00e7a um alerta: todas as v\u00edtimas estavam envolvidas em encontros online. O principal suspeito? Um homem charmoso, discreto\u2026 e perigosamente invis\u00edvel.  Sydney est\u00e1 apaixonada. Mas quanto mais perfeita parece a rela\u00e7\u00e3o, mais cresce uma d\u00favida inquietante: e se o homem dos seus sonhos for, na verdade, o seu pior pesadelo?  Uma hist\u00f3ria sombria sobre obsess\u00e3o e at\u00e9 onde se pode ir por amor.\" \/>\n<meta property=\"og:url\" content=\"https:\/\/livrariasolmar.pt\/produto\/o-namorado\/\" \/>\n<meta property=\"og:site_name\" content=\"Livraria Solmar - Livraria online\" \/>\n<meta property=\"article:modified_time\" content=\"2025-11-28T17:47:31+00:00\" \/>\n<meta property=\"og:image\" content=\"https:\/\/livrariasolmar.pt\/wp-content\/uploads\/2025\/08\/1540-1-5.jpg\" \/>\n\t<meta property=\"og:image:width\" content=\"340\" \/>\n\t<meta property=\"og:image:height\" content=\"340\" \/>\n<meta name=\"twitter:card\" content=\"summary_large_image\" \/>\n<script type=\"application\/ld+json\" class=\"yoast-schema-graph\">{\"@context\":\"https:\/\/schema.org\",\"@graph\":[{\"@type\":\"WebSite\",\"@id\":\"https:\/\/livrariasolmar.pt\/#website\",\"url\":\"https:\/\/livrariasolmar.pt\/\",\"name\":\"Livraria Solmar - Livraria online\",\"description\":\"Com\\u00e9rcio Livros E Objetos De Arte, Lda - Ponta Delgada, A\\u00e7ores\",\"potentialAction\":[{\"@type\":\"SearchAction\",\"target\":{\"@type\":\"EntryPoint\",\"urlTemplate\":\"https:\/\/livrariasolmar.pt\/?s={search_term_string}\"},\"query-input\":\"required name=search_term_string\"}],\"inLanguage\":\"en-US\"},{\"@type\":\"ImageObject\",\"@id\":\"https:\/\/livrariasolmar.pt\/produto\/o-namorado\/#primaryimage\",\"inLanguage\":\"en-US\",\"url\":\"https:\/\/livrariasolmar.pt\/wp-content\/uploads\/2025\/08\/1540-1-5.jpg\",\"contentUrl\":\"https:\/\/livrariasolmar.pt\/wp-content\/uploads\/2025\/08\/1540-1-5.jpg\",\"width\":340,\"height\":340},{\"@type\":\"WebPage\",\"@id\":\"https:\/\/livrariasolmar.pt\/produto\/o-namorado\/#webpage\",\"url\":\"https:\/\/livrariasolmar.pt\/produto\/o-namorado\/\",\"name\":\"O Namorado - Livraria Solmar - Livraria online\",\"isPartOf\":{\"@id\":\"https:\/\/livrariasolmar.pt\/#website\"},\"primaryImageOfPage\":{\"@id\":\"https:\/\/livrariasolmar.pt\/produto\/o-namorado\/#primaryimage\"},\"datePublished\":\"2025-08-07T17:17:33+00:00\",\"dateModified\":\"2025-11-28T17:47:31+00:00\",\"breadcrumb\":{\"@id\":\"https:\/\/livrariasolmar.pt\/produto\/o-namorado\/#breadcrumb\"},\"inLanguage\":\"en-US\",\"potentialAction\":[{\"@type\":\"ReadAction\",\"target\":[\"https:\/\/livrariasolmar.pt\/produto\/o-namorado\/\"]}]},{\"@type\":\"BreadcrumbList\",\"@id\":\"https:\/\/livrariasolmar.pt\/produto\/o-namorado\/#breadcrumb\",\"itemListElement\":[{\"@type\":\"ListItem\",\"position\":1,\"name\":\"In\\u00edcio\",\"item\":\"https:\/\/livrariasolmar.pt\/en\/\"},{\"@type\":\"ListItem\",\"position\":2,\"name\":\"Shop\",\"item\":\"https:\/\/livrariasolmar.pt\/en\/shop\/\"},{\"@type\":\"ListItem\",\"position\":3,\"name\":\"O Namorado\"}]}]}<\/script>\n<!-- \/ Yoast SEO plugin. -->","_links":{"self":[{"href":"https:\/\/livrariasolmar.pt\/en\/wp-json\/wp\/v2\/product\/10802"}],"collection":[{"href":"https:\/\/livrariasolmar.pt\/en\/wp-json\/wp\/v2\/product"}],"about":[{"href":"https:\/\/livrariasolmar.pt\/en\/wp-json\/wp\/v2\/types\/product"}],"author":[{"embeddable":true,"href":"https:\/\/livrariasolmar.pt\/en\/wp-json\/wp\/v2\/users\/2"}],"wp:featuredmedia":[{"embeddable":true,"href":"https:\/\/livrariasolmar.pt\/en\/wp-json\/wp\/v2\/media\/10803"}],"wp:attachment":[{"href":"https:\/\/livrariasolmar.pt\/en\/wp-json\/wp\/v2\/media?parent=10802"}],"wp:term":[{"taxonomy":"product_cat","embeddable":true,"href":"https:\/\/livrariasolmar.pt\/en\/wp-json\/wp\/v2\/product_cat?post=10802"},{"taxonomy":"product_tag","embeddable":true,"href":"https:\/\/livrariasolmar.pt\/en\/wp-json\/wp\/v2\/product_tag?post=10802"},{"taxonomy":"cat_produtos","embeddable":true,"href":"https:\/\/livrariasolmar.pt\/en\/wp-json\/wp\/v2\/cat_produtos?post=10802"}],"curies":[{"name":"wp","href":"https:\/\/api.w.org\/{rel}","templated":true}]}}