{"id":10805,"date":"2025-08-26T16:25:59","date_gmt":"2025-08-26T16:25:59","guid":{"rendered":"https:\/\/livrariasolmar.pt\/?post_type=product&#038;p=10805"},"modified":"2025-12-30T18:00:49","modified_gmt":"2025-12-30T18:00:49","slug":"somos-livres-para-mudar-o-mundo","status":"publish","type":"product","link":"https:\/\/livrariasolmar.pt\/en\/produto\/somos-livres-para-mudar-o-mundo\/","title":{"rendered":"Somos Livres para Mudar o Mundo"},"content":{"rendered":"","protected":false},"excerpt":{"rendered":"<p>A viol\u00eancia e a instabilidade do mundo atual n\u00e3o foram estranhas a Hannah Arendt. Tirania, invas\u00f5es, desencanto, a pol\u00edtica da p\u00f3s-verdade, teorias da conspira\u00e7\u00e3o, racismo, migra\u00e7\u00f5es em massa, a banaliza\u00e7\u00e3o do mal: na sua vida assistiu a tudo isso.<\/p>\n<p>Nascida na primeira d\u00e9cada do s\u00e9culo XX, Hannah Arendt fugiu da Europa fascista para reconstruir a vida na Am\u00e9rica, onde se tornaria uma das intelectuais p\u00fablicas mais influentes &#8211; e controversas &#8211; do mundo. Escreveu sobre o poder e o terror, o ex\u00edlio e o amor, e acima de tudo sobre a liberdade. Questionar &#8211; pensar &#8211; era a sua principal defesa contra a tirania. Em vez das for\u00e7as das trevas e da insanidade, propunha uma pol\u00edtica de pluralidade, espontaneidade e desobedi\u00eancia. Amar o mundo, ensinava Arendt, significava ter a coragem de o proteger.<\/p>\n<p>Escrito com paix\u00e3o e autoridade, este livro faz luz sobre a vida e a obra de Arendt e mostra porque t\u00eam as suas ideias uma atualidade perturbante.<\/p>\n","protected":false},"author":2,"featured_media":10806,"template":"","meta":[],"product_cat":[176],"product_tag":[],"cat_produtos":[1905],"yoast_head":"<!-- This site is optimized with the Yoast SEO plugin v16.6 - https:\/\/yoast.com\/wordpress\/plugins\/seo\/ -->\n<title>Somos Livres para Mudar o Mundo - Livraria Solmar - Livraria online<\/title>\n<meta name=\"robots\" content=\"index, follow, max-snippet:-1, max-image-preview:large, max-video-preview:-1\" \/>\n<link rel=\"canonical\" href=\"https:\/\/livrariasolmar.pt\/en\/produto\/somos-livres-para-mudar-o-mundo\/\" \/>\n<meta property=\"og:locale\" content=\"en_US\" \/>\n<meta property=\"og:type\" content=\"article\" \/>\n<meta property=\"og:title\" content=\"Somos Livres para Mudar o Mundo - Livraria Solmar - Livraria online\" \/>\n<meta property=\"og:description\" content=\"A viol\u00eancia e a instabilidade do mundo atual n\u00e3o foram estranhas a Hannah Arendt. Tirania, invas\u00f5es, desencanto, a pol\u00edtica da p\u00f3s-verdade, teorias da conspira\u00e7\u00e3o, racismo, migra\u00e7\u00f5es em massa, a banaliza\u00e7\u00e3o do mal: na sua vida assistiu a tudo isso.  Nascida na primeira d\u00e9cada do s\u00e9culo XX, Hannah Arendt fugiu da Europa fascista para reconstruir a vida na Am\u00e9rica, onde se tornaria uma das intelectuais p\u00fablicas mais influentes - e controversas - do mundo. Escreveu sobre o poder e o terror, o ex\u00edlio e o amor, e acima de tudo sobre a liberdade. Questionar - pensar - era a sua principal defesa contra a tirania. Em vez das for\u00e7as das trevas e da insanidade, propunha uma pol\u00edtica de pluralidade, espontaneidade e desobedi\u00eancia. Amar o mundo, ensinava Arendt, significava ter a coragem de o proteger.  Escrito com paix\u00e3o e autoridade, este livro faz luz sobre a vida e a obra de Arendt e mostra porque t\u00eam as suas ideias uma atualidade perturbante.\" \/>\n<meta property=\"og:url\" content=\"https:\/\/livrariasolmar.pt\/produto\/somos-livres-para-mudar-o-mundo\/\" \/>\n<meta property=\"og:site_name\" content=\"Livraria Solmar - Livraria online\" \/>\n<meta property=\"article:modified_time\" content=\"2025-12-30T18:00:49+00:00\" \/>\n<meta property=\"og:image\" content=\"https:\/\/livrariasolmar.pt\/wp-content\/uploads\/2025\/08\/1540-1-1-2.jpg\" \/>\n\t<meta property=\"og:image:width\" content=\"340\" \/>\n\t<meta property=\"og:image:height\" content=\"340\" \/>\n<meta name=\"twitter:card\" content=\"summary_large_image\" \/>\n<script type=\"application\/ld+json\" class=\"yoast-schema-graph\">{\"@context\":\"https:\/\/schema.org\",\"@graph\":[{\"@type\":\"WebSite\",\"@id\":\"https:\/\/livrariasolmar.pt\/#website\",\"url\":\"https:\/\/livrariasolmar.pt\/\",\"name\":\"Livraria Solmar - Livraria online\",\"description\":\"Com\\u00e9rcio Livros E Objetos De Arte, Lda - Ponta Delgada, A\\u00e7ores\",\"potentialAction\":[{\"@type\":\"SearchAction\",\"target\":{\"@type\":\"EntryPoint\",\"urlTemplate\":\"https:\/\/livrariasolmar.pt\/?s={search_term_string}\"},\"query-input\":\"required name=search_term_string\"}],\"inLanguage\":\"en-US\"},{\"@type\":\"ImageObject\",\"@id\":\"https:\/\/livrariasolmar.pt\/produto\/somos-livres-para-mudar-o-mundo\/#primaryimage\",\"inLanguage\":\"en-US\",\"url\":\"https:\/\/livrariasolmar.pt\/wp-content\/uploads\/2025\/08\/1540-1-1-2.jpg\",\"contentUrl\":\"https:\/\/livrariasolmar.pt\/wp-content\/uploads\/2025\/08\/1540-1-1-2.jpg\",\"width\":340,\"height\":340},{\"@type\":\"WebPage\",\"@id\":\"https:\/\/livrariasolmar.pt\/produto\/somos-livres-para-mudar-o-mundo\/#webpage\",\"url\":\"https:\/\/livrariasolmar.pt\/produto\/somos-livres-para-mudar-o-mundo\/\",\"name\":\"Somos Livres para Mudar o Mundo - Livraria Solmar - Livraria online\",\"isPartOf\":{\"@id\":\"https:\/\/livrariasolmar.pt\/#website\"},\"primaryImageOfPage\":{\"@id\":\"https:\/\/livrariasolmar.pt\/produto\/somos-livres-para-mudar-o-mundo\/#primaryimage\"},\"datePublished\":\"2025-08-26T16:25:59+00:00\",\"dateModified\":\"2025-12-30T18:00:49+00:00\",\"breadcrumb\":{\"@id\":\"https:\/\/livrariasolmar.pt\/produto\/somos-livres-para-mudar-o-mundo\/#breadcrumb\"},\"inLanguage\":\"en-US\",\"potentialAction\":[{\"@type\":\"ReadAction\",\"target\":[\"https:\/\/livrariasolmar.pt\/produto\/somos-livres-para-mudar-o-mundo\/\"]}]},{\"@type\":\"BreadcrumbList\",\"@id\":\"https:\/\/livrariasolmar.pt\/produto\/somos-livres-para-mudar-o-mundo\/#breadcrumb\",\"itemListElement\":[{\"@type\":\"ListItem\",\"position\":1,\"name\":\"In\\u00edcio\",\"item\":\"https:\/\/livrariasolmar.pt\/en\/\"},{\"@type\":\"ListItem\",\"position\":2,\"name\":\"Shop\",\"item\":\"https:\/\/livrariasolmar.pt\/en\/shop\/\"},{\"@type\":\"ListItem\",\"position\":3,\"name\":\"Somos Livres para Mudar o Mundo\"}]}]}<\/script>\n<!-- \/ Yoast SEO plugin. -->","_links":{"self":[{"href":"https:\/\/livrariasolmar.pt\/en\/wp-json\/wp\/v2\/product\/10805"}],"collection":[{"href":"https:\/\/livrariasolmar.pt\/en\/wp-json\/wp\/v2\/product"}],"about":[{"href":"https:\/\/livrariasolmar.pt\/en\/wp-json\/wp\/v2\/types\/product"}],"author":[{"embeddable":true,"href":"https:\/\/livrariasolmar.pt\/en\/wp-json\/wp\/v2\/users\/2"}],"wp:featuredmedia":[{"embeddable":true,"href":"https:\/\/livrariasolmar.pt\/en\/wp-json\/wp\/v2\/media\/10806"}],"wp:attachment":[{"href":"https:\/\/livrariasolmar.pt\/en\/wp-json\/wp\/v2\/media?parent=10805"}],"wp:term":[{"taxonomy":"product_cat","embeddable":true,"href":"https:\/\/livrariasolmar.pt\/en\/wp-json\/wp\/v2\/product_cat?post=10805"},{"taxonomy":"product_tag","embeddable":true,"href":"https:\/\/livrariasolmar.pt\/en\/wp-json\/wp\/v2\/product_tag?post=10805"},{"taxonomy":"cat_produtos","embeddable":true,"href":"https:\/\/livrariasolmar.pt\/en\/wp-json\/wp\/v2\/cat_produtos?post=10805"}],"curies":[{"name":"wp","href":"https:\/\/api.w.org\/{rel}","templated":true}]}}