{"id":10811,"date":"2025-08-07T18:35:28","date_gmt":"2025-08-07T18:35:28","guid":{"rendered":"https:\/\/livrariasolmar.pt\/?post_type=product&#038;p=10811"},"modified":"2025-09-18T18:10:28","modified_gmt":"2025-09-18T18:10:28","slug":"balada-para-sophie","status":"publish","type":"product","link":"https:\/\/livrariasolmar.pt\/en\/produto\/balada-para-sophie\/","title":{"rendered":"Balada para Sophie"},"content":{"rendered":"","protected":false},"excerpt":{"rendered":"<p>A vida de Julien Dubois, pianista de sucesso, confunde-se com a hist\u00f3ria da Europa do s\u00e9culo XX. Desencantado e misantropo, vive a reforma numa velha mans\u00e3o, com um gato e uma governanta por companhia.<\/p>\n<p>Um dia, \u00e9 visitado por uma jovem jornalista que o incita a contar a sua verdadeira hist\u00f3ria. Nas paredes da casa, saturadas de fumo de cigarro e de velhas mem\u00f3rias, ressoa a confiss\u00e3o de uma vida feita de rivalidade, desamor e arrependimento.<\/p>\n<p><i>Balada para Sophie<\/i>\u00a0\u00e9 uma deslumbrante novela gr\u00e1fica de uma das duplas mais consagradas da Banda Desenhada em Portugal.<\/p>\n","protected":false},"author":2,"featured_media":10812,"template":"","meta":[],"product_cat":[174],"product_tag":[],"cat_produtos":[],"yoast_head":"<!-- This site is optimized with the Yoast SEO plugin v16.6 - https:\/\/yoast.com\/wordpress\/plugins\/seo\/ -->\n<title>Balada para Sophie - Livraria Solmar - Livraria online<\/title>\n<meta name=\"robots\" content=\"index, follow, max-snippet:-1, max-image-preview:large, max-video-preview:-1\" \/>\n<link rel=\"canonical\" href=\"https:\/\/livrariasolmar.pt\/en\/produto\/balada-para-sophie\/\" \/>\n<meta property=\"og:locale\" content=\"en_US\" \/>\n<meta property=\"og:type\" content=\"article\" \/>\n<meta property=\"og:title\" content=\"Balada para Sophie - Livraria Solmar - Livraria online\" \/>\n<meta property=\"og:description\" content=\"A vida de Julien Dubois, pianista de sucesso, confunde-se com a hist\u00f3ria da Europa do s\u00e9culo XX. Desencantado e misantropo, vive a reforma numa velha mans\u00e3o, com um gato e uma governanta por companhia.  Um dia, \u00e9 visitado por uma jovem jornalista que o incita a contar a sua verdadeira hist\u00f3ria. Nas paredes da casa, saturadas de fumo de cigarro e de velhas mem\u00f3rias, ressoa a confiss\u00e3o de uma vida feita de rivalidade, desamor e arrependimento.  Balada para Sophie\u00a0\u00e9 uma deslumbrante novela gr\u00e1fica de uma das duplas mais consagradas da Banda Desenhada em Portugal.\" \/>\n<meta property=\"og:url\" content=\"https:\/\/livrariasolmar.pt\/produto\/balada-para-sophie\/\" \/>\n<meta property=\"og:site_name\" content=\"Livraria Solmar - Livraria online\" \/>\n<meta property=\"article:modified_time\" content=\"2025-09-18T18:10:28+00:00\" \/>\n<meta property=\"og:image\" content=\"https:\/\/livrariasolmar.pt\/wp-content\/uploads\/2025\/08\/1540-1-3-1.jpg\" \/>\n\t<meta property=\"og:image:width\" content=\"340\" \/>\n\t<meta property=\"og:image:height\" content=\"340\" \/>\n<meta name=\"twitter:card\" content=\"summary_large_image\" \/>\n<script type=\"application\/ld+json\" class=\"yoast-schema-graph\">{\"@context\":\"https:\/\/schema.org\",\"@graph\":[{\"@type\":\"WebSite\",\"@id\":\"https:\/\/livrariasolmar.pt\/#website\",\"url\":\"https:\/\/livrariasolmar.pt\/\",\"name\":\"Livraria Solmar - Livraria online\",\"description\":\"Com\\u00e9rcio Livros E Objetos De Arte, Lda - Ponta Delgada, A\\u00e7ores\",\"potentialAction\":[{\"@type\":\"SearchAction\",\"target\":{\"@type\":\"EntryPoint\",\"urlTemplate\":\"https:\/\/livrariasolmar.pt\/?s={search_term_string}\"},\"query-input\":\"required name=search_term_string\"}],\"inLanguage\":\"en-US\"},{\"@type\":\"ImageObject\",\"@id\":\"https:\/\/livrariasolmar.pt\/produto\/balada-para-sophie\/#primaryimage\",\"inLanguage\":\"en-US\",\"url\":\"https:\/\/livrariasolmar.pt\/wp-content\/uploads\/2025\/08\/1540-1-3-1.jpg\",\"contentUrl\":\"https:\/\/livrariasolmar.pt\/wp-content\/uploads\/2025\/08\/1540-1-3-1.jpg\",\"width\":340,\"height\":340},{\"@type\":\"WebPage\",\"@id\":\"https:\/\/livrariasolmar.pt\/produto\/balada-para-sophie\/#webpage\",\"url\":\"https:\/\/livrariasolmar.pt\/produto\/balada-para-sophie\/\",\"name\":\"Balada para Sophie - Livraria Solmar - Livraria online\",\"isPartOf\":{\"@id\":\"https:\/\/livrariasolmar.pt\/#website\"},\"primaryImageOfPage\":{\"@id\":\"https:\/\/livrariasolmar.pt\/produto\/balada-para-sophie\/#primaryimage\"},\"datePublished\":\"2025-08-07T18:35:28+00:00\",\"dateModified\":\"2025-09-18T18:10:28+00:00\",\"breadcrumb\":{\"@id\":\"https:\/\/livrariasolmar.pt\/produto\/balada-para-sophie\/#breadcrumb\"},\"inLanguage\":\"en-US\",\"potentialAction\":[{\"@type\":\"ReadAction\",\"target\":[\"https:\/\/livrariasolmar.pt\/produto\/balada-para-sophie\/\"]}]},{\"@type\":\"BreadcrumbList\",\"@id\":\"https:\/\/livrariasolmar.pt\/produto\/balada-para-sophie\/#breadcrumb\",\"itemListElement\":[{\"@type\":\"ListItem\",\"position\":1,\"name\":\"In\\u00edcio\",\"item\":\"https:\/\/livrariasolmar.pt\/en\/\"},{\"@type\":\"ListItem\",\"position\":2,\"name\":\"Shop\",\"item\":\"https:\/\/livrariasolmar.pt\/en\/shop\/\"},{\"@type\":\"ListItem\",\"position\":3,\"name\":\"Balada para Sophie\"}]}]}<\/script>\n<!-- \/ Yoast SEO plugin. -->","_links":{"self":[{"href":"https:\/\/livrariasolmar.pt\/en\/wp-json\/wp\/v2\/product\/10811"}],"collection":[{"href":"https:\/\/livrariasolmar.pt\/en\/wp-json\/wp\/v2\/product"}],"about":[{"href":"https:\/\/livrariasolmar.pt\/en\/wp-json\/wp\/v2\/types\/product"}],"author":[{"embeddable":true,"href":"https:\/\/livrariasolmar.pt\/en\/wp-json\/wp\/v2\/users\/2"}],"wp:featuredmedia":[{"embeddable":true,"href":"https:\/\/livrariasolmar.pt\/en\/wp-json\/wp\/v2\/media\/10812"}],"wp:attachment":[{"href":"https:\/\/livrariasolmar.pt\/en\/wp-json\/wp\/v2\/media?parent=10811"}],"wp:term":[{"taxonomy":"product_cat","embeddable":true,"href":"https:\/\/livrariasolmar.pt\/en\/wp-json\/wp\/v2\/product_cat?post=10811"},{"taxonomy":"product_tag","embeddable":true,"href":"https:\/\/livrariasolmar.pt\/en\/wp-json\/wp\/v2\/product_tag?post=10811"},{"taxonomy":"cat_produtos","embeddable":true,"href":"https:\/\/livrariasolmar.pt\/en\/wp-json\/wp\/v2\/cat_produtos?post=10811"}],"curies":[{"name":"wp","href":"https:\/\/api.w.org\/{rel}","templated":true}]}}