{"id":10814,"date":"2025-08-07T18:43:15","date_gmt":"2025-08-07T18:43:15","guid":{"rendered":"https:\/\/livrariasolmar.pt\/?post_type=product&#038;p=10814"},"modified":"2025-09-18T18:09:46","modified_gmt":"2025-09-18T18:09:46","slug":"pobre-charlie-brown","status":"publish","type":"product","link":"https:\/\/livrariasolmar.pt\/en\/produto\/pobre-charlie-brown\/","title":{"rendered":"Pobre Charlie Brown!"},"content":{"rendered":"","protected":false},"excerpt":{"rendered":"<p>O protagonista da banda desenhada mais famosa da hist\u00f3ria est\u00e1 de volta para consolidar a popularidade dos\u00a0<i>Peanuts<\/i>\u00a0e assegurar a sua reputa\u00e7\u00e3o como cl\u00e1ssico \u00fanico e intemporal. Sonhador incans\u00e1vel e eterno otimista, mesmo quando tudo parece correr mal, Charlie Brown conquistou gera\u00e7\u00f5es com o seu charme desajeitado, as suas reflex\u00f5es sobre a vida e a sua comovente resili\u00eancia. Uma personagem intemporal que nos faz rir, pensar e, acima de tudo, acreditar que, apesar de todos os fracassos, vale sempre a pena voltar a tentar.<\/p>\n<p>Este livro re\u00fane uma sele\u00e7\u00e3o de tiras dos\u00a0<i>Peanuts<\/i>\u00a0publicadas em diferentes jornais entre 1957 e 1959, criadas com o humor inteligente, ir\u00f3nico e \u00fanico de Charles M. Schulz.<\/p>\n","protected":false},"author":2,"featured_media":10815,"template":"","meta":[],"product_cat":[174],"product_tag":[],"cat_produtos":[],"yoast_head":"<!-- This site is optimized with the Yoast SEO plugin v16.6 - https:\/\/yoast.com\/wordpress\/plugins\/seo\/ -->\n<title>Pobre Charlie Brown! - Livraria Solmar - Livraria online<\/title>\n<meta name=\"robots\" content=\"index, follow, max-snippet:-1, max-image-preview:large, max-video-preview:-1\" \/>\n<link rel=\"canonical\" href=\"https:\/\/livrariasolmar.pt\/en\/produto\/pobre-charlie-brown\/\" \/>\n<meta property=\"og:locale\" content=\"en_US\" \/>\n<meta property=\"og:type\" content=\"article\" \/>\n<meta property=\"og:title\" content=\"Pobre Charlie Brown! - Livraria Solmar - Livraria online\" \/>\n<meta property=\"og:description\" content=\"O protagonista da banda desenhada mais famosa da hist\u00f3ria est\u00e1 de volta para consolidar a popularidade dos\u00a0Peanuts\u00a0e assegurar a sua reputa\u00e7\u00e3o como cl\u00e1ssico \u00fanico e intemporal. Sonhador incans\u00e1vel e eterno otimista, mesmo quando tudo parece correr mal, Charlie Brown conquistou gera\u00e7\u00f5es com o seu charme desajeitado, as suas reflex\u00f5es sobre a vida e a sua comovente resili\u00eancia. Uma personagem intemporal que nos faz rir, pensar e, acima de tudo, acreditar que, apesar de todos os fracassos, vale sempre a pena voltar a tentar.  Este livro re\u00fane uma sele\u00e7\u00e3o de tiras dos\u00a0Peanuts\u00a0publicadas em diferentes jornais entre 1957 e 1959, criadas com o humor inteligente, ir\u00f3nico e \u00fanico de Charles M. Schulz.\" \/>\n<meta property=\"og:url\" content=\"https:\/\/livrariasolmar.pt\/produto\/pobre-charlie-brown\/\" \/>\n<meta property=\"og:site_name\" content=\"Livraria Solmar - Livraria online\" \/>\n<meta property=\"article:modified_time\" content=\"2025-09-18T18:09:46+00:00\" \/>\n<meta property=\"og:image\" content=\"https:\/\/livrariasolmar.pt\/wp-content\/uploads\/2025\/08\/1540-1-4-1.jpg\" \/>\n\t<meta property=\"og:image:width\" content=\"340\" \/>\n\t<meta property=\"og:image:height\" content=\"340\" \/>\n<meta name=\"twitter:card\" content=\"summary_large_image\" \/>\n<script type=\"application\/ld+json\" class=\"yoast-schema-graph\">{\"@context\":\"https:\/\/schema.org\",\"@graph\":[{\"@type\":\"WebSite\",\"@id\":\"https:\/\/livrariasolmar.pt\/#website\",\"url\":\"https:\/\/livrariasolmar.pt\/\",\"name\":\"Livraria Solmar - Livraria online\",\"description\":\"Com\\u00e9rcio Livros E Objetos De Arte, Lda - Ponta Delgada, A\\u00e7ores\",\"potentialAction\":[{\"@type\":\"SearchAction\",\"target\":{\"@type\":\"EntryPoint\",\"urlTemplate\":\"https:\/\/livrariasolmar.pt\/?s={search_term_string}\"},\"query-input\":\"required name=search_term_string\"}],\"inLanguage\":\"en-US\"},{\"@type\":\"ImageObject\",\"@id\":\"https:\/\/livrariasolmar.pt\/produto\/pobre-charlie-brown\/#primaryimage\",\"inLanguage\":\"en-US\",\"url\":\"https:\/\/livrariasolmar.pt\/wp-content\/uploads\/2025\/08\/1540-1-4-1.jpg\",\"contentUrl\":\"https:\/\/livrariasolmar.pt\/wp-content\/uploads\/2025\/08\/1540-1-4-1.jpg\",\"width\":340,\"height\":340},{\"@type\":\"WebPage\",\"@id\":\"https:\/\/livrariasolmar.pt\/produto\/pobre-charlie-brown\/#webpage\",\"url\":\"https:\/\/livrariasolmar.pt\/produto\/pobre-charlie-brown\/\",\"name\":\"Pobre Charlie Brown! - Livraria Solmar - Livraria online\",\"isPartOf\":{\"@id\":\"https:\/\/livrariasolmar.pt\/#website\"},\"primaryImageOfPage\":{\"@id\":\"https:\/\/livrariasolmar.pt\/produto\/pobre-charlie-brown\/#primaryimage\"},\"datePublished\":\"2025-08-07T18:43:15+00:00\",\"dateModified\":\"2025-09-18T18:09:46+00:00\",\"breadcrumb\":{\"@id\":\"https:\/\/livrariasolmar.pt\/produto\/pobre-charlie-brown\/#breadcrumb\"},\"inLanguage\":\"en-US\",\"potentialAction\":[{\"@type\":\"ReadAction\",\"target\":[\"https:\/\/livrariasolmar.pt\/produto\/pobre-charlie-brown\/\"]}]},{\"@type\":\"BreadcrumbList\",\"@id\":\"https:\/\/livrariasolmar.pt\/produto\/pobre-charlie-brown\/#breadcrumb\",\"itemListElement\":[{\"@type\":\"ListItem\",\"position\":1,\"name\":\"In\\u00edcio\",\"item\":\"https:\/\/livrariasolmar.pt\/en\/\"},{\"@type\":\"ListItem\",\"position\":2,\"name\":\"Shop\",\"item\":\"https:\/\/livrariasolmar.pt\/en\/shop\/\"},{\"@type\":\"ListItem\",\"position\":3,\"name\":\"Pobre Charlie Brown!\"}]}]}<\/script>\n<!-- \/ Yoast SEO plugin. -->","_links":{"self":[{"href":"https:\/\/livrariasolmar.pt\/en\/wp-json\/wp\/v2\/product\/10814"}],"collection":[{"href":"https:\/\/livrariasolmar.pt\/en\/wp-json\/wp\/v2\/product"}],"about":[{"href":"https:\/\/livrariasolmar.pt\/en\/wp-json\/wp\/v2\/types\/product"}],"author":[{"embeddable":true,"href":"https:\/\/livrariasolmar.pt\/en\/wp-json\/wp\/v2\/users\/2"}],"wp:featuredmedia":[{"embeddable":true,"href":"https:\/\/livrariasolmar.pt\/en\/wp-json\/wp\/v2\/media\/10815"}],"wp:attachment":[{"href":"https:\/\/livrariasolmar.pt\/en\/wp-json\/wp\/v2\/media?parent=10814"}],"wp:term":[{"taxonomy":"product_cat","embeddable":true,"href":"https:\/\/livrariasolmar.pt\/en\/wp-json\/wp\/v2\/product_cat?post=10814"},{"taxonomy":"product_tag","embeddable":true,"href":"https:\/\/livrariasolmar.pt\/en\/wp-json\/wp\/v2\/product_tag?post=10814"},{"taxonomy":"cat_produtos","embeddable":true,"href":"https:\/\/livrariasolmar.pt\/en\/wp-json\/wp\/v2\/cat_produtos?post=10814"}],"curies":[{"name":"wp","href":"https:\/\/api.w.org\/{rel}","templated":true}]}}