{"id":10817,"date":"2025-08-09T18:45:05","date_gmt":"2025-08-09T18:45:05","guid":{"rendered":"https:\/\/livrariasolmar.pt\/?post_type=product&#038;p=10817"},"modified":"2025-11-16T16:13:38","modified_gmt":"2025-11-16T16:13:38","slug":"cancoes-para-o-incendio","status":"publish","type":"product","link":"https:\/\/livrariasolmar.pt\/en\/produto\/cancoes-para-o-incendio\/","title":{"rendered":"Can\u00e7\u00f5es para o Inc\u00eandio"},"content":{"rendered":"","protected":false},"excerpt":{"rendered":"<p>Nas hist\u00f3rias de mulheres e homens comuns declinam-se temas como a mem\u00f3ria, o poder e significado da viol\u00eancia, e a rela\u00e7\u00e3o complexa entre literatura e verdade.<\/p>\n<p>Uma fot\u00f3grafa de renome apercebe-se de algo que teria preferido ignorar. Um veterano da Guerra da Coreia confronta-se com um segredo do passado durante um encontro que parecia inofensivo.<\/p>\n<p>Um escritor depara-se com a hist\u00f3ria apaixonante de uma \u00f3rf\u00e3 da Grande Guerra. Na Col\u00f4mbia, em Espanha, Paris ou Hollywood, as hist\u00f3rias deste livro irradiam a estranha luz das coisas que ferem. Juan Gabriel V\u00e1squez d\u00e1 prova, uma vez mais, de mestria narrativa e profundo entendimento da exist\u00eancia humana.<\/p>\n<p>Um livro belo e cru sobre a for\u00e7a do acaso, que declina temas como a mem\u00f3ria, o poder e significado da viol\u00eancia, e a rela\u00e7\u00e3o complexa entre literatura e verdade.<\/p>\n","protected":false},"author":2,"featured_media":10818,"template":"","meta":[],"product_cat":[153],"product_tag":[],"cat_produtos":[],"yoast_head":"<!-- This site is optimized with the Yoast SEO plugin v16.6 - https:\/\/yoast.com\/wordpress\/plugins\/seo\/ -->\n<title>Can\u00e7\u00f5es para o Inc\u00eandio - Livraria Solmar - Livraria online<\/title>\n<meta name=\"robots\" content=\"index, follow, max-snippet:-1, max-image-preview:large, max-video-preview:-1\" \/>\n<link rel=\"canonical\" href=\"https:\/\/livrariasolmar.pt\/en\/produto\/cancoes-para-o-incendio\/\" \/>\n<meta property=\"og:locale\" content=\"en_US\" \/>\n<meta property=\"og:type\" content=\"article\" \/>\n<meta property=\"og:title\" content=\"Can\u00e7\u00f5es para o Inc\u00eandio - Livraria Solmar - Livraria online\" \/>\n<meta property=\"og:description\" content=\"Nas hist\u00f3rias de mulheres e homens comuns declinam-se temas como a mem\u00f3ria, o poder e significado da viol\u00eancia, e a rela\u00e7\u00e3o complexa entre literatura e verdade.  Uma fot\u00f3grafa de renome apercebe-se de algo que teria preferido ignorar. Um veterano da Guerra da Coreia confronta-se com um segredo do passado durante um encontro que parecia inofensivo.  Um escritor depara-se com a hist\u00f3ria apaixonante de uma \u00f3rf\u00e3 da Grande Guerra. Na Col\u00f4mbia, em Espanha, Paris ou Hollywood, as hist\u00f3rias deste livro irradiam a estranha luz das coisas que ferem. Juan Gabriel V\u00e1squez d\u00e1 prova, uma vez mais, de mestria narrativa e profundo entendimento da exist\u00eancia humana.  Um livro belo e cru sobre a for\u00e7a do acaso, que declina temas como a mem\u00f3ria, o poder e significado da viol\u00eancia, e a rela\u00e7\u00e3o complexa entre literatura e verdade.\" \/>\n<meta property=\"og:url\" content=\"https:\/\/livrariasolmar.pt\/produto\/cancoes-para-o-incendio\/\" \/>\n<meta property=\"og:site_name\" content=\"Livraria Solmar - Livraria online\" \/>\n<meta property=\"article:modified_time\" content=\"2025-11-16T16:13:38+00:00\" \/>\n<meta property=\"og:image\" content=\"https:\/\/livrariasolmar.pt\/wp-content\/uploads\/2025\/08\/1507-1-1.jpg\" \/>\n\t<meta property=\"og:image:width\" content=\"400\" \/>\n\t<meta property=\"og:image:height\" content=\"500\" \/>\n<meta name=\"twitter:card\" content=\"summary_large_image\" \/>\n<script type=\"application\/ld+json\" class=\"yoast-schema-graph\">{\"@context\":\"https:\/\/schema.org\",\"@graph\":[{\"@type\":\"WebSite\",\"@id\":\"https:\/\/livrariasolmar.pt\/#website\",\"url\":\"https:\/\/livrariasolmar.pt\/\",\"name\":\"Livraria Solmar - Livraria online\",\"description\":\"Com\\u00e9rcio Livros E Objetos De Arte, Lda - Ponta Delgada, A\\u00e7ores\",\"potentialAction\":[{\"@type\":\"SearchAction\",\"target\":{\"@type\":\"EntryPoint\",\"urlTemplate\":\"https:\/\/livrariasolmar.pt\/?s={search_term_string}\"},\"query-input\":\"required name=search_term_string\"}],\"inLanguage\":\"en-US\"},{\"@type\":\"ImageObject\",\"@id\":\"https:\/\/livrariasolmar.pt\/produto\/cancoes-para-o-incendio\/#primaryimage\",\"inLanguage\":\"en-US\",\"url\":\"https:\/\/livrariasolmar.pt\/wp-content\/uploads\/2025\/08\/1507-1-1.jpg\",\"contentUrl\":\"https:\/\/livrariasolmar.pt\/wp-content\/uploads\/2025\/08\/1507-1-1.jpg\",\"width\":400,\"height\":500},{\"@type\":\"WebPage\",\"@id\":\"https:\/\/livrariasolmar.pt\/produto\/cancoes-para-o-incendio\/#webpage\",\"url\":\"https:\/\/livrariasolmar.pt\/produto\/cancoes-para-o-incendio\/\",\"name\":\"Can\\u00e7\\u00f5es para o Inc\\u00eandio - Livraria Solmar - Livraria online\",\"isPartOf\":{\"@id\":\"https:\/\/livrariasolmar.pt\/#website\"},\"primaryImageOfPage\":{\"@id\":\"https:\/\/livrariasolmar.pt\/produto\/cancoes-para-o-incendio\/#primaryimage\"},\"datePublished\":\"2025-08-09T18:45:05+00:00\",\"dateModified\":\"2025-11-16T16:13:38+00:00\",\"breadcrumb\":{\"@id\":\"https:\/\/livrariasolmar.pt\/produto\/cancoes-para-o-incendio\/#breadcrumb\"},\"inLanguage\":\"en-US\",\"potentialAction\":[{\"@type\":\"ReadAction\",\"target\":[\"https:\/\/livrariasolmar.pt\/produto\/cancoes-para-o-incendio\/\"]}]},{\"@type\":\"BreadcrumbList\",\"@id\":\"https:\/\/livrariasolmar.pt\/produto\/cancoes-para-o-incendio\/#breadcrumb\",\"itemListElement\":[{\"@type\":\"ListItem\",\"position\":1,\"name\":\"In\\u00edcio\",\"item\":\"https:\/\/livrariasolmar.pt\/en\/\"},{\"@type\":\"ListItem\",\"position\":2,\"name\":\"Shop\",\"item\":\"https:\/\/livrariasolmar.pt\/en\/shop\/\"},{\"@type\":\"ListItem\",\"position\":3,\"name\":\"Can\\u00e7\\u00f5es para o Inc\\u00eandio\"}]}]}<\/script>\n<!-- \/ Yoast SEO plugin. -->","_links":{"self":[{"href":"https:\/\/livrariasolmar.pt\/en\/wp-json\/wp\/v2\/product\/10817"}],"collection":[{"href":"https:\/\/livrariasolmar.pt\/en\/wp-json\/wp\/v2\/product"}],"about":[{"href":"https:\/\/livrariasolmar.pt\/en\/wp-json\/wp\/v2\/types\/product"}],"author":[{"embeddable":true,"href":"https:\/\/livrariasolmar.pt\/en\/wp-json\/wp\/v2\/users\/2"}],"wp:featuredmedia":[{"embeddable":true,"href":"https:\/\/livrariasolmar.pt\/en\/wp-json\/wp\/v2\/media\/10818"}],"wp:attachment":[{"href":"https:\/\/livrariasolmar.pt\/en\/wp-json\/wp\/v2\/media?parent=10817"}],"wp:term":[{"taxonomy":"product_cat","embeddable":true,"href":"https:\/\/livrariasolmar.pt\/en\/wp-json\/wp\/v2\/product_cat?post=10817"},{"taxonomy":"product_tag","embeddable":true,"href":"https:\/\/livrariasolmar.pt\/en\/wp-json\/wp\/v2\/product_tag?post=10817"},{"taxonomy":"cat_produtos","embeddable":true,"href":"https:\/\/livrariasolmar.pt\/en\/wp-json\/wp\/v2\/cat_produtos?post=10817"}],"curies":[{"name":"wp","href":"https:\/\/api.w.org\/{rel}","templated":true}]}}