{"id":10820,"date":"2025-08-09T18:57:06","date_gmt":"2025-08-09T18:57:06","guid":{"rendered":"https:\/\/livrariasolmar.pt\/?post_type=product&#038;p=10820"},"modified":"2025-10-08T17:39:58","modified_gmt":"2025-10-08T17:39:58","slug":"ferias-de-agosto","status":"publish","type":"product","link":"https:\/\/livrariasolmar.pt\/en\/produto\/ferias-de-agosto\/","title":{"rendered":"F\u00e9rias de Agosto"},"content":{"rendered":"","protected":false},"excerpt":{"rendered":"<p><em>Nada me deve aquele campo para que eu possa fazer outra coisa al\u00e9m de calar-me e deix\u00e1-lo entrar em mim. E o campo e os caules secos a pouco e pouco sussurram-me e fixam-se-me no cora\u00e7\u00e3o. Entre n\u00f3s n\u00e3o surgem palavras. As palavras foram ditas h\u00e1 muito.<\/em><\/p>\n<p>Dividido em tr\u00eas partes e percorrendo vinte e nove narrativas breves,\u00a0<em>F\u00e9rias de Agosto<\/em>\u00a0re\u00fane frescos de um ver\u00e3o italiano carregado de paix\u00f5es e temores, que, sob a luz fulgurante do sol e das fogueiras, se estende pela vida do autor. Atrav\u00e9s deles reverbera o n\u00facleo forte de temas caros a Cesare Pavese: o mito simultaneamente id\u00edlico e selvagem do campo, a aliena\u00e7\u00e3o da cidade ou o poder das mem\u00f3rias de inf\u00e2ncia. Com uma linguagem de um lirismo evocativo e personagens, como escreveu Italo Calvino, \u00abextra\u00eddas de uma mat\u00e9ria afetiva ainda quente; imagens rar\u00edssimas, embora ligadas de tal forma a uma verticalidade da mem\u00f3ria que nos provocam arrepio\u00bb, este \u00e9 um texto marcante na obra de um autor central na literatura italiana do s\u00e9culo XX, aqui traduzido pela poeta Ana Hatherly.<\/p>\n","protected":false},"author":2,"featured_media":10821,"template":"","meta":[],"product_cat":[153],"product_tag":[],"cat_produtos":[],"yoast_head":"<!-- This site is optimized with the Yoast SEO plugin v16.6 - https:\/\/yoast.com\/wordpress\/plugins\/seo\/ -->\n<title>F\u00e9rias de Agosto - Livraria Solmar - Livraria online<\/title>\n<meta name=\"robots\" content=\"index, follow, max-snippet:-1, max-image-preview:large, max-video-preview:-1\" \/>\n<link rel=\"canonical\" href=\"https:\/\/livrariasolmar.pt\/en\/produto\/ferias-de-agosto\/\" \/>\n<meta property=\"og:locale\" content=\"en_US\" \/>\n<meta property=\"og:type\" content=\"article\" \/>\n<meta property=\"og:title\" content=\"F\u00e9rias de Agosto - Livraria Solmar - Livraria online\" \/>\n<meta property=\"og:description\" content=\"Nada me deve aquele campo para que eu possa fazer outra coisa al\u00e9m de calar-me e deix\u00e1-lo entrar em mim. E o campo e os caules secos a pouco e pouco sussurram-me e fixam-se-me no cora\u00e7\u00e3o. Entre n\u00f3s n\u00e3o surgem palavras. As palavras foram ditas h\u00e1 muito.  Dividido em tr\u00eas partes e percorrendo vinte e nove narrativas breves,\u00a0F\u00e9rias de Agosto\u00a0re\u00fane frescos de um ver\u00e3o italiano carregado de paix\u00f5es e temores, que, sob a luz fulgurante do sol e das fogueiras, se estende pela vida do autor. Atrav\u00e9s deles reverbera o n\u00facleo forte de temas caros a Cesare Pavese: o mito simultaneamente id\u00edlico e selvagem do campo, a aliena\u00e7\u00e3o da cidade ou o poder das mem\u00f3rias de inf\u00e2ncia. Com uma linguagem de um lirismo evocativo e personagens, como escreveu Italo Calvino, \u00abextra\u00eddas de uma mat\u00e9ria afetiva ainda quente; imagens rar\u00edssimas, embora ligadas de tal forma a uma verticalidade da mem\u00f3ria que nos provocam arrepio\u00bb, este \u00e9 um texto marcante na obra de um autor central na literatura italiana do s\u00e9culo XX, aqui traduzido pela poeta Ana Hatherly.\" \/>\n<meta property=\"og:url\" content=\"https:\/\/livrariasolmar.pt\/produto\/ferias-de-agosto\/\" \/>\n<meta property=\"og:site_name\" content=\"Livraria Solmar - Livraria online\" \/>\n<meta property=\"article:modified_time\" content=\"2025-10-08T17:39:58+00:00\" \/>\n<meta property=\"og:image\" content=\"https:\/\/livrariasolmar.pt\/wp-content\/uploads\/2025\/08\/1540-1-6.jpg\" \/>\n\t<meta property=\"og:image:width\" content=\"340\" \/>\n\t<meta property=\"og:image:height\" content=\"340\" \/>\n<meta name=\"twitter:card\" content=\"summary_large_image\" \/>\n<script type=\"application\/ld+json\" class=\"yoast-schema-graph\">{\"@context\":\"https:\/\/schema.org\",\"@graph\":[{\"@type\":\"WebSite\",\"@id\":\"https:\/\/livrariasolmar.pt\/#website\",\"url\":\"https:\/\/livrariasolmar.pt\/\",\"name\":\"Livraria Solmar - Livraria online\",\"description\":\"Com\\u00e9rcio Livros E Objetos De Arte, Lda - Ponta Delgada, A\\u00e7ores\",\"potentialAction\":[{\"@type\":\"SearchAction\",\"target\":{\"@type\":\"EntryPoint\",\"urlTemplate\":\"https:\/\/livrariasolmar.pt\/?s={search_term_string}\"},\"query-input\":\"required name=search_term_string\"}],\"inLanguage\":\"en-US\"},{\"@type\":\"ImageObject\",\"@id\":\"https:\/\/livrariasolmar.pt\/produto\/ferias-de-agosto\/#primaryimage\",\"inLanguage\":\"en-US\",\"url\":\"https:\/\/livrariasolmar.pt\/wp-content\/uploads\/2025\/08\/1540-1-6.jpg\",\"contentUrl\":\"https:\/\/livrariasolmar.pt\/wp-content\/uploads\/2025\/08\/1540-1-6.jpg\",\"width\":340,\"height\":340},{\"@type\":\"WebPage\",\"@id\":\"https:\/\/livrariasolmar.pt\/produto\/ferias-de-agosto\/#webpage\",\"url\":\"https:\/\/livrariasolmar.pt\/produto\/ferias-de-agosto\/\",\"name\":\"F\\u00e9rias de Agosto - Livraria Solmar - Livraria online\",\"isPartOf\":{\"@id\":\"https:\/\/livrariasolmar.pt\/#website\"},\"primaryImageOfPage\":{\"@id\":\"https:\/\/livrariasolmar.pt\/produto\/ferias-de-agosto\/#primaryimage\"},\"datePublished\":\"2025-08-09T18:57:06+00:00\",\"dateModified\":\"2025-10-08T17:39:58+00:00\",\"breadcrumb\":{\"@id\":\"https:\/\/livrariasolmar.pt\/produto\/ferias-de-agosto\/#breadcrumb\"},\"inLanguage\":\"en-US\",\"potentialAction\":[{\"@type\":\"ReadAction\",\"target\":[\"https:\/\/livrariasolmar.pt\/produto\/ferias-de-agosto\/\"]}]},{\"@type\":\"BreadcrumbList\",\"@id\":\"https:\/\/livrariasolmar.pt\/produto\/ferias-de-agosto\/#breadcrumb\",\"itemListElement\":[{\"@type\":\"ListItem\",\"position\":1,\"name\":\"In\\u00edcio\",\"item\":\"https:\/\/livrariasolmar.pt\/en\/\"},{\"@type\":\"ListItem\",\"position\":2,\"name\":\"Shop\",\"item\":\"https:\/\/livrariasolmar.pt\/en\/shop\/\"},{\"@type\":\"ListItem\",\"position\":3,\"name\":\"F\\u00e9rias de Agosto\"}]}]}<\/script>\n<!-- \/ Yoast SEO plugin. -->","_links":{"self":[{"href":"https:\/\/livrariasolmar.pt\/en\/wp-json\/wp\/v2\/product\/10820"}],"collection":[{"href":"https:\/\/livrariasolmar.pt\/en\/wp-json\/wp\/v2\/product"}],"about":[{"href":"https:\/\/livrariasolmar.pt\/en\/wp-json\/wp\/v2\/types\/product"}],"author":[{"embeddable":true,"href":"https:\/\/livrariasolmar.pt\/en\/wp-json\/wp\/v2\/users\/2"}],"wp:featuredmedia":[{"embeddable":true,"href":"https:\/\/livrariasolmar.pt\/en\/wp-json\/wp\/v2\/media\/10821"}],"wp:attachment":[{"href":"https:\/\/livrariasolmar.pt\/en\/wp-json\/wp\/v2\/media?parent=10820"}],"wp:term":[{"taxonomy":"product_cat","embeddable":true,"href":"https:\/\/livrariasolmar.pt\/en\/wp-json\/wp\/v2\/product_cat?post=10820"},{"taxonomy":"product_tag","embeddable":true,"href":"https:\/\/livrariasolmar.pt\/en\/wp-json\/wp\/v2\/product_tag?post=10820"},{"taxonomy":"cat_produtos","embeddable":true,"href":"https:\/\/livrariasolmar.pt\/en\/wp-json\/wp\/v2\/cat_produtos?post=10820"}],"curies":[{"name":"wp","href":"https:\/\/api.w.org\/{rel}","templated":true}]}}