{"id":10823,"date":"2025-08-09T19:15:37","date_gmt":"2025-08-09T19:15:37","guid":{"rendered":"https:\/\/livrariasolmar.pt\/?post_type=product&#038;p=10823"},"modified":"2025-09-18T18:09:22","modified_gmt":"2025-09-18T18:09:22","slug":"notas-para-john","status":"publish","type":"product","link":"https:\/\/livrariasolmar.pt\/en\/produto\/notas-para-john\/","title":{"rendered":"Notas para John"},"content":{"rendered":"","protected":false},"excerpt":{"rendered":"<p>Em 1999, Joan Didion, a escritora que ao longo de d\u00e9cadas descreveu de forma admir\u00e1vel e amplamente reconhecida a identidade dos Estados Unidos da Am\u00e9rica, come\u00e7ou a ser acompanhada por um psiquiatra.<\/p>\n<p>Durante mais de um ano, descreveu as sess\u00f5es cl\u00ednicas em entradas de di\u00e1rio dirigidas ao seu marido, John Gregory Dunne. O di\u00e1rio foi descoberto no escrit\u00f3rio de Didion, ap\u00f3s a sua morte, em 2021.<\/p>\n<p>As sess\u00f5es come\u00e7aram como parte de um esfor\u00e7o da autora para lidar com uma sensa\u00e7\u00e3o de crise em desenvolvimento, precipitada pelo tr\u00e1gico alcoolismo da filha. Com o tempo, os temas abordados, sempre numa narrativa interligada, passaram a incluir o trabalho de Didion, a sua pr\u00f3pria inf\u00e2ncia \u2014 desencontros e falhas de comunica\u00e7\u00e3o com a m\u00e3e e o pai, bem como a sua tend\u00eancia precoce para antecipar cat\u00e1strofes \u2014 e ainda a quest\u00e3o do legado; como a pr\u00f3pria Didion colocou: \u00abDe que valeu tudo isto?\u00bb<\/p>\n<p>Este di\u00e1rio \u00e9 um relato comovente do dilema doloroso de uma mulher, de uma corajosa escritora reconhecida pela capacidade de examinar meticulosamente as camadas de uma hist\u00f3ria.<\/p>\n<p>O primeiro livro retirado do arquivo liter\u00e1rio de\u00a0<i>Joan Didion<\/i>.<\/p>\n","protected":false},"author":2,"featured_media":10824,"template":"","meta":[],"product_cat":[153],"product_tag":[],"cat_produtos":[],"yoast_head":"<!-- This site is optimized with the Yoast SEO plugin v16.6 - https:\/\/yoast.com\/wordpress\/plugins\/seo\/ -->\n<title>Notas para John - Livraria Solmar - Livraria online<\/title>\n<meta name=\"robots\" content=\"index, follow, max-snippet:-1, max-image-preview:large, max-video-preview:-1\" \/>\n<link rel=\"canonical\" href=\"https:\/\/livrariasolmar.pt\/en\/produto\/notas-para-john\/\" \/>\n<meta property=\"og:locale\" content=\"en_US\" \/>\n<meta property=\"og:type\" content=\"article\" \/>\n<meta property=\"og:title\" content=\"Notas para John - Livraria Solmar - Livraria online\" \/>\n<meta property=\"og:description\" content=\"Em 1999, Joan Didion, a escritora que ao longo de d\u00e9cadas descreveu de forma admir\u00e1vel e amplamente reconhecida a identidade dos Estados Unidos da Am\u00e9rica, come\u00e7ou a ser acompanhada por um psiquiatra.  Durante mais de um ano, descreveu as sess\u00f5es cl\u00ednicas em entradas de di\u00e1rio dirigidas ao seu marido, John Gregory Dunne. O di\u00e1rio foi descoberto no escrit\u00f3rio de Didion, ap\u00f3s a sua morte, em 2021.  As sess\u00f5es come\u00e7aram como parte de um esfor\u00e7o da autora para lidar com uma sensa\u00e7\u00e3o de crise em desenvolvimento, precipitada pelo tr\u00e1gico alcoolismo da filha. Com o tempo, os temas abordados, sempre numa narrativa interligada, passaram a incluir o trabalho de Didion, a sua pr\u00f3pria inf\u00e2ncia \u2014 desencontros e falhas de comunica\u00e7\u00e3o com a m\u00e3e e o pai, bem como a sua tend\u00eancia precoce para antecipar cat\u00e1strofes \u2014 e ainda a quest\u00e3o do legado; como a pr\u00f3pria Didion colocou: \u00abDe que valeu tudo isto?\u00bb  Este di\u00e1rio \u00e9 um relato comovente do dilema doloroso de uma mulher, de uma corajosa escritora reconhecida pela capacidade de examinar meticulosamente as camadas de uma hist\u00f3ria.  O primeiro livro retirado do arquivo liter\u00e1rio de\u00a0Joan Didion.\" \/>\n<meta property=\"og:url\" content=\"https:\/\/livrariasolmar.pt\/produto\/notas-para-john\/\" \/>\n<meta property=\"og:site_name\" content=\"Livraria Solmar - Livraria online\" \/>\n<meta property=\"article:modified_time\" content=\"2025-09-18T18:09:22+00:00\" \/>\n<meta property=\"og:image\" content=\"https:\/\/livrariasolmar.pt\/wp-content\/uploads\/2025\/08\/1540-1-1-3.jpg\" \/>\n\t<meta property=\"og:image:width\" content=\"340\" \/>\n\t<meta property=\"og:image:height\" content=\"340\" \/>\n<meta name=\"twitter:card\" content=\"summary_large_image\" \/>\n<script type=\"application\/ld+json\" class=\"yoast-schema-graph\">{\"@context\":\"https:\/\/schema.org\",\"@graph\":[{\"@type\":\"WebSite\",\"@id\":\"https:\/\/livrariasolmar.pt\/#website\",\"url\":\"https:\/\/livrariasolmar.pt\/\",\"name\":\"Livraria Solmar - Livraria online\",\"description\":\"Com\\u00e9rcio Livros E Objetos De Arte, Lda - Ponta Delgada, A\\u00e7ores\",\"potentialAction\":[{\"@type\":\"SearchAction\",\"target\":{\"@type\":\"EntryPoint\",\"urlTemplate\":\"https:\/\/livrariasolmar.pt\/?s={search_term_string}\"},\"query-input\":\"required name=search_term_string\"}],\"inLanguage\":\"en-US\"},{\"@type\":\"ImageObject\",\"@id\":\"https:\/\/livrariasolmar.pt\/produto\/notas-para-john\/#primaryimage\",\"inLanguage\":\"en-US\",\"url\":\"https:\/\/livrariasolmar.pt\/wp-content\/uploads\/2025\/08\/1540-1-1-3.jpg\",\"contentUrl\":\"https:\/\/livrariasolmar.pt\/wp-content\/uploads\/2025\/08\/1540-1-1-3.jpg\",\"width\":340,\"height\":340},{\"@type\":\"WebPage\",\"@id\":\"https:\/\/livrariasolmar.pt\/produto\/notas-para-john\/#webpage\",\"url\":\"https:\/\/livrariasolmar.pt\/produto\/notas-para-john\/\",\"name\":\"Notas para John - Livraria Solmar - Livraria online\",\"isPartOf\":{\"@id\":\"https:\/\/livrariasolmar.pt\/#website\"},\"primaryImageOfPage\":{\"@id\":\"https:\/\/livrariasolmar.pt\/produto\/notas-para-john\/#primaryimage\"},\"datePublished\":\"2025-08-09T19:15:37+00:00\",\"dateModified\":\"2025-09-18T18:09:22+00:00\",\"breadcrumb\":{\"@id\":\"https:\/\/livrariasolmar.pt\/produto\/notas-para-john\/#breadcrumb\"},\"inLanguage\":\"en-US\",\"potentialAction\":[{\"@type\":\"ReadAction\",\"target\":[\"https:\/\/livrariasolmar.pt\/produto\/notas-para-john\/\"]}]},{\"@type\":\"BreadcrumbList\",\"@id\":\"https:\/\/livrariasolmar.pt\/produto\/notas-para-john\/#breadcrumb\",\"itemListElement\":[{\"@type\":\"ListItem\",\"position\":1,\"name\":\"In\\u00edcio\",\"item\":\"https:\/\/livrariasolmar.pt\/en\/\"},{\"@type\":\"ListItem\",\"position\":2,\"name\":\"Shop\",\"item\":\"https:\/\/livrariasolmar.pt\/en\/shop\/\"},{\"@type\":\"ListItem\",\"position\":3,\"name\":\"Notas para John\"}]}]}<\/script>\n<!-- \/ Yoast SEO plugin. -->","_links":{"self":[{"href":"https:\/\/livrariasolmar.pt\/en\/wp-json\/wp\/v2\/product\/10823"}],"collection":[{"href":"https:\/\/livrariasolmar.pt\/en\/wp-json\/wp\/v2\/product"}],"about":[{"href":"https:\/\/livrariasolmar.pt\/en\/wp-json\/wp\/v2\/types\/product"}],"author":[{"embeddable":true,"href":"https:\/\/livrariasolmar.pt\/en\/wp-json\/wp\/v2\/users\/2"}],"wp:featuredmedia":[{"embeddable":true,"href":"https:\/\/livrariasolmar.pt\/en\/wp-json\/wp\/v2\/media\/10824"}],"wp:attachment":[{"href":"https:\/\/livrariasolmar.pt\/en\/wp-json\/wp\/v2\/media?parent=10823"}],"wp:term":[{"taxonomy":"product_cat","embeddable":true,"href":"https:\/\/livrariasolmar.pt\/en\/wp-json\/wp\/v2\/product_cat?post=10823"},{"taxonomy":"product_tag","embeddable":true,"href":"https:\/\/livrariasolmar.pt\/en\/wp-json\/wp\/v2\/product_tag?post=10823"},{"taxonomy":"cat_produtos","embeddable":true,"href":"https:\/\/livrariasolmar.pt\/en\/wp-json\/wp\/v2\/cat_produtos?post=10823"}],"curies":[{"name":"wp","href":"https:\/\/api.w.org\/{rel}","templated":true}]}}