{"id":10827,"date":"2025-08-13T15:41:14","date_gmt":"2025-08-13T15:41:14","guid":{"rendered":"https:\/\/livrariasolmar.pt\/?post_type=product&#038;p=10827"},"modified":"2026-04-11T18:44:40","modified_gmt":"2026-04-11T18:44:40","slug":"como-viver-ou-nao-em-777-frases-de-fernando-pessoa","status":"publish","type":"product","link":"https:\/\/livrariasolmar.pt\/en\/produto\/como-viver-ou-nao-em-777-frases-de-fernando-pessoa\/","title":{"rendered":"Como Viver (ou n\u00e3o) em 777 Frases de Fernando Pessoa"},"content":{"rendered":"","protected":false},"excerpt":{"rendered":"<p>Este \u00e9 um livro de autoajuda de um dos maiores autores de L\u00edngua Portuguesa de todos os tempos.<\/p>\n<p>Disposto em 7 sec\u00e7\u00f5es tem\u00e1ticas, precedidas por 7 frases preparat\u00f3rias e sucedidas por uma conclus\u00e3o em 7 frases, \u00e9 este um extraordin\u00e1rio conjunto de reflex\u00f5es e conselhos \u00fateis para lidarmos com o misterioso e nem sempre c\u00f3modo facto de existirmos.<\/p>\n<p>A Vida Vivida \/ A Vida Eterna \/ A Vida da Imagina\u00e7\u00e3o \/ A Vida Afectiva \/ A Vida Pensada \/ A Vida do Eu In\u00famero \/ A Vida n\u00e3o Vivida. Todos os grandes temas tratados em pequenos trechos de uma imensa genialidade. Para ler de rajada, ou como um or\u00e1culo &#8211; ou como um Livro de Horas.<\/p>\n<p>Escolha, organiza\u00e7\u00e3o e notas de um dos mais not\u00e1veis pessoanos do nosso tempo, galardoado em 2012 com o Pr\u00e9mio Pessoa.<\/p>\n","protected":false},"author":2,"featured_media":10828,"template":"","meta":[],"product_cat":[173],"product_tag":[],"cat_produtos":[],"yoast_head":"<!-- This site is optimized with the Yoast SEO plugin v16.6 - https:\/\/yoast.com\/wordpress\/plugins\/seo\/ -->\n<title>Como Viver (ou n\u00e3o) em 777 Frases de Fernando Pessoa - Livraria Solmar - Livraria online<\/title>\n<meta name=\"robots\" content=\"index, follow, max-snippet:-1, max-image-preview:large, max-video-preview:-1\" \/>\n<link rel=\"canonical\" href=\"https:\/\/livrariasolmar.pt\/en\/produto\/como-viver-ou-nao-em-777-frases-de-fernando-pessoa\/\" \/>\n<meta property=\"og:locale\" content=\"en_US\" \/>\n<meta property=\"og:type\" content=\"article\" \/>\n<meta property=\"og:title\" content=\"Como Viver (ou n\u00e3o) em 777 Frases de Fernando Pessoa - Livraria Solmar - Livraria online\" \/>\n<meta property=\"og:description\" content=\"Este \u00e9 um livro de autoajuda de um dos maiores autores de L\u00edngua Portuguesa de todos os tempos.  Disposto em 7 sec\u00e7\u00f5es tem\u00e1ticas, precedidas por 7 frases preparat\u00f3rias e sucedidas por uma conclus\u00e3o em 7 frases, \u00e9 este um extraordin\u00e1rio conjunto de reflex\u00f5es e conselhos \u00fateis para lidarmos com o misterioso e nem sempre c\u00f3modo facto de existirmos.  A Vida Vivida \/ A Vida Eterna \/ A Vida da Imagina\u00e7\u00e3o \/ A Vida Afectiva \/ A Vida Pensada \/ A Vida do Eu In\u00famero \/ A Vida n\u00e3o Vivida. Todos os grandes temas tratados em pequenos trechos de uma imensa genialidade. Para ler de rajada, ou como um or\u00e1culo - ou como um Livro de Horas.  Escolha, organiza\u00e7\u00e3o e notas de um dos mais not\u00e1veis pessoanos do nosso tempo, galardoado em 2012 com o Pr\u00e9mio Pessoa.\" \/>\n<meta property=\"og:url\" content=\"https:\/\/livrariasolmar.pt\/produto\/como-viver-ou-nao-em-777-frases-de-fernando-pessoa\/\" \/>\n<meta property=\"og:site_name\" content=\"Livraria Solmar - Livraria online\" \/>\n<meta property=\"article:modified_time\" content=\"2026-04-11T18:44:40+00:00\" \/>\n<meta property=\"og:image\" content=\"https:\/\/livrariasolmar.pt\/wp-content\/uploads\/2025\/08\/1507-1-1-1.jpg\" \/>\n\t<meta property=\"og:image:width\" content=\"400\" \/>\n\t<meta property=\"og:image:height\" content=\"500\" \/>\n<meta name=\"twitter:card\" content=\"summary_large_image\" \/>\n<script type=\"application\/ld+json\" class=\"yoast-schema-graph\">{\"@context\":\"https:\/\/schema.org\",\"@graph\":[{\"@type\":\"WebSite\",\"@id\":\"https:\/\/livrariasolmar.pt\/#website\",\"url\":\"https:\/\/livrariasolmar.pt\/\",\"name\":\"Livraria Solmar - Livraria online\",\"description\":\"Com\\u00e9rcio Livros E Objetos De Arte, Lda - Ponta Delgada, A\\u00e7ores\",\"potentialAction\":[{\"@type\":\"SearchAction\",\"target\":{\"@type\":\"EntryPoint\",\"urlTemplate\":\"https:\/\/livrariasolmar.pt\/?s={search_term_string}\"},\"query-input\":\"required name=search_term_string\"}],\"inLanguage\":\"en-US\"},{\"@type\":\"ImageObject\",\"@id\":\"https:\/\/livrariasolmar.pt\/produto\/como-viver-ou-nao-em-777-frases-de-fernando-pessoa\/#primaryimage\",\"inLanguage\":\"en-US\",\"url\":\"https:\/\/livrariasolmar.pt\/wp-content\/uploads\/2025\/08\/1507-1-1-1.jpg\",\"contentUrl\":\"https:\/\/livrariasolmar.pt\/wp-content\/uploads\/2025\/08\/1507-1-1-1.jpg\",\"width\":400,\"height\":500},{\"@type\":\"WebPage\",\"@id\":\"https:\/\/livrariasolmar.pt\/produto\/como-viver-ou-nao-em-777-frases-de-fernando-pessoa\/#webpage\",\"url\":\"https:\/\/livrariasolmar.pt\/produto\/como-viver-ou-nao-em-777-frases-de-fernando-pessoa\/\",\"name\":\"Como Viver (ou n\\u00e3o) em 777 Frases de Fernando Pessoa - Livraria Solmar - Livraria online\",\"isPartOf\":{\"@id\":\"https:\/\/livrariasolmar.pt\/#website\"},\"primaryImageOfPage\":{\"@id\":\"https:\/\/livrariasolmar.pt\/produto\/como-viver-ou-nao-em-777-frases-de-fernando-pessoa\/#primaryimage\"},\"datePublished\":\"2025-08-13T15:41:14+00:00\",\"dateModified\":\"2026-04-11T18:44:40+00:00\",\"breadcrumb\":{\"@id\":\"https:\/\/livrariasolmar.pt\/produto\/como-viver-ou-nao-em-777-frases-de-fernando-pessoa\/#breadcrumb\"},\"inLanguage\":\"en-US\",\"potentialAction\":[{\"@type\":\"ReadAction\",\"target\":[\"https:\/\/livrariasolmar.pt\/produto\/como-viver-ou-nao-em-777-frases-de-fernando-pessoa\/\"]}]},{\"@type\":\"BreadcrumbList\",\"@id\":\"https:\/\/livrariasolmar.pt\/produto\/como-viver-ou-nao-em-777-frases-de-fernando-pessoa\/#breadcrumb\",\"itemListElement\":[{\"@type\":\"ListItem\",\"position\":1,\"name\":\"In\\u00edcio\",\"item\":\"https:\/\/livrariasolmar.pt\/en\/\"},{\"@type\":\"ListItem\",\"position\":2,\"name\":\"Shop\",\"item\":\"https:\/\/livrariasolmar.pt\/en\/shop\/\"},{\"@type\":\"ListItem\",\"position\":3,\"name\":\"Como Viver (ou n\\u00e3o) em 777 Frases de Fernando Pessoa\"}]}]}<\/script>\n<!-- \/ Yoast SEO plugin. -->","_links":{"self":[{"href":"https:\/\/livrariasolmar.pt\/en\/wp-json\/wp\/v2\/product\/10827"}],"collection":[{"href":"https:\/\/livrariasolmar.pt\/en\/wp-json\/wp\/v2\/product"}],"about":[{"href":"https:\/\/livrariasolmar.pt\/en\/wp-json\/wp\/v2\/types\/product"}],"author":[{"embeddable":true,"href":"https:\/\/livrariasolmar.pt\/en\/wp-json\/wp\/v2\/users\/2"}],"wp:featuredmedia":[{"embeddable":true,"href":"https:\/\/livrariasolmar.pt\/en\/wp-json\/wp\/v2\/media\/10828"}],"wp:attachment":[{"href":"https:\/\/livrariasolmar.pt\/en\/wp-json\/wp\/v2\/media?parent=10827"}],"wp:term":[{"taxonomy":"product_cat","embeddable":true,"href":"https:\/\/livrariasolmar.pt\/en\/wp-json\/wp\/v2\/product_cat?post=10827"},{"taxonomy":"product_tag","embeddable":true,"href":"https:\/\/livrariasolmar.pt\/en\/wp-json\/wp\/v2\/product_tag?post=10827"},{"taxonomy":"cat_produtos","embeddable":true,"href":"https:\/\/livrariasolmar.pt\/en\/wp-json\/wp\/v2\/cat_produtos?post=10827"}],"curies":[{"name":"wp","href":"https:\/\/api.w.org\/{rel}","templated":true}]}}