{"id":10830,"date":"2025-08-13T16:10:50","date_gmt":"2025-08-13T16:10:50","guid":{"rendered":"https:\/\/livrariasolmar.pt\/?post_type=product&#038;p=10830"},"modified":"2025-11-16T16:11:19","modified_gmt":"2025-11-16T16:11:19","slug":"a-ultima-licao-de-jose-gil","status":"publish","type":"product","link":"https:\/\/livrariasolmar.pt\/en\/produto\/a-ultima-licao-de-jose-gil\/","title":{"rendered":"A \u00daltima Li\u00e7\u00e3o de Jos\u00e9 Gil"},"content":{"rendered":"","protected":false},"excerpt":{"rendered":"<p>Um dos grandes pensadores portugueses partilha influ\u00eancias, reflex\u00f5es, perguntas e muito do tanto que ensinou e aprendeu.<\/p>\n<p>A inf\u00e2ncia em Mo\u00e7ambique, a brincar com os negros, com cobras aos ombros e a vestir o fato de banho para ir apanhar chuva, vendo as mulheres de seios despidos e seguindo a sua dan\u00e7a, \u00e9 apenas o come\u00e7o da biografia de um menino, conhecido como Zeca, que, aos oito anos, queria escrever um livro como\u00a0<i>Guerra e Paz<\/i>\u00a0e, aos treze, leu Marx sem ter percebido nada, julgando ter compreendido tudo.<\/p>\n<p>S\u00f3 depois vieram a juventude solit\u00e1ria, o regresso \u00e0 metr\u00f3pole e a um pa\u00eds comprimido politicamente, a Sorbonne, o Maio de 68 dentro e fora da academia, as aulas de filosofia no ensino secund\u00e1rio, o trabalho como motorista de ambul\u00e2ncia de uma cl\u00ednica psiqui\u00e1trica, para estudar os loucos, a C\u00f3rsega, a experi\u00eancia pol\u00edtica, a an\u00e1lise do carisma dos l\u00edderes e o prazer vital de trabalhar.<\/p>\n<p>S\u00f3 muito mais tarde, com o ensaio\u00a0<i>Portugal, Hoje &#8211; O Medo de Existir<\/i>, um fen\u00f3meno que dominou os tops de vendas, o protagonista deste livro se tornou amplamente reconhecido.<\/p>\n<p>Nestas p\u00e1ginas, e entre muitos outros assuntos, o Professor Jos\u00e9 Gil aborda o sentimento doloroso, mas tamb\u00e9m de liberdade, de ser mo\u00e7ambicano, franc\u00eas e portugu\u00eas, o fracasso da democracia, que defende ser necess\u00e1rio reformular, a ascens\u00e3o do populismo e do fascismo, a lentid\u00e3o das respostas aos problemas globais e a urg\u00eancia de pensar para l\u00e1 das ilus\u00f5es e manipula\u00e7\u00f5es, que se assume como um dos mais fortes gestos de resist\u00eancia perante o perigo de continuarmos a escrever a Hist\u00f3ria com uma m\u00e3o e a apag\u00e1-la com a outra.<\/p>\n","protected":false},"author":2,"featured_media":10831,"template":"","meta":[],"product_cat":[153],"product_tag":[],"cat_produtos":[],"yoast_head":"<!-- This site is optimized with the Yoast SEO plugin v16.6 - https:\/\/yoast.com\/wordpress\/plugins\/seo\/ -->\n<title>A \u00daltima Li\u00e7\u00e3o de Jos\u00e9 Gil - Livraria Solmar - Livraria online<\/title>\n<meta name=\"robots\" content=\"index, follow, max-snippet:-1, max-image-preview:large, max-video-preview:-1\" \/>\n<link rel=\"canonical\" href=\"https:\/\/livrariasolmar.pt\/en\/produto\/a-ultima-licao-de-jose-gil\/\" \/>\n<meta property=\"og:locale\" content=\"en_US\" \/>\n<meta property=\"og:type\" content=\"article\" \/>\n<meta property=\"og:title\" content=\"A \u00daltima Li\u00e7\u00e3o de Jos\u00e9 Gil - Livraria Solmar - Livraria online\" \/>\n<meta property=\"og:description\" content=\"Um dos grandes pensadores portugueses partilha influ\u00eancias, reflex\u00f5es, perguntas e muito do tanto que ensinou e aprendeu.  A inf\u00e2ncia em Mo\u00e7ambique, a brincar com os negros, com cobras aos ombros e a vestir o fato de banho para ir apanhar chuva, vendo as mulheres de seios despidos e seguindo a sua dan\u00e7a, \u00e9 apenas o come\u00e7o da biografia de um menino, conhecido como Zeca, que, aos oito anos, queria escrever um livro como\u00a0Guerra e Paz\u00a0e, aos treze, leu Marx sem ter percebido nada, julgando ter compreendido tudo.  S\u00f3 depois vieram a juventude solit\u00e1ria, o regresso \u00e0 metr\u00f3pole e a um pa\u00eds comprimido politicamente, a Sorbonne, o Maio de 68 dentro e fora da academia, as aulas de filosofia no ensino secund\u00e1rio, o trabalho como motorista de ambul\u00e2ncia de uma cl\u00ednica psiqui\u00e1trica, para estudar os loucos, a C\u00f3rsega, a experi\u00eancia pol\u00edtica, a an\u00e1lise do carisma dos l\u00edderes e o prazer vital de trabalhar.  S\u00f3 muito mais tarde, com o ensaio\u00a0Portugal, Hoje - O Medo de Existir, um fen\u00f3meno que dominou os tops de vendas, o protagonista deste livro se tornou amplamente reconhecido.  Nestas p\u00e1ginas, e entre muitos outros assuntos, o Professor Jos\u00e9 Gil aborda o sentimento doloroso, mas tamb\u00e9m de liberdade, de ser mo\u00e7ambicano, franc\u00eas e portugu\u00eas, o fracasso da democracia, que defende ser necess\u00e1rio reformular, a ascens\u00e3o do populismo e do fascismo, a lentid\u00e3o das respostas aos problemas globais e a urg\u00eancia de pensar para l\u00e1 das ilus\u00f5es e manipula\u00e7\u00f5es, que se assume como um dos mais fortes gestos de resist\u00eancia perante o perigo de continuarmos a escrever a Hist\u00f3ria com uma m\u00e3o e a apag\u00e1-la com a outra.\" \/>\n<meta property=\"og:url\" content=\"https:\/\/livrariasolmar.pt\/produto\/a-ultima-licao-de-jose-gil\/\" \/>\n<meta property=\"og:site_name\" content=\"Livraria Solmar - Livraria online\" \/>\n<meta property=\"article:modified_time\" content=\"2025-11-16T16:11:19+00:00\" \/>\n<meta property=\"og:image\" content=\"https:\/\/livrariasolmar.pt\/wp-content\/uploads\/2025\/08\/1540-1-2-2.jpg\" \/>\n\t<meta property=\"og:image:width\" content=\"340\" \/>\n\t<meta property=\"og:image:height\" content=\"340\" \/>\n<meta name=\"twitter:card\" content=\"summary_large_image\" \/>\n<script type=\"application\/ld+json\" class=\"yoast-schema-graph\">{\"@context\":\"https:\/\/schema.org\",\"@graph\":[{\"@type\":\"WebSite\",\"@id\":\"https:\/\/livrariasolmar.pt\/#website\",\"url\":\"https:\/\/livrariasolmar.pt\/\",\"name\":\"Livraria Solmar - Livraria online\",\"description\":\"Com\\u00e9rcio Livros E Objetos De Arte, Lda - Ponta Delgada, A\\u00e7ores\",\"potentialAction\":[{\"@type\":\"SearchAction\",\"target\":{\"@type\":\"EntryPoint\",\"urlTemplate\":\"https:\/\/livrariasolmar.pt\/?s={search_term_string}\"},\"query-input\":\"required name=search_term_string\"}],\"inLanguage\":\"en-US\"},{\"@type\":\"ImageObject\",\"@id\":\"https:\/\/livrariasolmar.pt\/produto\/a-ultima-licao-de-jose-gil\/#primaryimage\",\"inLanguage\":\"en-US\",\"url\":\"https:\/\/livrariasolmar.pt\/wp-content\/uploads\/2025\/08\/1540-1-2-2.jpg\",\"contentUrl\":\"https:\/\/livrariasolmar.pt\/wp-content\/uploads\/2025\/08\/1540-1-2-2.jpg\",\"width\":340,\"height\":340},{\"@type\":\"WebPage\",\"@id\":\"https:\/\/livrariasolmar.pt\/produto\/a-ultima-licao-de-jose-gil\/#webpage\",\"url\":\"https:\/\/livrariasolmar.pt\/produto\/a-ultima-licao-de-jose-gil\/\",\"name\":\"A \\u00daltima Li\\u00e7\\u00e3o de Jos\\u00e9 Gil - Livraria Solmar - Livraria online\",\"isPartOf\":{\"@id\":\"https:\/\/livrariasolmar.pt\/#website\"},\"primaryImageOfPage\":{\"@id\":\"https:\/\/livrariasolmar.pt\/produto\/a-ultima-licao-de-jose-gil\/#primaryimage\"},\"datePublished\":\"2025-08-13T16:10:50+00:00\",\"dateModified\":\"2025-11-16T16:11:19+00:00\",\"breadcrumb\":{\"@id\":\"https:\/\/livrariasolmar.pt\/produto\/a-ultima-licao-de-jose-gil\/#breadcrumb\"},\"inLanguage\":\"en-US\",\"potentialAction\":[{\"@type\":\"ReadAction\",\"target\":[\"https:\/\/livrariasolmar.pt\/produto\/a-ultima-licao-de-jose-gil\/\"]}]},{\"@type\":\"BreadcrumbList\",\"@id\":\"https:\/\/livrariasolmar.pt\/produto\/a-ultima-licao-de-jose-gil\/#breadcrumb\",\"itemListElement\":[{\"@type\":\"ListItem\",\"position\":1,\"name\":\"In\\u00edcio\",\"item\":\"https:\/\/livrariasolmar.pt\/en\/\"},{\"@type\":\"ListItem\",\"position\":2,\"name\":\"Shop\",\"item\":\"https:\/\/livrariasolmar.pt\/en\/shop\/\"},{\"@type\":\"ListItem\",\"position\":3,\"name\":\"A \\u00daltima Li\\u00e7\\u00e3o de Jos\\u00e9 Gil\"}]}]}<\/script>\n<!-- \/ Yoast SEO plugin. -->","_links":{"self":[{"href":"https:\/\/livrariasolmar.pt\/en\/wp-json\/wp\/v2\/product\/10830"}],"collection":[{"href":"https:\/\/livrariasolmar.pt\/en\/wp-json\/wp\/v2\/product"}],"about":[{"href":"https:\/\/livrariasolmar.pt\/en\/wp-json\/wp\/v2\/types\/product"}],"author":[{"embeddable":true,"href":"https:\/\/livrariasolmar.pt\/en\/wp-json\/wp\/v2\/users\/2"}],"wp:featuredmedia":[{"embeddable":true,"href":"https:\/\/livrariasolmar.pt\/en\/wp-json\/wp\/v2\/media\/10831"}],"wp:attachment":[{"href":"https:\/\/livrariasolmar.pt\/en\/wp-json\/wp\/v2\/media?parent=10830"}],"wp:term":[{"taxonomy":"product_cat","embeddable":true,"href":"https:\/\/livrariasolmar.pt\/en\/wp-json\/wp\/v2\/product_cat?post=10830"},{"taxonomy":"product_tag","embeddable":true,"href":"https:\/\/livrariasolmar.pt\/en\/wp-json\/wp\/v2\/product_tag?post=10830"},{"taxonomy":"cat_produtos","embeddable":true,"href":"https:\/\/livrariasolmar.pt\/en\/wp-json\/wp\/v2\/cat_produtos?post=10830"}],"curies":[{"name":"wp","href":"https:\/\/api.w.org\/{rel}","templated":true}]}}