{"id":10833,"date":"2025-08-13T16:41:26","date_gmt":"2025-08-13T16:41:26","guid":{"rendered":"https:\/\/livrariasolmar.pt\/?post_type=product&#038;p=10833"},"modified":"2025-12-03T19:10:33","modified_gmt":"2025-12-03T19:10:33","slug":"jardim-de-inverno","status":"publish","type":"product","link":"https:\/\/livrariasolmar.pt\/en\/produto\/jardim-de-inverno\/","title":{"rendered":"Jardim de Inverno"},"content":{"rendered":"","protected":false},"excerpt":{"rendered":"<p><i>Jardim de Inverno<\/i>\u00a0\u00e9 um romance de uma beleza rara, que navega na paisagem complexa, mas sempre envolta pelo amor mais puro, dos cora\u00e7\u00f5es de uma m\u00e3e e das suas filhas.<\/p>\n<p>Meredith e Nina s\u00e3o t\u00e3o diferentes quanto duas irm\u00e3s podem ser. Uma ficou na terra para gerir os pomares da fam\u00edlia e criar os filhos; a outra viajou pelo mundo e tornou-se uma fotojornalista de renome mundial.<\/p>\n<p>Quando Evan, o pai amado de ambas, adoece, Meredith e Nina reencontram-se junto \u00e0 sua cabeceira sob o olhar duro da m\u00e3e, Anya, uma mulher de temperamento frio e autorit\u00e1rio.<\/p>\n<p>Da inf\u00e2ncia, recordam as duas o conto de fadas eslavo que a m\u00e3e lhes recitava em voz baixa \u00e0 noite, sempre \u00e0s escuras.<\/p>\n<p>No leito de morte, o pai pedir\u00e1 uma promessa \u00e0s tr\u00eas mulheres da sua vida: o conto de fadas ser\u00e1 contado uma \u00faltima vez, mas agora at\u00e9 ao fim.<\/p>\n<p>S\u00f3 assim as filhas poder\u00e3o ficar a conhecer o passado tr\u00e1gico da m\u00e3e.<\/p>\n<p>Ser\u00e1 ent\u00e3o atrav\u00e9s da voz vacilante e insegura de Anya que ter\u00e1 in\u00edcio uma viagem inesperada \u00e0 verdade sobre a sua vida &#8211; e o conto de fadas revelar-se-\u00e1 afinal uma grande hist\u00f3ria de amor, sofrimento e renascimento que abrange mais de sessenta anos, entre a devasta\u00e7\u00e3o da Segunda Guerra Mundial e a esperan\u00e7a dos dias de hoje.<\/p>\n<p>Por vezes, podemos ler as p\u00e1ginas do nosso futuro no passado da nossa fam\u00edlia.<\/p>\n<p>Neste livro, esse ser\u00e1 o segredo que as duas irm\u00e3s ter\u00e3o de enfrentar, e que mudar\u00e1 para sempre a imagem da sua m\u00e3e e de quem elas pr\u00f3prias pensavam ser.<\/p>\n<p>Numa escrita inigual\u00e1vel, Kristin Hannah, como em toda a sua obra, volta a colocar aqui o foco no que representa ser uma mulher em tempos de grandes desafios.<\/p>\n","protected":false},"author":2,"featured_media":10834,"template":"","meta":[],"product_cat":[477],"product_tag":[],"cat_produtos":[],"yoast_head":"<!-- This site is optimized with the Yoast SEO plugin v16.6 - https:\/\/yoast.com\/wordpress\/plugins\/seo\/ -->\n<title>Jardim de Inverno - Livraria Solmar - Livraria online<\/title>\n<meta name=\"robots\" content=\"index, follow, max-snippet:-1, max-image-preview:large, max-video-preview:-1\" \/>\n<link rel=\"canonical\" href=\"https:\/\/livrariasolmar.pt\/en\/produto\/jardim-de-inverno\/\" \/>\n<meta property=\"og:locale\" content=\"en_US\" \/>\n<meta property=\"og:type\" content=\"article\" \/>\n<meta property=\"og:title\" content=\"Jardim de Inverno - Livraria Solmar - Livraria online\" \/>\n<meta property=\"og:description\" content=\"Jardim de Inverno\u00a0\u00e9 um romance de uma beleza rara, que navega na paisagem complexa, mas sempre envolta pelo amor mais puro, dos cora\u00e7\u00f5es de uma m\u00e3e e das suas filhas.  Meredith e Nina s\u00e3o t\u00e3o diferentes quanto duas irm\u00e3s podem ser. Uma ficou na terra para gerir os pomares da fam\u00edlia e criar os filhos; a outra viajou pelo mundo e tornou-se uma fotojornalista de renome mundial.  Quando Evan, o pai amado de ambas, adoece, Meredith e Nina reencontram-se junto \u00e0 sua cabeceira sob o olhar duro da m\u00e3e, Anya, uma mulher de temperamento frio e autorit\u00e1rio.  Da inf\u00e2ncia, recordam as duas o conto de fadas eslavo que a m\u00e3e lhes recitava em voz baixa \u00e0 noite, sempre \u00e0s escuras.  No leito de morte, o pai pedir\u00e1 uma promessa \u00e0s tr\u00eas mulheres da sua vida: o conto de fadas ser\u00e1 contado uma \u00faltima vez, mas agora at\u00e9 ao fim.  S\u00f3 assim as filhas poder\u00e3o ficar a conhecer o passado tr\u00e1gico da m\u00e3e.  Ser\u00e1 ent\u00e3o atrav\u00e9s da voz vacilante e insegura de Anya que ter\u00e1 in\u00edcio uma viagem inesperada \u00e0 verdade sobre a sua vida - e o conto de fadas revelar-se-\u00e1 afinal uma grande hist\u00f3ria de amor, sofrimento e renascimento que abrange mais de sessenta anos, entre a devasta\u00e7\u00e3o da Segunda Guerra Mundial e a esperan\u00e7a dos dias de hoje.  Por vezes, podemos ler as p\u00e1ginas do nosso futuro no passado da nossa fam\u00edlia.  Neste livro, esse ser\u00e1 o segredo que as duas irm\u00e3s ter\u00e3o de enfrentar, e que mudar\u00e1 para sempre a imagem da sua m\u00e3e e de quem elas pr\u00f3prias pensavam ser.  Numa escrita inigual\u00e1vel, Kristin Hannah, como em toda a sua obra, volta a colocar aqui o foco no que representa ser uma mulher em tempos de grandes desafios.\" \/>\n<meta property=\"og:url\" content=\"https:\/\/livrariasolmar.pt\/produto\/jardim-de-inverno\/\" \/>\n<meta property=\"og:site_name\" content=\"Livraria Solmar - Livraria online\" \/>\n<meta property=\"article:modified_time\" content=\"2025-12-03T19:10:33+00:00\" \/>\n<meta property=\"og:image\" content=\"https:\/\/livrariasolmar.pt\/wp-content\/uploads\/2025\/08\/1540-1-3-2.jpg\" \/>\n\t<meta property=\"og:image:width\" content=\"340\" \/>\n\t<meta property=\"og:image:height\" content=\"340\" \/>\n<meta name=\"twitter:card\" content=\"summary_large_image\" \/>\n<script type=\"application\/ld+json\" class=\"yoast-schema-graph\">{\"@context\":\"https:\/\/schema.org\",\"@graph\":[{\"@type\":\"WebSite\",\"@id\":\"https:\/\/livrariasolmar.pt\/#website\",\"url\":\"https:\/\/livrariasolmar.pt\/\",\"name\":\"Livraria Solmar - Livraria online\",\"description\":\"Com\\u00e9rcio Livros E Objetos De Arte, Lda - Ponta Delgada, A\\u00e7ores\",\"potentialAction\":[{\"@type\":\"SearchAction\",\"target\":{\"@type\":\"EntryPoint\",\"urlTemplate\":\"https:\/\/livrariasolmar.pt\/?s={search_term_string}\"},\"query-input\":\"required name=search_term_string\"}],\"inLanguage\":\"en-US\"},{\"@type\":\"ImageObject\",\"@id\":\"https:\/\/livrariasolmar.pt\/produto\/jardim-de-inverno\/#primaryimage\",\"inLanguage\":\"en-US\",\"url\":\"https:\/\/livrariasolmar.pt\/wp-content\/uploads\/2025\/08\/1540-1-3-2.jpg\",\"contentUrl\":\"https:\/\/livrariasolmar.pt\/wp-content\/uploads\/2025\/08\/1540-1-3-2.jpg\",\"width\":340,\"height\":340},{\"@type\":\"WebPage\",\"@id\":\"https:\/\/livrariasolmar.pt\/produto\/jardim-de-inverno\/#webpage\",\"url\":\"https:\/\/livrariasolmar.pt\/produto\/jardim-de-inverno\/\",\"name\":\"Jardim de Inverno - Livraria Solmar - Livraria online\",\"isPartOf\":{\"@id\":\"https:\/\/livrariasolmar.pt\/#website\"},\"primaryImageOfPage\":{\"@id\":\"https:\/\/livrariasolmar.pt\/produto\/jardim-de-inverno\/#primaryimage\"},\"datePublished\":\"2025-08-13T16:41:26+00:00\",\"dateModified\":\"2025-12-03T19:10:33+00:00\",\"breadcrumb\":{\"@id\":\"https:\/\/livrariasolmar.pt\/produto\/jardim-de-inverno\/#breadcrumb\"},\"inLanguage\":\"en-US\",\"potentialAction\":[{\"@type\":\"ReadAction\",\"target\":[\"https:\/\/livrariasolmar.pt\/produto\/jardim-de-inverno\/\"]}]},{\"@type\":\"BreadcrumbList\",\"@id\":\"https:\/\/livrariasolmar.pt\/produto\/jardim-de-inverno\/#breadcrumb\",\"itemListElement\":[{\"@type\":\"ListItem\",\"position\":1,\"name\":\"In\\u00edcio\",\"item\":\"https:\/\/livrariasolmar.pt\/en\/\"},{\"@type\":\"ListItem\",\"position\":2,\"name\":\"Shop\",\"item\":\"https:\/\/livrariasolmar.pt\/en\/shop\/\"},{\"@type\":\"ListItem\",\"position\":3,\"name\":\"Jardim de Inverno\"}]}]}<\/script>\n<!-- \/ Yoast SEO plugin. -->","_links":{"self":[{"href":"https:\/\/livrariasolmar.pt\/en\/wp-json\/wp\/v2\/product\/10833"}],"collection":[{"href":"https:\/\/livrariasolmar.pt\/en\/wp-json\/wp\/v2\/product"}],"about":[{"href":"https:\/\/livrariasolmar.pt\/en\/wp-json\/wp\/v2\/types\/product"}],"author":[{"embeddable":true,"href":"https:\/\/livrariasolmar.pt\/en\/wp-json\/wp\/v2\/users\/2"}],"wp:featuredmedia":[{"embeddable":true,"href":"https:\/\/livrariasolmar.pt\/en\/wp-json\/wp\/v2\/media\/10834"}],"wp:attachment":[{"href":"https:\/\/livrariasolmar.pt\/en\/wp-json\/wp\/v2\/media?parent=10833"}],"wp:term":[{"taxonomy":"product_cat","embeddable":true,"href":"https:\/\/livrariasolmar.pt\/en\/wp-json\/wp\/v2\/product_cat?post=10833"},{"taxonomy":"product_tag","embeddable":true,"href":"https:\/\/livrariasolmar.pt\/en\/wp-json\/wp\/v2\/product_tag?post=10833"},{"taxonomy":"cat_produtos","embeddable":true,"href":"https:\/\/livrariasolmar.pt\/en\/wp-json\/wp\/v2\/cat_produtos?post=10833"}],"curies":[{"name":"wp","href":"https:\/\/api.w.org\/{rel}","templated":true}]}}