{"id":10836,"date":"2025-08-13T17:05:13","date_gmt":"2025-08-13T17:05:13","guid":{"rendered":"https:\/\/livrariasolmar.pt\/?post_type=product&#038;p=10836"},"modified":"2025-09-25T19:39:51","modified_gmt":"2025-09-25T19:39:51","slug":"a-curva-do-rio","status":"publish","type":"product","link":"https:\/\/livrariasolmar.pt\/en\/produto\/a-curva-do-rio\/","title":{"rendered":"A Curva do Rio"},"content":{"rendered":"","protected":false},"excerpt":{"rendered":"<p>Situada num pa\u00eds africano sem nome, a hist\u00f3ria \u00e9 narrada por Salim, um jovem adulto filho de comerciantes indianos h\u00e1 muito estabelecidos naquele bocado de costa.<\/p>\n<p>Ele acredita que o mundo \u00e9 o que \u00e9 e que quem n\u00e3o \u00e9 algu\u00e9m n\u00e3o tem lugar nele.<\/p>\n<p>Assim, decide abandonar a faixa costeira e torna-se dono da sua pr\u00f3pria loja numa pequena cidade em crescimento, no interior mais remoto do continente.<\/p>\n<p>Este lugar, esta \u00abcurva no rio\u00bb, por\u00e9m, \u00e9 um microcosmo da \u00c1frica p\u00f3s-colonial no momento da sua independ\u00eancia: um cen\u00e1rio de caos, mudan\u00e7a, viol\u00eancia, guerras tribais, ignor\u00e2ncia, isolamento e pobreza.<\/p>\n<p>Desta paisagem riqu\u00edssima, emerge uma das obras mais poderosas de V.S. Naipaul,\u00a0<i>A Curva do Rio<\/i>\u00a0&#8211; uma emocionante hist\u00f3ria de subleva\u00e7\u00e3o e desmoronamento social.<\/p>\n","protected":false},"author":2,"featured_media":10837,"template":"","meta":[],"product_cat":[153],"product_tag":[],"cat_produtos":[],"yoast_head":"<!-- This site is optimized with the Yoast SEO plugin v16.6 - https:\/\/yoast.com\/wordpress\/plugins\/seo\/ -->\n<title>A Curva do Rio - Livraria Solmar - Livraria online<\/title>\n<meta name=\"robots\" content=\"index, follow, max-snippet:-1, max-image-preview:large, max-video-preview:-1\" \/>\n<link rel=\"canonical\" href=\"https:\/\/livrariasolmar.pt\/en\/produto\/a-curva-do-rio\/\" \/>\n<meta property=\"og:locale\" content=\"en_US\" \/>\n<meta property=\"og:type\" content=\"article\" \/>\n<meta property=\"og:title\" content=\"A Curva do Rio - Livraria Solmar - Livraria online\" \/>\n<meta property=\"og:description\" content=\"Situada num pa\u00eds africano sem nome, a hist\u00f3ria \u00e9 narrada por Salim, um jovem adulto filho de comerciantes indianos h\u00e1 muito estabelecidos naquele bocado de costa.  Ele acredita que o mundo \u00e9 o que \u00e9 e que quem n\u00e3o \u00e9 algu\u00e9m n\u00e3o tem lugar nele.  Assim, decide abandonar a faixa costeira e torna-se dono da sua pr\u00f3pria loja numa pequena cidade em crescimento, no interior mais remoto do continente.  Este lugar, esta \u00abcurva no rio\u00bb, por\u00e9m, \u00e9 um microcosmo da \u00c1frica p\u00f3s-colonial no momento da sua independ\u00eancia: um cen\u00e1rio de caos, mudan\u00e7a, viol\u00eancia, guerras tribais, ignor\u00e2ncia, isolamento e pobreza.  Desta paisagem riqu\u00edssima, emerge uma das obras mais poderosas de V.S. Naipaul,\u00a0A Curva do Rio\u00a0- uma emocionante hist\u00f3ria de subleva\u00e7\u00e3o e desmoronamento social.\" \/>\n<meta property=\"og:url\" content=\"https:\/\/livrariasolmar.pt\/produto\/a-curva-do-rio\/\" \/>\n<meta property=\"og:site_name\" content=\"Livraria Solmar - Livraria online\" \/>\n<meta property=\"article:modified_time\" content=\"2025-09-25T19:39:51+00:00\" \/>\n<meta property=\"og:image\" content=\"https:\/\/livrariasolmar.pt\/wp-content\/uploads\/2025\/08\/1540-1-4-2.jpg\" \/>\n\t<meta property=\"og:image:width\" content=\"340\" \/>\n\t<meta property=\"og:image:height\" content=\"340\" \/>\n<meta name=\"twitter:card\" content=\"summary_large_image\" \/>\n<script type=\"application\/ld+json\" class=\"yoast-schema-graph\">{\"@context\":\"https:\/\/schema.org\",\"@graph\":[{\"@type\":\"WebSite\",\"@id\":\"https:\/\/livrariasolmar.pt\/#website\",\"url\":\"https:\/\/livrariasolmar.pt\/\",\"name\":\"Livraria Solmar - Livraria online\",\"description\":\"Com\\u00e9rcio Livros E Objetos De Arte, Lda - Ponta Delgada, A\\u00e7ores\",\"potentialAction\":[{\"@type\":\"SearchAction\",\"target\":{\"@type\":\"EntryPoint\",\"urlTemplate\":\"https:\/\/livrariasolmar.pt\/?s={search_term_string}\"},\"query-input\":\"required name=search_term_string\"}],\"inLanguage\":\"en-US\"},{\"@type\":\"ImageObject\",\"@id\":\"https:\/\/livrariasolmar.pt\/produto\/a-curva-do-rio\/#primaryimage\",\"inLanguage\":\"en-US\",\"url\":\"https:\/\/livrariasolmar.pt\/wp-content\/uploads\/2025\/08\/1540-1-4-2.jpg\",\"contentUrl\":\"https:\/\/livrariasolmar.pt\/wp-content\/uploads\/2025\/08\/1540-1-4-2.jpg\",\"width\":340,\"height\":340},{\"@type\":\"WebPage\",\"@id\":\"https:\/\/livrariasolmar.pt\/produto\/a-curva-do-rio\/#webpage\",\"url\":\"https:\/\/livrariasolmar.pt\/produto\/a-curva-do-rio\/\",\"name\":\"A Curva do Rio - Livraria Solmar - Livraria online\",\"isPartOf\":{\"@id\":\"https:\/\/livrariasolmar.pt\/#website\"},\"primaryImageOfPage\":{\"@id\":\"https:\/\/livrariasolmar.pt\/produto\/a-curva-do-rio\/#primaryimage\"},\"datePublished\":\"2025-08-13T17:05:13+00:00\",\"dateModified\":\"2025-09-25T19:39:51+00:00\",\"breadcrumb\":{\"@id\":\"https:\/\/livrariasolmar.pt\/produto\/a-curva-do-rio\/#breadcrumb\"},\"inLanguage\":\"en-US\",\"potentialAction\":[{\"@type\":\"ReadAction\",\"target\":[\"https:\/\/livrariasolmar.pt\/produto\/a-curva-do-rio\/\"]}]},{\"@type\":\"BreadcrumbList\",\"@id\":\"https:\/\/livrariasolmar.pt\/produto\/a-curva-do-rio\/#breadcrumb\",\"itemListElement\":[{\"@type\":\"ListItem\",\"position\":1,\"name\":\"In\\u00edcio\",\"item\":\"https:\/\/livrariasolmar.pt\/en\/\"},{\"@type\":\"ListItem\",\"position\":2,\"name\":\"Shop\",\"item\":\"https:\/\/livrariasolmar.pt\/en\/shop\/\"},{\"@type\":\"ListItem\",\"position\":3,\"name\":\"A Curva do Rio\"}]}]}<\/script>\n<!-- \/ Yoast SEO plugin. -->","_links":{"self":[{"href":"https:\/\/livrariasolmar.pt\/en\/wp-json\/wp\/v2\/product\/10836"}],"collection":[{"href":"https:\/\/livrariasolmar.pt\/en\/wp-json\/wp\/v2\/product"}],"about":[{"href":"https:\/\/livrariasolmar.pt\/en\/wp-json\/wp\/v2\/types\/product"}],"author":[{"embeddable":true,"href":"https:\/\/livrariasolmar.pt\/en\/wp-json\/wp\/v2\/users\/2"}],"wp:featuredmedia":[{"embeddable":true,"href":"https:\/\/livrariasolmar.pt\/en\/wp-json\/wp\/v2\/media\/10837"}],"wp:attachment":[{"href":"https:\/\/livrariasolmar.pt\/en\/wp-json\/wp\/v2\/media?parent=10836"}],"wp:term":[{"taxonomy":"product_cat","embeddable":true,"href":"https:\/\/livrariasolmar.pt\/en\/wp-json\/wp\/v2\/product_cat?post=10836"},{"taxonomy":"product_tag","embeddable":true,"href":"https:\/\/livrariasolmar.pt\/en\/wp-json\/wp\/v2\/product_tag?post=10836"},{"taxonomy":"cat_produtos","embeddable":true,"href":"https:\/\/livrariasolmar.pt\/en\/wp-json\/wp\/v2\/cat_produtos?post=10836"}],"curies":[{"name":"wp","href":"https:\/\/api.w.org\/{rel}","templated":true}]}}