{"id":10839,"date":"2025-08-13T17:32:38","date_gmt":"2025-08-13T17:32:38","guid":{"rendered":"https:\/\/livrariasolmar.pt\/?post_type=product&#038;p=10839"},"modified":"2025-11-20T17:41:32","modified_gmt":"2025-11-20T17:41:32","slug":"femina-uma-nova-historia-da-idade-media-atraves-das-mulheres-dela-omitidas","status":"publish","type":"product","link":"https:\/\/livrariasolmar.pt\/en\/produto\/femina-uma-nova-historia-da-idade-media-atraves-das-mulheres-dela-omitidas\/","title":{"rendered":"Femina &#8211; Uma nova hist\u00f3ria da Idade M\u00e9dia atrav\u00e9s das mulheres dela omitidas"},"content":{"rendered":"","protected":false},"excerpt":{"rendered":"<p>A Idade M\u00e9dia \u00e9 vista como uma \u00e9poca sanguin\u00e1ria de vikings, santos e reis: uma sociedade patriarcal que oprimia e exclu\u00eda as mulheres. Mas quando aprofundamos um pouco mais a verdade, podemos ver que a idade\u00a0<i>negra<\/i>\u00a0foi tudo menos isso.<\/p>\n<p>A historiadora da Universidade de Oxford e da BBC, Janina Ramirez, descobriu in\u00fameros nomes de mulheres influentes apagados dos registos hist\u00f3ricos, com a palavra\u00a0<i>Femina<\/i>\u00a0anotada ao lado. A nossa vis\u00e3o da hist\u00f3ria foi manipulada \u00e0 medida que os guardi\u00f5es do passado ordenavam a queima de livros, a destrui\u00e7\u00e3o de obras de arte e a produ\u00e7\u00e3o de novas vers\u00f5es de mitos, lendas e documentos hist\u00f3ricos.<\/p>\n<p>S\u00f3 agora, atrav\u00e9s de um exame cuidadoso dos artefactos, escritos e bens que deixaram para tr\u00e1s, \u00e9 que as vidas influentes e multifacetadas das mulheres est\u00e3o a emergir.\u00a0<i>Femina<\/i>\u00a0vai al\u00e9m dos registos oficiais para descobrir o verdadeiro impacto de mulheres como Jadwiga, a \u00fanica mulher rei da Europa, Margery Kempe, que explorou a sua imagem e hist\u00f3ria para garantir a sua notoriedade, e a Princesa Loftus, cuja exist\u00eancia nos d\u00e1 pistas sobre os prim\u00f3rdios do cristianismo em Inglaterra.<\/p>\n<p><i>Femina<\/i>\u00a0revela o poder e a influ\u00eancia das mulheres medievais que foram apagadas da nossa hist\u00f3ria.<\/p>\n<p>Da realeza e da religi\u00e3o \u00e0 fama e \u00e0 f\u00faria, este livro revela porque \u00e9 que estas mulheres not\u00e1veis foram afastadas da nossa mem\u00f3ria coletiva.<\/p>\n","protected":false},"author":2,"featured_media":10840,"template":"","meta":[],"product_cat":[366],"product_tag":[],"cat_produtos":[],"yoast_head":"<!-- This site is optimized with the Yoast SEO plugin v16.6 - https:\/\/yoast.com\/wordpress\/plugins\/seo\/ -->\n<title>Femina - Uma nova hist\u00f3ria da Idade M\u00e9dia atrav\u00e9s das mulheres dela omitidas - Livraria Solmar - Livraria online<\/title>\n<meta name=\"robots\" content=\"index, follow, max-snippet:-1, max-image-preview:large, max-video-preview:-1\" \/>\n<link rel=\"canonical\" href=\"https:\/\/livrariasolmar.pt\/en\/produto\/femina-uma-nova-historia-da-idade-media-atraves-das-mulheres-dela-omitidas\/\" \/>\n<meta property=\"og:locale\" content=\"en_US\" \/>\n<meta property=\"og:type\" content=\"article\" \/>\n<meta property=\"og:title\" content=\"Femina - Uma nova hist\u00f3ria da Idade M\u00e9dia atrav\u00e9s das mulheres dela omitidas - Livraria Solmar - Livraria online\" \/>\n<meta property=\"og:description\" content=\"A Idade M\u00e9dia \u00e9 vista como uma \u00e9poca sanguin\u00e1ria de vikings, santos e reis: uma sociedade patriarcal que oprimia e exclu\u00eda as mulheres. Mas quando aprofundamos um pouco mais a verdade, podemos ver que a idade\u00a0negra\u00a0foi tudo menos isso.  A historiadora da Universidade de Oxford e da BBC, Janina Ramirez, descobriu in\u00fameros nomes de mulheres influentes apagados dos registos hist\u00f3ricos, com a palavra\u00a0Femina\u00a0anotada ao lado. A nossa vis\u00e3o da hist\u00f3ria foi manipulada \u00e0 medida que os guardi\u00f5es do passado ordenavam a queima de livros, a destrui\u00e7\u00e3o de obras de arte e a produ\u00e7\u00e3o de novas vers\u00f5es de mitos, lendas e documentos hist\u00f3ricos.  S\u00f3 agora, atrav\u00e9s de um exame cuidadoso dos artefactos, escritos e bens que deixaram para tr\u00e1s, \u00e9 que as vidas influentes e multifacetadas das mulheres est\u00e3o a emergir.\u00a0Femina\u00a0vai al\u00e9m dos registos oficiais para descobrir o verdadeiro impacto de mulheres como Jadwiga, a \u00fanica mulher rei da Europa, Margery Kempe, que explorou a sua imagem e hist\u00f3ria para garantir a sua notoriedade, e a Princesa Loftus, cuja exist\u00eancia nos d\u00e1 pistas sobre os prim\u00f3rdios do cristianismo em Inglaterra.  Femina\u00a0revela o poder e a influ\u00eancia das mulheres medievais que foram apagadas da nossa hist\u00f3ria.  Da realeza e da religi\u00e3o \u00e0 fama e \u00e0 f\u00faria, este livro revela porque \u00e9 que estas mulheres not\u00e1veis foram afastadas da nossa mem\u00f3ria coletiva.\" \/>\n<meta property=\"og:url\" content=\"https:\/\/livrariasolmar.pt\/produto\/femina-uma-nova-historia-da-idade-media-atraves-das-mulheres-dela-omitidas\/\" \/>\n<meta property=\"og:site_name\" content=\"Livraria Solmar - Livraria online\" \/>\n<meta property=\"article:modified_time\" content=\"2025-11-20T17:41:32+00:00\" \/>\n<meta property=\"og:image\" content=\"https:\/\/livrariasolmar.pt\/wp-content\/uploads\/2025\/08\/1540-1-5-1.jpg\" \/>\n\t<meta property=\"og:image:width\" content=\"340\" \/>\n\t<meta property=\"og:image:height\" content=\"340\" \/>\n<meta name=\"twitter:card\" content=\"summary_large_image\" \/>\n<script type=\"application\/ld+json\" class=\"yoast-schema-graph\">{\"@context\":\"https:\/\/schema.org\",\"@graph\":[{\"@type\":\"WebSite\",\"@id\":\"https:\/\/livrariasolmar.pt\/#website\",\"url\":\"https:\/\/livrariasolmar.pt\/\",\"name\":\"Livraria Solmar - Livraria online\",\"description\":\"Com\\u00e9rcio Livros E Objetos De Arte, Lda - Ponta Delgada, A\\u00e7ores\",\"potentialAction\":[{\"@type\":\"SearchAction\",\"target\":{\"@type\":\"EntryPoint\",\"urlTemplate\":\"https:\/\/livrariasolmar.pt\/?s={search_term_string}\"},\"query-input\":\"required name=search_term_string\"}],\"inLanguage\":\"en-US\"},{\"@type\":\"ImageObject\",\"@id\":\"https:\/\/livrariasolmar.pt\/produto\/femina-uma-nova-historia-da-idade-media-atraves-das-mulheres-dela-omitidas\/#primaryimage\",\"inLanguage\":\"en-US\",\"url\":\"https:\/\/livrariasolmar.pt\/wp-content\/uploads\/2025\/08\/1540-1-5-1.jpg\",\"contentUrl\":\"https:\/\/livrariasolmar.pt\/wp-content\/uploads\/2025\/08\/1540-1-5-1.jpg\",\"width\":340,\"height\":340},{\"@type\":\"WebPage\",\"@id\":\"https:\/\/livrariasolmar.pt\/produto\/femina-uma-nova-historia-da-idade-media-atraves-das-mulheres-dela-omitidas\/#webpage\",\"url\":\"https:\/\/livrariasolmar.pt\/produto\/femina-uma-nova-historia-da-idade-media-atraves-das-mulheres-dela-omitidas\/\",\"name\":\"Femina - Uma nova hist\\u00f3ria da Idade M\\u00e9dia atrav\\u00e9s das mulheres dela omitidas - Livraria Solmar - Livraria online\",\"isPartOf\":{\"@id\":\"https:\/\/livrariasolmar.pt\/#website\"},\"primaryImageOfPage\":{\"@id\":\"https:\/\/livrariasolmar.pt\/produto\/femina-uma-nova-historia-da-idade-media-atraves-das-mulheres-dela-omitidas\/#primaryimage\"},\"datePublished\":\"2025-08-13T17:32:38+00:00\",\"dateModified\":\"2025-11-20T17:41:32+00:00\",\"breadcrumb\":{\"@id\":\"https:\/\/livrariasolmar.pt\/produto\/femina-uma-nova-historia-da-idade-media-atraves-das-mulheres-dela-omitidas\/#breadcrumb\"},\"inLanguage\":\"en-US\",\"potentialAction\":[{\"@type\":\"ReadAction\",\"target\":[\"https:\/\/livrariasolmar.pt\/produto\/femina-uma-nova-historia-da-idade-media-atraves-das-mulheres-dela-omitidas\/\"]}]},{\"@type\":\"BreadcrumbList\",\"@id\":\"https:\/\/livrariasolmar.pt\/produto\/femina-uma-nova-historia-da-idade-media-atraves-das-mulheres-dela-omitidas\/#breadcrumb\",\"itemListElement\":[{\"@type\":\"ListItem\",\"position\":1,\"name\":\"In\\u00edcio\",\"item\":\"https:\/\/livrariasolmar.pt\/en\/\"},{\"@type\":\"ListItem\",\"position\":2,\"name\":\"Shop\",\"item\":\"https:\/\/livrariasolmar.pt\/en\/shop\/\"},{\"@type\":\"ListItem\",\"position\":3,\"name\":\"Femina &#8211; Uma nova hist\\u00f3ria da Idade M\\u00e9dia atrav\\u00e9s das mulheres dela omitidas\"}]}]}<\/script>\n<!-- \/ Yoast SEO plugin. -->","_links":{"self":[{"href":"https:\/\/livrariasolmar.pt\/en\/wp-json\/wp\/v2\/product\/10839"}],"collection":[{"href":"https:\/\/livrariasolmar.pt\/en\/wp-json\/wp\/v2\/product"}],"about":[{"href":"https:\/\/livrariasolmar.pt\/en\/wp-json\/wp\/v2\/types\/product"}],"author":[{"embeddable":true,"href":"https:\/\/livrariasolmar.pt\/en\/wp-json\/wp\/v2\/users\/2"}],"wp:featuredmedia":[{"embeddable":true,"href":"https:\/\/livrariasolmar.pt\/en\/wp-json\/wp\/v2\/media\/10840"}],"wp:attachment":[{"href":"https:\/\/livrariasolmar.pt\/en\/wp-json\/wp\/v2\/media?parent=10839"}],"wp:term":[{"taxonomy":"product_cat","embeddable":true,"href":"https:\/\/livrariasolmar.pt\/en\/wp-json\/wp\/v2\/product_cat?post=10839"},{"taxonomy":"product_tag","embeddable":true,"href":"https:\/\/livrariasolmar.pt\/en\/wp-json\/wp\/v2\/product_tag?post=10839"},{"taxonomy":"cat_produtos","embeddable":true,"href":"https:\/\/livrariasolmar.pt\/en\/wp-json\/wp\/v2\/cat_produtos?post=10839"}],"curies":[{"name":"wp","href":"https:\/\/api.w.org\/{rel}","templated":true}]}}