{"id":10844,"date":"2025-08-18T15:23:09","date_gmt":"2025-08-18T15:23:09","guid":{"rendered":"https:\/\/livrariasolmar.pt\/?post_type=product&#038;p=10844"},"modified":"2025-11-28T17:48:10","modified_gmt":"2025-11-28T17:48:10","slug":"sangue-frio","status":"publish","type":"product","link":"https:\/\/livrariasolmar.pt\/en\/produto\/sangue-frio\/","title":{"rendered":"Sangue Frio"},"content":{"rendered":"","protected":false},"excerpt":{"rendered":"<p>Quando, nas margens do Tamisa, surge uma mala velha com o corpo desmembrado de um homem, a inspetora Erika Foster fica chocada. J\u00e1 trabalhou em alguns casos assustadores, mas nunca vira nada assim. \u00c0 medida que ela e a sua equipa come\u00e7am a trabalhar, estabelecem uma liga\u00e7\u00e3o com outra v\u00edtima &#8211; o corpo de uma jovem abandonado numa mala id\u00eantica duas semanas antes. Erika percebe rapidamente que est\u00e1 na pista de um assassino em s\u00e9rie que j\u00e1 deu o passo seguinte. No entanto, durante a investiga\u00e7\u00e3o, \u00e9 v\u00edtima de um ataque brutal. For\u00e7ada a recuperar em casa, e com a sua vida pessoal a desmoronar-se, tudo parece estar contra ela. Est\u00e1 a ficar sem tempo e prestes a fazer uma descoberta perturbadora: h\u00e1 mais de um assassino. Brilhante e emocionante, Sangue-Frio ir\u00e1 prend\u00ea-lo desde a primeira p\u00e1gina e faz\u00ea-lo suster a respira\u00e7\u00e3o at\u00e9 chegar a um final arrebatador.<\/p>\n","protected":false},"author":2,"featured_media":10845,"template":"","meta":[],"product_cat":[588],"product_tag":[],"cat_produtos":[],"yoast_head":"<!-- This site is optimized with the Yoast SEO plugin v16.6 - https:\/\/yoast.com\/wordpress\/plugins\/seo\/ -->\n<title>Sangue Frio - Livraria Solmar - Livraria online<\/title>\n<meta name=\"robots\" content=\"index, follow, max-snippet:-1, max-image-preview:large, max-video-preview:-1\" \/>\n<link rel=\"canonical\" href=\"https:\/\/livrariasolmar.pt\/en\/produto\/sangue-frio\/\" \/>\n<meta property=\"og:locale\" content=\"en_US\" \/>\n<meta property=\"og:type\" content=\"article\" \/>\n<meta property=\"og:title\" content=\"Sangue Frio - Livraria Solmar - Livraria online\" \/>\n<meta property=\"og:description\" content=\"Quando, nas margens do Tamisa, surge uma mala velha com o corpo desmembrado de um homem, a inspetora Erika Foster fica chocada. J\u00e1 trabalhou em alguns casos assustadores, mas nunca vira nada assim. \u00c0 medida que ela e a sua equipa come\u00e7am a trabalhar, estabelecem uma liga\u00e7\u00e3o com outra v\u00edtima - o corpo de uma jovem abandonado numa mala id\u00eantica duas semanas antes. Erika percebe rapidamente que est\u00e1 na pista de um assassino em s\u00e9rie que j\u00e1 deu o passo seguinte. No entanto, durante a investiga\u00e7\u00e3o, \u00e9 v\u00edtima de um ataque brutal. For\u00e7ada a recuperar em casa, e com a sua vida pessoal a desmoronar-se, tudo parece estar contra ela. Est\u00e1 a ficar sem tempo e prestes a fazer uma descoberta perturbadora: h\u00e1 mais de um assassino. Brilhante e emocionante, Sangue-Frio ir\u00e1 prend\u00ea-lo desde a primeira p\u00e1gina e faz\u00ea-lo suster a respira\u00e7\u00e3o at\u00e9 chegar a um final arrebatador.\" \/>\n<meta property=\"og:url\" content=\"https:\/\/livrariasolmar.pt\/produto\/sangue-frio\/\" \/>\n<meta property=\"og:site_name\" content=\"Livraria Solmar - Livraria online\" \/>\n<meta property=\"article:modified_time\" content=\"2025-11-28T17:48:10+00:00\" \/>\n<meta property=\"og:image\" content=\"https:\/\/livrariasolmar.pt\/wp-content\/uploads\/2025\/08\/1540-1-6-1.jpg\" \/>\n\t<meta property=\"og:image:width\" content=\"340\" \/>\n\t<meta property=\"og:image:height\" content=\"340\" \/>\n<meta name=\"twitter:card\" content=\"summary_large_image\" \/>\n<script type=\"application\/ld+json\" class=\"yoast-schema-graph\">{\"@context\":\"https:\/\/schema.org\",\"@graph\":[{\"@type\":\"WebSite\",\"@id\":\"https:\/\/livrariasolmar.pt\/#website\",\"url\":\"https:\/\/livrariasolmar.pt\/\",\"name\":\"Livraria Solmar - Livraria online\",\"description\":\"Com\\u00e9rcio Livros E Objetos De Arte, Lda - Ponta Delgada, A\\u00e7ores\",\"potentialAction\":[{\"@type\":\"SearchAction\",\"target\":{\"@type\":\"EntryPoint\",\"urlTemplate\":\"https:\/\/livrariasolmar.pt\/?s={search_term_string}\"},\"query-input\":\"required name=search_term_string\"}],\"inLanguage\":\"en-US\"},{\"@type\":\"ImageObject\",\"@id\":\"https:\/\/livrariasolmar.pt\/produto\/sangue-frio\/#primaryimage\",\"inLanguage\":\"en-US\",\"url\":\"https:\/\/livrariasolmar.pt\/wp-content\/uploads\/2025\/08\/1540-1-6-1.jpg\",\"contentUrl\":\"https:\/\/livrariasolmar.pt\/wp-content\/uploads\/2025\/08\/1540-1-6-1.jpg\",\"width\":340,\"height\":340},{\"@type\":\"WebPage\",\"@id\":\"https:\/\/livrariasolmar.pt\/produto\/sangue-frio\/#webpage\",\"url\":\"https:\/\/livrariasolmar.pt\/produto\/sangue-frio\/\",\"name\":\"Sangue Frio - Livraria Solmar - Livraria online\",\"isPartOf\":{\"@id\":\"https:\/\/livrariasolmar.pt\/#website\"},\"primaryImageOfPage\":{\"@id\":\"https:\/\/livrariasolmar.pt\/produto\/sangue-frio\/#primaryimage\"},\"datePublished\":\"2025-08-18T15:23:09+00:00\",\"dateModified\":\"2025-11-28T17:48:10+00:00\",\"breadcrumb\":{\"@id\":\"https:\/\/livrariasolmar.pt\/produto\/sangue-frio\/#breadcrumb\"},\"inLanguage\":\"en-US\",\"potentialAction\":[{\"@type\":\"ReadAction\",\"target\":[\"https:\/\/livrariasolmar.pt\/produto\/sangue-frio\/\"]}]},{\"@type\":\"BreadcrumbList\",\"@id\":\"https:\/\/livrariasolmar.pt\/produto\/sangue-frio\/#breadcrumb\",\"itemListElement\":[{\"@type\":\"ListItem\",\"position\":1,\"name\":\"In\\u00edcio\",\"item\":\"https:\/\/livrariasolmar.pt\/en\/\"},{\"@type\":\"ListItem\",\"position\":2,\"name\":\"Shop\",\"item\":\"https:\/\/livrariasolmar.pt\/en\/shop\/\"},{\"@type\":\"ListItem\",\"position\":3,\"name\":\"Sangue Frio\"}]}]}<\/script>\n<!-- \/ Yoast SEO plugin. -->","_links":{"self":[{"href":"https:\/\/livrariasolmar.pt\/en\/wp-json\/wp\/v2\/product\/10844"}],"collection":[{"href":"https:\/\/livrariasolmar.pt\/en\/wp-json\/wp\/v2\/product"}],"about":[{"href":"https:\/\/livrariasolmar.pt\/en\/wp-json\/wp\/v2\/types\/product"}],"author":[{"embeddable":true,"href":"https:\/\/livrariasolmar.pt\/en\/wp-json\/wp\/v2\/users\/2"}],"wp:featuredmedia":[{"embeddable":true,"href":"https:\/\/livrariasolmar.pt\/en\/wp-json\/wp\/v2\/media\/10845"}],"wp:attachment":[{"href":"https:\/\/livrariasolmar.pt\/en\/wp-json\/wp\/v2\/media?parent=10844"}],"wp:term":[{"taxonomy":"product_cat","embeddable":true,"href":"https:\/\/livrariasolmar.pt\/en\/wp-json\/wp\/v2\/product_cat?post=10844"},{"taxonomy":"product_tag","embeddable":true,"href":"https:\/\/livrariasolmar.pt\/en\/wp-json\/wp\/v2\/product_tag?post=10844"},{"taxonomy":"cat_produtos","embeddable":true,"href":"https:\/\/livrariasolmar.pt\/en\/wp-json\/wp\/v2\/cat_produtos?post=10844"}],"curies":[{"name":"wp","href":"https:\/\/api.w.org\/{rel}","templated":true}]}}