{"id":10847,"date":"2025-08-18T15:38:42","date_gmt":"2025-08-18T15:38:42","guid":{"rendered":"https:\/\/livrariasolmar.pt\/?post_type=product&#038;p=10847"},"modified":"2025-09-18T18:08:33","modified_gmt":"2025-09-18T18:08:33","slug":"a-casa-das-portas","status":"publish","type":"product","link":"https:\/\/livrariasolmar.pt\/en\/produto\/a-casa-das-portas\/","title":{"rendered":"A Casa das Portas"},"content":{"rendered":"","protected":false},"excerpt":{"rendered":"<p>Quando viajou pela Mal\u00e1sia em 1921, Somerset Maugham passou uma temporada em casa de um velho amigo, Robert Hamlyn, em Penang.<\/p>\n<p>Robert \u00e9 um pr\u00f3spero advogado que, com Lesley, uma interessante branca (ou euroasi\u00e1tica), forma um respeit\u00e1vel casal. A presen\u00e7a de Maugham traz anima\u00e7\u00e3o ao dia-a-dia dos Hamlyns e da sociedade de Penang &#8211; ele \u00e9, afinal, um dos grandes escritores do seu tempo.<\/p>\n<p>Mas Maugham est\u00e1 a passar por uma crise, conjugal (a mulher, em Londres, j\u00e1 n\u00e3o lhe aceita as liberdades e as viagens com o \u00absecret\u00e1rio\u00bb) e financeira. Mas o pior de tudo \u00e9 faltar-lhe assunto para o seu pr\u00f3ximo livro.<\/p>\n<p>\u00c0 medida que a amizade com Lesley Hamlyn se vai consolidando, ela descobre que Maugham n\u00e3o tem outra escolha sen\u00e3o a de mascarar o seu verdadeiro eu do mundo.<\/p>\n<p>E conta-lhe as extraordin\u00e1rias hist\u00f3rias do Estreito: entre elas, a de ter conhecido o Dr. Sun Yat Sen, carism\u00e1tico revolucion\u00e1rio em luta pelo derrube da dinastia imperial chinesa, e o esc\u00e2ndalo da mulher inglesa acusada de homic\u00eddio em Kuala Lumpur &#8211; uma hist\u00f3ria ver\u00eddica digna da melhor fic\u00e7\u00e3o.<\/p>\n","protected":false},"author":2,"featured_media":10848,"template":"","meta":[],"product_cat":[153],"product_tag":[],"cat_produtos":[],"yoast_head":"<!-- This site is optimized with the Yoast SEO plugin v16.6 - https:\/\/yoast.com\/wordpress\/plugins\/seo\/ -->\n<title>A Casa das Portas - Livraria Solmar - Livraria online<\/title>\n<meta name=\"robots\" content=\"index, follow, max-snippet:-1, max-image-preview:large, max-video-preview:-1\" \/>\n<link rel=\"canonical\" href=\"https:\/\/livrariasolmar.pt\/en\/produto\/a-casa-das-portas\/\" \/>\n<meta property=\"og:locale\" content=\"en_US\" \/>\n<meta property=\"og:type\" content=\"article\" \/>\n<meta property=\"og:title\" content=\"A Casa das Portas - Livraria Solmar - Livraria online\" \/>\n<meta property=\"og:description\" content=\"Quando viajou pela Mal\u00e1sia em 1921, Somerset Maugham passou uma temporada em casa de um velho amigo, Robert Hamlyn, em Penang.  Robert \u00e9 um pr\u00f3spero advogado que, com Lesley, uma interessante branca (ou euroasi\u00e1tica), forma um respeit\u00e1vel casal. A presen\u00e7a de Maugham traz anima\u00e7\u00e3o ao dia-a-dia dos Hamlyns e da sociedade de Penang - ele \u00e9, afinal, um dos grandes escritores do seu tempo.  Mas Maugham est\u00e1 a passar por uma crise, conjugal (a mulher, em Londres, j\u00e1 n\u00e3o lhe aceita as liberdades e as viagens com o \u00absecret\u00e1rio\u00bb) e financeira. Mas o pior de tudo \u00e9 faltar-lhe assunto para o seu pr\u00f3ximo livro.  \u00c0 medida que a amizade com Lesley Hamlyn se vai consolidando, ela descobre que Maugham n\u00e3o tem outra escolha sen\u00e3o a de mascarar o seu verdadeiro eu do mundo.  E conta-lhe as extraordin\u00e1rias hist\u00f3rias do Estreito: entre elas, a de ter conhecido o Dr. Sun Yat Sen, carism\u00e1tico revolucion\u00e1rio em luta pelo derrube da dinastia imperial chinesa, e o esc\u00e2ndalo da mulher inglesa acusada de homic\u00eddio em Kuala Lumpur - uma hist\u00f3ria ver\u00eddica digna da melhor fic\u00e7\u00e3o.\" \/>\n<meta property=\"og:url\" content=\"https:\/\/livrariasolmar.pt\/produto\/a-casa-das-portas\/\" \/>\n<meta property=\"og:site_name\" content=\"Livraria Solmar - Livraria online\" \/>\n<meta property=\"article:modified_time\" content=\"2025-09-18T18:08:33+00:00\" \/>\n<meta property=\"og:image\" content=\"https:\/\/livrariasolmar.pt\/wp-content\/uploads\/2025\/08\/1540-1-7.jpg\" \/>\n\t<meta property=\"og:image:width\" content=\"340\" \/>\n\t<meta property=\"og:image:height\" content=\"340\" \/>\n<meta name=\"twitter:card\" content=\"summary_large_image\" \/>\n<script type=\"application\/ld+json\" class=\"yoast-schema-graph\">{\"@context\":\"https:\/\/schema.org\",\"@graph\":[{\"@type\":\"WebSite\",\"@id\":\"https:\/\/livrariasolmar.pt\/#website\",\"url\":\"https:\/\/livrariasolmar.pt\/\",\"name\":\"Livraria Solmar - Livraria online\",\"description\":\"Com\\u00e9rcio Livros E Objetos De Arte, Lda - Ponta Delgada, A\\u00e7ores\",\"potentialAction\":[{\"@type\":\"SearchAction\",\"target\":{\"@type\":\"EntryPoint\",\"urlTemplate\":\"https:\/\/livrariasolmar.pt\/?s={search_term_string}\"},\"query-input\":\"required name=search_term_string\"}],\"inLanguage\":\"en-US\"},{\"@type\":\"ImageObject\",\"@id\":\"https:\/\/livrariasolmar.pt\/produto\/a-casa-das-portas\/#primaryimage\",\"inLanguage\":\"en-US\",\"url\":\"https:\/\/livrariasolmar.pt\/wp-content\/uploads\/2025\/08\/1540-1-7.jpg\",\"contentUrl\":\"https:\/\/livrariasolmar.pt\/wp-content\/uploads\/2025\/08\/1540-1-7.jpg\",\"width\":340,\"height\":340},{\"@type\":\"WebPage\",\"@id\":\"https:\/\/livrariasolmar.pt\/produto\/a-casa-das-portas\/#webpage\",\"url\":\"https:\/\/livrariasolmar.pt\/produto\/a-casa-das-portas\/\",\"name\":\"A Casa das Portas - Livraria Solmar - Livraria online\",\"isPartOf\":{\"@id\":\"https:\/\/livrariasolmar.pt\/#website\"},\"primaryImageOfPage\":{\"@id\":\"https:\/\/livrariasolmar.pt\/produto\/a-casa-das-portas\/#primaryimage\"},\"datePublished\":\"2025-08-18T15:38:42+00:00\",\"dateModified\":\"2025-09-18T18:08:33+00:00\",\"breadcrumb\":{\"@id\":\"https:\/\/livrariasolmar.pt\/produto\/a-casa-das-portas\/#breadcrumb\"},\"inLanguage\":\"en-US\",\"potentialAction\":[{\"@type\":\"ReadAction\",\"target\":[\"https:\/\/livrariasolmar.pt\/produto\/a-casa-das-portas\/\"]}]},{\"@type\":\"BreadcrumbList\",\"@id\":\"https:\/\/livrariasolmar.pt\/produto\/a-casa-das-portas\/#breadcrumb\",\"itemListElement\":[{\"@type\":\"ListItem\",\"position\":1,\"name\":\"In\\u00edcio\",\"item\":\"https:\/\/livrariasolmar.pt\/en\/\"},{\"@type\":\"ListItem\",\"position\":2,\"name\":\"Shop\",\"item\":\"https:\/\/livrariasolmar.pt\/en\/shop\/\"},{\"@type\":\"ListItem\",\"position\":3,\"name\":\"A Casa das Portas\"}]}]}<\/script>\n<!-- \/ Yoast SEO plugin. -->","_links":{"self":[{"href":"https:\/\/livrariasolmar.pt\/en\/wp-json\/wp\/v2\/product\/10847"}],"collection":[{"href":"https:\/\/livrariasolmar.pt\/en\/wp-json\/wp\/v2\/product"}],"about":[{"href":"https:\/\/livrariasolmar.pt\/en\/wp-json\/wp\/v2\/types\/product"}],"author":[{"embeddable":true,"href":"https:\/\/livrariasolmar.pt\/en\/wp-json\/wp\/v2\/users\/2"}],"wp:featuredmedia":[{"embeddable":true,"href":"https:\/\/livrariasolmar.pt\/en\/wp-json\/wp\/v2\/media\/10848"}],"wp:attachment":[{"href":"https:\/\/livrariasolmar.pt\/en\/wp-json\/wp\/v2\/media?parent=10847"}],"wp:term":[{"taxonomy":"product_cat","embeddable":true,"href":"https:\/\/livrariasolmar.pt\/en\/wp-json\/wp\/v2\/product_cat?post=10847"},{"taxonomy":"product_tag","embeddable":true,"href":"https:\/\/livrariasolmar.pt\/en\/wp-json\/wp\/v2\/product_tag?post=10847"},{"taxonomy":"cat_produtos","embeddable":true,"href":"https:\/\/livrariasolmar.pt\/en\/wp-json\/wp\/v2\/cat_produtos?post=10847"}],"curies":[{"name":"wp","href":"https:\/\/api.w.org\/{rel}","templated":true}]}}