{"id":10850,"date":"2025-08-18T16:09:49","date_gmt":"2025-08-18T16:09:49","guid":{"rendered":"https:\/\/livrariasolmar.pt\/?post_type=product&#038;p=10850"},"modified":"2025-09-25T19:28:53","modified_gmt":"2025-09-25T19:28:53","slug":"juntos-em-auschwitz","status":"publish","type":"product","link":"https:\/\/livrariasolmar.pt\/en\/produto\/juntos-em-auschwitz\/","title":{"rendered":"Juntos em Auschwitz"},"content":{"rendered":"","protected":false},"excerpt":{"rendered":"<p><i>Juntos em Auschwitz<\/i>\u00a0\u00e9 uma hist\u00f3ria ver\u00eddica e comovente de amor, sacrif\u00edcio e resili\u00eancia. Um testemunho poderoso sobre dois jovens presos na engrenagem do terror nazi, que conseguiram manter viva a esperan\u00e7a e a humanidade em circunst\u00e2ncias inimagin\u00e1veis.<\/p>\n<p>Zippi Spitzer e David Wisnia conheceram-se quando os seus olhares se cruzaram pela primeira vez durante as suas tarefas em Auschwitz. Assim come\u00e7ou um romance que poderia ter acontecido em qualquer lugar \u2014 n\u00e3o fosse o facto de ambos serem prisioneiros no campo de exterm\u00ednio mais infame da hist\u00f3ria.<\/p>\n<p>Contra todas as probabilidades, Zippi e David sobreviveram durante anos sob os c\u00e9us carregados de cinza de Auschwitz. Amparados pela solidariedade de outros prisioneiros, salvos em momentos cruciais pela sua intelig\u00eancia e por inesperados golpes do destino, o amor que os unia oferecia-lhes um vislumbre do que haviam perdido \u2014 um mundo de liberdade, desejo e possibilidades.<\/p>\n<p>\u00c0 medida que o fim da guerra se aproximava, os dois jovens sonhavam com um reencontro, sem imaginarem qu\u00e3o distantes seriam os caminhos que teriam de percorrer \u2014 nem que passariam mais de sete d\u00e9cadas at\u00e9 se voltarem a encontrar.<\/p>\n","protected":false},"author":2,"featured_media":10851,"template":"","meta":[],"product_cat":[366],"product_tag":[],"cat_produtos":[],"yoast_head":"<!-- This site is optimized with the Yoast SEO plugin v16.6 - https:\/\/yoast.com\/wordpress\/plugins\/seo\/ -->\n<title>Juntos em Auschwitz - Livraria Solmar - Livraria online<\/title>\n<meta name=\"robots\" content=\"index, follow, max-snippet:-1, max-image-preview:large, max-video-preview:-1\" \/>\n<link rel=\"canonical\" href=\"https:\/\/livrariasolmar.pt\/en\/produto\/juntos-em-auschwitz\/\" \/>\n<meta property=\"og:locale\" content=\"en_US\" \/>\n<meta property=\"og:type\" content=\"article\" \/>\n<meta property=\"og:title\" content=\"Juntos em Auschwitz - Livraria Solmar - Livraria online\" \/>\n<meta property=\"og:description\" content=\"Juntos em Auschwitz\u00a0\u00e9 uma hist\u00f3ria ver\u00eddica e comovente de amor, sacrif\u00edcio e resili\u00eancia. Um testemunho poderoso sobre dois jovens presos na engrenagem do terror nazi, que conseguiram manter viva a esperan\u00e7a e a humanidade em circunst\u00e2ncias inimagin\u00e1veis.  Zippi Spitzer e David Wisnia conheceram-se quando os seus olhares se cruzaram pela primeira vez durante as suas tarefas em Auschwitz. Assim come\u00e7ou um romance que poderia ter acontecido em qualquer lugar \u2014 n\u00e3o fosse o facto de ambos serem prisioneiros no campo de exterm\u00ednio mais infame da hist\u00f3ria.  Contra todas as probabilidades, Zippi e David sobreviveram durante anos sob os c\u00e9us carregados de cinza de Auschwitz. Amparados pela solidariedade de outros prisioneiros, salvos em momentos cruciais pela sua intelig\u00eancia e por inesperados golpes do destino, o amor que os unia oferecia-lhes um vislumbre do que haviam perdido \u2014 um mundo de liberdade, desejo e possibilidades.  \u00c0 medida que o fim da guerra se aproximava, os dois jovens sonhavam com um reencontro, sem imaginarem qu\u00e3o distantes seriam os caminhos que teriam de percorrer \u2014 nem que passariam mais de sete d\u00e9cadas at\u00e9 se voltarem a encontrar.\" \/>\n<meta property=\"og:url\" content=\"https:\/\/livrariasolmar.pt\/produto\/juntos-em-auschwitz\/\" \/>\n<meta property=\"og:site_name\" content=\"Livraria Solmar - Livraria online\" \/>\n<meta property=\"article:modified_time\" content=\"2025-09-25T19:28:53+00:00\" \/>\n<meta property=\"og:image\" content=\"https:\/\/livrariasolmar.pt\/wp-content\/uploads\/2025\/08\/1540-1-8.jpg\" \/>\n\t<meta property=\"og:image:width\" content=\"340\" \/>\n\t<meta property=\"og:image:height\" content=\"340\" \/>\n<meta name=\"twitter:card\" content=\"summary_large_image\" \/>\n<script type=\"application\/ld+json\" class=\"yoast-schema-graph\">{\"@context\":\"https:\/\/schema.org\",\"@graph\":[{\"@type\":\"WebSite\",\"@id\":\"https:\/\/livrariasolmar.pt\/#website\",\"url\":\"https:\/\/livrariasolmar.pt\/\",\"name\":\"Livraria Solmar - Livraria online\",\"description\":\"Com\\u00e9rcio Livros E Objetos De Arte, Lda - Ponta Delgada, A\\u00e7ores\",\"potentialAction\":[{\"@type\":\"SearchAction\",\"target\":{\"@type\":\"EntryPoint\",\"urlTemplate\":\"https:\/\/livrariasolmar.pt\/?s={search_term_string}\"},\"query-input\":\"required name=search_term_string\"}],\"inLanguage\":\"en-US\"},{\"@type\":\"ImageObject\",\"@id\":\"https:\/\/livrariasolmar.pt\/produto\/juntos-em-auschwitz\/#primaryimage\",\"inLanguage\":\"en-US\",\"url\":\"https:\/\/livrariasolmar.pt\/wp-content\/uploads\/2025\/08\/1540-1-8.jpg\",\"contentUrl\":\"https:\/\/livrariasolmar.pt\/wp-content\/uploads\/2025\/08\/1540-1-8.jpg\",\"width\":340,\"height\":340},{\"@type\":\"WebPage\",\"@id\":\"https:\/\/livrariasolmar.pt\/produto\/juntos-em-auschwitz\/#webpage\",\"url\":\"https:\/\/livrariasolmar.pt\/produto\/juntos-em-auschwitz\/\",\"name\":\"Juntos em Auschwitz - Livraria Solmar - Livraria online\",\"isPartOf\":{\"@id\":\"https:\/\/livrariasolmar.pt\/#website\"},\"primaryImageOfPage\":{\"@id\":\"https:\/\/livrariasolmar.pt\/produto\/juntos-em-auschwitz\/#primaryimage\"},\"datePublished\":\"2025-08-18T16:09:49+00:00\",\"dateModified\":\"2025-09-25T19:28:53+00:00\",\"breadcrumb\":{\"@id\":\"https:\/\/livrariasolmar.pt\/produto\/juntos-em-auschwitz\/#breadcrumb\"},\"inLanguage\":\"en-US\",\"potentialAction\":[{\"@type\":\"ReadAction\",\"target\":[\"https:\/\/livrariasolmar.pt\/produto\/juntos-em-auschwitz\/\"]}]},{\"@type\":\"BreadcrumbList\",\"@id\":\"https:\/\/livrariasolmar.pt\/produto\/juntos-em-auschwitz\/#breadcrumb\",\"itemListElement\":[{\"@type\":\"ListItem\",\"position\":1,\"name\":\"In\\u00edcio\",\"item\":\"https:\/\/livrariasolmar.pt\/en\/\"},{\"@type\":\"ListItem\",\"position\":2,\"name\":\"Shop\",\"item\":\"https:\/\/livrariasolmar.pt\/en\/shop\/\"},{\"@type\":\"ListItem\",\"position\":3,\"name\":\"Juntos em Auschwitz\"}]}]}<\/script>\n<!-- \/ Yoast SEO plugin. -->","_links":{"self":[{"href":"https:\/\/livrariasolmar.pt\/en\/wp-json\/wp\/v2\/product\/10850"}],"collection":[{"href":"https:\/\/livrariasolmar.pt\/en\/wp-json\/wp\/v2\/product"}],"about":[{"href":"https:\/\/livrariasolmar.pt\/en\/wp-json\/wp\/v2\/types\/product"}],"author":[{"embeddable":true,"href":"https:\/\/livrariasolmar.pt\/en\/wp-json\/wp\/v2\/users\/2"}],"wp:featuredmedia":[{"embeddable":true,"href":"https:\/\/livrariasolmar.pt\/en\/wp-json\/wp\/v2\/media\/10851"}],"wp:attachment":[{"href":"https:\/\/livrariasolmar.pt\/en\/wp-json\/wp\/v2\/media?parent=10850"}],"wp:term":[{"taxonomy":"product_cat","embeddable":true,"href":"https:\/\/livrariasolmar.pt\/en\/wp-json\/wp\/v2\/product_cat?post=10850"},{"taxonomy":"product_tag","embeddable":true,"href":"https:\/\/livrariasolmar.pt\/en\/wp-json\/wp\/v2\/product_tag?post=10850"},{"taxonomy":"cat_produtos","embeddable":true,"href":"https:\/\/livrariasolmar.pt\/en\/wp-json\/wp\/v2\/cat_produtos?post=10850"}],"curies":[{"name":"wp","href":"https:\/\/api.w.org\/{rel}","templated":true}]}}