{"id":10853,"date":"2025-08-18T16:19:46","date_gmt":"2025-08-18T16:19:46","guid":{"rendered":"https:\/\/livrariasolmar.pt\/?post_type=product&#038;p=10853"},"modified":"2026-03-03T16:18:08","modified_gmt":"2026-03-03T16:18:08","slug":"rio-de-gelo","status":"publish","type":"product","link":"https:\/\/livrariasolmar.pt\/en\/produto\/rio-de-gelo\/","title":{"rendered":"Rio de Gelo"},"content":{"rendered":"","protected":false},"excerpt":{"rendered":"<p>Maine, 1789. Quando o rio Kennebec congela e devolve o corpo de um homem, Martha Ballard \u00e9 chamada a examin\u00e1-lo. Parteira e curandeira respeitada, Martha conhece como ningu\u00e9m os segredos que se escondem por detr\u00e1s das portas fechadas de Hallowell. Regista-os com precis\u00e3o no seu di\u00e1rio: nascimentos, mortes, crimes, esc\u00e2ndalos.<\/p>\n<p>Meses antes, anotara o testemunho de uma jovem que acusava dois homens influentes da cidade de viola\u00e7\u00e3o. Agora, um deles aparece morto, enterrado no gelo. Quando um m\u00e9dico local desmente as suas conclus\u00f5es e declara a morte como acidental, Martha recusa-se a aceitar o sil\u00eancio e decide investigar por conta pr\u00f3pria.<\/p>\n<p><i>Rio de Gelo<\/i>\u00a0d\u00e1 voz a uma mulher determinada e corajosa, numa \u00e9poca em que as mulheres eram esperadas para escutar, n\u00e3o para falar.<\/p>\n<p>Baseado na vida e no di\u00e1rio real de Martha Ballard, parteira do s\u00e9culo XVIII, este \u00e9 um mist\u00e9rio hist\u00f3rico envolvente sobre justi\u00e7a, coragem e mem\u00f3ria \u2014 e sobre como algumas hist\u00f3rias se recusam a desaparecer.<\/p>\n","protected":false},"author":2,"featured_media":10854,"template":"","meta":[],"product_cat":[153],"product_tag":[],"cat_produtos":[],"yoast_head":"<!-- This site is optimized with the Yoast SEO plugin v16.6 - https:\/\/yoast.com\/wordpress\/plugins\/seo\/ -->\n<title>Rio de Gelo - Livraria Solmar - Livraria online<\/title>\n<meta name=\"robots\" content=\"index, follow, max-snippet:-1, max-image-preview:large, max-video-preview:-1\" \/>\n<link rel=\"canonical\" href=\"https:\/\/livrariasolmar.pt\/en\/produto\/rio-de-gelo\/\" \/>\n<meta property=\"og:locale\" content=\"en_US\" \/>\n<meta property=\"og:type\" content=\"article\" \/>\n<meta property=\"og:title\" content=\"Rio de Gelo - Livraria Solmar - Livraria online\" \/>\n<meta property=\"og:description\" content=\"Maine, 1789. Quando o rio Kennebec congela e devolve o corpo de um homem, Martha Ballard \u00e9 chamada a examin\u00e1-lo. Parteira e curandeira respeitada, Martha conhece como ningu\u00e9m os segredos que se escondem por detr\u00e1s das portas fechadas de Hallowell. Regista-os com precis\u00e3o no seu di\u00e1rio: nascimentos, mortes, crimes, esc\u00e2ndalos.  Meses antes, anotara o testemunho de uma jovem que acusava dois homens influentes da cidade de viola\u00e7\u00e3o. Agora, um deles aparece morto, enterrado no gelo. Quando um m\u00e9dico local desmente as suas conclus\u00f5es e declara a morte como acidental, Martha recusa-se a aceitar o sil\u00eancio e decide investigar por conta pr\u00f3pria.  Rio de Gelo\u00a0d\u00e1 voz a uma mulher determinada e corajosa, numa \u00e9poca em que as mulheres eram esperadas para escutar, n\u00e3o para falar.  Baseado na vida e no di\u00e1rio real de Martha Ballard, parteira do s\u00e9culo XVIII, este \u00e9 um mist\u00e9rio hist\u00f3rico envolvente sobre justi\u00e7a, coragem e mem\u00f3ria \u2014 e sobre como algumas hist\u00f3rias se recusam a desaparecer.\" \/>\n<meta property=\"og:url\" content=\"https:\/\/livrariasolmar.pt\/produto\/rio-de-gelo\/\" \/>\n<meta property=\"og:site_name\" content=\"Livraria Solmar - Livraria online\" \/>\n<meta property=\"article:modified_time\" content=\"2026-03-03T16:18:08+00:00\" \/>\n<meta property=\"og:image\" content=\"https:\/\/livrariasolmar.pt\/wp-content\/uploads\/2025\/08\/1540-1-9.jpg\" \/>\n\t<meta property=\"og:image:width\" content=\"340\" \/>\n\t<meta property=\"og:image:height\" content=\"340\" \/>\n<meta name=\"twitter:card\" content=\"summary_large_image\" \/>\n<script type=\"application\/ld+json\" class=\"yoast-schema-graph\">{\"@context\":\"https:\/\/schema.org\",\"@graph\":[{\"@type\":\"WebSite\",\"@id\":\"https:\/\/livrariasolmar.pt\/#website\",\"url\":\"https:\/\/livrariasolmar.pt\/\",\"name\":\"Livraria Solmar - Livraria online\",\"description\":\"Com\\u00e9rcio Livros E Objetos De Arte, Lda - Ponta Delgada, A\\u00e7ores\",\"potentialAction\":[{\"@type\":\"SearchAction\",\"target\":{\"@type\":\"EntryPoint\",\"urlTemplate\":\"https:\/\/livrariasolmar.pt\/?s={search_term_string}\"},\"query-input\":\"required name=search_term_string\"}],\"inLanguage\":\"en-US\"},{\"@type\":\"ImageObject\",\"@id\":\"https:\/\/livrariasolmar.pt\/produto\/rio-de-gelo\/#primaryimage\",\"inLanguage\":\"en-US\",\"url\":\"https:\/\/livrariasolmar.pt\/wp-content\/uploads\/2025\/08\/1540-1-9.jpg\",\"contentUrl\":\"https:\/\/livrariasolmar.pt\/wp-content\/uploads\/2025\/08\/1540-1-9.jpg\",\"width\":340,\"height\":340},{\"@type\":\"WebPage\",\"@id\":\"https:\/\/livrariasolmar.pt\/produto\/rio-de-gelo\/#webpage\",\"url\":\"https:\/\/livrariasolmar.pt\/produto\/rio-de-gelo\/\",\"name\":\"Rio de Gelo - Livraria Solmar - Livraria online\",\"isPartOf\":{\"@id\":\"https:\/\/livrariasolmar.pt\/#website\"},\"primaryImageOfPage\":{\"@id\":\"https:\/\/livrariasolmar.pt\/produto\/rio-de-gelo\/#primaryimage\"},\"datePublished\":\"2025-08-18T16:19:46+00:00\",\"dateModified\":\"2026-03-03T16:18:08+00:00\",\"breadcrumb\":{\"@id\":\"https:\/\/livrariasolmar.pt\/produto\/rio-de-gelo\/#breadcrumb\"},\"inLanguage\":\"en-US\",\"potentialAction\":[{\"@type\":\"ReadAction\",\"target\":[\"https:\/\/livrariasolmar.pt\/produto\/rio-de-gelo\/\"]}]},{\"@type\":\"BreadcrumbList\",\"@id\":\"https:\/\/livrariasolmar.pt\/produto\/rio-de-gelo\/#breadcrumb\",\"itemListElement\":[{\"@type\":\"ListItem\",\"position\":1,\"name\":\"In\\u00edcio\",\"item\":\"https:\/\/livrariasolmar.pt\/en\/\"},{\"@type\":\"ListItem\",\"position\":2,\"name\":\"Shop\",\"item\":\"https:\/\/livrariasolmar.pt\/en\/shop\/\"},{\"@type\":\"ListItem\",\"position\":3,\"name\":\"Rio de Gelo\"}]}]}<\/script>\n<!-- \/ Yoast SEO plugin. -->","_links":{"self":[{"href":"https:\/\/livrariasolmar.pt\/en\/wp-json\/wp\/v2\/product\/10853"}],"collection":[{"href":"https:\/\/livrariasolmar.pt\/en\/wp-json\/wp\/v2\/product"}],"about":[{"href":"https:\/\/livrariasolmar.pt\/en\/wp-json\/wp\/v2\/types\/product"}],"author":[{"embeddable":true,"href":"https:\/\/livrariasolmar.pt\/en\/wp-json\/wp\/v2\/users\/2"}],"wp:featuredmedia":[{"embeddable":true,"href":"https:\/\/livrariasolmar.pt\/en\/wp-json\/wp\/v2\/media\/10854"}],"wp:attachment":[{"href":"https:\/\/livrariasolmar.pt\/en\/wp-json\/wp\/v2\/media?parent=10853"}],"wp:term":[{"taxonomy":"product_cat","embeddable":true,"href":"https:\/\/livrariasolmar.pt\/en\/wp-json\/wp\/v2\/product_cat?post=10853"},{"taxonomy":"product_tag","embeddable":true,"href":"https:\/\/livrariasolmar.pt\/en\/wp-json\/wp\/v2\/product_tag?post=10853"},{"taxonomy":"cat_produtos","embeddable":true,"href":"https:\/\/livrariasolmar.pt\/en\/wp-json\/wp\/v2\/cat_produtos?post=10853"}],"curies":[{"name":"wp","href":"https:\/\/api.w.org\/{rel}","templated":true}]}}