{"id":10856,"date":"2025-08-18T16:33:06","date_gmt":"2025-08-18T16:33:06","guid":{"rendered":"https:\/\/livrariasolmar.pt\/?post_type=product&#038;p=10856"},"modified":"2025-11-28T17:45:50","modified_gmt":"2025-11-28T17:45:50","slug":"a-filha-das-estrelas","status":"publish","type":"product","link":"https:\/\/livrariasolmar.pt\/en\/produto\/a-filha-das-estrelas\/","title":{"rendered":"A Filha das Estrelas"},"content":{"rendered":"","protected":false},"excerpt":{"rendered":"<p>A bela e talentosa Emma vive num mundo de luxo e privil\u00e9gio. Mas est\u00e1 prestes a descobrir que a fama n\u00e3o pode proteg\u00ea-la quando algu\u00e9m deseja a sua morte.<\/p>\n<p>Salva pelo pai, uma estrela pop em ascens\u00e3o, de uma inf\u00e2ncia infeliz, a jovem cresce rodeada de amor, imersa no mundo da m\u00fasica, e com uma forte liga\u00e7\u00e3o \u00e0 madrasta e ao irm\u00e3o mais novo.<\/p>\n<p>No entanto, quando tudo parecia perfeito, d\u00e1-se a trag\u00e9dia: o irm\u00e3o morre numa tentativa de rapto. Ap\u00f3s anos de dor e culpa, e de ser perseguida pela imprensa, Emma come\u00e7a a sentir-se capaz de finalmente largar o passado.<\/p>\n<p>Determinada e confiante, atreve-se a come\u00e7ar uma carreira e at\u00e9 a apaixonar-se. Mas o homem com quem casa n\u00e3o \u00e9 quem parece.<\/p>\n<p>E o que fazer quando os segredos que esconde na sua mem\u00f3ria podem comprometer quem est\u00e1 disposto a tudo para que n\u00e3o vejam a luz do dia?<\/p>\n","protected":false},"author":2,"featured_media":10858,"template":"","meta":[],"product_cat":[477],"product_tag":[],"cat_produtos":[],"yoast_head":"<!-- This site is optimized with the Yoast SEO plugin v16.6 - https:\/\/yoast.com\/wordpress\/plugins\/seo\/ -->\n<title>A Filha das Estrelas - Livraria Solmar - Livraria online<\/title>\n<meta name=\"robots\" content=\"index, follow, max-snippet:-1, max-image-preview:large, max-video-preview:-1\" \/>\n<link rel=\"canonical\" href=\"https:\/\/livrariasolmar.pt\/en\/produto\/a-filha-das-estrelas\/\" \/>\n<meta property=\"og:locale\" content=\"en_US\" \/>\n<meta property=\"og:type\" content=\"article\" \/>\n<meta property=\"og:title\" content=\"A Filha das Estrelas - Livraria Solmar - Livraria online\" \/>\n<meta property=\"og:description\" content=\"A bela e talentosa Emma vive num mundo de luxo e privil\u00e9gio. Mas est\u00e1 prestes a descobrir que a fama n\u00e3o pode proteg\u00ea-la quando algu\u00e9m deseja a sua morte.  Salva pelo pai, uma estrela pop em ascens\u00e3o, de uma inf\u00e2ncia infeliz, a jovem cresce rodeada de amor, imersa no mundo da m\u00fasica, e com uma forte liga\u00e7\u00e3o \u00e0 madrasta e ao irm\u00e3o mais novo.  No entanto, quando tudo parecia perfeito, d\u00e1-se a trag\u00e9dia: o irm\u00e3o morre numa tentativa de rapto. Ap\u00f3s anos de dor e culpa, e de ser perseguida pela imprensa, Emma come\u00e7a a sentir-se capaz de finalmente largar o passado.  Determinada e confiante, atreve-se a come\u00e7ar uma carreira e at\u00e9 a apaixonar-se. Mas o homem com quem casa n\u00e3o \u00e9 quem parece.  E o que fazer quando os segredos que esconde na sua mem\u00f3ria podem comprometer quem est\u00e1 disposto a tudo para que n\u00e3o vejam a luz do dia?\" \/>\n<meta property=\"og:url\" content=\"https:\/\/livrariasolmar.pt\/produto\/a-filha-das-estrelas\/\" \/>\n<meta property=\"og:site_name\" content=\"Livraria Solmar - Livraria online\" \/>\n<meta property=\"article:modified_time\" content=\"2025-11-28T17:45:50+00:00\" \/>\n<meta property=\"og:image\" content=\"https:\/\/livrariasolmar.pt\/wp-content\/uploads\/2025\/08\/1540-1-10.jpg\" \/>\n\t<meta property=\"og:image:width\" content=\"340\" \/>\n\t<meta property=\"og:image:height\" content=\"340\" \/>\n<meta name=\"twitter:card\" content=\"summary_large_image\" \/>\n<script type=\"application\/ld+json\" class=\"yoast-schema-graph\">{\"@context\":\"https:\/\/schema.org\",\"@graph\":[{\"@type\":\"WebSite\",\"@id\":\"https:\/\/livrariasolmar.pt\/#website\",\"url\":\"https:\/\/livrariasolmar.pt\/\",\"name\":\"Livraria Solmar - Livraria online\",\"description\":\"Com\\u00e9rcio Livros E Objetos De Arte, Lda - Ponta Delgada, A\\u00e7ores\",\"potentialAction\":[{\"@type\":\"SearchAction\",\"target\":{\"@type\":\"EntryPoint\",\"urlTemplate\":\"https:\/\/livrariasolmar.pt\/?s={search_term_string}\"},\"query-input\":\"required name=search_term_string\"}],\"inLanguage\":\"en-US\"},{\"@type\":\"ImageObject\",\"@id\":\"https:\/\/livrariasolmar.pt\/produto\/a-filha-das-estrelas\/#primaryimage\",\"inLanguage\":\"en-US\",\"url\":\"https:\/\/livrariasolmar.pt\/wp-content\/uploads\/2025\/08\/1540-1-10.jpg\",\"contentUrl\":\"https:\/\/livrariasolmar.pt\/wp-content\/uploads\/2025\/08\/1540-1-10.jpg\",\"width\":340,\"height\":340},{\"@type\":\"WebPage\",\"@id\":\"https:\/\/livrariasolmar.pt\/produto\/a-filha-das-estrelas\/#webpage\",\"url\":\"https:\/\/livrariasolmar.pt\/produto\/a-filha-das-estrelas\/\",\"name\":\"A Filha das Estrelas - Livraria Solmar - Livraria online\",\"isPartOf\":{\"@id\":\"https:\/\/livrariasolmar.pt\/#website\"},\"primaryImageOfPage\":{\"@id\":\"https:\/\/livrariasolmar.pt\/produto\/a-filha-das-estrelas\/#primaryimage\"},\"datePublished\":\"2025-08-18T16:33:06+00:00\",\"dateModified\":\"2025-11-28T17:45:50+00:00\",\"breadcrumb\":{\"@id\":\"https:\/\/livrariasolmar.pt\/produto\/a-filha-das-estrelas\/#breadcrumb\"},\"inLanguage\":\"en-US\",\"potentialAction\":[{\"@type\":\"ReadAction\",\"target\":[\"https:\/\/livrariasolmar.pt\/produto\/a-filha-das-estrelas\/\"]}]},{\"@type\":\"BreadcrumbList\",\"@id\":\"https:\/\/livrariasolmar.pt\/produto\/a-filha-das-estrelas\/#breadcrumb\",\"itemListElement\":[{\"@type\":\"ListItem\",\"position\":1,\"name\":\"In\\u00edcio\",\"item\":\"https:\/\/livrariasolmar.pt\/en\/\"},{\"@type\":\"ListItem\",\"position\":2,\"name\":\"Shop\",\"item\":\"https:\/\/livrariasolmar.pt\/en\/shop\/\"},{\"@type\":\"ListItem\",\"position\":3,\"name\":\"A Filha das Estrelas\"}]}]}<\/script>\n<!-- \/ Yoast SEO plugin. -->","_links":{"self":[{"href":"https:\/\/livrariasolmar.pt\/en\/wp-json\/wp\/v2\/product\/10856"}],"collection":[{"href":"https:\/\/livrariasolmar.pt\/en\/wp-json\/wp\/v2\/product"}],"about":[{"href":"https:\/\/livrariasolmar.pt\/en\/wp-json\/wp\/v2\/types\/product"}],"author":[{"embeddable":true,"href":"https:\/\/livrariasolmar.pt\/en\/wp-json\/wp\/v2\/users\/2"}],"wp:featuredmedia":[{"embeddable":true,"href":"https:\/\/livrariasolmar.pt\/en\/wp-json\/wp\/v2\/media\/10858"}],"wp:attachment":[{"href":"https:\/\/livrariasolmar.pt\/en\/wp-json\/wp\/v2\/media?parent=10856"}],"wp:term":[{"taxonomy":"product_cat","embeddable":true,"href":"https:\/\/livrariasolmar.pt\/en\/wp-json\/wp\/v2\/product_cat?post=10856"},{"taxonomy":"product_tag","embeddable":true,"href":"https:\/\/livrariasolmar.pt\/en\/wp-json\/wp\/v2\/product_tag?post=10856"},{"taxonomy":"cat_produtos","embeddable":true,"href":"https:\/\/livrariasolmar.pt\/en\/wp-json\/wp\/v2\/cat_produtos?post=10856"}],"curies":[{"name":"wp","href":"https:\/\/api.w.org\/{rel}","templated":true}]}}