{"id":10860,"date":"2025-08-18T16:40:38","date_gmt":"2025-08-18T16:40:38","guid":{"rendered":"https:\/\/livrariasolmar.pt\/?post_type=product&#038;p=10860"},"modified":"2025-12-13T15:14:55","modified_gmt":"2025-12-13T15:14:55","slug":"as-pequenas-coisas-que-guardamos","status":"publish","type":"product","link":"https:\/\/livrariasolmar.pt\/en\/produto\/as-pequenas-coisas-que-guardamos\/","title":{"rendered":"As Pequenas Coisas que Guardamos"},"content":{"rendered":"","protected":false},"excerpt":{"rendered":"<p>Com esta cren\u00e7a enraizada, a jovem cresce sob a sombra do av\u00f4, numa busca incessante pela aprova\u00e7\u00e3o da fam\u00edlia, grande e turbulenta, construindo muros que a protegem, mas que tamb\u00e9m a isolam do mundo.<\/p>\n<p>Agora, com 29 anos, depois de uma d\u00e9cada a viver e estudar fora de Portugal, Sabrina regressa \u00e0s suas ra\u00edzes, aos dramas familiares e \u00e0s dificuldades em encontrar a verdadeira independ\u00eancia.<\/p>\n<p>O risco de cair nas redes de uma paix\u00e3o avassaladora por um amor proibido da adolesc\u00eancia amea\u00e7a abalar os alicerces da vida in\u00f3cua que tenta construir. No entanto, por entre provoca\u00e7\u00f5es e cumplicidades, uma nova vers\u00e3o de si \u00e9 revelada, liberta das constri\u00e7\u00f5es de outrora: uma Sabrina assustadoramente real.<\/p>\n<p><i>As Pequenas Coisas Que Guardamos<\/i>, um livro pleno de conex\u00e3o e humanidade, explora a fam\u00edlia, o trauma e o amor reprimido, numa ode \u00e0s mem\u00f3rias e aos la\u00e7os que, mesmo imperfeitos, nos fazem inteiros.<\/p>\n","protected":false},"author":2,"featured_media":10861,"template":"","meta":[],"product_cat":[477],"product_tag":[],"cat_produtos":[],"yoast_head":"<!-- This site is optimized with the Yoast SEO plugin v16.6 - https:\/\/yoast.com\/wordpress\/plugins\/seo\/ -->\n<title>As Pequenas Coisas que Guardamos - Livraria Solmar - Livraria online<\/title>\n<meta name=\"robots\" content=\"index, follow, max-snippet:-1, max-image-preview:large, max-video-preview:-1\" \/>\n<link rel=\"canonical\" href=\"https:\/\/livrariasolmar.pt\/en\/produto\/as-pequenas-coisas-que-guardamos\/\" \/>\n<meta property=\"og:locale\" content=\"en_US\" \/>\n<meta property=\"og:type\" content=\"article\" \/>\n<meta property=\"og:title\" content=\"As Pequenas Coisas que Guardamos - Livraria Solmar - Livraria online\" \/>\n<meta property=\"og:description\" content=\"Com esta cren\u00e7a enraizada, a jovem cresce sob a sombra do av\u00f4, numa busca incessante pela aprova\u00e7\u00e3o da fam\u00edlia, grande e turbulenta, construindo muros que a protegem, mas que tamb\u00e9m a isolam do mundo.  Agora, com 29 anos, depois de uma d\u00e9cada a viver e estudar fora de Portugal, Sabrina regressa \u00e0s suas ra\u00edzes, aos dramas familiares e \u00e0s dificuldades em encontrar a verdadeira independ\u00eancia.  O risco de cair nas redes de uma paix\u00e3o avassaladora por um amor proibido da adolesc\u00eancia amea\u00e7a abalar os alicerces da vida in\u00f3cua que tenta construir. No entanto, por entre provoca\u00e7\u00f5es e cumplicidades, uma nova vers\u00e3o de si \u00e9 revelada, liberta das constri\u00e7\u00f5es de outrora: uma Sabrina assustadoramente real.  As Pequenas Coisas Que Guardamos, um livro pleno de conex\u00e3o e humanidade, explora a fam\u00edlia, o trauma e o amor reprimido, numa ode \u00e0s mem\u00f3rias e aos la\u00e7os que, mesmo imperfeitos, nos fazem inteiros.\" \/>\n<meta property=\"og:url\" content=\"https:\/\/livrariasolmar.pt\/produto\/as-pequenas-coisas-que-guardamos\/\" \/>\n<meta property=\"og:site_name\" content=\"Livraria Solmar - Livraria online\" \/>\n<meta property=\"article:modified_time\" content=\"2025-12-13T15:14:55+00:00\" \/>\n<meta property=\"og:image\" content=\"https:\/\/livrariasolmar.pt\/wp-content\/uploads\/2025\/08\/1540-1-11.jpg\" \/>\n\t<meta property=\"og:image:width\" content=\"340\" \/>\n\t<meta property=\"og:image:height\" content=\"340\" \/>\n<meta name=\"twitter:card\" content=\"summary_large_image\" \/>\n<script type=\"application\/ld+json\" class=\"yoast-schema-graph\">{\"@context\":\"https:\/\/schema.org\",\"@graph\":[{\"@type\":\"WebSite\",\"@id\":\"https:\/\/livrariasolmar.pt\/#website\",\"url\":\"https:\/\/livrariasolmar.pt\/\",\"name\":\"Livraria Solmar - Livraria online\",\"description\":\"Com\\u00e9rcio Livros E Objetos De Arte, Lda - Ponta Delgada, A\\u00e7ores\",\"potentialAction\":[{\"@type\":\"SearchAction\",\"target\":{\"@type\":\"EntryPoint\",\"urlTemplate\":\"https:\/\/livrariasolmar.pt\/?s={search_term_string}\"},\"query-input\":\"required name=search_term_string\"}],\"inLanguage\":\"en-US\"},{\"@type\":\"ImageObject\",\"@id\":\"https:\/\/livrariasolmar.pt\/produto\/as-pequenas-coisas-que-guardamos\/#primaryimage\",\"inLanguage\":\"en-US\",\"url\":\"https:\/\/livrariasolmar.pt\/wp-content\/uploads\/2025\/08\/1540-1-11.jpg\",\"contentUrl\":\"https:\/\/livrariasolmar.pt\/wp-content\/uploads\/2025\/08\/1540-1-11.jpg\",\"width\":340,\"height\":340},{\"@type\":\"WebPage\",\"@id\":\"https:\/\/livrariasolmar.pt\/produto\/as-pequenas-coisas-que-guardamos\/#webpage\",\"url\":\"https:\/\/livrariasolmar.pt\/produto\/as-pequenas-coisas-que-guardamos\/\",\"name\":\"As Pequenas Coisas que Guardamos - Livraria Solmar - Livraria online\",\"isPartOf\":{\"@id\":\"https:\/\/livrariasolmar.pt\/#website\"},\"primaryImageOfPage\":{\"@id\":\"https:\/\/livrariasolmar.pt\/produto\/as-pequenas-coisas-que-guardamos\/#primaryimage\"},\"datePublished\":\"2025-08-18T16:40:38+00:00\",\"dateModified\":\"2025-12-13T15:14:55+00:00\",\"breadcrumb\":{\"@id\":\"https:\/\/livrariasolmar.pt\/produto\/as-pequenas-coisas-que-guardamos\/#breadcrumb\"},\"inLanguage\":\"en-US\",\"potentialAction\":[{\"@type\":\"ReadAction\",\"target\":[\"https:\/\/livrariasolmar.pt\/produto\/as-pequenas-coisas-que-guardamos\/\"]}]},{\"@type\":\"BreadcrumbList\",\"@id\":\"https:\/\/livrariasolmar.pt\/produto\/as-pequenas-coisas-que-guardamos\/#breadcrumb\",\"itemListElement\":[{\"@type\":\"ListItem\",\"position\":1,\"name\":\"In\\u00edcio\",\"item\":\"https:\/\/livrariasolmar.pt\/en\/\"},{\"@type\":\"ListItem\",\"position\":2,\"name\":\"Shop\",\"item\":\"https:\/\/livrariasolmar.pt\/en\/shop\/\"},{\"@type\":\"ListItem\",\"position\":3,\"name\":\"As Pequenas Coisas que Guardamos\"}]}]}<\/script>\n<!-- \/ Yoast SEO plugin. -->","_links":{"self":[{"href":"https:\/\/livrariasolmar.pt\/en\/wp-json\/wp\/v2\/product\/10860"}],"collection":[{"href":"https:\/\/livrariasolmar.pt\/en\/wp-json\/wp\/v2\/product"}],"about":[{"href":"https:\/\/livrariasolmar.pt\/en\/wp-json\/wp\/v2\/types\/product"}],"author":[{"embeddable":true,"href":"https:\/\/livrariasolmar.pt\/en\/wp-json\/wp\/v2\/users\/2"}],"wp:featuredmedia":[{"embeddable":true,"href":"https:\/\/livrariasolmar.pt\/en\/wp-json\/wp\/v2\/media\/10861"}],"wp:attachment":[{"href":"https:\/\/livrariasolmar.pt\/en\/wp-json\/wp\/v2\/media?parent=10860"}],"wp:term":[{"taxonomy":"product_cat","embeddable":true,"href":"https:\/\/livrariasolmar.pt\/en\/wp-json\/wp\/v2\/product_cat?post=10860"},{"taxonomy":"product_tag","embeddable":true,"href":"https:\/\/livrariasolmar.pt\/en\/wp-json\/wp\/v2\/product_tag?post=10860"},{"taxonomy":"cat_produtos","embeddable":true,"href":"https:\/\/livrariasolmar.pt\/en\/wp-json\/wp\/v2\/cat_produtos?post=10860"}],"curies":[{"name":"wp","href":"https:\/\/api.w.org\/{rel}","templated":true}]}}