{"id":10869,"date":"2025-08-18T17:21:55","date_gmt":"2025-08-18T17:21:55","guid":{"rendered":"https:\/\/livrariasolmar.pt\/?post_type=product&#038;p=10869"},"modified":"2025-12-13T15:16:13","modified_gmt":"2025-12-13T15:16:13","slug":"miticas-as-mulheres-da-iliada","status":"publish","type":"product","link":"https:\/\/livrariasolmar.pt\/en\/produto\/miticas-as-mulheres-da-iliada\/","title":{"rendered":"M\u00edticas &#8211; As Mulheres da Il\u00edada"},"content":{"rendered":"","protected":false},"excerpt":{"rendered":"<p>Emily Hauser, premiada classicista e historiadora da Antiguidade, leva os leitores numa jornada \u00e9pica para descobrir a surpreendente hist\u00f3ria real das mulheres por detr\u00e1s de uma das maiores lendas da Gr\u00e9cia antiga: a\u00a0<i>Il\u00edada<\/i>.<\/p>\n<p>Ao contr\u00e1rio das perce\u00e7\u00f5es constru\u00eddas ao longo de tr\u00eas mil\u00e9nios, a hist\u00f3ria antiga n\u00e3o \u00e9 s\u00f3 sobre homens &#8211; e n\u00e3o s\u00e3o apenas as hist\u00f3rias dos homens que merecem ser contadas.<\/p>\n<p>Em\u00a0<i>M\u00edticas &#8211; As Mulheres da Il\u00edada<\/i>, Emily Hauser mergulha na hist\u00f3ria por detr\u00e1s da\u00a0<i>Il\u00edada<\/i>, um dos grandes poemas \u00e9picos de Homero. Cruzando dados dos textos originais, recentes descobertas arqueol\u00f3gicas surpreendentes e os mais recentes estudos de ADN, a autora revela quem eram essas mulheres &#8211; rainhas, m\u00e3es, guerreiras, escravas -, como viveram e como a hist\u00f3ria as tem recordado (ou n\u00e3o\u2026) at\u00e9 agora.<\/p>\n<p>Uma nova hist\u00f3ria fascinante do Egeu da Idade do Bronze e uma viagem pelos \u00e9picos de Homero mapeados inteiramente por mulheres (de Helena de Troia a Briseida, Cassandra, Afrodite, Hera, Andr\u00f3maca ou H\u00e9cuba),\u00a0<i>M\u00edticas &#8211; As Mulheres da Il\u00edada<\/i>\u00a0\u00e9 uma reavalia\u00e7\u00e3o inovadora da realidade por tr\u00e1s das mulheres muitas vezes mitificadas dos maiores \u00e9picos da Gr\u00e9cia, e do pr\u00f3prio mundo antigo sobre o qual vamos adquirindo cada vez mais conhecimentos.<\/p>\n","protected":false},"author":2,"featured_media":10870,"template":"","meta":[],"product_cat":[366,153],"product_tag":[],"cat_produtos":[],"yoast_head":"<!-- This site is optimized with the Yoast SEO plugin v16.6 - https:\/\/yoast.com\/wordpress\/plugins\/seo\/ -->\n<title>M\u00edticas - As Mulheres da Il\u00edada - Livraria Solmar - Livraria online<\/title>\n<meta name=\"robots\" content=\"index, follow, max-snippet:-1, max-image-preview:large, max-video-preview:-1\" \/>\n<link rel=\"canonical\" href=\"https:\/\/livrariasolmar.pt\/en\/produto\/miticas-as-mulheres-da-iliada\/\" \/>\n<meta property=\"og:locale\" content=\"en_US\" \/>\n<meta property=\"og:type\" content=\"article\" \/>\n<meta property=\"og:title\" content=\"M\u00edticas - As Mulheres da Il\u00edada - Livraria Solmar - Livraria online\" \/>\n<meta property=\"og:description\" content=\"Emily Hauser, premiada classicista e historiadora da Antiguidade, leva os leitores numa jornada \u00e9pica para descobrir a surpreendente hist\u00f3ria real das mulheres por detr\u00e1s de uma das maiores lendas da Gr\u00e9cia antiga: a\u00a0Il\u00edada.  Ao contr\u00e1rio das perce\u00e7\u00f5es constru\u00eddas ao longo de tr\u00eas mil\u00e9nios, a hist\u00f3ria antiga n\u00e3o \u00e9 s\u00f3 sobre homens - e n\u00e3o s\u00e3o apenas as hist\u00f3rias dos homens que merecem ser contadas.  Em\u00a0M\u00edticas - As Mulheres da Il\u00edada, Emily Hauser mergulha na hist\u00f3ria por detr\u00e1s da\u00a0Il\u00edada, um dos grandes poemas \u00e9picos de Homero. Cruzando dados dos textos originais, recentes descobertas arqueol\u00f3gicas surpreendentes e os mais recentes estudos de ADN, a autora revela quem eram essas mulheres - rainhas, m\u00e3es, guerreiras, escravas -, como viveram e como a hist\u00f3ria as tem recordado (ou n\u00e3o\u2026) at\u00e9 agora.  Uma nova hist\u00f3ria fascinante do Egeu da Idade do Bronze e uma viagem pelos \u00e9picos de Homero mapeados inteiramente por mulheres (de Helena de Troia a Briseida, Cassandra, Afrodite, Hera, Andr\u00f3maca ou H\u00e9cuba),\u00a0M\u00edticas - As Mulheres da Il\u00edada\u00a0\u00e9 uma reavalia\u00e7\u00e3o inovadora da realidade por tr\u00e1s das mulheres muitas vezes mitificadas dos maiores \u00e9picos da Gr\u00e9cia, e do pr\u00f3prio mundo antigo sobre o qual vamos adquirindo cada vez mais conhecimentos.\" \/>\n<meta property=\"og:url\" content=\"https:\/\/livrariasolmar.pt\/produto\/miticas-as-mulheres-da-iliada\/\" \/>\n<meta property=\"og:site_name\" content=\"Livraria Solmar - Livraria online\" \/>\n<meta property=\"article:modified_time\" content=\"2025-12-13T15:16:13+00:00\" \/>\n<meta property=\"og:image\" content=\"https:\/\/livrariasolmar.pt\/wp-content\/uploads\/2025\/08\/1540-1-14.jpg\" \/>\n\t<meta property=\"og:image:width\" content=\"340\" \/>\n\t<meta property=\"og:image:height\" content=\"340\" \/>\n<meta name=\"twitter:card\" content=\"summary_large_image\" \/>\n<script type=\"application\/ld+json\" class=\"yoast-schema-graph\">{\"@context\":\"https:\/\/schema.org\",\"@graph\":[{\"@type\":\"WebSite\",\"@id\":\"https:\/\/livrariasolmar.pt\/#website\",\"url\":\"https:\/\/livrariasolmar.pt\/\",\"name\":\"Livraria Solmar - Livraria online\",\"description\":\"Com\\u00e9rcio Livros E Objetos De Arte, Lda - Ponta Delgada, A\\u00e7ores\",\"potentialAction\":[{\"@type\":\"SearchAction\",\"target\":{\"@type\":\"EntryPoint\",\"urlTemplate\":\"https:\/\/livrariasolmar.pt\/?s={search_term_string}\"},\"query-input\":\"required name=search_term_string\"}],\"inLanguage\":\"en-US\"},{\"@type\":\"ImageObject\",\"@id\":\"https:\/\/livrariasolmar.pt\/produto\/miticas-as-mulheres-da-iliada\/#primaryimage\",\"inLanguage\":\"en-US\",\"url\":\"https:\/\/livrariasolmar.pt\/wp-content\/uploads\/2025\/08\/1540-1-14.jpg\",\"contentUrl\":\"https:\/\/livrariasolmar.pt\/wp-content\/uploads\/2025\/08\/1540-1-14.jpg\",\"width\":340,\"height\":340},{\"@type\":\"WebPage\",\"@id\":\"https:\/\/livrariasolmar.pt\/produto\/miticas-as-mulheres-da-iliada\/#webpage\",\"url\":\"https:\/\/livrariasolmar.pt\/produto\/miticas-as-mulheres-da-iliada\/\",\"name\":\"M\\u00edticas - As Mulheres da Il\\u00edada - Livraria Solmar - Livraria online\",\"isPartOf\":{\"@id\":\"https:\/\/livrariasolmar.pt\/#website\"},\"primaryImageOfPage\":{\"@id\":\"https:\/\/livrariasolmar.pt\/produto\/miticas-as-mulheres-da-iliada\/#primaryimage\"},\"datePublished\":\"2025-08-18T17:21:55+00:00\",\"dateModified\":\"2025-12-13T15:16:13+00:00\",\"breadcrumb\":{\"@id\":\"https:\/\/livrariasolmar.pt\/produto\/miticas-as-mulheres-da-iliada\/#breadcrumb\"},\"inLanguage\":\"en-US\",\"potentialAction\":[{\"@type\":\"ReadAction\",\"target\":[\"https:\/\/livrariasolmar.pt\/produto\/miticas-as-mulheres-da-iliada\/\"]}]},{\"@type\":\"BreadcrumbList\",\"@id\":\"https:\/\/livrariasolmar.pt\/produto\/miticas-as-mulheres-da-iliada\/#breadcrumb\",\"itemListElement\":[{\"@type\":\"ListItem\",\"position\":1,\"name\":\"In\\u00edcio\",\"item\":\"https:\/\/livrariasolmar.pt\/en\/\"},{\"@type\":\"ListItem\",\"position\":2,\"name\":\"Shop\",\"item\":\"https:\/\/livrariasolmar.pt\/en\/shop\/\"},{\"@type\":\"ListItem\",\"position\":3,\"name\":\"M\\u00edticas &#8211; As Mulheres da Il\\u00edada\"}]}]}<\/script>\n<!-- \/ Yoast SEO plugin. -->","_links":{"self":[{"href":"https:\/\/livrariasolmar.pt\/en\/wp-json\/wp\/v2\/product\/10869"}],"collection":[{"href":"https:\/\/livrariasolmar.pt\/en\/wp-json\/wp\/v2\/product"}],"about":[{"href":"https:\/\/livrariasolmar.pt\/en\/wp-json\/wp\/v2\/types\/product"}],"author":[{"embeddable":true,"href":"https:\/\/livrariasolmar.pt\/en\/wp-json\/wp\/v2\/users\/2"}],"wp:featuredmedia":[{"embeddable":true,"href":"https:\/\/livrariasolmar.pt\/en\/wp-json\/wp\/v2\/media\/10870"}],"wp:attachment":[{"href":"https:\/\/livrariasolmar.pt\/en\/wp-json\/wp\/v2\/media?parent=10869"}],"wp:term":[{"taxonomy":"product_cat","embeddable":true,"href":"https:\/\/livrariasolmar.pt\/en\/wp-json\/wp\/v2\/product_cat?post=10869"},{"taxonomy":"product_tag","embeddable":true,"href":"https:\/\/livrariasolmar.pt\/en\/wp-json\/wp\/v2\/product_tag?post=10869"},{"taxonomy":"cat_produtos","embeddable":true,"href":"https:\/\/livrariasolmar.pt\/en\/wp-json\/wp\/v2\/cat_produtos?post=10869"}],"curies":[{"name":"wp","href":"https:\/\/api.w.org\/{rel}","templated":true}]}}