{"id":10872,"date":"2025-08-18T17:26:31","date_gmt":"2025-08-18T17:26:31","guid":{"rendered":"https:\/\/livrariasolmar.pt\/?post_type=product&#038;p=10872"},"modified":"2025-12-13T15:15:53","modified_gmt":"2025-12-13T15:15:53","slug":"ele-sabe-os-teus-segredos","status":"publish","type":"product","link":"https:\/\/livrariasolmar.pt\/en\/produto\/ele-sabe-os-teus-segredos\/","title":{"rendered":"Ele Sabe os Teus Segredos"},"content":{"rendered":"","protected":false},"excerpt":{"rendered":"<p>Quando Holly Maguire apanha um t\u00e1xi at\u00e9 ao topo de uma fal\u00e9sia, est\u00e1 decidida a corrigir um grande erro, por\u00e9m, momentos depois, o carro desliza pela encosta. Enquanto cai para a morte, Holly agarra com firmeza uma mochila, que cont\u00e9m a chave para derrubar um criminoso perigoso.<\/p>\n<p>Kelly Dale acorda para o pior dia da sua vida. A m\u00e3e faleceu na noite anterior, ap\u00f3s uma dura luta contra o cancro, e agora uma mensagem enviada pela namorada, Holly, leva-a at\u00e9 ao local do acidente, mas \u00e9 demasiado tarde. Em poucas horas, perdeu as duas pessoas mais importantes da sua vida. E a seguir\u2026 pode ser ela.<\/p>\n<p>Tudo aponta para um tr\u00e1gico acidente, ou suic\u00eddio, contudo Maddie n\u00e3o se deixa convencer. Holly era trabalhadora do sexo, e a hist\u00f3ria oficial n\u00e3o encaixa. Dentro da mochila, elementos aparentemente banais revelam uma teia sinistra que conduz at\u00e9 um poderoso chefe do crime.<\/p>\n<p>Cabe \u00e0 inspetora Maddie Ives descobrir a verdade, antes que Kelly tamb\u00e9m j\u00e1 n\u00e3o possa falar.<\/p>\n<p>O TEMPO EST\u00c1 A CONTAR\u2026 E KELLY N\u00c3O PODE ESPERAR.<\/p>\n","protected":false},"author":2,"featured_media":10873,"template":"","meta":[],"product_cat":[588],"product_tag":[],"cat_produtos":[],"yoast_head":"<!-- This site is optimized with the Yoast SEO plugin v16.6 - https:\/\/yoast.com\/wordpress\/plugins\/seo\/ -->\n<title>Ele Sabe os Teus Segredos - Livraria Solmar - Livraria online<\/title>\n<meta name=\"robots\" content=\"index, follow, max-snippet:-1, max-image-preview:large, max-video-preview:-1\" \/>\n<link rel=\"canonical\" href=\"https:\/\/livrariasolmar.pt\/en\/produto\/ele-sabe-os-teus-segredos\/\" \/>\n<meta property=\"og:locale\" content=\"en_US\" \/>\n<meta property=\"og:type\" content=\"article\" \/>\n<meta property=\"og:title\" content=\"Ele Sabe os Teus Segredos - Livraria Solmar - Livraria online\" \/>\n<meta property=\"og:description\" content=\"Quando Holly Maguire apanha um t\u00e1xi at\u00e9 ao topo de uma fal\u00e9sia, est\u00e1 decidida a corrigir um grande erro, por\u00e9m, momentos depois, o carro desliza pela encosta. Enquanto cai para a morte, Holly agarra com firmeza uma mochila, que cont\u00e9m a chave para derrubar um criminoso perigoso.  Kelly Dale acorda para o pior dia da sua vida. A m\u00e3e faleceu na noite anterior, ap\u00f3s uma dura luta contra o cancro, e agora uma mensagem enviada pela namorada, Holly, leva-a at\u00e9 ao local do acidente, mas \u00e9 demasiado tarde. Em poucas horas, perdeu as duas pessoas mais importantes da sua vida. E a seguir\u2026 pode ser ela.  Tudo aponta para um tr\u00e1gico acidente, ou suic\u00eddio, contudo Maddie n\u00e3o se deixa convencer. Holly era trabalhadora do sexo, e a hist\u00f3ria oficial n\u00e3o encaixa. Dentro da mochila, elementos aparentemente banais revelam uma teia sinistra que conduz at\u00e9 um poderoso chefe do crime.  Cabe \u00e0 inspetora Maddie Ives descobrir a verdade, antes que Kelly tamb\u00e9m j\u00e1 n\u00e3o possa falar.  O TEMPO EST\u00c1 A CONTAR\u2026 E KELLY N\u00c3O PODE ESPERAR.\" \/>\n<meta property=\"og:url\" content=\"https:\/\/livrariasolmar.pt\/produto\/ele-sabe-os-teus-segredos\/\" \/>\n<meta property=\"og:site_name\" content=\"Livraria Solmar - Livraria online\" \/>\n<meta property=\"article:modified_time\" content=\"2025-12-13T15:15:53+00:00\" \/>\n<meta property=\"og:image\" content=\"https:\/\/livrariasolmar.pt\/wp-content\/uploads\/2025\/08\/1540-1-6-2.jpg\" \/>\n\t<meta property=\"og:image:width\" content=\"340\" \/>\n\t<meta property=\"og:image:height\" content=\"340\" \/>\n<meta name=\"twitter:card\" content=\"summary_large_image\" \/>\n<script type=\"application\/ld+json\" class=\"yoast-schema-graph\">{\"@context\":\"https:\/\/schema.org\",\"@graph\":[{\"@type\":\"WebSite\",\"@id\":\"https:\/\/livrariasolmar.pt\/#website\",\"url\":\"https:\/\/livrariasolmar.pt\/\",\"name\":\"Livraria Solmar - Livraria online\",\"description\":\"Com\\u00e9rcio Livros E Objetos De Arte, Lda - Ponta Delgada, A\\u00e7ores\",\"potentialAction\":[{\"@type\":\"SearchAction\",\"target\":{\"@type\":\"EntryPoint\",\"urlTemplate\":\"https:\/\/livrariasolmar.pt\/?s={search_term_string}\"},\"query-input\":\"required name=search_term_string\"}],\"inLanguage\":\"en-US\"},{\"@type\":\"ImageObject\",\"@id\":\"https:\/\/livrariasolmar.pt\/produto\/ele-sabe-os-teus-segredos\/#primaryimage\",\"inLanguage\":\"en-US\",\"url\":\"https:\/\/livrariasolmar.pt\/wp-content\/uploads\/2025\/08\/1540-1-6-2.jpg\",\"contentUrl\":\"https:\/\/livrariasolmar.pt\/wp-content\/uploads\/2025\/08\/1540-1-6-2.jpg\",\"width\":340,\"height\":340},{\"@type\":\"WebPage\",\"@id\":\"https:\/\/livrariasolmar.pt\/produto\/ele-sabe-os-teus-segredos\/#webpage\",\"url\":\"https:\/\/livrariasolmar.pt\/produto\/ele-sabe-os-teus-segredos\/\",\"name\":\"Ele Sabe os Teus Segredos - Livraria Solmar - Livraria online\",\"isPartOf\":{\"@id\":\"https:\/\/livrariasolmar.pt\/#website\"},\"primaryImageOfPage\":{\"@id\":\"https:\/\/livrariasolmar.pt\/produto\/ele-sabe-os-teus-segredos\/#primaryimage\"},\"datePublished\":\"2025-08-18T17:26:31+00:00\",\"dateModified\":\"2025-12-13T15:15:53+00:00\",\"breadcrumb\":{\"@id\":\"https:\/\/livrariasolmar.pt\/produto\/ele-sabe-os-teus-segredos\/#breadcrumb\"},\"inLanguage\":\"en-US\",\"potentialAction\":[{\"@type\":\"ReadAction\",\"target\":[\"https:\/\/livrariasolmar.pt\/produto\/ele-sabe-os-teus-segredos\/\"]}]},{\"@type\":\"BreadcrumbList\",\"@id\":\"https:\/\/livrariasolmar.pt\/produto\/ele-sabe-os-teus-segredos\/#breadcrumb\",\"itemListElement\":[{\"@type\":\"ListItem\",\"position\":1,\"name\":\"In\\u00edcio\",\"item\":\"https:\/\/livrariasolmar.pt\/en\/\"},{\"@type\":\"ListItem\",\"position\":2,\"name\":\"Shop\",\"item\":\"https:\/\/livrariasolmar.pt\/en\/shop\/\"},{\"@type\":\"ListItem\",\"position\":3,\"name\":\"Ele Sabe os Teus Segredos\"}]}]}<\/script>\n<!-- \/ Yoast SEO plugin. -->","_links":{"self":[{"href":"https:\/\/livrariasolmar.pt\/en\/wp-json\/wp\/v2\/product\/10872"}],"collection":[{"href":"https:\/\/livrariasolmar.pt\/en\/wp-json\/wp\/v2\/product"}],"about":[{"href":"https:\/\/livrariasolmar.pt\/en\/wp-json\/wp\/v2\/types\/product"}],"author":[{"embeddable":true,"href":"https:\/\/livrariasolmar.pt\/en\/wp-json\/wp\/v2\/users\/2"}],"wp:featuredmedia":[{"embeddable":true,"href":"https:\/\/livrariasolmar.pt\/en\/wp-json\/wp\/v2\/media\/10873"}],"wp:attachment":[{"href":"https:\/\/livrariasolmar.pt\/en\/wp-json\/wp\/v2\/media?parent=10872"}],"wp:term":[{"taxonomy":"product_cat","embeddable":true,"href":"https:\/\/livrariasolmar.pt\/en\/wp-json\/wp\/v2\/product_cat?post=10872"},{"taxonomy":"product_tag","embeddable":true,"href":"https:\/\/livrariasolmar.pt\/en\/wp-json\/wp\/v2\/product_tag?post=10872"},{"taxonomy":"cat_produtos","embeddable":true,"href":"https:\/\/livrariasolmar.pt\/en\/wp-json\/wp\/v2\/cat_produtos?post=10872"}],"curies":[{"name":"wp","href":"https:\/\/api.w.org\/{rel}","templated":true}]}}