{"id":10875,"date":"2025-08-18T17:36:12","date_gmt":"2025-08-18T17:36:12","guid":{"rendered":"https:\/\/livrariasolmar.pt\/?post_type=product&#038;p=10875"},"modified":"2025-11-16T16:38:30","modified_gmt":"2025-11-16T16:38:30","slug":"quando-a-tempestade-chegou","status":"publish","type":"product","link":"https:\/\/livrariasolmar.pt\/en\/produto\/quando-a-tempestade-chegou\/","title":{"rendered":"Quando a Tempestade Chegou\u2026"},"content":{"rendered":"","protected":false},"excerpt":{"rendered":"<p>A R\u00e3zinha, divertida a brincar, n\u00e3o repara na enorme tempestade a chegar.<\/p>\n<p>Entretanto, \u00e9 arrastada pelo vento e cai no interior escuro do velho cepo, onde \u00e9 agarrada pela Grande Coisa Assustadora \u2014 como \u00e9 que agora conseguir\u00e1 escapar \u00e0s suas garras e reencontrar a sua fam\u00edlia?<\/p>\n<p>Do mesmo autor:\u00a0<i>Queres entrar nesta hist\u00f3ria?<\/i>\u00a0e\u00a0<i>Eu n\u00e3o gosto de festas\u2026<\/i>.<\/p>\n","protected":false},"author":2,"featured_media":10876,"template":"","meta":[],"product_cat":[172],"product_tag":[],"cat_produtos":[],"yoast_head":"<!-- This site is optimized with the Yoast SEO plugin v16.6 - https:\/\/yoast.com\/wordpress\/plugins\/seo\/ -->\n<title>Quando a Tempestade Chegou\u2026 - Livraria Solmar - Livraria online<\/title>\n<meta name=\"robots\" content=\"index, follow, max-snippet:-1, max-image-preview:large, max-video-preview:-1\" \/>\n<link rel=\"canonical\" href=\"https:\/\/livrariasolmar.pt\/en\/produto\/quando-a-tempestade-chegou\/\" \/>\n<meta property=\"og:locale\" content=\"en_US\" \/>\n<meta property=\"og:type\" content=\"article\" \/>\n<meta property=\"og:title\" content=\"Quando a Tempestade Chegou\u2026 - Livraria Solmar - Livraria online\" \/>\n<meta property=\"og:description\" content=\"A R\u00e3zinha, divertida a brincar, n\u00e3o repara na enorme tempestade a chegar.  Entretanto, \u00e9 arrastada pelo vento e cai no interior escuro do velho cepo, onde \u00e9 agarrada pela Grande Coisa Assustadora \u2014 como \u00e9 que agora conseguir\u00e1 escapar \u00e0s suas garras e reencontrar a sua fam\u00edlia?  Do mesmo autor:\u00a0Queres entrar nesta hist\u00f3ria?\u00a0e\u00a0Eu n\u00e3o gosto de festas\u2026.\" \/>\n<meta property=\"og:url\" content=\"https:\/\/livrariasolmar.pt\/produto\/quando-a-tempestade-chegou\/\" \/>\n<meta property=\"og:site_name\" content=\"Livraria Solmar - Livraria online\" \/>\n<meta property=\"article:modified_time\" content=\"2025-11-16T16:38:30+00:00\" \/>\n<meta property=\"og:image\" content=\"https:\/\/livrariasolmar.pt\/wp-content\/uploads\/2025\/08\/1540-1-7-1.jpg\" \/>\n\t<meta property=\"og:image:width\" content=\"340\" \/>\n\t<meta property=\"og:image:height\" content=\"340\" \/>\n<meta name=\"twitter:card\" content=\"summary_large_image\" \/>\n<script type=\"application\/ld+json\" class=\"yoast-schema-graph\">{\"@context\":\"https:\/\/schema.org\",\"@graph\":[{\"@type\":\"WebSite\",\"@id\":\"https:\/\/livrariasolmar.pt\/#website\",\"url\":\"https:\/\/livrariasolmar.pt\/\",\"name\":\"Livraria Solmar - Livraria online\",\"description\":\"Com\\u00e9rcio Livros E Objetos De Arte, Lda - Ponta Delgada, A\\u00e7ores\",\"potentialAction\":[{\"@type\":\"SearchAction\",\"target\":{\"@type\":\"EntryPoint\",\"urlTemplate\":\"https:\/\/livrariasolmar.pt\/?s={search_term_string}\"},\"query-input\":\"required name=search_term_string\"}],\"inLanguage\":\"en-US\"},{\"@type\":\"ImageObject\",\"@id\":\"https:\/\/livrariasolmar.pt\/produto\/quando-a-tempestade-chegou\/#primaryimage\",\"inLanguage\":\"en-US\",\"url\":\"https:\/\/livrariasolmar.pt\/wp-content\/uploads\/2025\/08\/1540-1-7-1.jpg\",\"contentUrl\":\"https:\/\/livrariasolmar.pt\/wp-content\/uploads\/2025\/08\/1540-1-7-1.jpg\",\"width\":340,\"height\":340},{\"@type\":\"WebPage\",\"@id\":\"https:\/\/livrariasolmar.pt\/produto\/quando-a-tempestade-chegou\/#webpage\",\"url\":\"https:\/\/livrariasolmar.pt\/produto\/quando-a-tempestade-chegou\/\",\"name\":\"Quando a Tempestade Chegou\\u2026 - Livraria Solmar - Livraria online\",\"isPartOf\":{\"@id\":\"https:\/\/livrariasolmar.pt\/#website\"},\"primaryImageOfPage\":{\"@id\":\"https:\/\/livrariasolmar.pt\/produto\/quando-a-tempestade-chegou\/#primaryimage\"},\"datePublished\":\"2025-08-18T17:36:12+00:00\",\"dateModified\":\"2025-11-16T16:38:30+00:00\",\"breadcrumb\":{\"@id\":\"https:\/\/livrariasolmar.pt\/produto\/quando-a-tempestade-chegou\/#breadcrumb\"},\"inLanguage\":\"en-US\",\"potentialAction\":[{\"@type\":\"ReadAction\",\"target\":[\"https:\/\/livrariasolmar.pt\/produto\/quando-a-tempestade-chegou\/\"]}]},{\"@type\":\"BreadcrumbList\",\"@id\":\"https:\/\/livrariasolmar.pt\/produto\/quando-a-tempestade-chegou\/#breadcrumb\",\"itemListElement\":[{\"@type\":\"ListItem\",\"position\":1,\"name\":\"In\\u00edcio\",\"item\":\"https:\/\/livrariasolmar.pt\/en\/\"},{\"@type\":\"ListItem\",\"position\":2,\"name\":\"Shop\",\"item\":\"https:\/\/livrariasolmar.pt\/en\/shop\/\"},{\"@type\":\"ListItem\",\"position\":3,\"name\":\"Quando a Tempestade Chegou\\u2026\"}]}]}<\/script>\n<!-- \/ Yoast SEO plugin. -->","_links":{"self":[{"href":"https:\/\/livrariasolmar.pt\/en\/wp-json\/wp\/v2\/product\/10875"}],"collection":[{"href":"https:\/\/livrariasolmar.pt\/en\/wp-json\/wp\/v2\/product"}],"about":[{"href":"https:\/\/livrariasolmar.pt\/en\/wp-json\/wp\/v2\/types\/product"}],"author":[{"embeddable":true,"href":"https:\/\/livrariasolmar.pt\/en\/wp-json\/wp\/v2\/users\/2"}],"wp:featuredmedia":[{"embeddable":true,"href":"https:\/\/livrariasolmar.pt\/en\/wp-json\/wp\/v2\/media\/10876"}],"wp:attachment":[{"href":"https:\/\/livrariasolmar.pt\/en\/wp-json\/wp\/v2\/media?parent=10875"}],"wp:term":[{"taxonomy":"product_cat","embeddable":true,"href":"https:\/\/livrariasolmar.pt\/en\/wp-json\/wp\/v2\/product_cat?post=10875"},{"taxonomy":"product_tag","embeddable":true,"href":"https:\/\/livrariasolmar.pt\/en\/wp-json\/wp\/v2\/product_tag?post=10875"},{"taxonomy":"cat_produtos","embeddable":true,"href":"https:\/\/livrariasolmar.pt\/en\/wp-json\/wp\/v2\/cat_produtos?post=10875"}],"curies":[{"name":"wp","href":"https:\/\/api.w.org\/{rel}","templated":true}]}}