{"id":10890,"date":"2025-08-18T18:43:18","date_gmt":"2025-08-18T18:43:18","guid":{"rendered":"https:\/\/livrariasolmar.pt\/?post_type=product&#038;p=10890"},"modified":"2025-12-13T15:16:37","modified_gmt":"2025-12-13T15:16:37","slug":"o-diario-de-anne-frank-diario-grafico","status":"publish","type":"product","link":"https:\/\/livrariasolmar.pt\/en\/produto\/o-diario-de-anne-frank-diario-grafico\/","title":{"rendered":"O Di\u00e1rio de Anne Frank &#8211; Di\u00e1rio Gr\u00e1fico"},"content":{"rendered":"","protected":false},"excerpt":{"rendered":"<p>Escrito entre 12 de junho de 1942 e 1 de agosto de 1944,\u00a0<i>O Di\u00e1rio de Anne Frank<\/i>\u00a0foi publicado pela primeira vez em 1947, por iniciativa de seu pai, revelando ao mundo o dia a dia de dois longos anos de uma adolescente for\u00e7ada a esconder-se, juntamente com a sua fam\u00edlia e um grupo de outros judeus, durante a ocupa\u00e7\u00e3o nazi da cidade de Amesterd\u00e3o.<\/p>\n<p>Todos os que se encontravam naquele pequeno anexo secreto acabaram por ser presos em agosto de 1944, e em mar\u00e7o de 1945 Anne Frank morreu no campo de concentra\u00e7\u00e3o de Bergen-Belsen, a escassos dois meses do final da guerra na Europa. O seu di\u00e1rio tornar-se-ia um dos livros de n\u00e3o fic\u00e7\u00e3o mais lidos em todo o mundo, testemunho incompar\u00e1vel do terror da guerra e do fulgor do esp\u00edrito humano.<\/p>\n<p>Lan\u00e7ada mundialmente em celebra\u00e7\u00e3o do 70\u00ba anivers\u00e1rio de\u00a0<i>O Di\u00e1rio de Anne Frank<\/i>, esta \u00e9 a sua primeira adapta\u00e7\u00e3o para banda desenhada, realizada com a autoriza\u00e7\u00e3o da fam\u00edlia e tendo por base os textos originais do di\u00e1rio.<\/p>\n","protected":false},"author":2,"featured_media":10891,"template":"","meta":[],"product_cat":[174],"product_tag":[],"cat_produtos":[],"yoast_head":"<!-- This site is optimized with the Yoast SEO plugin v16.6 - https:\/\/yoast.com\/wordpress\/plugins\/seo\/ -->\n<title>O Di\u00e1rio de Anne Frank - Di\u00e1rio Gr\u00e1fico - Livraria Solmar - Livraria online<\/title>\n<meta name=\"robots\" content=\"index, follow, max-snippet:-1, max-image-preview:large, max-video-preview:-1\" \/>\n<link rel=\"canonical\" href=\"https:\/\/livrariasolmar.pt\/en\/produto\/o-diario-de-anne-frank-diario-grafico\/\" \/>\n<meta property=\"og:locale\" content=\"en_US\" \/>\n<meta property=\"og:type\" content=\"article\" \/>\n<meta property=\"og:title\" content=\"O Di\u00e1rio de Anne Frank - Di\u00e1rio Gr\u00e1fico - Livraria Solmar - Livraria online\" \/>\n<meta property=\"og:description\" content=\"Escrito entre 12 de junho de 1942 e 1 de agosto de 1944,\u00a0O Di\u00e1rio de Anne Frank\u00a0foi publicado pela primeira vez em 1947, por iniciativa de seu pai, revelando ao mundo o dia a dia de dois longos anos de uma adolescente for\u00e7ada a esconder-se, juntamente com a sua fam\u00edlia e um grupo de outros judeus, durante a ocupa\u00e7\u00e3o nazi da cidade de Amesterd\u00e3o.  Todos os que se encontravam naquele pequeno anexo secreto acabaram por ser presos em agosto de 1944, e em mar\u00e7o de 1945 Anne Frank morreu no campo de concentra\u00e7\u00e3o de Bergen-Belsen, a escassos dois meses do final da guerra na Europa. O seu di\u00e1rio tornar-se-ia um dos livros de n\u00e3o fic\u00e7\u00e3o mais lidos em todo o mundo, testemunho incompar\u00e1vel do terror da guerra e do fulgor do esp\u00edrito humano.  Lan\u00e7ada mundialmente em celebra\u00e7\u00e3o do 70\u00ba anivers\u00e1rio de\u00a0O Di\u00e1rio de Anne Frank, esta \u00e9 a sua primeira adapta\u00e7\u00e3o para banda desenhada, realizada com a autoriza\u00e7\u00e3o da fam\u00edlia e tendo por base os textos originais do di\u00e1rio.\" \/>\n<meta property=\"og:url\" content=\"https:\/\/livrariasolmar.pt\/produto\/o-diario-de-anne-frank-diario-grafico\/\" \/>\n<meta property=\"og:site_name\" content=\"Livraria Solmar - Livraria online\" \/>\n<meta property=\"article:modified_time\" content=\"2025-12-13T15:16:37+00:00\" \/>\n<meta property=\"og:image\" content=\"https:\/\/livrariasolmar.pt\/wp-content\/uploads\/2025\/08\/O-Diario-de-Anne-Frank.jpg\" \/>\n\t<meta property=\"og:image:width\" content=\"400\" \/>\n\t<meta property=\"og:image:height\" content=\"400\" \/>\n<meta name=\"twitter:card\" content=\"summary_large_image\" \/>\n<script type=\"application\/ld+json\" class=\"yoast-schema-graph\">{\"@context\":\"https:\/\/schema.org\",\"@graph\":[{\"@type\":\"WebSite\",\"@id\":\"https:\/\/livrariasolmar.pt\/#website\",\"url\":\"https:\/\/livrariasolmar.pt\/\",\"name\":\"Livraria Solmar - Livraria online\",\"description\":\"Com\\u00e9rcio Livros E Objetos De Arte, Lda - Ponta Delgada, A\\u00e7ores\",\"potentialAction\":[{\"@type\":\"SearchAction\",\"target\":{\"@type\":\"EntryPoint\",\"urlTemplate\":\"https:\/\/livrariasolmar.pt\/?s={search_term_string}\"},\"query-input\":\"required name=search_term_string\"}],\"inLanguage\":\"en-US\"},{\"@type\":\"ImageObject\",\"@id\":\"https:\/\/livrariasolmar.pt\/produto\/o-diario-de-anne-frank-diario-grafico\/#primaryimage\",\"inLanguage\":\"en-US\",\"url\":\"https:\/\/livrariasolmar.pt\/wp-content\/uploads\/2025\/08\/O-Diario-de-Anne-Frank.jpg\",\"contentUrl\":\"https:\/\/livrariasolmar.pt\/wp-content\/uploads\/2025\/08\/O-Diario-de-Anne-Frank.jpg\",\"width\":400,\"height\":400},{\"@type\":\"WebPage\",\"@id\":\"https:\/\/livrariasolmar.pt\/produto\/o-diario-de-anne-frank-diario-grafico\/#webpage\",\"url\":\"https:\/\/livrariasolmar.pt\/produto\/o-diario-de-anne-frank-diario-grafico\/\",\"name\":\"O Di\\u00e1rio de Anne Frank - Di\\u00e1rio Gr\\u00e1fico - Livraria Solmar - Livraria online\",\"isPartOf\":{\"@id\":\"https:\/\/livrariasolmar.pt\/#website\"},\"primaryImageOfPage\":{\"@id\":\"https:\/\/livrariasolmar.pt\/produto\/o-diario-de-anne-frank-diario-grafico\/#primaryimage\"},\"datePublished\":\"2025-08-18T18:43:18+00:00\",\"dateModified\":\"2025-12-13T15:16:37+00:00\",\"breadcrumb\":{\"@id\":\"https:\/\/livrariasolmar.pt\/produto\/o-diario-de-anne-frank-diario-grafico\/#breadcrumb\"},\"inLanguage\":\"en-US\",\"potentialAction\":[{\"@type\":\"ReadAction\",\"target\":[\"https:\/\/livrariasolmar.pt\/produto\/o-diario-de-anne-frank-diario-grafico\/\"]}]},{\"@type\":\"BreadcrumbList\",\"@id\":\"https:\/\/livrariasolmar.pt\/produto\/o-diario-de-anne-frank-diario-grafico\/#breadcrumb\",\"itemListElement\":[{\"@type\":\"ListItem\",\"position\":1,\"name\":\"In\\u00edcio\",\"item\":\"https:\/\/livrariasolmar.pt\/en\/\"},{\"@type\":\"ListItem\",\"position\":2,\"name\":\"Shop\",\"item\":\"https:\/\/livrariasolmar.pt\/en\/shop\/\"},{\"@type\":\"ListItem\",\"position\":3,\"name\":\"O Di\\u00e1rio de Anne Frank &#8211; Di\\u00e1rio Gr\\u00e1fico\"}]}]}<\/script>\n<!-- \/ Yoast SEO plugin. -->","_links":{"self":[{"href":"https:\/\/livrariasolmar.pt\/en\/wp-json\/wp\/v2\/product\/10890"}],"collection":[{"href":"https:\/\/livrariasolmar.pt\/en\/wp-json\/wp\/v2\/product"}],"about":[{"href":"https:\/\/livrariasolmar.pt\/en\/wp-json\/wp\/v2\/types\/product"}],"author":[{"embeddable":true,"href":"https:\/\/livrariasolmar.pt\/en\/wp-json\/wp\/v2\/users\/2"}],"wp:featuredmedia":[{"embeddable":true,"href":"https:\/\/livrariasolmar.pt\/en\/wp-json\/wp\/v2\/media\/10891"}],"wp:attachment":[{"href":"https:\/\/livrariasolmar.pt\/en\/wp-json\/wp\/v2\/media?parent=10890"}],"wp:term":[{"taxonomy":"product_cat","embeddable":true,"href":"https:\/\/livrariasolmar.pt\/en\/wp-json\/wp\/v2\/product_cat?post=10890"},{"taxonomy":"product_tag","embeddable":true,"href":"https:\/\/livrariasolmar.pt\/en\/wp-json\/wp\/v2\/product_tag?post=10890"},{"taxonomy":"cat_produtos","embeddable":true,"href":"https:\/\/livrariasolmar.pt\/en\/wp-json\/wp\/v2\/cat_produtos?post=10890"}],"curies":[{"name":"wp","href":"https:\/\/api.w.org\/{rel}","templated":true}]}}