{"id":10894,"date":"2025-08-26T16:40:52","date_gmt":"2025-08-26T16:40:52","guid":{"rendered":"https:\/\/livrariasolmar.pt\/?post_type=product&#038;p=10894"},"modified":"2026-01-31T15:33:09","modified_gmt":"2026-01-31T15:33:09","slug":"o-herdeiro","status":"publish","type":"product","link":"https:\/\/livrariasolmar.pt\/en\/produto\/o-herdeiro\/","title":{"rendered":"O Herdeiro"},"content":{"rendered":"","protected":false},"excerpt":{"rendered":"<p><i>O Herdeiro<\/i>\u00a0relata na primeira pessoa a hist\u00f3ria de Jo\u00e3o, filho de emigrantes portugueses no Quebeque, Canad\u00e1, que procuraram transmitir-lhe uma forte rela\u00e7\u00e3o afetiva com o pa\u00eds de origem, num evidente contraste com o seu universo em que vive &#8211; o da l\u00edngua francesa e de um outro pa\u00eds &#8211; transmitindo essa tens\u00e3o entre os dois mundos. A hist\u00f3ria \u00e9 a do pr\u00f3prio autor, que nos oferece uma narrativa intercalada por v\u00e1rias reflex\u00f5es.<\/p>\n<p>Este primeiro romance do canadiano quebequiano e luso-descendente \u00abrelata a constru\u00e7\u00e3o identit\u00e1ria de um imigrante de segunda gera\u00e7\u00e3o e a sua trajet\u00f3ria repleta de promessas e incertezas\u00bb.<\/p>\n","protected":false},"author":2,"featured_media":10895,"template":"","meta":[],"product_cat":[153],"product_tag":[],"cat_produtos":[],"yoast_head":"<!-- This site is optimized with the Yoast SEO plugin v16.6 - https:\/\/yoast.com\/wordpress\/plugins\/seo\/ -->\n<title>O Herdeiro - Livraria Solmar - Livraria online<\/title>\n<meta name=\"robots\" content=\"index, follow, max-snippet:-1, max-image-preview:large, max-video-preview:-1\" \/>\n<link rel=\"canonical\" href=\"https:\/\/livrariasolmar.pt\/en\/produto\/o-herdeiro\/\" \/>\n<meta property=\"og:locale\" content=\"en_US\" \/>\n<meta property=\"og:type\" content=\"article\" \/>\n<meta property=\"og:title\" content=\"O Herdeiro - Livraria Solmar - Livraria online\" \/>\n<meta property=\"og:description\" content=\"O Herdeiro\u00a0relata na primeira pessoa a hist\u00f3ria de Jo\u00e3o, filho de emigrantes portugueses no Quebeque, Canad\u00e1, que procuraram transmitir-lhe uma forte rela\u00e7\u00e3o afetiva com o pa\u00eds de origem, num evidente contraste com o seu universo em que vive - o da l\u00edngua francesa e de um outro pa\u00eds - transmitindo essa tens\u00e3o entre os dois mundos. A hist\u00f3ria \u00e9 a do pr\u00f3prio autor, que nos oferece uma narrativa intercalada por v\u00e1rias reflex\u00f5es.  Este primeiro romance do canadiano quebequiano e luso-descendente \u00abrelata a constru\u00e7\u00e3o identit\u00e1ria de um imigrante de segunda gera\u00e7\u00e3o e a sua trajet\u00f3ria repleta de promessas e incertezas\u00bb.\" \/>\n<meta property=\"og:url\" content=\"https:\/\/livrariasolmar.pt\/produto\/o-herdeiro\/\" \/>\n<meta property=\"og:site_name\" content=\"Livraria Solmar - Livraria online\" \/>\n<meta property=\"article:modified_time\" content=\"2026-01-31T15:33:09+00:00\" \/>\n<meta property=\"og:image\" content=\"https:\/\/livrariasolmar.pt\/wp-content\/uploads\/2025\/08\/1507-1-2-1.jpg\" \/>\n\t<meta property=\"og:image:width\" content=\"400\" \/>\n\t<meta property=\"og:image:height\" content=\"400\" \/>\n<meta name=\"twitter:card\" content=\"summary_large_image\" \/>\n<script type=\"application\/ld+json\" class=\"yoast-schema-graph\">{\"@context\":\"https:\/\/schema.org\",\"@graph\":[{\"@type\":\"WebSite\",\"@id\":\"https:\/\/livrariasolmar.pt\/#website\",\"url\":\"https:\/\/livrariasolmar.pt\/\",\"name\":\"Livraria Solmar - Livraria online\",\"description\":\"Com\\u00e9rcio Livros E Objetos De Arte, Lda - Ponta Delgada, A\\u00e7ores\",\"potentialAction\":[{\"@type\":\"SearchAction\",\"target\":{\"@type\":\"EntryPoint\",\"urlTemplate\":\"https:\/\/livrariasolmar.pt\/?s={search_term_string}\"},\"query-input\":\"required name=search_term_string\"}],\"inLanguage\":\"en-US\"},{\"@type\":\"ImageObject\",\"@id\":\"https:\/\/livrariasolmar.pt\/produto\/o-herdeiro\/#primaryimage\",\"inLanguage\":\"en-US\",\"url\":\"https:\/\/livrariasolmar.pt\/wp-content\/uploads\/2025\/08\/1507-1-2-1.jpg\",\"contentUrl\":\"https:\/\/livrariasolmar.pt\/wp-content\/uploads\/2025\/08\/1507-1-2-1.jpg\",\"width\":400,\"height\":400},{\"@type\":\"WebPage\",\"@id\":\"https:\/\/livrariasolmar.pt\/produto\/o-herdeiro\/#webpage\",\"url\":\"https:\/\/livrariasolmar.pt\/produto\/o-herdeiro\/\",\"name\":\"O Herdeiro - Livraria Solmar - Livraria online\",\"isPartOf\":{\"@id\":\"https:\/\/livrariasolmar.pt\/#website\"},\"primaryImageOfPage\":{\"@id\":\"https:\/\/livrariasolmar.pt\/produto\/o-herdeiro\/#primaryimage\"},\"datePublished\":\"2025-08-26T16:40:52+00:00\",\"dateModified\":\"2026-01-31T15:33:09+00:00\",\"breadcrumb\":{\"@id\":\"https:\/\/livrariasolmar.pt\/produto\/o-herdeiro\/#breadcrumb\"},\"inLanguage\":\"en-US\",\"potentialAction\":[{\"@type\":\"ReadAction\",\"target\":[\"https:\/\/livrariasolmar.pt\/produto\/o-herdeiro\/\"]}]},{\"@type\":\"BreadcrumbList\",\"@id\":\"https:\/\/livrariasolmar.pt\/produto\/o-herdeiro\/#breadcrumb\",\"itemListElement\":[{\"@type\":\"ListItem\",\"position\":1,\"name\":\"In\\u00edcio\",\"item\":\"https:\/\/livrariasolmar.pt\/en\/\"},{\"@type\":\"ListItem\",\"position\":2,\"name\":\"Shop\",\"item\":\"https:\/\/livrariasolmar.pt\/en\/shop\/\"},{\"@type\":\"ListItem\",\"position\":3,\"name\":\"O Herdeiro\"}]}]}<\/script>\n<!-- \/ Yoast SEO plugin. -->","_links":{"self":[{"href":"https:\/\/livrariasolmar.pt\/en\/wp-json\/wp\/v2\/product\/10894"}],"collection":[{"href":"https:\/\/livrariasolmar.pt\/en\/wp-json\/wp\/v2\/product"}],"about":[{"href":"https:\/\/livrariasolmar.pt\/en\/wp-json\/wp\/v2\/types\/product"}],"author":[{"embeddable":true,"href":"https:\/\/livrariasolmar.pt\/en\/wp-json\/wp\/v2\/users\/2"}],"wp:featuredmedia":[{"embeddable":true,"href":"https:\/\/livrariasolmar.pt\/en\/wp-json\/wp\/v2\/media\/10895"}],"wp:attachment":[{"href":"https:\/\/livrariasolmar.pt\/en\/wp-json\/wp\/v2\/media?parent=10894"}],"wp:term":[{"taxonomy":"product_cat","embeddable":true,"href":"https:\/\/livrariasolmar.pt\/en\/wp-json\/wp\/v2\/product_cat?post=10894"},{"taxonomy":"product_tag","embeddable":true,"href":"https:\/\/livrariasolmar.pt\/en\/wp-json\/wp\/v2\/product_tag?post=10894"},{"taxonomy":"cat_produtos","embeddable":true,"href":"https:\/\/livrariasolmar.pt\/en\/wp-json\/wp\/v2\/cat_produtos?post=10894"}],"curies":[{"name":"wp","href":"https:\/\/api.w.org\/{rel}","templated":true}]}}