{"id":10897,"date":"2025-08-26T16:59:49","date_gmt":"2025-08-26T16:59:49","guid":{"rendered":"https:\/\/livrariasolmar.pt\/?post_type=product&#038;p=10897"},"modified":"2025-11-14T19:35:01","modified_gmt":"2025-11-14T19:35:01","slug":"gente-valiosa","status":"publish","type":"product","link":"https:\/\/livrariasolmar.pt\/en\/produto\/gente-valiosa\/","title":{"rendered":"Gente Valiosa"},"content":{"rendered":"","protected":false},"excerpt":{"rendered":"<p>Um livro imprescind\u00edvel para se tornar uma pessoa mais emp\u00e1tica e manter rela\u00e7\u00f5es mais saud\u00e1veis.<\/p>\n<p>Para vivermos uma vida plena, precisamos de nos rodear de pessoas que nos ajudem a ser a melhor vers\u00e3o de n\u00f3s pr\u00f3prios. Pessoas que nos motivem, que criem ambientes positivos e que constituam o nosso porto de abrigo. Estas pessoas partilham v\u00e1rias caracter\u00edsticas fundamentais, como empatia, generosidade e altru\u00edsmo.<\/p>\n<p>Bernardo Stamateas, um conceituado psic\u00f3logo cl\u00ednico autor do bestseller\u00a0<i>Gente T\u00f3xica<\/i>, chama a essas pessoas, que nos nutrem com as suas atitudes positivas, pessoas nutridoras. S\u00e3o pessoas que trazem alegria \u00e0 nossa vida e nos fazem sentir realizados.<\/p>\n<p>Ao intercalar conceitos da psicologia com hist\u00f3rias e relatos inspiradores, o autor demonstra como podemos ser uma dessas pessoas, fornecendo-nos igualmente ferramentas para nos relacionarmos de forma construtiva nas diferentes \u00e1reas da nossa vida.<\/p>\n","protected":false},"author":2,"featured_media":10898,"template":"","meta":[],"product_cat":[173],"product_tag":[],"cat_produtos":[],"yoast_head":"<!-- This site is optimized with the Yoast SEO plugin v16.6 - https:\/\/yoast.com\/wordpress\/plugins\/seo\/ -->\n<title>Gente Valiosa - Livraria Solmar - Livraria online<\/title>\n<meta name=\"robots\" content=\"index, follow, max-snippet:-1, max-image-preview:large, max-video-preview:-1\" \/>\n<link rel=\"canonical\" href=\"https:\/\/livrariasolmar.pt\/en\/produto\/gente-valiosa\/\" \/>\n<meta property=\"og:locale\" content=\"en_US\" \/>\n<meta property=\"og:type\" content=\"article\" \/>\n<meta property=\"og:title\" content=\"Gente Valiosa - Livraria Solmar - Livraria online\" \/>\n<meta property=\"og:description\" content=\"Um livro imprescind\u00edvel para se tornar uma pessoa mais emp\u00e1tica e manter rela\u00e7\u00f5es mais saud\u00e1veis.  Para vivermos uma vida plena, precisamos de nos rodear de pessoas que nos ajudem a ser a melhor vers\u00e3o de n\u00f3s pr\u00f3prios. Pessoas que nos motivem, que criem ambientes positivos e que constituam o nosso porto de abrigo. Estas pessoas partilham v\u00e1rias caracter\u00edsticas fundamentais, como empatia, generosidade e altru\u00edsmo.  Bernardo Stamateas, um conceituado psic\u00f3logo cl\u00ednico autor do bestseller\u00a0Gente T\u00f3xica, chama a essas pessoas, que nos nutrem com as suas atitudes positivas, pessoas nutridoras. S\u00e3o pessoas que trazem alegria \u00e0 nossa vida e nos fazem sentir realizados.  Ao intercalar conceitos da psicologia com hist\u00f3rias e relatos inspiradores, o autor demonstra como podemos ser uma dessas pessoas, fornecendo-nos igualmente ferramentas para nos relacionarmos de forma construtiva nas diferentes \u00e1reas da nossa vida.\" \/>\n<meta property=\"og:url\" content=\"https:\/\/livrariasolmar.pt\/produto\/gente-valiosa\/\" \/>\n<meta property=\"og:site_name\" content=\"Livraria Solmar - Livraria online\" \/>\n<meta property=\"article:modified_time\" content=\"2025-11-14T19:35:01+00:00\" \/>\n<meta property=\"og:image\" content=\"https:\/\/livrariasolmar.pt\/wp-content\/uploads\/2025\/08\/1540-1-6-4.jpg\" \/>\n\t<meta property=\"og:image:width\" content=\"340\" \/>\n\t<meta property=\"og:image:height\" content=\"340\" \/>\n<meta name=\"twitter:card\" content=\"summary_large_image\" \/>\n<script type=\"application\/ld+json\" class=\"yoast-schema-graph\">{\"@context\":\"https:\/\/schema.org\",\"@graph\":[{\"@type\":\"WebSite\",\"@id\":\"https:\/\/livrariasolmar.pt\/#website\",\"url\":\"https:\/\/livrariasolmar.pt\/\",\"name\":\"Livraria Solmar - Livraria online\",\"description\":\"Com\\u00e9rcio Livros E Objetos De Arte, Lda - Ponta Delgada, A\\u00e7ores\",\"potentialAction\":[{\"@type\":\"SearchAction\",\"target\":{\"@type\":\"EntryPoint\",\"urlTemplate\":\"https:\/\/livrariasolmar.pt\/?s={search_term_string}\"},\"query-input\":\"required name=search_term_string\"}],\"inLanguage\":\"en-US\"},{\"@type\":\"ImageObject\",\"@id\":\"https:\/\/livrariasolmar.pt\/produto\/gente-valiosa\/#primaryimage\",\"inLanguage\":\"en-US\",\"url\":\"https:\/\/livrariasolmar.pt\/wp-content\/uploads\/2025\/08\/1540-1-6-4.jpg\",\"contentUrl\":\"https:\/\/livrariasolmar.pt\/wp-content\/uploads\/2025\/08\/1540-1-6-4.jpg\",\"width\":340,\"height\":340},{\"@type\":\"WebPage\",\"@id\":\"https:\/\/livrariasolmar.pt\/produto\/gente-valiosa\/#webpage\",\"url\":\"https:\/\/livrariasolmar.pt\/produto\/gente-valiosa\/\",\"name\":\"Gente Valiosa - Livraria Solmar - Livraria online\",\"isPartOf\":{\"@id\":\"https:\/\/livrariasolmar.pt\/#website\"},\"primaryImageOfPage\":{\"@id\":\"https:\/\/livrariasolmar.pt\/produto\/gente-valiosa\/#primaryimage\"},\"datePublished\":\"2025-08-26T16:59:49+00:00\",\"dateModified\":\"2025-11-14T19:35:01+00:00\",\"breadcrumb\":{\"@id\":\"https:\/\/livrariasolmar.pt\/produto\/gente-valiosa\/#breadcrumb\"},\"inLanguage\":\"en-US\",\"potentialAction\":[{\"@type\":\"ReadAction\",\"target\":[\"https:\/\/livrariasolmar.pt\/produto\/gente-valiosa\/\"]}]},{\"@type\":\"BreadcrumbList\",\"@id\":\"https:\/\/livrariasolmar.pt\/produto\/gente-valiosa\/#breadcrumb\",\"itemListElement\":[{\"@type\":\"ListItem\",\"position\":1,\"name\":\"In\\u00edcio\",\"item\":\"https:\/\/livrariasolmar.pt\/en\/\"},{\"@type\":\"ListItem\",\"position\":2,\"name\":\"Shop\",\"item\":\"https:\/\/livrariasolmar.pt\/en\/shop\/\"},{\"@type\":\"ListItem\",\"position\":3,\"name\":\"Gente Valiosa\"}]}]}<\/script>\n<!-- \/ Yoast SEO plugin. -->","_links":{"self":[{"href":"https:\/\/livrariasolmar.pt\/en\/wp-json\/wp\/v2\/product\/10897"}],"collection":[{"href":"https:\/\/livrariasolmar.pt\/en\/wp-json\/wp\/v2\/product"}],"about":[{"href":"https:\/\/livrariasolmar.pt\/en\/wp-json\/wp\/v2\/types\/product"}],"author":[{"embeddable":true,"href":"https:\/\/livrariasolmar.pt\/en\/wp-json\/wp\/v2\/users\/2"}],"wp:featuredmedia":[{"embeddable":true,"href":"https:\/\/livrariasolmar.pt\/en\/wp-json\/wp\/v2\/media\/10898"}],"wp:attachment":[{"href":"https:\/\/livrariasolmar.pt\/en\/wp-json\/wp\/v2\/media?parent=10897"}],"wp:term":[{"taxonomy":"product_cat","embeddable":true,"href":"https:\/\/livrariasolmar.pt\/en\/wp-json\/wp\/v2\/product_cat?post=10897"},{"taxonomy":"product_tag","embeddable":true,"href":"https:\/\/livrariasolmar.pt\/en\/wp-json\/wp\/v2\/product_tag?post=10897"},{"taxonomy":"cat_produtos","embeddable":true,"href":"https:\/\/livrariasolmar.pt\/en\/wp-json\/wp\/v2\/cat_produtos?post=10897"}],"curies":[{"name":"wp","href":"https:\/\/api.w.org\/{rel}","templated":true}]}}