{"id":10903,"date":"2025-08-26T17:12:49","date_gmt":"2025-08-26T17:12:49","guid":{"rendered":"https:\/\/livrariasolmar.pt\/?post_type=product&#038;p=10903"},"modified":"2025-11-28T17:46:02","modified_gmt":"2025-11-28T17:46:02","slug":"a-formula-da-longevidade","status":"publish","type":"product","link":"https:\/\/livrariasolmar.pt\/en\/produto\/a-formula-da-longevidade\/","title":{"rendered":"A F\u00f3rmula da Longevidade"},"content":{"rendered":"","protected":false},"excerpt":{"rendered":"<p>A sociedade moderna condicionou-nos a encarar o envelhecimento como uma experi\u00eancia desagrad\u00e1vel, marcada por sintomas dolorosos e uma lista enorme de medicamentos. A Dra. Avanti Kumar-Singh convida-nos a reformular estas cren\u00e7as, revelando como podemos honrar a passagem dos anos e acolher a segunda etapa da vida como um per\u00edodo de vitalidade e sabedoria.<\/p>\n<p>Atrav\u00e9s de pr\u00e1ticas simples, comprovadas pela ci\u00eancia, enraizadas na tradi\u00e7\u00e3o milenar do Ayurveda \u2014 um sistema hol\u00edstico que ensina a viver em harmonia com a natureza, respeitando os seus ritmos di\u00e1rios e sazonais \u2014, ser\u00e1 capaz de construir h\u00e1bitos sustent\u00e1veis que beneficiam a sua sa\u00fade integral \u00e0 medida que envelhece.<\/p>\n<p>Encontrar\u00e1 neste livro exerc\u00edcios que o ajudar\u00e3o a:<\/p>\n<p>&#8211; Refor\u00e7ar os tecidos do corpo, fortalecendo m\u00fasculos e ossos;<br \/>\n&#8211; Eliminar toxinas que contribuem para doen\u00e7as cr\u00f3nicas;<br \/>\n&#8211; Estimular e movimentar o prana (energia vital) atrav\u00e9s da respira\u00e7\u00e3o e do movimento;<br \/>\n&#8211; Sincronizar-se com a natureza para compreender o rel\u00f3gio biol\u00f3gico; entre outras.<\/p>\n","protected":false},"author":2,"featured_media":10904,"template":"","meta":[],"product_cat":[173],"product_tag":[],"cat_produtos":[],"yoast_head":"<!-- This site is optimized with the Yoast SEO plugin v16.6 - https:\/\/yoast.com\/wordpress\/plugins\/seo\/ -->\n<title>A F\u00f3rmula da Longevidade - Livraria Solmar - Livraria online<\/title>\n<meta name=\"robots\" content=\"index, follow, max-snippet:-1, max-image-preview:large, max-video-preview:-1\" \/>\n<link rel=\"canonical\" href=\"https:\/\/livrariasolmar.pt\/en\/produto\/a-formula-da-longevidade\/\" \/>\n<meta property=\"og:locale\" content=\"en_US\" \/>\n<meta property=\"og:type\" content=\"article\" \/>\n<meta property=\"og:title\" content=\"A F\u00f3rmula da Longevidade - Livraria Solmar - Livraria online\" \/>\n<meta property=\"og:description\" content=\"A sociedade moderna condicionou-nos a encarar o envelhecimento como uma experi\u00eancia desagrad\u00e1vel, marcada por sintomas dolorosos e uma lista enorme de medicamentos. A Dra. Avanti Kumar-Singh convida-nos a reformular estas cren\u00e7as, revelando como podemos honrar a passagem dos anos e acolher a segunda etapa da vida como um per\u00edodo de vitalidade e sabedoria.  Atrav\u00e9s de pr\u00e1ticas simples, comprovadas pela ci\u00eancia, enraizadas na tradi\u00e7\u00e3o milenar do Ayurveda \u2014 um sistema hol\u00edstico que ensina a viver em harmonia com a natureza, respeitando os seus ritmos di\u00e1rios e sazonais \u2014, ser\u00e1 capaz de construir h\u00e1bitos sustent\u00e1veis que beneficiam a sua sa\u00fade integral \u00e0 medida que envelhece.  Encontrar\u00e1 neste livro exerc\u00edcios que o ajudar\u00e3o a:  - Refor\u00e7ar os tecidos do corpo, fortalecendo m\u00fasculos e ossos; - Eliminar toxinas que contribuem para doen\u00e7as cr\u00f3nicas; - Estimular e movimentar o prana (energia vital) atrav\u00e9s da respira\u00e7\u00e3o e do movimento; - Sincronizar-se com a natureza para compreender o rel\u00f3gio biol\u00f3gico; entre outras.\" \/>\n<meta property=\"og:url\" content=\"https:\/\/livrariasolmar.pt\/produto\/a-formula-da-longevidade\/\" \/>\n<meta property=\"og:site_name\" content=\"Livraria Solmar - Livraria online\" \/>\n<meta property=\"article:modified_time\" content=\"2025-11-28T17:46:02+00:00\" \/>\n<meta property=\"og:image\" content=\"https:\/\/livrariasolmar.pt\/wp-content\/uploads\/2025\/08\/1507-1-3.jpg\" \/>\n\t<meta property=\"og:image:width\" content=\"400\" \/>\n\t<meta property=\"og:image:height\" content=\"500\" \/>\n<meta name=\"twitter:card\" content=\"summary_large_image\" \/>\n<script type=\"application\/ld+json\" class=\"yoast-schema-graph\">{\"@context\":\"https:\/\/schema.org\",\"@graph\":[{\"@type\":\"WebSite\",\"@id\":\"https:\/\/livrariasolmar.pt\/#website\",\"url\":\"https:\/\/livrariasolmar.pt\/\",\"name\":\"Livraria Solmar - Livraria online\",\"description\":\"Com\\u00e9rcio Livros E Objetos De Arte, Lda - Ponta Delgada, A\\u00e7ores\",\"potentialAction\":[{\"@type\":\"SearchAction\",\"target\":{\"@type\":\"EntryPoint\",\"urlTemplate\":\"https:\/\/livrariasolmar.pt\/?s={search_term_string}\"},\"query-input\":\"required name=search_term_string\"}],\"inLanguage\":\"en-US\"},{\"@type\":\"ImageObject\",\"@id\":\"https:\/\/livrariasolmar.pt\/produto\/a-formula-da-longevidade\/#primaryimage\",\"inLanguage\":\"en-US\",\"url\":\"https:\/\/livrariasolmar.pt\/wp-content\/uploads\/2025\/08\/1507-1-3.jpg\",\"contentUrl\":\"https:\/\/livrariasolmar.pt\/wp-content\/uploads\/2025\/08\/1507-1-3.jpg\",\"width\":400,\"height\":500},{\"@type\":\"WebPage\",\"@id\":\"https:\/\/livrariasolmar.pt\/produto\/a-formula-da-longevidade\/#webpage\",\"url\":\"https:\/\/livrariasolmar.pt\/produto\/a-formula-da-longevidade\/\",\"name\":\"A F\\u00f3rmula da Longevidade - Livraria Solmar - Livraria online\",\"isPartOf\":{\"@id\":\"https:\/\/livrariasolmar.pt\/#website\"},\"primaryImageOfPage\":{\"@id\":\"https:\/\/livrariasolmar.pt\/produto\/a-formula-da-longevidade\/#primaryimage\"},\"datePublished\":\"2025-08-26T17:12:49+00:00\",\"dateModified\":\"2025-11-28T17:46:02+00:00\",\"breadcrumb\":{\"@id\":\"https:\/\/livrariasolmar.pt\/produto\/a-formula-da-longevidade\/#breadcrumb\"},\"inLanguage\":\"en-US\",\"potentialAction\":[{\"@type\":\"ReadAction\",\"target\":[\"https:\/\/livrariasolmar.pt\/produto\/a-formula-da-longevidade\/\"]}]},{\"@type\":\"BreadcrumbList\",\"@id\":\"https:\/\/livrariasolmar.pt\/produto\/a-formula-da-longevidade\/#breadcrumb\",\"itemListElement\":[{\"@type\":\"ListItem\",\"position\":1,\"name\":\"In\\u00edcio\",\"item\":\"https:\/\/livrariasolmar.pt\/en\/\"},{\"@type\":\"ListItem\",\"position\":2,\"name\":\"Shop\",\"item\":\"https:\/\/livrariasolmar.pt\/en\/shop\/\"},{\"@type\":\"ListItem\",\"position\":3,\"name\":\"A F\\u00f3rmula da Longevidade\"}]}]}<\/script>\n<!-- \/ Yoast SEO plugin. -->","_links":{"self":[{"href":"https:\/\/livrariasolmar.pt\/en\/wp-json\/wp\/v2\/product\/10903"}],"collection":[{"href":"https:\/\/livrariasolmar.pt\/en\/wp-json\/wp\/v2\/product"}],"about":[{"href":"https:\/\/livrariasolmar.pt\/en\/wp-json\/wp\/v2\/types\/product"}],"author":[{"embeddable":true,"href":"https:\/\/livrariasolmar.pt\/en\/wp-json\/wp\/v2\/users\/2"}],"wp:featuredmedia":[{"embeddable":true,"href":"https:\/\/livrariasolmar.pt\/en\/wp-json\/wp\/v2\/media\/10904"}],"wp:attachment":[{"href":"https:\/\/livrariasolmar.pt\/en\/wp-json\/wp\/v2\/media?parent=10903"}],"wp:term":[{"taxonomy":"product_cat","embeddable":true,"href":"https:\/\/livrariasolmar.pt\/en\/wp-json\/wp\/v2\/product_cat?post=10903"},{"taxonomy":"product_tag","embeddable":true,"href":"https:\/\/livrariasolmar.pt\/en\/wp-json\/wp\/v2\/product_tag?post=10903"},{"taxonomy":"cat_produtos","embeddable":true,"href":"https:\/\/livrariasolmar.pt\/en\/wp-json\/wp\/v2\/cat_produtos?post=10903"}],"curies":[{"name":"wp","href":"https:\/\/api.w.org\/{rel}","templated":true}]}}