{"id":10906,"date":"2025-08-26T17:17:14","date_gmt":"2025-08-26T17:17:14","guid":{"rendered":"https:\/\/livrariasolmar.pt\/?post_type=product&#038;p=10906"},"modified":"2025-11-14T19:34:47","modified_gmt":"2025-11-14T19:34:47","slug":"a-cura-pela-mente","status":"publish","type":"product","link":"https:\/\/livrariasolmar.pt\/en\/produto\/a-cura-pela-mente\/","title":{"rendered":"A Cura pela Mente"},"content":{"rendered":"","protected":false},"excerpt":{"rendered":"<p>Durante mais de oito anos, a Dra. Lissa Rankin exerceu convictamente a especialidade de ginecologia-obstetr\u00edcia. No entanto, come\u00e7ou a sentir que \u00e0 medicina convencional faltava reconhecer algo crucial: que o nosso corpo tem a capacidade inata de se curar a si pr\u00f3prio e que, com o poder da mente, podemos controlar os mecanismos de autocura.<\/p>\n<p>Atrav\u00e9s da descri\u00e7\u00e3o de casos reais de autocura e da apresenta\u00e7\u00e3o de provas cient\u00edficas, a autora demonstra que os sentimentos negativos prejudicam o corpo, enquanto o poder das rela\u00e7\u00f5es pessoais, da medita\u00e7\u00e3o ou do amor podem produzir efeitos curativos.<\/p>\n<p>&#8211; Conhe\u00e7a os pontos fracos e as limita\u00e7\u00f5es da medicina convencional, e como contorn\u00e1-los.<br \/>\n&#8211; Saiba como alcan\u00e7ar a sua pr\u00f3pria cura, seguindo o programa de seis passos proposto pela autora.<br \/>\n&#8211; Descubra como autodiagnosticar os desequil\u00edbrios da sua vida que podem estar na origem dos seus problemas de sa\u00fade.<br \/>\n&#8211; Aprenda a escutar os \u00abmurm\u00farios\u00bb do seu corpo, antes que se transformem em \u00abgritos\u00bb.<\/p>\n","protected":false},"author":2,"featured_media":10907,"template":"","meta":[],"product_cat":[173],"product_tag":[],"cat_produtos":[],"yoast_head":"<!-- This site is optimized with the Yoast SEO plugin v16.6 - https:\/\/yoast.com\/wordpress\/plugins\/seo\/ -->\n<title>A Cura pela Mente - Livraria Solmar - Livraria online<\/title>\n<meta name=\"robots\" content=\"index, follow, max-snippet:-1, max-image-preview:large, max-video-preview:-1\" \/>\n<link rel=\"canonical\" href=\"https:\/\/livrariasolmar.pt\/en\/produto\/a-cura-pela-mente\/\" \/>\n<meta property=\"og:locale\" content=\"en_US\" \/>\n<meta property=\"og:type\" content=\"article\" \/>\n<meta property=\"og:title\" content=\"A Cura pela Mente - Livraria Solmar - Livraria online\" \/>\n<meta property=\"og:description\" content=\"Durante mais de oito anos, a Dra. Lissa Rankin exerceu convictamente a especialidade de ginecologia-obstetr\u00edcia. No entanto, come\u00e7ou a sentir que \u00e0 medicina convencional faltava reconhecer algo crucial: que o nosso corpo tem a capacidade inata de se curar a si pr\u00f3prio e que, com o poder da mente, podemos controlar os mecanismos de autocura.  Atrav\u00e9s da descri\u00e7\u00e3o de casos reais de autocura e da apresenta\u00e7\u00e3o de provas cient\u00edficas, a autora demonstra que os sentimentos negativos prejudicam o corpo, enquanto o poder das rela\u00e7\u00f5es pessoais, da medita\u00e7\u00e3o ou do amor podem produzir efeitos curativos.  - Conhe\u00e7a os pontos fracos e as limita\u00e7\u00f5es da medicina convencional, e como contorn\u00e1-los. - Saiba como alcan\u00e7ar a sua pr\u00f3pria cura, seguindo o programa de seis passos proposto pela autora. - Descubra como autodiagnosticar os desequil\u00edbrios da sua vida que podem estar na origem dos seus problemas de sa\u00fade. - Aprenda a escutar os \u00abmurm\u00farios\u00bb do seu corpo, antes que se transformem em \u00abgritos\u00bb.\" \/>\n<meta property=\"og:url\" content=\"https:\/\/livrariasolmar.pt\/produto\/a-cura-pela-mente\/\" \/>\n<meta property=\"og:site_name\" content=\"Livraria Solmar - Livraria online\" \/>\n<meta property=\"article:modified_time\" content=\"2025-11-14T19:34:47+00:00\" \/>\n<meta property=\"og:image\" content=\"https:\/\/livrariasolmar.pt\/wp-content\/uploads\/2025\/08\/1540-1-6-5.jpg\" \/>\n\t<meta property=\"og:image:width\" content=\"340\" \/>\n\t<meta property=\"og:image:height\" content=\"340\" \/>\n<meta name=\"twitter:card\" content=\"summary_large_image\" \/>\n<script type=\"application\/ld+json\" class=\"yoast-schema-graph\">{\"@context\":\"https:\/\/schema.org\",\"@graph\":[{\"@type\":\"WebSite\",\"@id\":\"https:\/\/livrariasolmar.pt\/#website\",\"url\":\"https:\/\/livrariasolmar.pt\/\",\"name\":\"Livraria Solmar - Livraria online\",\"description\":\"Com\\u00e9rcio Livros E Objetos De Arte, Lda - Ponta Delgada, A\\u00e7ores\",\"potentialAction\":[{\"@type\":\"SearchAction\",\"target\":{\"@type\":\"EntryPoint\",\"urlTemplate\":\"https:\/\/livrariasolmar.pt\/?s={search_term_string}\"},\"query-input\":\"required name=search_term_string\"}],\"inLanguage\":\"en-US\"},{\"@type\":\"ImageObject\",\"@id\":\"https:\/\/livrariasolmar.pt\/produto\/a-cura-pela-mente\/#primaryimage\",\"inLanguage\":\"en-US\",\"url\":\"https:\/\/livrariasolmar.pt\/wp-content\/uploads\/2025\/08\/1540-1-6-5.jpg\",\"contentUrl\":\"https:\/\/livrariasolmar.pt\/wp-content\/uploads\/2025\/08\/1540-1-6-5.jpg\",\"width\":340,\"height\":340},{\"@type\":\"WebPage\",\"@id\":\"https:\/\/livrariasolmar.pt\/produto\/a-cura-pela-mente\/#webpage\",\"url\":\"https:\/\/livrariasolmar.pt\/produto\/a-cura-pela-mente\/\",\"name\":\"A Cura pela Mente - Livraria Solmar - Livraria online\",\"isPartOf\":{\"@id\":\"https:\/\/livrariasolmar.pt\/#website\"},\"primaryImageOfPage\":{\"@id\":\"https:\/\/livrariasolmar.pt\/produto\/a-cura-pela-mente\/#primaryimage\"},\"datePublished\":\"2025-08-26T17:17:14+00:00\",\"dateModified\":\"2025-11-14T19:34:47+00:00\",\"breadcrumb\":{\"@id\":\"https:\/\/livrariasolmar.pt\/produto\/a-cura-pela-mente\/#breadcrumb\"},\"inLanguage\":\"en-US\",\"potentialAction\":[{\"@type\":\"ReadAction\",\"target\":[\"https:\/\/livrariasolmar.pt\/produto\/a-cura-pela-mente\/\"]}]},{\"@type\":\"BreadcrumbList\",\"@id\":\"https:\/\/livrariasolmar.pt\/produto\/a-cura-pela-mente\/#breadcrumb\",\"itemListElement\":[{\"@type\":\"ListItem\",\"position\":1,\"name\":\"In\\u00edcio\",\"item\":\"https:\/\/livrariasolmar.pt\/en\/\"},{\"@type\":\"ListItem\",\"position\":2,\"name\":\"Shop\",\"item\":\"https:\/\/livrariasolmar.pt\/en\/shop\/\"},{\"@type\":\"ListItem\",\"position\":3,\"name\":\"A Cura pela Mente\"}]}]}<\/script>\n<!-- \/ Yoast SEO plugin. -->","_links":{"self":[{"href":"https:\/\/livrariasolmar.pt\/en\/wp-json\/wp\/v2\/product\/10906"}],"collection":[{"href":"https:\/\/livrariasolmar.pt\/en\/wp-json\/wp\/v2\/product"}],"about":[{"href":"https:\/\/livrariasolmar.pt\/en\/wp-json\/wp\/v2\/types\/product"}],"author":[{"embeddable":true,"href":"https:\/\/livrariasolmar.pt\/en\/wp-json\/wp\/v2\/users\/2"}],"wp:featuredmedia":[{"embeddable":true,"href":"https:\/\/livrariasolmar.pt\/en\/wp-json\/wp\/v2\/media\/10907"}],"wp:attachment":[{"href":"https:\/\/livrariasolmar.pt\/en\/wp-json\/wp\/v2\/media?parent=10906"}],"wp:term":[{"taxonomy":"product_cat","embeddable":true,"href":"https:\/\/livrariasolmar.pt\/en\/wp-json\/wp\/v2\/product_cat?post=10906"},{"taxonomy":"product_tag","embeddable":true,"href":"https:\/\/livrariasolmar.pt\/en\/wp-json\/wp\/v2\/product_tag?post=10906"},{"taxonomy":"cat_produtos","embeddable":true,"href":"https:\/\/livrariasolmar.pt\/en\/wp-json\/wp\/v2\/cat_produtos?post=10906"}],"curies":[{"name":"wp","href":"https:\/\/api.w.org\/{rel}","templated":true}]}}