{"id":10909,"date":"2025-08-26T17:24:46","date_gmt":"2025-08-26T17:24:46","guid":{"rendered":"https:\/\/livrariasolmar.pt\/?post_type=product&#038;p=10909"},"modified":"2025-11-14T19:35:29","modified_gmt":"2025-11-14T19:35:29","slug":"magnetico-o-segredo-para-atrair-amor-saude-dinheiro-e-felicidade","status":"publish","type":"product","link":"https:\/\/livrariasolmar.pt\/en\/produto\/magnetico-o-segredo-para-atrair-amor-saude-dinheiro-e-felicidade\/","title":{"rendered":"Magn\u00e9tico &#8211; O segredo para atrair amor, sa\u00fade, dinheiro e felicidade"},"content":{"rendered":"","protected":false},"excerpt":{"rendered":"<p>Sente-se preso e incapaz de manifestar os seus objetivos?<br \/>\nParece-lhe que os outros sabem um segredo da vida que voc\u00ea n\u00e3o sabe?<br \/>\nDeseja uma exist\u00eancia mais plena e com mais significado?<br \/>\nA resposta que procura n\u00e3o est\u00e1 l\u00e1 fora &#8211; j\u00e1 est\u00e1 dentro de si.<\/p>\n<p><b>Descubra o poder da mente subconsciente<\/b><br \/>\nDentro de si existe uma fonte ilimitada de poder que o pode ajudar a alcan\u00e7ar tudo o que deseja: a sua mente subconsciente. Quando alinhada, torna-se o seu maior aliado na cria\u00e7\u00e3o de abund\u00e2ncia, oportunidades e paz interior. Quando bloqueada, pode sabotar os seus desejos mais profundos sem que se aperceba disso.<\/p>\n<p><b>Reprograme o seu caminho para o sucesso<\/b><br \/>\nNeste guia simples mas transformador, Rochelle Fox revela como pode reprogramar a sua mente subconsciente para se preparar para o sucesso e atrair a realidade dos seus sonhos.<\/p>\n<p><b>Atraia as coisas que deseja na vida<\/b><br \/>\nEste n\u00e3o \u00e9 apenas mais um livro de autoajuda.\u00a0<i>Magn\u00e9tico<\/i>\u00a0\u00e9 um plano pr\u00e1tico para uma nova forma de ser e estar, mais alinhada, que conduz a uma vida saud\u00e1vel, pr\u00f3spera e feliz.<\/p>\n","protected":false},"author":2,"featured_media":10910,"template":"","meta":[],"product_cat":[173],"product_tag":[],"cat_produtos":[],"yoast_head":"<!-- This site is optimized with the Yoast SEO plugin v16.6 - https:\/\/yoast.com\/wordpress\/plugins\/seo\/ -->\n<title>Magn\u00e9tico - O segredo para atrair amor, sa\u00fade, dinheiro e felicidade - Livraria Solmar - Livraria online<\/title>\n<meta name=\"robots\" content=\"index, follow, max-snippet:-1, max-image-preview:large, max-video-preview:-1\" \/>\n<link rel=\"canonical\" href=\"https:\/\/livrariasolmar.pt\/en\/produto\/magnetico-o-segredo-para-atrair-amor-saude-dinheiro-e-felicidade\/\" \/>\n<meta property=\"og:locale\" content=\"en_US\" \/>\n<meta property=\"og:type\" content=\"article\" \/>\n<meta property=\"og:title\" content=\"Magn\u00e9tico - O segredo para atrair amor, sa\u00fade, dinheiro e felicidade - Livraria Solmar - Livraria online\" \/>\n<meta property=\"og:description\" content=\"Sente-se preso e incapaz de manifestar os seus objetivos? Parece-lhe que os outros sabem um segredo da vida que voc\u00ea n\u00e3o sabe? Deseja uma exist\u00eancia mais plena e com mais significado? A resposta que procura n\u00e3o est\u00e1 l\u00e1 fora - j\u00e1 est\u00e1 dentro de si.  Descubra o poder da mente subconsciente Dentro de si existe uma fonte ilimitada de poder que o pode ajudar a alcan\u00e7ar tudo o que deseja: a sua mente subconsciente. Quando alinhada, torna-se o seu maior aliado na cria\u00e7\u00e3o de abund\u00e2ncia, oportunidades e paz interior. Quando bloqueada, pode sabotar os seus desejos mais profundos sem que se aperceba disso.  Reprograme o seu caminho para o sucesso Neste guia simples mas transformador, Rochelle Fox revela como pode reprogramar a sua mente subconsciente para se preparar para o sucesso e atrair a realidade dos seus sonhos.  Atraia as coisas que deseja na vida Este n\u00e3o \u00e9 apenas mais um livro de autoajuda.\u00a0Magn\u00e9tico\u00a0\u00e9 um plano pr\u00e1tico para uma nova forma de ser e estar, mais alinhada, que conduz a uma vida saud\u00e1vel, pr\u00f3spera e feliz.\" \/>\n<meta property=\"og:url\" content=\"https:\/\/livrariasolmar.pt\/produto\/magnetico-o-segredo-para-atrair-amor-saude-dinheiro-e-felicidade\/\" \/>\n<meta property=\"og:site_name\" content=\"Livraria Solmar - Livraria online\" \/>\n<meta property=\"article:modified_time\" content=\"2025-11-14T19:35:29+00:00\" \/>\n<meta property=\"og:image\" content=\"https:\/\/livrariasolmar.pt\/wp-content\/uploads\/2025\/08\/1540-1-7-3.jpg\" \/>\n\t<meta property=\"og:image:width\" content=\"340\" \/>\n\t<meta property=\"og:image:height\" content=\"340\" \/>\n<meta name=\"twitter:card\" content=\"summary_large_image\" \/>\n<script type=\"application\/ld+json\" class=\"yoast-schema-graph\">{\"@context\":\"https:\/\/schema.org\",\"@graph\":[{\"@type\":\"WebSite\",\"@id\":\"https:\/\/livrariasolmar.pt\/#website\",\"url\":\"https:\/\/livrariasolmar.pt\/\",\"name\":\"Livraria Solmar - Livraria online\",\"description\":\"Com\\u00e9rcio Livros E Objetos De Arte, Lda - Ponta Delgada, A\\u00e7ores\",\"potentialAction\":[{\"@type\":\"SearchAction\",\"target\":{\"@type\":\"EntryPoint\",\"urlTemplate\":\"https:\/\/livrariasolmar.pt\/?s={search_term_string}\"},\"query-input\":\"required name=search_term_string\"}],\"inLanguage\":\"en-US\"},{\"@type\":\"ImageObject\",\"@id\":\"https:\/\/livrariasolmar.pt\/produto\/magnetico-o-segredo-para-atrair-amor-saude-dinheiro-e-felicidade\/#primaryimage\",\"inLanguage\":\"en-US\",\"url\":\"https:\/\/livrariasolmar.pt\/wp-content\/uploads\/2025\/08\/1540-1-7-3.jpg\",\"contentUrl\":\"https:\/\/livrariasolmar.pt\/wp-content\/uploads\/2025\/08\/1540-1-7-3.jpg\",\"width\":340,\"height\":340},{\"@type\":\"WebPage\",\"@id\":\"https:\/\/livrariasolmar.pt\/produto\/magnetico-o-segredo-para-atrair-amor-saude-dinheiro-e-felicidade\/#webpage\",\"url\":\"https:\/\/livrariasolmar.pt\/produto\/magnetico-o-segredo-para-atrair-amor-saude-dinheiro-e-felicidade\/\",\"name\":\"Magn\\u00e9tico - O segredo para atrair amor, sa\\u00fade, dinheiro e felicidade - Livraria Solmar - Livraria online\",\"isPartOf\":{\"@id\":\"https:\/\/livrariasolmar.pt\/#website\"},\"primaryImageOfPage\":{\"@id\":\"https:\/\/livrariasolmar.pt\/produto\/magnetico-o-segredo-para-atrair-amor-saude-dinheiro-e-felicidade\/#primaryimage\"},\"datePublished\":\"2025-08-26T17:24:46+00:00\",\"dateModified\":\"2025-11-14T19:35:29+00:00\",\"breadcrumb\":{\"@id\":\"https:\/\/livrariasolmar.pt\/produto\/magnetico-o-segredo-para-atrair-amor-saude-dinheiro-e-felicidade\/#breadcrumb\"},\"inLanguage\":\"en-US\",\"potentialAction\":[{\"@type\":\"ReadAction\",\"target\":[\"https:\/\/livrariasolmar.pt\/produto\/magnetico-o-segredo-para-atrair-amor-saude-dinheiro-e-felicidade\/\"]}]},{\"@type\":\"BreadcrumbList\",\"@id\":\"https:\/\/livrariasolmar.pt\/produto\/magnetico-o-segredo-para-atrair-amor-saude-dinheiro-e-felicidade\/#breadcrumb\",\"itemListElement\":[{\"@type\":\"ListItem\",\"position\":1,\"name\":\"In\\u00edcio\",\"item\":\"https:\/\/livrariasolmar.pt\/en\/\"},{\"@type\":\"ListItem\",\"position\":2,\"name\":\"Shop\",\"item\":\"https:\/\/livrariasolmar.pt\/en\/shop\/\"},{\"@type\":\"ListItem\",\"position\":3,\"name\":\"Magn\\u00e9tico &#8211; O segredo para atrair amor, sa\\u00fade, dinheiro e felicidade\"}]}]}<\/script>\n<!-- \/ Yoast SEO plugin. -->","_links":{"self":[{"href":"https:\/\/livrariasolmar.pt\/en\/wp-json\/wp\/v2\/product\/10909"}],"collection":[{"href":"https:\/\/livrariasolmar.pt\/en\/wp-json\/wp\/v2\/product"}],"about":[{"href":"https:\/\/livrariasolmar.pt\/en\/wp-json\/wp\/v2\/types\/product"}],"author":[{"embeddable":true,"href":"https:\/\/livrariasolmar.pt\/en\/wp-json\/wp\/v2\/users\/2"}],"wp:featuredmedia":[{"embeddable":true,"href":"https:\/\/livrariasolmar.pt\/en\/wp-json\/wp\/v2\/media\/10910"}],"wp:attachment":[{"href":"https:\/\/livrariasolmar.pt\/en\/wp-json\/wp\/v2\/media?parent=10909"}],"wp:term":[{"taxonomy":"product_cat","embeddable":true,"href":"https:\/\/livrariasolmar.pt\/en\/wp-json\/wp\/v2\/product_cat?post=10909"},{"taxonomy":"product_tag","embeddable":true,"href":"https:\/\/livrariasolmar.pt\/en\/wp-json\/wp\/v2\/product_tag?post=10909"},{"taxonomy":"cat_produtos","embeddable":true,"href":"https:\/\/livrariasolmar.pt\/en\/wp-json\/wp\/v2\/cat_produtos?post=10909"}],"curies":[{"name":"wp","href":"https:\/\/api.w.org\/{rel}","templated":true}]}}