{"id":10912,"date":"2025-08-26T17:39:49","date_gmt":"2025-08-26T17:39:49","guid":{"rendered":"https:\/\/livrariasolmar.pt\/?post_type=product&#038;p=10912"},"modified":"2025-11-29T17:40:52","modified_gmt":"2025-11-29T17:40:52","slug":"mulheres-viajantes-no-pais-de-salazar","status":"publish","type":"product","link":"https:\/\/livrariasolmar.pt\/en\/produto\/mulheres-viajantes-no-pais-de-salazar\/","title":{"rendered":"Mulheres Viajantes : no Pa\u00eds de Salazar"},"content":{"rendered":"","protected":false},"excerpt":{"rendered":"<p>As protagonistas de\u00a0<i>Mulheres Viajantes no Pa\u00eds de Salazar<\/i>\u00a0visitaram Portugal durante o Estado Novo e fixaram as narrativas das suas viagens.<\/p>\n<p>O que observaram estas escritoras sobre os portugueses? Como se deixaram (ou n\u00e3o) influenciar pelos mitos criados sobre Portugal? De que maneira resistiram ou foram contagiadas pela forma como Salazar usava o turismo enquanto elemento de propaganda pol\u00edtica e ideol\u00f3gica?<\/p>\n<p>Num pa\u00eds dominado por uma ditadura, estes olhares estrangeiros e femininos, naturalmente enformados pelo confronto com a realidade da mulher portuguesa, revelam ao leitor de que forma Portugal foi sendo visto ao longo dos tempos e ajudam a refletir sobre como uma certa imagem do pa\u00eds criada pelo Estado Novo perdura at\u00e9 hoje.<\/p>\n","protected":false},"author":2,"featured_media":10913,"template":"","meta":[],"product_cat":[153],"product_tag":[],"cat_produtos":[],"yoast_head":"<!-- This site is optimized with the Yoast SEO plugin v16.6 - https:\/\/yoast.com\/wordpress\/plugins\/seo\/ -->\n<title>Mulheres Viajantes : no Pa\u00eds de Salazar - Livraria Solmar - Livraria online<\/title>\n<meta name=\"robots\" content=\"index, follow, max-snippet:-1, max-image-preview:large, max-video-preview:-1\" \/>\n<link rel=\"canonical\" href=\"https:\/\/livrariasolmar.pt\/en\/produto\/mulheres-viajantes-no-pais-de-salazar\/\" \/>\n<meta property=\"og:locale\" content=\"en_US\" \/>\n<meta property=\"og:type\" content=\"article\" \/>\n<meta property=\"og:title\" content=\"Mulheres Viajantes : no Pa\u00eds de Salazar - Livraria Solmar - Livraria online\" \/>\n<meta property=\"og:description\" content=\"As protagonistas de\u00a0Mulheres Viajantes no Pa\u00eds de Salazar\u00a0visitaram Portugal durante o Estado Novo e fixaram as narrativas das suas viagens.  O que observaram estas escritoras sobre os portugueses? Como se deixaram (ou n\u00e3o) influenciar pelos mitos criados sobre Portugal? De que maneira resistiram ou foram contagiadas pela forma como Salazar usava o turismo enquanto elemento de propaganda pol\u00edtica e ideol\u00f3gica?  Num pa\u00eds dominado por uma ditadura, estes olhares estrangeiros e femininos, naturalmente enformados pelo confronto com a realidade da mulher portuguesa, revelam ao leitor de que forma Portugal foi sendo visto ao longo dos tempos e ajudam a refletir sobre como uma certa imagem do pa\u00eds criada pelo Estado Novo perdura at\u00e9 hoje.\" \/>\n<meta property=\"og:url\" content=\"https:\/\/livrariasolmar.pt\/produto\/mulheres-viajantes-no-pais-de-salazar\/\" \/>\n<meta property=\"og:site_name\" content=\"Livraria Solmar - Livraria online\" \/>\n<meta property=\"article:modified_time\" content=\"2025-11-29T17:40:52+00:00\" \/>\n<meta property=\"og:image\" content=\"https:\/\/livrariasolmar.pt\/wp-content\/uploads\/2025\/08\/1540-1-8-2.jpg\" \/>\n\t<meta property=\"og:image:width\" content=\"340\" \/>\n\t<meta property=\"og:image:height\" content=\"340\" \/>\n<meta name=\"twitter:card\" content=\"summary_large_image\" \/>\n<script type=\"application\/ld+json\" class=\"yoast-schema-graph\">{\"@context\":\"https:\/\/schema.org\",\"@graph\":[{\"@type\":\"WebSite\",\"@id\":\"https:\/\/livrariasolmar.pt\/#website\",\"url\":\"https:\/\/livrariasolmar.pt\/\",\"name\":\"Livraria Solmar - Livraria online\",\"description\":\"Com\\u00e9rcio Livros E Objetos De Arte, Lda - Ponta Delgada, A\\u00e7ores\",\"potentialAction\":[{\"@type\":\"SearchAction\",\"target\":{\"@type\":\"EntryPoint\",\"urlTemplate\":\"https:\/\/livrariasolmar.pt\/?s={search_term_string}\"},\"query-input\":\"required name=search_term_string\"}],\"inLanguage\":\"en-US\"},{\"@type\":\"ImageObject\",\"@id\":\"https:\/\/livrariasolmar.pt\/produto\/mulheres-viajantes-no-pais-de-salazar\/#primaryimage\",\"inLanguage\":\"en-US\",\"url\":\"https:\/\/livrariasolmar.pt\/wp-content\/uploads\/2025\/08\/1540-1-8-2.jpg\",\"contentUrl\":\"https:\/\/livrariasolmar.pt\/wp-content\/uploads\/2025\/08\/1540-1-8-2.jpg\",\"width\":340,\"height\":340},{\"@type\":\"WebPage\",\"@id\":\"https:\/\/livrariasolmar.pt\/produto\/mulheres-viajantes-no-pais-de-salazar\/#webpage\",\"url\":\"https:\/\/livrariasolmar.pt\/produto\/mulheres-viajantes-no-pais-de-salazar\/\",\"name\":\"Mulheres Viajantes : no Pa\\u00eds de Salazar - Livraria Solmar - Livraria online\",\"isPartOf\":{\"@id\":\"https:\/\/livrariasolmar.pt\/#website\"},\"primaryImageOfPage\":{\"@id\":\"https:\/\/livrariasolmar.pt\/produto\/mulheres-viajantes-no-pais-de-salazar\/#primaryimage\"},\"datePublished\":\"2025-08-26T17:39:49+00:00\",\"dateModified\":\"2025-11-29T17:40:52+00:00\",\"breadcrumb\":{\"@id\":\"https:\/\/livrariasolmar.pt\/produto\/mulheres-viajantes-no-pais-de-salazar\/#breadcrumb\"},\"inLanguage\":\"en-US\",\"potentialAction\":[{\"@type\":\"ReadAction\",\"target\":[\"https:\/\/livrariasolmar.pt\/produto\/mulheres-viajantes-no-pais-de-salazar\/\"]}]},{\"@type\":\"BreadcrumbList\",\"@id\":\"https:\/\/livrariasolmar.pt\/produto\/mulheres-viajantes-no-pais-de-salazar\/#breadcrumb\",\"itemListElement\":[{\"@type\":\"ListItem\",\"position\":1,\"name\":\"In\\u00edcio\",\"item\":\"https:\/\/livrariasolmar.pt\/en\/\"},{\"@type\":\"ListItem\",\"position\":2,\"name\":\"Shop\",\"item\":\"https:\/\/livrariasolmar.pt\/en\/shop\/\"},{\"@type\":\"ListItem\",\"position\":3,\"name\":\"Mulheres Viajantes : no Pa\\u00eds de Salazar\"}]}]}<\/script>\n<!-- \/ Yoast SEO plugin. -->","_links":{"self":[{"href":"https:\/\/livrariasolmar.pt\/en\/wp-json\/wp\/v2\/product\/10912"}],"collection":[{"href":"https:\/\/livrariasolmar.pt\/en\/wp-json\/wp\/v2\/product"}],"about":[{"href":"https:\/\/livrariasolmar.pt\/en\/wp-json\/wp\/v2\/types\/product"}],"author":[{"embeddable":true,"href":"https:\/\/livrariasolmar.pt\/en\/wp-json\/wp\/v2\/users\/2"}],"wp:featuredmedia":[{"embeddable":true,"href":"https:\/\/livrariasolmar.pt\/en\/wp-json\/wp\/v2\/media\/10913"}],"wp:attachment":[{"href":"https:\/\/livrariasolmar.pt\/en\/wp-json\/wp\/v2\/media?parent=10912"}],"wp:term":[{"taxonomy":"product_cat","embeddable":true,"href":"https:\/\/livrariasolmar.pt\/en\/wp-json\/wp\/v2\/product_cat?post=10912"},{"taxonomy":"product_tag","embeddable":true,"href":"https:\/\/livrariasolmar.pt\/en\/wp-json\/wp\/v2\/product_tag?post=10912"},{"taxonomy":"cat_produtos","embeddable":true,"href":"https:\/\/livrariasolmar.pt\/en\/wp-json\/wp\/v2\/cat_produtos?post=10912"}],"curies":[{"name":"wp","href":"https:\/\/api.w.org\/{rel}","templated":true}]}}