{"id":10915,"date":"2025-08-26T17:51:17","date_gmt":"2025-08-26T17:51:17","guid":{"rendered":"https:\/\/livrariasolmar.pt\/?post_type=product&#038;p=10915"},"modified":"2025-11-29T17:40:34","modified_gmt":"2025-11-29T17:40:34","slug":"mulheres-viajantes","status":"publish","type":"product","link":"https:\/\/livrariasolmar.pt\/en\/produto\/mulheres-viajantes\/","title":{"rendered":"Mulheres Viajantes"},"content":{"rendered":"","protected":false},"excerpt":{"rendered":"<p>Sonia Serrano tra\u00e7a neste livro dois percursos: o geogr\u00e1fico e temporal, ao escrever sobre os lugares por onde estas mulheres se aventuraram e o tempo hist\u00f3rico em que viveram; e a evolu\u00e7\u00e3o da condi\u00e7\u00e3o feminina num dom\u00ednio que, durante s\u00e9culos, foi protagonizado por homens &#8211; a viagem. Desde a destemida Eg\u00e9ria que, no s\u00e9culo IV, partiu da Pen\u00ednsula Ib\u00e9rica para a Terra Santa, ou as mulheres que andaram na aventura das grandes navega\u00e7\u00f5es portuguesas, passando pelas arrojadas vitorianas, que palmilharam os confins do vasto imp\u00e9rio brit\u00e2nico, at\u00e9 ao s\u00e9culo xxi, onde encontramos algumas das mais extraordin\u00e1rias viajantes. Viagens intimistas, pol\u00edticas ou de explora\u00e7\u00e3o, por vezes fugas, quase sempre procura da felicidade.<\/p>\n","protected":false},"author":2,"featured_media":10917,"template":"","meta":[],"product_cat":[153],"product_tag":[],"cat_produtos":[],"yoast_head":"<!-- This site is optimized with the Yoast SEO plugin v16.6 - https:\/\/yoast.com\/wordpress\/plugins\/seo\/ -->\n<title>Mulheres Viajantes - Livraria Solmar - Livraria online<\/title>\n<meta name=\"robots\" content=\"index, follow, max-snippet:-1, max-image-preview:large, max-video-preview:-1\" \/>\n<link rel=\"canonical\" href=\"https:\/\/livrariasolmar.pt\/en\/produto\/mulheres-viajantes\/\" \/>\n<meta property=\"og:locale\" content=\"en_US\" \/>\n<meta property=\"og:type\" content=\"article\" \/>\n<meta property=\"og:title\" content=\"Mulheres Viajantes - Livraria Solmar - Livraria online\" \/>\n<meta property=\"og:description\" content=\"Sonia Serrano tra\u00e7a neste livro dois percursos: o geogr\u00e1fico e temporal, ao escrever sobre os lugares por onde estas mulheres se aventuraram e o tempo hist\u00f3rico em que viveram; e a evolu\u00e7\u00e3o da condi\u00e7\u00e3o feminina num dom\u00ednio que, durante s\u00e9culos, foi protagonizado por homens - a viagem. Desde a destemida Eg\u00e9ria que, no s\u00e9culo IV, partiu da Pen\u00ednsula Ib\u00e9rica para a Terra Santa, ou as mulheres que andaram na aventura das grandes navega\u00e7\u00f5es portuguesas, passando pelas arrojadas vitorianas, que palmilharam os confins do vasto imp\u00e9rio brit\u00e2nico, at\u00e9 ao s\u00e9culo xxi, onde encontramos algumas das mais extraordin\u00e1rias viajantes. Viagens intimistas, pol\u00edticas ou de explora\u00e7\u00e3o, por vezes fugas, quase sempre procura da felicidade.\" \/>\n<meta property=\"og:url\" content=\"https:\/\/livrariasolmar.pt\/produto\/mulheres-viajantes\/\" \/>\n<meta property=\"og:site_name\" content=\"Livraria Solmar - Livraria online\" \/>\n<meta property=\"article:modified_time\" content=\"2025-11-29T17:40:34+00:00\" \/>\n<meta property=\"og:image\" content=\"https:\/\/livrariasolmar.pt\/wp-content\/uploads\/2025\/08\/Mulheres-Viajantes.jpg\" \/>\n\t<meta property=\"og:image:width\" content=\"340\" \/>\n\t<meta property=\"og:image:height\" content=\"340\" \/>\n<meta name=\"twitter:card\" content=\"summary_large_image\" \/>\n<script type=\"application\/ld+json\" class=\"yoast-schema-graph\">{\"@context\":\"https:\/\/schema.org\",\"@graph\":[{\"@type\":\"WebSite\",\"@id\":\"https:\/\/livrariasolmar.pt\/#website\",\"url\":\"https:\/\/livrariasolmar.pt\/\",\"name\":\"Livraria Solmar - Livraria online\",\"description\":\"Com\\u00e9rcio Livros E Objetos De Arte, Lda - Ponta Delgada, A\\u00e7ores\",\"potentialAction\":[{\"@type\":\"SearchAction\",\"target\":{\"@type\":\"EntryPoint\",\"urlTemplate\":\"https:\/\/livrariasolmar.pt\/?s={search_term_string}\"},\"query-input\":\"required name=search_term_string\"}],\"inLanguage\":\"en-US\"},{\"@type\":\"ImageObject\",\"@id\":\"https:\/\/livrariasolmar.pt\/produto\/mulheres-viajantes\/#primaryimage\",\"inLanguage\":\"en-US\",\"url\":\"https:\/\/livrariasolmar.pt\/wp-content\/uploads\/2025\/08\/Mulheres-Viajantes.jpg\",\"contentUrl\":\"https:\/\/livrariasolmar.pt\/wp-content\/uploads\/2025\/08\/Mulheres-Viajantes.jpg\",\"width\":340,\"height\":340},{\"@type\":\"WebPage\",\"@id\":\"https:\/\/livrariasolmar.pt\/produto\/mulheres-viajantes\/#webpage\",\"url\":\"https:\/\/livrariasolmar.pt\/produto\/mulheres-viajantes\/\",\"name\":\"Mulheres Viajantes - Livraria Solmar - Livraria online\",\"isPartOf\":{\"@id\":\"https:\/\/livrariasolmar.pt\/#website\"},\"primaryImageOfPage\":{\"@id\":\"https:\/\/livrariasolmar.pt\/produto\/mulheres-viajantes\/#primaryimage\"},\"datePublished\":\"2025-08-26T17:51:17+00:00\",\"dateModified\":\"2025-11-29T17:40:34+00:00\",\"breadcrumb\":{\"@id\":\"https:\/\/livrariasolmar.pt\/produto\/mulheres-viajantes\/#breadcrumb\"},\"inLanguage\":\"en-US\",\"potentialAction\":[{\"@type\":\"ReadAction\",\"target\":[\"https:\/\/livrariasolmar.pt\/produto\/mulheres-viajantes\/\"]}]},{\"@type\":\"BreadcrumbList\",\"@id\":\"https:\/\/livrariasolmar.pt\/produto\/mulheres-viajantes\/#breadcrumb\",\"itemListElement\":[{\"@type\":\"ListItem\",\"position\":1,\"name\":\"In\\u00edcio\",\"item\":\"https:\/\/livrariasolmar.pt\/en\/\"},{\"@type\":\"ListItem\",\"position\":2,\"name\":\"Shop\",\"item\":\"https:\/\/livrariasolmar.pt\/en\/shop\/\"},{\"@type\":\"ListItem\",\"position\":3,\"name\":\"Mulheres Viajantes\"}]}]}<\/script>\n<!-- \/ Yoast SEO plugin. -->","_links":{"self":[{"href":"https:\/\/livrariasolmar.pt\/en\/wp-json\/wp\/v2\/product\/10915"}],"collection":[{"href":"https:\/\/livrariasolmar.pt\/en\/wp-json\/wp\/v2\/product"}],"about":[{"href":"https:\/\/livrariasolmar.pt\/en\/wp-json\/wp\/v2\/types\/product"}],"author":[{"embeddable":true,"href":"https:\/\/livrariasolmar.pt\/en\/wp-json\/wp\/v2\/users\/2"}],"wp:featuredmedia":[{"embeddable":true,"href":"https:\/\/livrariasolmar.pt\/en\/wp-json\/wp\/v2\/media\/10917"}],"wp:attachment":[{"href":"https:\/\/livrariasolmar.pt\/en\/wp-json\/wp\/v2\/media?parent=10915"}],"wp:term":[{"taxonomy":"product_cat","embeddable":true,"href":"https:\/\/livrariasolmar.pt\/en\/wp-json\/wp\/v2\/product_cat?post=10915"},{"taxonomy":"product_tag","embeddable":true,"href":"https:\/\/livrariasolmar.pt\/en\/wp-json\/wp\/v2\/product_tag?post=10915"},{"taxonomy":"cat_produtos","embeddable":true,"href":"https:\/\/livrariasolmar.pt\/en\/wp-json\/wp\/v2\/cat_produtos?post=10915"}],"curies":[{"name":"wp","href":"https:\/\/api.w.org\/{rel}","templated":true}]}}